{"id":17834,"date":"2020-03-02T19:51:15","date_gmt":"2020-03-02T18:51:15","guid":{"rendered":"https:\/\/neocatechumenaleiter.org\/rijeci-papa\/sv-ivan-pavao-ii\/pozdrav-kantorima-neokatekumenskih-zajednica-za-vrijeme-nedjeljnog-angelus-a-21-3-1982\/"},"modified":"2021-08-10T11:01:35","modified_gmt":"2021-08-10T10:01:35","slug":"pozdrav-kantorima-neokatekumenskih-zajednica-za-vrijeme-nedjeljnog-angelus-a-21-3-1982","status":"publish","type":"page","link":"https:\/\/neocatechumenaleiter.org\/hr\/rijeci-papa\/sv-ivan-pavao-ii\/pozdrav-kantorima-neokatekumenskih-zajednica-za-vrijeme-nedjeljnog-angelus-a-21-3-1982\/","title":{"rendered":"Pozdrav kantorima Neokatekumenskih Zajednica za vrijeme Nedjeljnog Angelus-A 21-3-1982"},"content":{"rendered":"\n<h1 class=\"has-text-align-center wp-block-heading\">Pozdrav kantorima Neokatekumenskih Zajednica za vrijeme Nedjeljnog Angelus-A 21-3-1982<\/h1>\n\n<div style=\"height:20px\" aria-hidden=\"true\" class=\"wp-block-spacer\"><\/div>\n\n<h4 class=\"has-text-align-center wp-block-heading\">Sv. Ivan Pavao II.<\/h4>\n\n<div style=\"height:20px\" aria-hidden=\"true\" class=\"wp-block-spacer\"><\/div>\n\n<p><p><strong>Rim, 21. o\u017eujka 1982. (*)<\/strong><\/p><\/p>\n\n<p><p><em>Izvje\u0161tavamo o dijelu govora koji je odr\u017eao Sveti Otac prije recitacije nedjeljnog \u00bbAngelusa Domini\u00ab:<\/em><\/p><\/p>\n\n<p><p>\u017delio bih se ponovo nadovezati na temu <em>Pomirenje i pokora u poslanju Crkve<\/em>, temom koja nas prati tijekom korizme u razmatranju Biskupske sinode koja je u pripremi. Prvo i temeljno pomirenje s Bogom u Isusu Kristu i prvo obra\u0107enje (to jest: pokora) posti\u017eu se u sakramentu kr\u0161tenja. U slu\u010daju kr\u0161tenja odraslih, ovo prvo obra\u0107enje Bogu i temeljno pomirenje s njim u Kristu plod su duge pripreme: duboke inicijacije. Ova priprema se \u2013 od ranih stolje\u0107a Crkve \u2013 naziva katekumenatom. <strong>Katekumenat<\/strong> je uvijek bio posebno intenzivan u korizmenom razdoblju. Ta je tradicija \u017eiva i u na\u0161e doba, u kojem ve\u0107ina novoro\u0111en\u010dadi prima sakrament kr\u0161tenja u kr\u0161\u0107anskim obiteljima. Ali \u010dak i u na\u0161e doba, <strong>korizma mora slu\u017eiti<\/strong> \u2013 ako ne za pripremu prvog obra\u0107enja kroz <strong>kr\u0161tenje<\/strong> \u2013 <strong>barem za njegovo produbljivanje i obnavljanje.<\/strong> To je mjera koliko \u010desto mora slu\u017eiti novom obra\u0107enju i pomirenju s Bogom u sakramentu pokore!<\/p><\/p>\n\n<div class=\"wp-block-image\"><figure class=\"alignleft size-medium\"><img loading=\"lazy\" decoding=\"async\" width=\"245\" height=\"300\" src=\"https:\/\/neocatechumenaleiter.org\/wp-content\/uploads\/2020\/03\/Camino_Neocatecumenal_Juan_Pablo_II_encuentro_salmistas_1982-245x300.jpg\" alt=\"\" class=\"wp-image-1668\" srcset=\"https:\/\/neocatechumenaleiter.org\/wp-content\/uploads\/2020\/03\/Camino_Neocatecumenal_Juan_Pablo_II_encuentro_salmistas_1982-245x300.jpg 245w, https:\/\/neocatechumenaleiter.org\/wp-content\/uploads\/2020\/03\/Camino_Neocatecumenal_Juan_Pablo_II_encuentro_salmistas_1982.jpg 563w\" sizes=\"auto, (max-width: 245px) 100vw, 245px\" \/><\/figure><\/div>\n\n<p><p>Stoga se, osobito u korizmenom razdoblju, kateheza Crkve poja\u010dava u raznim oblicima (na primjer: u \u017eupama, skupinama ili u pojedina\u010dnim duhovnim vje\u017ebama, takozvanim povla\u010denjima).<\/p><\/p>\n\n<p><p>Kateheza je ujedno i najbolje sredstvo za razmi\u0161ljanje o samom problemu pomirenja i pokore u poslanju Crkve, kao \u0161to od nas o\u010dekuje Biskupska sinoda. Ovo korizmeno djelo Crkve preporu\u010dujemo Bogu po zagovoru Majke Utjelovljene Rije\u010di&#8230; Srda\u010dan pozdrav upu\u0107ujem kantorima neokatekumenskih zajednica, koji su do\u0161li u Rim na okupljanje u pripremi za liturgiju uskrsnog trodnevlja.<\/p><\/p>\n\n<p>Dragi prijatelji, neka otajstvo uskrslog Krista, za \u010diju se proslavu pripremate svojim pjesmama, svjedo\u010di i u va\u0161em \u017eivotu, tako da harmoni\u010dnim skladom rije\u010di i djela bude uzvi\u0161en nad svijetom Onaj koji je \u201esvojom smr\u0107u uni\u0161tio na\u0161u smrt i svojim uskrsnu\u0107em vratio nam \u017eivot\u201c.<\/p>\n\n<p><p>Moj apostolski blagoslov svima vama i va\u0161im najmilijima.<\/p>&#13;\n<p><em>(*) Usp. \u201eL&#8217;Osservatore Romano\u201c, 22. i 23. o\u017eujka 1982.<\/em><\/p><\/p>\n","protected":false},"excerpt":{"rendered":"<p>Pozdrav kantorima Neokatekumenskih Zajednica za vrijeme Nedjeljnog Angelus-A 21-3-1982 Sv. Ivan Pavao II. Rim, 21. o\u017eujka 1982. (*) Izvje\u0161tavamo o dijelu govora koji je odr\u017eao Sveti Otac prije recitacije nedjeljnog \u00bbAngelusa Domini\u00ab: \u017delio bih se ponovo nadovezati na temu Pomirenje i pokora u poslanju Crkve, temom koja nas prati tijekom korizme u razmatranju Biskupske sinode koja je u pripremi. Prvo i temeljno pomirenje s Bogom u Isusu Kristu i prvo<\/p>\n<div class=\"read-more\"><a class=\"btn read-more-btn\" href=\"https:\/\/neocatechumenaleiter.org\/hr\/rijeci-papa\/sv-ivan-pavao-ii\/pozdrav-kantorima-neokatekumenskih-zajednica-za-vrijeme-nedjeljnog-angelus-a-21-3-1982\/\">Nastavi \u010ditati<\/a><\/div>\n","protected":false},"author":2,"featured_media":0,"parent":9680,"menu_order":15,"comment_status":"closed","ping_status":"closed","template":"","meta":{"footnotes":""},"class_list":["post-17834","page","type-page","status-publish","hentry"],"_links":{"self":[{"href":"https:\/\/neocatechumenaleiter.org\/hr\/wp-json\/wp\/v2\/pages\/17834","targetHints":{"allow":["GET"]}}],"collection":[{"href":"https:\/\/neocatechumenaleiter.org\/hr\/wp-json\/wp\/v2\/pages"}],"about":[{"href":"https:\/\/neocatechumenaleiter.org\/hr\/wp-json\/wp\/v2\/types\/page"}],"author":[{"embeddable":true,"href":"https:\/\/neocatechumenaleiter.org\/hr\/wp-json\/wp\/v2\/users\/2"}],"replies":[{"embeddable":true,"href":"https:\/\/neocatechumenaleiter.org\/hr\/wp-json\/wp\/v2\/comments?post=17834"}],"version-history":[{"count":2,"href":"https:\/\/neocatechumenaleiter.org\/hr\/wp-json\/wp\/v2\/pages\/17834\/revisions"}],"predecessor-version":[{"id":24066,"href":"https:\/\/neocatechumenaleiter.org\/hr\/wp-json\/wp\/v2\/pages\/17834\/revisions\/24066"}],"up":[{"embeddable":true,"href":"https:\/\/neocatechumenaleiter.org\/hr\/wp-json\/wp\/v2\/pages\/9680"}],"wp:attachment":[{"href":"https:\/\/neocatechumenaleiter.org\/hr\/wp-json\/wp\/v2\/media?parent=17834"}],"curies":[{"name":"wp","href":"https:\/\/api.w.org\/{rel}","templated":true}]}}