{"id":17836,"date":"2020-03-02T19:53:13","date_gmt":"2020-03-02T18:53:13","guid":{"rendered":"https:\/\/neocatechumenaleiter.org\/rijeci-papa\/sv-ivan-pavao-ii\/pohod-zupi-svetoga-maura-opata-9-5-1982\/"},"modified":"2021-08-10T11:01:40","modified_gmt":"2021-08-10T10:01:40","slug":"pohod-zupi-svetoga-maura-opata-9-5-1982","status":"publish","type":"page","link":"https:\/\/neocatechumenaleiter.org\/hr\/rijeci-papa\/sv-ivan-pavao-ii\/pohod-zupi-svetoga-maura-opata-9-5-1982\/","title":{"rendered":"Pohod \u017eupi svetoga Maura Opata 9-5-1982"},"content":{"rendered":"\n<h1 class=\"has-text-align-center wp-block-heading\">Pohod \u017eupi svetoga Maura Opata 9-5-1982<\/h1>\n\n<div style=\"height:20px\" aria-hidden=\"true\" class=\"wp-block-spacer\"><\/div>\n\n<h4 class=\"has-text-align-center wp-block-heading\">Sv. Ivan Pavao II.<\/h4>\n\n<div style=\"height:20px\" aria-hidden=\"true\" class=\"wp-block-spacer\"><\/div>\n\n<p><p><strong>Rim, 9. svibnja 1982. (*)<\/strong><\/p><\/p>\n\n<p><p><em>Na kraju mise, Sveti je Otac zapo\u010deo niz susreta s raznim \u017eupnim skupinama: svi o\u010dito mladi i na po\u010detku puta. Me\u0111utim, zajedno s ovom mlado\u0161\u0107u, Papa je mogao vidjeti veliko odu\u0161evljenje koje o\u017eivljuje sve ove vjernike koji su odlu\u010dni pru\u017eiti ruku \u017eupniku i njegovim najbli\u017eim suradnicima da animiraju zajednicu. U kapeli je Papa prvo susreo katehiste i neokatekumensku zajednicu koju je \u017eupnik predstavio ovim rije\u010dima:<\/em><\/p><\/p>\n\n<p>Va\u0161a Svetosti, zadovoljstvo mi je predstaviti Vam skupine ove \u017eupe: skupinu katehista za prvopri\u010desnike, za vjeronauk poslije pri\u010desti, za krizmanike i za mlade. U prosincu je nastala neokatekumenska zajednica. Katehisti su neki parovi koji su do\u0161li iz \u017eupe svetog Timoteja u Casal Paloccu, tako\u0111er iz na\u0161eg ju\u017enog predjela. Radi se o raznolikoj zajednici s obiteljima iz razli\u010ditih sredina, razli\u010ditih klasa kulturnog okru\u017eenja: bogatih i siroma\u0161nih; ali i jedni i drugi su bogati u Gospodinu. Odgovorni zajednice je Daniele koji je tako\u0111er i kantor, a sa suprugom Annom i ostalim suodgovornima predvode put u ovoj \u017eupi. Ostali su katehisti do\u0161li kasnije, na poziv koji sam uputio: to su majke, klerici, mladi ljudi, tako\u0111er o\u010devi i redovnice. To su sestre Providnosti i sestra Pallotina koja sura\u0111uje u katehezi. Mnogi od ove bra\u0107e dolaze izdaleka, \u010dime \u017eelim re\u0107i da nisu bili u Crkvi. Bili su potpuno napustili odnos s Gospodinom Isusom.<\/p>\n\n<p><p><em>Potom je rije\u010d uzeo Domenico, katehist neokatekumenske zajednice, rekao je kako su on i njegov prijatelj Carlo stigli u sveti Mauro nadaju\u0107i se da \u0107e ponoviti lijepo iskustvo koje su ve\u0107 imali sedam godina u svetom Timoteju: iskustvo vjere koja je radikalno promijenila njihov \u017eivot i \u017eivot mnogih drugih njihovih prijatelja s Puta.<\/em><\/p><\/p>\n\n<p><p><em>Potom je Papa odgovorio:<\/em><\/p><\/p>\n\n<p>Hvala na va\u0161im svjedo\u010danstvima. Ovo svjedo\u010danstvo mo\u017ee vrlo dobro oslikati \u0161to smo danas razmatrali o trsu i lozama i kako Krist donosi \u017eivot svakome od nas, u ljudsko srce, u nutrinu, a zatim i u dru\u0161tvenu dimenziju na\u0161ega \u017eivota. Nalazimo se u kapelici koja zamjenjuje \u017eupnu crkvu. Posje\u0107uju\u0107i \u017eupu, prirodno je razmi\u0161ljati o potrebama crkve. Crkva jo\u0161 ne postoji, crkva kao gra\u0111evina. Ali Crkva se ve\u0107 gradi. Duhovna Crkva se gradi, gradi se kroz Rije\u010d Bo\u017eju i Sakramente. Izgra\u0111ena je kroz Rije\u010d Bo\u017eju \u010diji ste ministri, sluge i apostoli vi, katehisti.<\/p>\n\n<p>Tako\u0111er se gradi sa sakramentima koji po\u010dinju s kr\u0161tenjem, a vi ste, neokatekumenska skupina, svjedoci mo\u0107i sakramenta, jer to nije ideja, ve\u0107 osoba koja \u017eivi i daje \u017eivot: ovo je sakrament. Sakrament nam donosi \u017eivot, Bo\u017eja nam rije\u010d donosi svjetlost i Sakrament nam donosi bo\u017eanski \u017eivot: bo\u017eansko svjetlo, bo\u017eanski \u017eivot. Tako se Crkva gradi zahvaljuju\u0107i va\u0161em apostolatu. \u017delim vam da budete kvasac ove zgrade \u017eive Crkve svetog Maura i srda\u010dno vas blagoslivljam. &#13;\n(*) Usp. \u201eL&#8217;Osservatore Romano\u201c, 10.-11. svibnja 1982.<\/p>\n","protected":false},"excerpt":{"rendered":"<p>Pohod \u017eupi svetoga Maura Opata 9-5-1982 Sv. Ivan Pavao II. Rim, 9. svibnja 1982. (*) Na kraju mise, Sveti je Otac zapo\u010deo niz susreta s raznim \u017eupnim skupinama: svi o\u010dito mladi i na po\u010detku puta. Me\u0111utim, zajedno s ovom mlado\u0161\u0107u, Papa je mogao vidjeti veliko odu\u0161evljenje koje o\u017eivljuje sve ove vjernike koji su odlu\u010dni pru\u017eiti ruku \u017eupniku i njegovim najbli\u017eim suradnicima da animiraju zajednicu. U kapeli je Papa prvo susreo<\/p>\n<div class=\"read-more\"><a class=\"btn read-more-btn\" href=\"https:\/\/neocatechumenaleiter.org\/hr\/rijeci-papa\/sv-ivan-pavao-ii\/pohod-zupi-svetoga-maura-opata-9-5-1982\/\">Nastavi \u010ditati<\/a><\/div>\n","protected":false},"author":2,"featured_media":0,"parent":9680,"menu_order":16,"comment_status":"closed","ping_status":"closed","template":"","meta":{"footnotes":""},"class_list":["post-17836","page","type-page","status-publish","hentry"],"_links":{"self":[{"href":"https:\/\/neocatechumenaleiter.org\/hr\/wp-json\/wp\/v2\/pages\/17836","targetHints":{"allow":["GET"]}}],"collection":[{"href":"https:\/\/neocatechumenaleiter.org\/hr\/wp-json\/wp\/v2\/pages"}],"about":[{"href":"https:\/\/neocatechumenaleiter.org\/hr\/wp-json\/wp\/v2\/types\/page"}],"author":[{"embeddable":true,"href":"https:\/\/neocatechumenaleiter.org\/hr\/wp-json\/wp\/v2\/users\/2"}],"replies":[{"embeddable":true,"href":"https:\/\/neocatechumenaleiter.org\/hr\/wp-json\/wp\/v2\/comments?post=17836"}],"version-history":[{"count":4,"href":"https:\/\/neocatechumenaleiter.org\/hr\/wp-json\/wp\/v2\/pages\/17836\/revisions"}],"predecessor-version":[{"id":24076,"href":"https:\/\/neocatechumenaleiter.org\/hr\/wp-json\/wp\/v2\/pages\/17836\/revisions\/24076"}],"up":[{"embeddable":true,"href":"https:\/\/neocatechumenaleiter.org\/hr\/wp-json\/wp\/v2\/pages\/9680"}],"wp:attachment":[{"href":"https:\/\/neocatechumenaleiter.org\/hr\/wp-json\/wp\/v2\/media?parent=17836"}],"curies":[{"name":"wp","href":"https:\/\/api.w.org\/{rel}","templated":true}]}}