{"id":17840,"date":"2020-09-28T00:08:17","date_gmt":"2020-09-27T23:08:17","guid":{"rendered":"https:\/\/neocatechumenaleiter.org\/rijeci-papa\/sv-ivan-pavao-ii\/pohod-zupi-svete-ane-u-casal-morena-2-12-1984\/"},"modified":"2020-09-28T00:08:28","modified_gmt":"2020-09-27T23:08:28","slug":"pohod-zupi-svete-ane-u-casal-morena-2-12-1984","status":"publish","type":"page","link":"https:\/\/neocatechumenaleiter.org\/hr\/rijeci-papa\/sv-ivan-pavao-ii\/pohod-zupi-svete-ane-u-casal-morena-2-12-1984\/","title":{"rendered":"Pohod \u017eupi Svete Ane u Casal Morena 2-12-1984"},"content":{"rendered":"\n<h1 class=\"has-text-align-center wp-block-heading\">Pohod \u017eupi Svete Ane u Casal Morena 2-12-1984<\/h1>\n\n<div style=\"height:20px\" aria-hidden=\"true\" class=\"wp-block-spacer\"><\/div>\n\n<h4 class=\"has-text-align-center wp-block-heading\">Sv. Ivan Pavao II.<\/h4>\n\n<div style=\"height:20px\" aria-hidden=\"true\" class=\"wp-block-spacer\"><\/div>\n\n<p><p><strong>Rim, 2. prosinca 1984.<\/strong><\/p><\/p>\n\n<p><p><em>Neokatekumeni, kojih je bilo sto deset, ali su bili prisutni sa svim svojim obiteljima, prvi su se sastali s Ivanom Pavlom II. Do\u010dekali su ga u dvorani koja se obi\u010dno koristi za proslavu mise, njihovim uobi\u010dajenim stilom, pjevanjem i ritmiranjem glasa s pljeskanjem ruku. Prava milost za na\u0161u \u017eupu, u njihovo je ime rekao don Amedeo i ponovio to Papi, upoznav\u0161i ga s onima koji su, rade\u0107i uz zajednicu od samih po\u010detaka, dok je jo\u0161 uvijek postojao samo prostor kapelice u koju je ulazilo jedva stotinjak ljudi, mogli posebno mladim ljudima koji su se pripremali za sakramente kr\u0161\u0107anske inicijacije prenijeti njihov duh slu\u0161anja i suo\u010davanja s Bo\u017ejom Rije\u010dju. S njima smo, rekao je don Amedeo, \u017eivjeli prvo siroma\u0161tvo: kada nismo imali ni prostora da budemo zajedno; s njima smo \u017eivjeli i drugo siroma\u0161tvo: kada je na\u0161e srce tako malo hranjeno Kristovim duhom dok smo ga otkrivali licem u lice s njegovom Rije\u010dju; s njima \u017eivimo i ovo tre\u0107e siroma\u0161tvo: na\u0161 odnos prema Milosti koja se zbog nas svakodnevno osiroma\u0161uje i koju \u017eelimo sa\u010duvati kao istinsko bogatstvo srca. Papa je, nakon \u0161to mu je predstavnik triju zajednica ukratko rekao o etapama ve\u0107 u\u010dinjenog Puta, uputio sljede\u0107e rije\u010di:<\/em><\/p><\/p>\n\n<div class=\"wp-block-image\"><figure class=\"alignleft size-medium\"><img loading=\"lazy\" decoding=\"async\" width=\"300\" height=\"242\" src=\"https:\/\/neocatechumenaleiter.org\/wp-content\/uploads\/2020\/03\/Camino_Neocatecumenal_Juan_Pablo_II_visita_parroquia_Santa_Ana_1984-300x242.jpg\" alt=\"\" class=\"wp-image-8968\" srcset=\"https:\/\/neocatechumenaleiter.org\/wp-content\/uploads\/2020\/03\/Camino_Neocatecumenal_Juan_Pablo_II_visita_parroquia_Santa_Ana_1984-300x242.jpg 300w, https:\/\/neocatechumenaleiter.org\/wp-content\/uploads\/2020\/03\/Camino_Neocatecumenal_Juan_Pablo_II_visita_parroquia_Santa_Ana_1984.jpg 697w\" sizes=\"auto, (max-width: 300px) 100vw, 300px\" \/><\/figure><\/div>\n\n<p>Dobro ste me uveli u to \u0161to je va\u0161a zajednica u ovoj \u017eupi: to je najprije u\u010dinio \u017eupnik, a zatim vi preko va\u0161eg predstavnika.  Vidim da se ova \u017eupa izgra\u0111uje i kao zgrada, kao materijalni kompleks, ali mi vrlo dobro znamo da se \u017eupa iznad svega gradi na vjeri, na kr\u0161tenju koje nas priprema za Euharistiju: to je duhovna izgradnja. Kr\u0161tenje zna\u010di tako\u0111er i katekumenat i neokatekumenat, zna\u010di da se treba uvijek vra\u0107ati na onaj Put na kojemu su se na\u0161i pre\u0111i, prvi kr\u0161\u0107ani, pripremali za kr\u0161tenje, da bi postali djeca Bo\u017eja, da bi postali suba\u0161tinici Kristovi.  Neokatekumenat, evo, kao privremena stvarnost, ozna\u010duje zajednicu koja je u \u017eupi otkrila novinu kr\u0161\u0107anskog \u017eivota, svoju svje\u017einu, svoju originalnost, jer to je \u017eivot u punom smislu, Bo\u017eji \u017eivot. To je \u017eivot koji nam se predo\u010duje za svu vje\u010dnost, ne samo kao \u017eivot na\u0161ih godina ovdje na zemlji. \u017divot s Bogom, \u017eivot djece Bo\u017eje, koji o\u017eivljava Jedinoro\u0111eni Sin Bo\u017eji, koji je Verbum, Rije\u010d, utjelovljen i ro\u0111en od Djevice Marije: Isus Krist. \u017delim vam da budete dobar kvasac novine kr\u0161\u0107anskog \u017eivota u ovoj \u017eupnoj zajednici svete Ane.<\/p>\n\n<p><p>Blagoslivljam vas od svega srca.<\/p><\/p>\n","protected":false},"excerpt":{"rendered":"<p>Pohod \u017eupi Svete Ane u Casal Morena 2-12-1984 Sv. Ivan Pavao II. Rim, 2. prosinca 1984. Neokatekumeni, kojih je bilo sto deset, ali su bili prisutni sa svim svojim obiteljima, prvi su se sastali s Ivanom Pavlom II. Do\u010dekali su ga u dvorani koja se obi\u010dno koristi za proslavu mise, njihovim uobi\u010dajenim stilom, pjevanjem i ritmiranjem glasa s pljeskanjem ruku. Prava milost za na\u0161u \u017eupu, u njihovo je ime rekao<\/p>\n<div class=\"read-more\"><a class=\"btn read-more-btn\" href=\"https:\/\/neocatechumenaleiter.org\/hr\/rijeci-papa\/sv-ivan-pavao-ii\/pohod-zupi-svete-ane-u-casal-morena-2-12-1984\/\">Nastavi \u010ditati<\/a><\/div>\n","protected":false},"author":2,"featured_media":0,"parent":9680,"menu_order":30,"comment_status":"closed","ping_status":"closed","template":"","meta":{"footnotes":""},"class_list":["post-17840","page","type-page","status-publish","hentry"],"_links":{"self":[{"href":"https:\/\/neocatechumenaleiter.org\/hr\/wp-json\/wp\/v2\/pages\/17840","targetHints":{"allow":["GET"]}}],"collection":[{"href":"https:\/\/neocatechumenaleiter.org\/hr\/wp-json\/wp\/v2\/pages"}],"about":[{"href":"https:\/\/neocatechumenaleiter.org\/hr\/wp-json\/wp\/v2\/types\/page"}],"author":[{"embeddable":true,"href":"https:\/\/neocatechumenaleiter.org\/hr\/wp-json\/wp\/v2\/users\/2"}],"replies":[{"embeddable":true,"href":"https:\/\/neocatechumenaleiter.org\/hr\/wp-json\/wp\/v2\/comments?post=17840"}],"version-history":[{"count":3,"href":"https:\/\/neocatechumenaleiter.org\/hr\/wp-json\/wp\/v2\/pages\/17840\/revisions"}],"predecessor-version":[{"id":17843,"href":"https:\/\/neocatechumenaleiter.org\/hr\/wp-json\/wp\/v2\/pages\/17840\/revisions\/17843"}],"up":[{"embeddable":true,"href":"https:\/\/neocatechumenaleiter.org\/hr\/wp-json\/wp\/v2\/pages\/9680"}],"wp:attachment":[{"href":"https:\/\/neocatechumenaleiter.org\/hr\/wp-json\/wp\/v2\/media?parent=17840"}],"curies":[{"name":"wp","href":"https:\/\/api.w.org\/{rel}","templated":true}]}}