{"id":17844,"date":"2020-09-28T09:10:06","date_gmt":"2020-09-28T08:10:06","guid":{"rendered":"https:\/\/neocatechumenaleiter.org\/rijeci-papa\/sv-ivan-pavao-ii\/pohod-zupi-nase-gospe-lourdske-13-2-1983\/"},"modified":"2020-09-28T09:10:07","modified_gmt":"2020-09-28T08:10:07","slug":"pohod-zupi-nase-gospe-lourdske-13-2-1983","status":"publish","type":"page","link":"https:\/\/neocatechumenaleiter.org\/hr\/rijeci-papa\/sv-ivan-pavao-ii\/pohod-zupi-nase-gospe-lourdske-13-2-1983\/","title":{"rendered":"Pohod \u017eupi na\u0161e Gospe Lourdske 13-2-1983"},"content":{"rendered":"\n<h1 class=\"has-text-align-center wp-block-heading\">Pohod \u017eupi na\u0161e Gospe Lourdske 13-2-1983<\/h1>\n\n<div style=\"height:20px\" aria-hidden=\"true\" class=\"wp-block-spacer\"><\/div>\n\n<h4 class=\"has-text-align-center wp-block-heading\">Sv. Ivan Pavao II.<\/h4>\n\n<div style=\"height:20px\" aria-hidden=\"true\" class=\"wp-block-spacer\"><\/div>\n\n<p><p><strong>Rim, 13. velja\u010de 1983. (*)<\/strong><\/p><\/p>\n\n<p><p><em>Nakon \u0161to je proveo jo\u0161 nekoliko trenutaka s mladima, Sveti se Otac ponovo vratio u crkvu, gdje su ga \u010dekali \u010dlanovi \u010detiriju neokatekumenskih zajednica, koje \u010dine put u \u017eupi. \u017dupnik ih je predstavio; Giampiero Donnini, katehist zajednice, objasnio je potom Papi kako su se rodile te zajednice u Na\u0161oj Gospi Lurdskoj te ga predstavio nekim sve\u0107enicima itinerantima koji su, po\u010dev\u0161i od \u017eupe, donijeli Rije\u010d Gospodnju u razne narode svijeta. Nakon toga je svaki od ovih sve\u0107enika Papi \u017eelio ispri\u010dati svoju povijest kratkim rije\u010dima, po\u010dev\u0161i od ulaska u neokatekumenske zajednice, a potom svjedo\u010de\u0107i o sre\u0107i svojeg boravka na putu. Sveti je Otac, odgovaraju\u0107i na upu\u0107ene mu rije\u010di pozdrava i \u017eele\u0107i dati svoju rije\u010d neokatekumenima, nakon \u0161to se prisjetio susreta sa sve\u0107enicima neokatekumenskih zajednica od prije nekoliko dana, rekao je:<\/em><\/p><\/p>\n\n<div class=\"wp-block-image\"><figure class=\"alignleft size-large\"><img loading=\"lazy\" decoding=\"async\" width=\"708\" height=\"558\" src=\"https:\/\/neocatechumenaleiter.org\/wp-content\/uploads\/2020\/03\/Camino_Neocatecumenal_Juan_Pablo_II_visita_parroquia_Lourdes_1983.jpg\" alt=\"\" class=\"wp-image-9205\" srcset=\"https:\/\/neocatechumenaleiter.org\/wp-content\/uploads\/2020\/03\/Camino_Neocatecumenal_Juan_Pablo_II_visita_parroquia_Lourdes_1983.jpg 708w, https:\/\/neocatechumenaleiter.org\/wp-content\/uploads\/2020\/03\/Camino_Neocatecumenal_Juan_Pablo_II_visita_parroquia_Lourdes_1983-300x236.jpg 300w\" sizes=\"auto, (max-width: 708px) 100vw, 708px\" \/><\/figure><\/div>\n\n<p>U ovom vam trenutku \u017eelim skrenuti pa\u017enju na rije\u010di pjesama koje ste pjevali pozdravljaju\u0107i me. To su dirljive rije\u010di: \u00ab&#8230;Marijo, povjerovala si Rije\u010di Gospodnjoj!\u00bb. To su sredi\u0161nje rije\u010di u kojima se izra\u017eava cijelo Marijino otajstvo; Marijino otajstvo, tako je ovim rije\u010dima rekla njezina ro\u0111akinja Elizabeta. U tim je rije\u010dima doista Marija. Ona koja je povjerovala u Rije\u010di Gospodnje s jedinstvenom vjerom. Otajstvo koje joj se otkrilo tako\u0111er je bilo jedinstveno: bila je potrebna vrlo velika vjera, marijanska vjera, da prihvati ove rije\u010di, vjeruje u te rije\u010di i prihvati njihov sadr\u017eaj. Mislim da je Marija, ona koja je vjerovala u Gospodinove rije\u010di, ona koja nudi model, ona pokazuje put svima nama, posebno svima vama; jer: \u0161to zna\u010di biti \u010dlan neokatekumenske zajednice, \u0161to zna\u010di biti katehist? Zna\u010di biti onaj koji je povjerovao Rije\u010di Gospodnjoj; koji je tu Rije\u010d u\u010dinio sadr\u017eajem, mo\u017eemo re\u0107i tijelom njegova \u017eivota, su\u0161tinom njegova \u017eivota i tako duboko suobli\u010dio ovu Rije\u010d Gospodnju; mo\u017eemo re\u0107i da Rije\u010d djeluje u njemu i \u017eeli se izraziti kao da je dijete koje se \u017eeli roditi; tako se ova Rije\u010d \u017eeli izraziti, dati, prenijeti. A zatim, kao \u0161to su to \u010dinili apostoli, i ovi katehisti itineranti i drugi apostoli na\u0161eg doba tako\u0111er napu\u0161taju svoje domove, svoje zemlje, domovinu, svoje \u017eupe i odlaze u potragu za drugim svjetovima, drugim zemljama, drugim narodima, u\u010de druge jezike, kako bi druge ljude, druge zajednice, pribli\u017eili Rije\u010di Gospodnjoj, odnosno onome u \u0161to su osobno vjerovali. Dragi prijatelji, \u017eelim vam da dobro kora\u010date tim putem, da dobro kora\u010date tim putem u \u017eupi, tako\u0111er u \u017eupi Na\u0161e Gospe Lurdske i kao \u0161to sam to \u010dinio za mlade, tako i za vas \u017eelim ponoviti povjerenje Majci Kristovoj i Crkva.<\/p>\n\n<p>Osobito joj povjeravam va\u0161e osobe, va\u0161e obitelji, va\u0161e zajednice, a zatim va\u0161e poslanje katehista, va\u0161e katehetsko opredjeljenje. Povjeravam vas Mariji, Onoj koja je povjerovala u Rije\u010d Gospodnju: neka unese vjeru u va\u0161u vjeru, svoje obilne plodove. &#013;\n(*) Usp. \u201eL&#8217;Osservatore Romano\u201c, 14.-15. velja\u010de 1983.<\/p>\n","protected":false},"excerpt":{"rendered":"<p>Pohod \u017eupi na\u0161e Gospe Lourdske 13-2-1983 Sv. Ivan Pavao II. Rim, 13. velja\u010de 1983. (*) Nakon \u0161to je proveo jo\u0161 nekoliko trenutaka s mladima, Sveti se Otac ponovo vratio u crkvu, gdje su ga \u010dekali \u010dlanovi \u010detiriju neokatekumenskih zajednica, koje \u010dine put u \u017eupi. \u017dupnik ih je predstavio; Giampiero Donnini, katehist zajednice, objasnio je potom Papi kako su se rodile te zajednice u Na\u0161oj Gospi Lurdskoj te ga predstavio nekim<\/p>\n<div class=\"read-more\"><a class=\"btn read-more-btn\" href=\"https:\/\/neocatechumenaleiter.org\/hr\/rijeci-papa\/sv-ivan-pavao-ii\/pohod-zupi-nase-gospe-lourdske-13-2-1983\/\">Nastavi \u010ditati<\/a><\/div>\n","protected":false},"author":2,"featured_media":0,"parent":9680,"menu_order":18,"comment_status":"closed","ping_status":"closed","template":"","meta":{"footnotes":""},"class_list":["post-17844","page","type-page","status-publish","hentry"],"_links":{"self":[{"href":"https:\/\/neocatechumenaleiter.org\/hr\/wp-json\/wp\/v2\/pages\/17844","targetHints":{"allow":["GET"]}}],"collection":[{"href":"https:\/\/neocatechumenaleiter.org\/hr\/wp-json\/wp\/v2\/pages"}],"about":[{"href":"https:\/\/neocatechumenaleiter.org\/hr\/wp-json\/wp\/v2\/types\/page"}],"author":[{"embeddable":true,"href":"https:\/\/neocatechumenaleiter.org\/hr\/wp-json\/wp\/v2\/users\/2"}],"replies":[{"embeddable":true,"href":"https:\/\/neocatechumenaleiter.org\/hr\/wp-json\/wp\/v2\/comments?post=17844"}],"version-history":[{"count":1,"href":"https:\/\/neocatechumenaleiter.org\/hr\/wp-json\/wp\/v2\/pages\/17844\/revisions"}],"predecessor-version":[{"id":17845,"href":"https:\/\/neocatechumenaleiter.org\/hr\/wp-json\/wp\/v2\/pages\/17844\/revisions\/17845"}],"up":[{"embeddable":true,"href":"https:\/\/neocatechumenaleiter.org\/hr\/wp-json\/wp\/v2\/pages\/9680"}],"wp:attachment":[{"href":"https:\/\/neocatechumenaleiter.org\/hr\/wp-json\/wp\/v2\/media?parent=17844"}],"curies":[{"name":"wp","href":"https:\/\/api.w.org\/{rel}","templated":true}]}}