{"id":17846,"date":"2020-09-28T09:20:04","date_gmt":"2020-09-28T08:20:04","guid":{"rendered":"https:\/\/neocatechumenaleiter.org\/rijeci-papa\/sv-ivan-pavao-ii\/vazmeno-bdjenje-u-bazilici-svetog-petra-3-4-1983\/"},"modified":"2020-10-05T10:19:39","modified_gmt":"2020-10-05T09:19:39","slug":"vazmeno-bdjenje-u-bazilici-svetog-petra-3-4-1983","status":"publish","type":"page","link":"https:\/\/neocatechumenaleiter.org\/hr\/rijeci-papa\/sv-ivan-pavao-ii\/vazmeno-bdjenje-u-bazilici-svetog-petra-3-4-1983\/","title":{"rendered":"Vazmeno bdjenje u bazilici svetog Petra 3-4-1983"},"content":{"rendered":"\n<h1 class=\"has-text-align-center wp-block-heading\">Vazmeno bdjenje u bazilici svetog Petra 3-4-1983<\/h1>\n\n<div style=\"height:20px\" aria-hidden=\"true\" class=\"wp-block-spacer\"><\/div>\n\n<h4 class=\"has-text-align-center wp-block-heading\">Sv. Ivan Pavao II.<\/h4>\n\n<div style=\"height:20px\" aria-hidden=\"true\" class=\"wp-block-spacer\"><\/div>\n\n<p><p><strong>Vatikan, 3. travnja 1383.<\/strong><\/p><\/p>\n\n<p><p><em>U subotu nave\u010der u vatikanskoj bazilici obnovljeno je uzbudljivo ozra\u010dje koje obi\u010dno prati i\u0161\u010dekivanje ponavljanja ove \u201enove \u010dinjenice\u201c Kristovog uskrsnu\u0107a koje sa sobom nosi u \u017eivot svakog vjernika&#8230; Liturgiju Rije\u010di slijedio je obred kr\u0161tenja za 22 katekumena razli\u010ditih nacionalnosti&#8230; Cijela zajednica prisutnih vjernika tako\u0111er je bila pozvana obnoviti i potvrditi svoju vjeru, kada je pratila drugu bra\u0107u na putu do oltara kako bi primili sakramente kr\u0161\u0107anske inicijacije.<\/em><\/p><\/p>\n\n<figure class=\"wp-block-gallery aligncenter columns-2 is-cropped wp-block-gallery-1 is-layout-flex wp-block-gallery-is-layout-flex\"><ul class=\"blocks-gallery-grid\"><li class=\"blocks-gallery-item\"><figure><img loading=\"lazy\" decoding=\"async\" width=\"366\" height=\"312\" src=\"https:\/\/neocatechumenaleiter.org\/wp-content\/uploads\/2020\/03\/Camino_Neocatecumenal_Juan_Pablo_II_vigilia_pascual_hermanos_vestidura_blanca2.jpg\" alt=\"\" data-id=\"1734\" data-full-url=\"https:\/\/neocatechumenaleiter.org\/wp-content\/uploads\/2020\/03\/Camino_Neocatecumenal_Juan_Pablo_II_vigilia_pascual_hermanos_vestidura_blanca2.jpg\" data-link=\"https:\/\/neocatechumenaleiter.org\/?attachment_id=1734\" class=\"wp-image-8691\" srcset=\"https:\/\/neocatechumenaleiter.org\/wp-content\/uploads\/2020\/03\/Camino_Neocatecumenal_Juan_Pablo_II_vigilia_pascual_hermanos_vestidura_blanca2.jpg 366w, https:\/\/neocatechumenaleiter.org\/wp-content\/uploads\/2020\/03\/Camino_Neocatecumenal_Juan_Pablo_II_vigilia_pascual_hermanos_vestidura_blanca2-300x256.jpg 300w\" sizes=\"auto, (max-width: 366px) 100vw, 366px\" \/><\/figure><\/li><li class=\"blocks-gallery-item\"><figure><img loading=\"lazy\" decoding=\"async\" width=\"363\" height=\"330\" src=\"https:\/\/neocatechumenaleiter.org\/wp-content\/uploads\/2020\/03\/Camino_Neocatecumenal_Juan_Pablo_II_vigilia_pascual_hermanos_vestidura_blanca.jpg\" alt=\"\" data-id=\"1741\" data-full-url=\"https:\/\/neocatechumenaleiter.org\/wp-content\/uploads\/2020\/03\/Camino_Neocatecumenal_Juan_Pablo_II_vigilia_pascual_hermanos_vestidura_blanca.jpg\" data-link=\"https:\/\/neocatechumenaleiter.org\/?attachment_id=1741\" class=\"wp-image-8693\" srcset=\"https:\/\/neocatechumenaleiter.org\/wp-content\/uploads\/2020\/03\/Camino_Neocatecumenal_Juan_Pablo_II_vigilia_pascual_hermanos_vestidura_blanca.jpg 363w, https:\/\/neocatechumenaleiter.org\/wp-content\/uploads\/2020\/03\/Camino_Neocatecumenal_Juan_Pablo_II_vigilia_pascual_hermanos_vestidura_blanca-300x273.jpg 300w\" sizes=\"auto, (max-width: 363px) 100vw, 363px\" \/><\/figure><\/li><\/ul><\/figure>","protected":false},"excerpt":{"rendered":"<p>Vazmeno bdjenje u bazilici svetog Petra 3-4-1983 Sv. Ivan Pavao II. Vatikan, 3. travnja 1383. U subotu nave\u010der u vatikanskoj bazilici obnovljeno je uzbudljivo ozra\u010dje koje obi\u010dno prati i\u0161\u010dekivanje ponavljanja ove \u201enove \u010dinjenice\u201c Kristovog uskrsnu\u0107a koje sa sobom nosi u \u017eivot svakog vjernika&#8230; Liturgiju Rije\u010di slijedio je obred kr\u0161tenja za 22 katekumena razli\u010ditih nacionalnosti&#8230; Cijela zajednica prisutnih vjernika tako\u0111er je bila pozvana obnoviti i potvrditi svoju vjeru, kada je pratila<\/p>\n<div class=\"read-more\"><a class=\"btn read-more-btn\" href=\"https:\/\/neocatechumenaleiter.org\/hr\/rijeci-papa\/sv-ivan-pavao-ii\/vazmeno-bdjenje-u-bazilici-svetog-petra-3-4-1983\/\">Nastavi \u010ditati<\/a><\/div>\n","protected":false},"author":2,"featured_media":0,"parent":9680,"menu_order":20,"comment_status":"closed","ping_status":"closed","template":"","meta":{"footnotes":""},"class_list":["post-17846","page","type-page","status-publish","hentry"],"_links":{"self":[{"href":"https:\/\/neocatechumenaleiter.org\/hr\/wp-json\/wp\/v2\/pages\/17846","targetHints":{"allow":["GET"]}}],"collection":[{"href":"https:\/\/neocatechumenaleiter.org\/hr\/wp-json\/wp\/v2\/pages"}],"about":[{"href":"https:\/\/neocatechumenaleiter.org\/hr\/wp-json\/wp\/v2\/types\/page"}],"author":[{"embeddable":true,"href":"https:\/\/neocatechumenaleiter.org\/hr\/wp-json\/wp\/v2\/users\/2"}],"replies":[{"embeddable":true,"href":"https:\/\/neocatechumenaleiter.org\/hr\/wp-json\/wp\/v2\/comments?post=17846"}],"version-history":[{"count":5,"href":"https:\/\/neocatechumenaleiter.org\/hr\/wp-json\/wp\/v2\/pages\/17846\/revisions"}],"predecessor-version":[{"id":18095,"href":"https:\/\/neocatechumenaleiter.org\/hr\/wp-json\/wp\/v2\/pages\/17846\/revisions\/18095"}],"up":[{"embeddable":true,"href":"https:\/\/neocatechumenaleiter.org\/hr\/wp-json\/wp\/v2\/pages\/9680"}],"wp:attachment":[{"href":"https:\/\/neocatechumenaleiter.org\/hr\/wp-json\/wp\/v2\/media?parent=17846"}],"curies":[{"name":"wp","href":"https:\/\/api.w.org\/{rel}","templated":true}]}}