{"id":17848,"date":"2020-09-28T09:56:39","date_gmt":"2020-09-28T08:56:39","guid":{"rendered":"https:\/\/neocatechumenaleiter.org\/rijeci-papa\/sv-ivan-pavao-ii\/pohod-zupi-svete-rite-u-tor-bella-monaca-22-1-1984\/"},"modified":"2020-09-28T09:58:56","modified_gmt":"2020-09-28T08:58:56","slug":"pohod-zupi-svete-rite-u-tor-bella-monaca-22-1-1984","status":"publish","type":"page","link":"https:\/\/neocatechumenaleiter.org\/hr\/rijeci-papa\/sv-ivan-pavao-ii\/pohod-zupi-svete-rite-u-tor-bella-monaca-22-1-1984\/","title":{"rendered":"Pohod \u017eupi svete Rite u Tor Bella Monaca 22-1-1984"},"content":{"rendered":"\n<h1 class=\"has-text-align-center wp-block-heading\">Pohod \u017eupi svete Rite u Tor Bella Monaca 22-1-1984<\/h1>\n\n<div style=\"height:20px\" aria-hidden=\"true\" class=\"wp-block-spacer\"><\/div>\n\n<h4 class=\"has-text-align-center wp-block-heading\">Sv. Ivan Pavao II.<\/h4>\n\n<div style=\"height:20px\" aria-hidden=\"true\" class=\"wp-block-spacer\"><\/div>\n\n<div class=\"wp-block-image\"><figure class=\"alignleft size-large\"><img loading=\"lazy\" decoding=\"async\" width=\"700\" height=\"558\" src=\"https:\/\/neocatechumenaleiter.org\/wp-content\/uploads\/2020\/03\/Camino_Neocatecumenal_Juan_Pablo_II_visita_parroquia_Santa_Rita_1984.jpg\" alt=\"\" class=\"wp-image-8729\" srcset=\"https:\/\/neocatechumenaleiter.org\/wp-content\/uploads\/2020\/03\/Camino_Neocatecumenal_Juan_Pablo_II_visita_parroquia_Santa_Rita_1984.jpg 700w, https:\/\/neocatechumenaleiter.org\/wp-content\/uploads\/2020\/03\/Camino_Neocatecumenal_Juan_Pablo_II_visita_parroquia_Santa_Rita_1984-300x239.jpg 300w\" sizes=\"auto, (max-width: 700px) 100vw, 700px\" \/><\/figure><\/div>\n\n<p><p><strong>Rim, 22. sije\u010dnja 1984. (*)<\/strong><\/p><\/p>\n\n<p><p><em>Otac Josip predstavio je Svetom Ocu povijest Zajednice: \u017eivot molitve, kateheze, u\u010denja iz Svetog Pisma s ciljem preciznijeg poslanja evangelizacije. Mladi predstavnik neokatekumenske zajednice, o\u017eenjen i s troje djece, \u017eelio je tada posvjedo\u010diti kako se otkri\u0107e majke Crkve poklapalo s njegovim osobnim obra\u0107enjem: \u201ePrije sam \u017eivio \u2013 rekao je \u2013 u jakoj vjerskoj ravnodu\u0161nosti i moralnom relativizmu. Tada mi se smilovao Gospodin\u201c. Ivan Pavao II. u svojem je govoru \u017eelio naglasiti kako:<\/em><\/p><\/p>\n\n<p>&#8230;Put vjere nikada se ne mo\u017ee zaustaviti. Ne mo\u017ee se zaustaviti kr\u0161tenjem, niti prvom pri\u010de\u0161\u0107u, ne mo\u017ee se zaustaviti ni krizmom, \u010dak ni sakramentom \u017eenidbe. Vjera uvijek mora biti put. To mora uvijek biti ponovno otkri\u0107e. Kroz nju i njena \u010dudesa mi se u odre\u0111enom smislu oslanjamo na Bo\u017eju stvarnost. Neokatekumeni se vode tom idejom i te\u017ee iskrenijem kora\u010danju u osobnoj vjeri, vjeri zajednice, vjeri Crkve. &#013;\n(*) Usp. \u201eL&#8217;Osservatore Romano\u201c, 23.-24. sije\u010dnja 1984.<\/p>\n","protected":false},"excerpt":{"rendered":"<p>Pohod \u017eupi svete Rite u Tor Bella Monaca 22-1-1984 Sv. Ivan Pavao II. Rim, 22. sije\u010dnja 1984. (*) Otac Josip predstavio je Svetom Ocu povijest Zajednice: \u017eivot molitve, kateheze, u\u010denja iz Svetog Pisma s ciljem preciznijeg poslanja evangelizacije. Mladi predstavnik neokatekumenske zajednice, o\u017eenjen i s troje djece, \u017eelio je tada posvjedo\u010diti kako se otkri\u0107e majke Crkve poklapalo s njegovim osobnim obra\u0107enjem: \u201ePrije sam \u017eivio \u2013 rekao je \u2013 u jakoj<\/p>\n<div class=\"read-more\"><a class=\"btn read-more-btn\" href=\"https:\/\/neocatechumenaleiter.org\/hr\/rijeci-papa\/sv-ivan-pavao-ii\/pohod-zupi-svete-rite-u-tor-bella-monaca-22-1-1984\/\">Nastavi \u010ditati<\/a><\/div>\n","protected":false},"author":2,"featured_media":0,"parent":9680,"menu_order":24,"comment_status":"closed","ping_status":"closed","template":"","meta":{"footnotes":""},"class_list":["post-17848","page","type-page","status-publish","hentry"],"_links":{"self":[{"href":"https:\/\/neocatechumenaleiter.org\/hr\/wp-json\/wp\/v2\/pages\/17848","targetHints":{"allow":["GET"]}}],"collection":[{"href":"https:\/\/neocatechumenaleiter.org\/hr\/wp-json\/wp\/v2\/pages"}],"about":[{"href":"https:\/\/neocatechumenaleiter.org\/hr\/wp-json\/wp\/v2\/types\/page"}],"author":[{"embeddable":true,"href":"https:\/\/neocatechumenaleiter.org\/hr\/wp-json\/wp\/v2\/users\/2"}],"replies":[{"embeddable":true,"href":"https:\/\/neocatechumenaleiter.org\/hr\/wp-json\/wp\/v2\/comments?post=17848"}],"version-history":[{"count":3,"href":"https:\/\/neocatechumenaleiter.org\/hr\/wp-json\/wp\/v2\/pages\/17848\/revisions"}],"predecessor-version":[{"id":17851,"href":"https:\/\/neocatechumenaleiter.org\/hr\/wp-json\/wp\/v2\/pages\/17848\/revisions\/17851"}],"up":[{"embeddable":true,"href":"https:\/\/neocatechumenaleiter.org\/hr\/wp-json\/wp\/v2\/pages\/9680"}],"wp:attachment":[{"href":"https:\/\/neocatechumenaleiter.org\/hr\/wp-json\/wp\/v2\/media?parent=17848"}],"curies":[{"name":"wp","href":"https:\/\/api.w.org\/{rel}","templated":true}]}}