{"id":17852,"date":"2020-09-28T10:04:14","date_gmt":"2020-09-28T09:04:14","guid":{"rendered":"https:\/\/neocatechumenaleiter.org\/rijeci-papa\/sv-ivan-pavao-ii\/vazmeno-bdienje-u-bazilici-svetog-petra-21-4-1984\/"},"modified":"2020-09-28T10:07:24","modified_gmt":"2020-09-28T09:07:24","slug":"vazmeno-bdienje-u-bazilici-svetog-petra-21-4-1984","status":"publish","type":"page","link":"https:\/\/neocatechumenaleiter.org\/hr\/rijeci-papa\/sv-ivan-pavao-ii\/vazmeno-bdienje-u-bazilici-svetog-petra-21-4-1984\/","title":{"rendered":"Vazmeno bdijenje u bazilici svetog Petra 21-4-1984"},"content":{"rendered":"\n<h1 class=\"has-text-align-center wp-block-heading\">Vazmeno bdijenje u bazilici svetog Petra 21-4-1984<\/h1>\n\n<div style=\"height:20px\" aria-hidden=\"true\" class=\"wp-block-spacer\"><\/div>\n\n<h4 class=\"has-text-align-center wp-block-heading\">Sv. Ivan Pavao II.<\/h4>\n\n<div style=\"height:20px\" aria-hidden=\"true\" class=\"wp-block-spacer\"><\/div>\n\n<p><p><strong>Trg svetog Petra, 21. travnja 1984. (*)<\/strong><\/p><\/p>\n\n<p><p><em>Neposredno nakon \u010ditanja i propovijedi koju je odr\u017eao Papa, odr\u017eao se obred blagoslova vode i kr\u0161tenja za 29 katekumena iz brojnih razli\u010ditih zemalja. \u010citava zajednica vjernika bila je pozvana obnoviti i potvrditi svoju vjeru, kad su nova bra\u0107a krenula pred oltar kako bi primila sakramente kr\u0161\u0107anske inicijacije. U prvom redu u dvori\u0161tu crkve kako bi obnovili svoje krsne zavjete, bilo je i 100 \u010dlanova neokatekumenskih zajednica \u017eupe svete Francesce Cabrini sa svojim bijelim haljinama u pratnji Kika Arg\u00fcella i Carmen Hern\u00e1ndez. <\/em><\/p>&#013;\n<p><em>(*) Usp. \u201eL&#8217;Osservatore Romano\u201c, 24.-25. travnja 1984.<\/em><\/p><\/p>\n\n<figure class=\"wp-block-gallery aligncenter columns-2 is-cropped wp-block-gallery-1 is-layout-flex wp-block-gallery-is-layout-flex\"><ul class=\"blocks-gallery-grid\"><li class=\"blocks-gallery-item\"><figure><img loading=\"lazy\" decoding=\"async\" width=\"366\" height=\"157\" src=\"https:\/\/neocatechumenaleiter.org\/wp-content\/uploads\/2020\/03\/Camino_Neocatecumenal_Juan_Pablo_II_vigilia_pascual_hermanos_vestidura_blanca_19842.jpg\" alt=\"\" data-id=\"1815\" data-full-url=\"https:\/\/neocatechumenaleiter.org\/wp-content\/uploads\/2020\/03\/Camino_Neocatecumenal_Juan_Pablo_II_vigilia_pascual_hermanos_vestidura_blanca_19842.jpg\" data-link=\"https:\/\/neocatechumenaleiter.org\/?attachment_id=1815\" class=\"wp-image-7598\" srcset=\"https:\/\/neocatechumenaleiter.org\/wp-content\/uploads\/2020\/03\/Camino_Neocatecumenal_Juan_Pablo_II_vigilia_pascual_hermanos_vestidura_blanca_19842.jpg 366w, https:\/\/neocatechumenaleiter.org\/wp-content\/uploads\/2020\/03\/Camino_Neocatecumenal_Juan_Pablo_II_vigilia_pascual_hermanos_vestidura_blanca_19842-300x129.jpg 300w\" sizes=\"auto, (max-width: 366px) 100vw, 366px\" \/><\/figure><\/li><li class=\"blocks-gallery-item\"><figure><img loading=\"lazy\" decoding=\"async\" width=\"362\" height=\"158\" src=\"https:\/\/neocatechumenaleiter.org\/wp-content\/uploads\/2020\/03\/Camino_Neocatecumenal_Juan_Pablo_II_vigilia_pascual_hermanos_vestidura_blanca_1984.jpg\" alt=\"\" data-id=\"1822\" data-full-url=\"https:\/\/neocatechumenaleiter.org\/wp-content\/uploads\/2020\/03\/Camino_Neocatecumenal_Juan_Pablo_II_vigilia_pascual_hermanos_vestidura_blanca_1984.jpg\" data-link=\"https:\/\/neocatechumenaleiter.org\/?attachment_id=1822\" class=\"wp-image-7603\" srcset=\"https:\/\/neocatechumenaleiter.org\/wp-content\/uploads\/2020\/03\/Camino_Neocatecumenal_Juan_Pablo_II_vigilia_pascual_hermanos_vestidura_blanca_1984.jpg 362w, https:\/\/neocatechumenaleiter.org\/wp-content\/uploads\/2020\/03\/Camino_Neocatecumenal_Juan_Pablo_II_vigilia_pascual_hermanos_vestidura_blanca_1984-300x131.jpg 300w\" sizes=\"auto, (max-width: 362px) 100vw, 362px\" \/><\/figure><\/li><\/ul><\/figure>","protected":false},"excerpt":{"rendered":"<p>Vazmeno bdijenje u bazilici svetog Petra 21-4-1984 Sv. Ivan Pavao II. Trg svetog Petra, 21. travnja 1984. (*) Neposredno nakon \u010ditanja i propovijedi koju je odr\u017eao Papa, odr\u017eao se obred blagoslova vode i kr\u0161tenja za 29 katekumena iz brojnih razli\u010ditih zemalja. \u010citava zajednica vjernika bila je pozvana obnoviti i potvrditi svoju vjeru, kad su nova bra\u0107a krenula pred oltar kako bi primila sakramente kr\u0161\u0107anske inicijacije. U prvom redu u dvori\u0161tu<\/p>\n<div class=\"read-more\"><a class=\"btn read-more-btn\" href=\"https:\/\/neocatechumenaleiter.org\/hr\/rijeci-papa\/sv-ivan-pavao-ii\/vazmeno-bdienje-u-bazilici-svetog-petra-21-4-1984\/\">Nastavi \u010ditati<\/a><\/div>\n","protected":false},"author":2,"featured_media":0,"parent":9680,"menu_order":27,"comment_status":"closed","ping_status":"closed","template":"","meta":{"footnotes":""},"class_list":["post-17852","page","type-page","status-publish","hentry"],"_links":{"self":[{"href":"https:\/\/neocatechumenaleiter.org\/hr\/wp-json\/wp\/v2\/pages\/17852","targetHints":{"allow":["GET"]}}],"collection":[{"href":"https:\/\/neocatechumenaleiter.org\/hr\/wp-json\/wp\/v2\/pages"}],"about":[{"href":"https:\/\/neocatechumenaleiter.org\/hr\/wp-json\/wp\/v2\/types\/page"}],"author":[{"embeddable":true,"href":"https:\/\/neocatechumenaleiter.org\/hr\/wp-json\/wp\/v2\/users\/2"}],"replies":[{"embeddable":true,"href":"https:\/\/neocatechumenaleiter.org\/hr\/wp-json\/wp\/v2\/comments?post=17852"}],"version-history":[{"count":7,"href":"https:\/\/neocatechumenaleiter.org\/hr\/wp-json\/wp\/v2\/pages\/17852\/revisions"}],"predecessor-version":[{"id":17859,"href":"https:\/\/neocatechumenaleiter.org\/hr\/wp-json\/wp\/v2\/pages\/17852\/revisions\/17859"}],"up":[{"embeddable":true,"href":"https:\/\/neocatechumenaleiter.org\/hr\/wp-json\/wp\/v2\/pages\/9680"}],"wp:attachment":[{"href":"https:\/\/neocatechumenaleiter.org\/hr\/wp-json\/wp\/v2\/media?parent=17852"}],"curies":[{"name":"wp","href":"https:\/\/api.w.org\/{rel}","templated":true}]}}