{"id":17860,"date":"2020-09-28T10:35:10","date_gmt":"2020-09-28T09:35:10","guid":{"rendered":"https:\/\/neocatechumenaleiter.org\/rijeci-papa\/sv-ivan-pavao-ii\/pohod-zupi-svetih-fabijana-i-venancija-14-i-1990\/"},"modified":"2020-09-28T10:35:11","modified_gmt":"2020-09-28T09:35:11","slug":"pohod-zupi-svetih-fabijana-i-venancija-14-i-1990","status":"publish","type":"page","link":"https:\/\/neocatechumenaleiter.org\/hr\/rijeci-papa\/sv-ivan-pavao-ii\/pohod-zupi-svetih-fabijana-i-venancija-14-i-1990\/","title":{"rendered":"Pohod \u017eupi svetih Fabijana i Venancija 14-I-1990"},"content":{"rendered":"\n<h1 class=\"has-text-align-center wp-block-heading\">Pohod \u017eupi svetih Fabijana i Venancija 14-I-1990<\/h1>\n\n<div style=\"height:20px\" aria-hidden=\"true\" class=\"wp-block-spacer\"><\/div>\n\n<h4 class=\"has-text-align-center wp-block-heading\">Sv. Ivan Pavao II.<\/h4>\n\n<div style=\"height:20px\" aria-hidden=\"true\" class=\"wp-block-spacer\"><\/div>\n\n<div class=\"wp-block-image\"><figure class=\"alignleft size-medium\"><img loading=\"lazy\" decoding=\"async\" width=\"300\" height=\"253\" src=\"https:\/\/neocatechumenaleiter.org\/wp-content\/uploads\/2020\/03\/Camino_Neocatecumenal_Juan_Pablo_II_visita_parroquia_Santos_Fabian_Venancio_1990-300x253.jpg\" alt=\"\" class=\"wp-image-7686\" srcset=\"https:\/\/neocatechumenaleiter.org\/wp-content\/uploads\/2020\/03\/Camino_Neocatecumenal_Juan_Pablo_II_visita_parroquia_Santos_Fabian_Venancio_1990-300x253.jpg 300w, https:\/\/neocatechumenaleiter.org\/wp-content\/uploads\/2020\/03\/Camino_Neocatecumenal_Juan_Pablo_II_visita_parroquia_Santos_Fabian_Venancio_1990.jpg 661w\" sizes=\"auto, (max-width: 300px) 100vw, 300px\" \/><\/figure><\/div>\n\n<p><p><strong>Rim, 14. sije\u010dnja 1990. (*)<\/strong><\/p><\/p>\n\n<p><p>\u00abSvijet se otvara, tra\u017ei ljudsku i kr\u0161\u0107anskiju dimenziju i \u010deka onaj odgovor istine koja je Krist\u00bb<\/p><\/p>\n\n<p><p><em>Susret Svetog Oca s brojnim predstavnicima neokatekumenskih zajednica u \u017eupi protekao je u slavljeni\u010dkom ozra\u010dju, prije svega zbog prisutnosti brojne djece koja, po obi\u010daju, isti\u010du dimenziju \u201eobitelji\u201c kao potporni moment zajednice koja putuje Neokatekumenskim putem.<\/em><\/p><\/p>\n\n<p><p><em>Nakon nekoliko uvodnih rije\u010di koje mu je uputio Josip, jedan od katehista zajednice, Sveti je Otac odr\u017eao sljede\u0107i govor:<\/em><\/p><\/p>\n\n<p>\u017delim vam 1990. godinu kao novu godinu za va\u0161e putovanje. Svakako nam je prethodna 1989. ostavila mnogo iznena\u0111uju\u0107ih stvari, posebno u Europi. Mnoga su se okru\u017eenja otvorila, mnoge zemlje, ali sve je to samo izazov. Ovaj svijet koji se otvara, koji mo\u017eda raskida s manje ljudskom i manje kr\u0161\u0107anskom tradicijom, tra\u017ee\u0107i kr\u0161\u0107ansku i ljudskiju, \u010deka, ovo stanovni\u0161tvo \u010deka Rije\u010d Istine, Rije\u010d Evan\u0111elja, Rije\u010d zajedni\u0161tva s Kristom. Istodobno, mi smo ovdje na Zapadu.<\/p>\n\n<div class=\"wp-block-image\"><figure class=\"alignright size-medium\"><img loading=\"lazy\" decoding=\"async\" width=\"300\" height=\"239\" src=\"https:\/\/neocatechumenaleiter.org\/wp-content\/uploads\/2020\/03\/Camino_Neocatecumenal_Juan_Pablo_II_visita_parroquia_Santos_Fabian_Venancio_1990_2-300x239.jpg\" alt=\"\" class=\"wp-image-7691\" srcset=\"https:\/\/neocatechumenaleiter.org\/wp-content\/uploads\/2020\/03\/Camino_Neocatecumenal_Juan_Pablo_II_visita_parroquia_Santos_Fabian_Venancio_1990_2-300x239.jpg 300w, https:\/\/neocatechumenaleiter.org\/wp-content\/uploads\/2020\/03\/Camino_Neocatecumenal_Juan_Pablo_II_visita_parroquia_Santos_Fabian_Venancio_1990_2.jpg 704w\" sizes=\"auto, (max-width: 300px) 100vw, 300px\" \/><\/figure><\/div>\n\n<p>Ju\u010der sam razgovarao s veleposlanicima opunomo\u0107enima pri Svetoj Stolici i rekao sam da je ovaj trenutak tako\u0111er izazov za zemlje zapadne Europe, jer one tako\u0111er moraju obnoviti prave vrijednosti, potra\u017eiti kr\u0161\u0107anske korijene svojeg identiteta i i\u0107i prema Kristu. Dakle, i vi dragi pred sobom imate mnoge izazove.<\/p>\n\n<p>\u017delim vam da ova nova godina bude nova za va\u0161e putovanje, plodna milo\u0161\u0107u Gospodnjom, svjetlo\u0161\u0107u Duha Svetoga i prisutno\u0161\u0107u Djevice i Majke.<\/p>\n\n<p><p>(*) Usp. \u201eL&#8217;Osservatore Romano\u201c, 19. sije\u010dnja 1990.<\/p><\/p>\n","protected":false},"excerpt":{"rendered":"<p>Pohod \u017eupi svetih Fabijana i Venancija 14-I-1990 Sv. Ivan Pavao II. Rim, 14. sije\u010dnja 1990. (*) \u00abSvijet se otvara, tra\u017ei ljudsku i kr\u0161\u0107anskiju dimenziju i \u010deka onaj odgovor istine koja je Krist\u00bb Susret Svetog Oca s brojnim predstavnicima neokatekumenskih zajednica u \u017eupi protekao je u slavljeni\u010dkom ozra\u010dju, prije svega zbog prisutnosti brojne djece koja, po obi\u010daju, isti\u010du dimenziju \u201eobitelji\u201c kao potporni moment zajednice koja putuje Neokatekumenskim putem. Nakon nekoliko uvodnih<\/p>\n<div class=\"read-more\"><a class=\"btn read-more-btn\" href=\"https:\/\/neocatechumenaleiter.org\/hr\/rijeci-papa\/sv-ivan-pavao-ii\/pohod-zupi-svetih-fabijana-i-venancija-14-i-1990\/\">Nastavi \u010ditati<\/a><\/div>\n","protected":false},"author":2,"featured_media":0,"parent":9680,"menu_order":60,"comment_status":"closed","ping_status":"closed","template":"","meta":{"footnotes":""},"class_list":["post-17860","page","type-page","status-publish","hentry"],"_links":{"self":[{"href":"https:\/\/neocatechumenaleiter.org\/hr\/wp-json\/wp\/v2\/pages\/17860","targetHints":{"allow":["GET"]}}],"collection":[{"href":"https:\/\/neocatechumenaleiter.org\/hr\/wp-json\/wp\/v2\/pages"}],"about":[{"href":"https:\/\/neocatechumenaleiter.org\/hr\/wp-json\/wp\/v2\/types\/page"}],"author":[{"embeddable":true,"href":"https:\/\/neocatechumenaleiter.org\/hr\/wp-json\/wp\/v2\/users\/2"}],"replies":[{"embeddable":true,"href":"https:\/\/neocatechumenaleiter.org\/hr\/wp-json\/wp\/v2\/comments?post=17860"}],"version-history":[{"count":1,"href":"https:\/\/neocatechumenaleiter.org\/hr\/wp-json\/wp\/v2\/pages\/17860\/revisions"}],"predecessor-version":[{"id":17861,"href":"https:\/\/neocatechumenaleiter.org\/hr\/wp-json\/wp\/v2\/pages\/17860\/revisions\/17861"}],"up":[{"embeddable":true,"href":"https:\/\/neocatechumenaleiter.org\/hr\/wp-json\/wp\/v2\/pages\/9680"}],"wp:attachment":[{"href":"https:\/\/neocatechumenaleiter.org\/hr\/wp-json\/wp\/v2\/media?parent=17860"}],"curies":[{"name":"wp","href":"https:\/\/api.w.org\/{rel}","templated":true}]}}