{"id":17862,"date":"2020-09-28T10:42:44","date_gmt":"2020-09-28T09:42:44","guid":{"rendered":"https:\/\/neocatechumenaleiter.org\/rijeci-papa\/sv-ivan-pavao-ii\/vazmeno-bdijenje-u-bazilic-svetog-petra\/"},"modified":"2020-09-28T10:43:07","modified_gmt":"2020-09-28T09:43:07","slug":"vazmeno-bdijenje-u-bazilic-svetog-petra","status":"publish","type":"page","link":"https:\/\/neocatechumenaleiter.org\/hr\/rijeci-papa\/sv-ivan-pavao-ii\/vazmeno-bdijenje-u-bazilic-svetog-petra\/","title":{"rendered":"Vazmeno Bdijenje u bazilici svetog Petra"},"content":{"rendered":"\n<h1 class=\"has-text-align-center wp-block-heading\">Vazmeno Bdijenje u bazilici svetog Petra <\/h1>\n\n<div style=\"height:20px\" aria-hidden=\"true\" class=\"wp-block-spacer\"><\/div>\n\n<h4 class=\"has-text-align-center wp-block-heading\">Sv. Ivan Pavao II.<\/h4>\n\n<div style=\"height:20px\" aria-hidden=\"true\" class=\"wp-block-spacer\"><\/div>\n\n<p><p><strong>Vatikan, 15. travnja 1990.<\/strong><\/p><\/p>\n\n<p>Sve\u010dana obnova krsnih obe\u0107anja na kraju Neokatekumenskog puta ispred Svetog Oca Ivana Pavla II. u bazilici Svetog Petra tijekom Pashalnog bdjenja u pratnji njihovih katehista Kika, Carmen i oca Marija iz sljede\u0107ih zajednica Rima:<\/p>\n\n<p>2. zajednica \u017eupe svete Francesce Cabrini, 1. zajednica \u017eupe Ro\u0111enja, 1. zajednica \u017eupe svetog Ivana od Boga, 1. zajednica \u017eupe svete Marije Goretti.<\/p>\n\n<div class=\"wp-block-image\"><figure class=\"aligncenter size-large\"><img loading=\"lazy\" decoding=\"async\" width=\"350\" height=\"487\" src=\"https:\/\/neocatechumenaleiter.org\/wp-content\/uploads\/2020\/03\/Camino_Neocatecumenal_Juan_Pablo_II_vigilia_pascual_hermanos_vestidura_blanca_1990.jpg\" alt=\"\" class=\"wp-image-8749\" srcset=\"https:\/\/neocatechumenaleiter.org\/wp-content\/uploads\/2020\/03\/Camino_Neocatecumenal_Juan_Pablo_II_vigilia_pascual_hermanos_vestidura_blanca_1990.jpg 350w, https:\/\/neocatechumenaleiter.org\/wp-content\/uploads\/2020\/03\/Camino_Neocatecumenal_Juan_Pablo_II_vigilia_pascual_hermanos_vestidura_blanca_1990-216x300.jpg 216w\" sizes=\"auto, (max-width: 350px) 100vw, 350px\" \/><\/figure><\/div>\n","protected":false},"excerpt":{"rendered":"<p>Vazmeno Bdijenje u bazilici svetog Petra Sv. Ivan Pavao II. Vatikan, 15. travnja 1990. Sve\u010dana obnova krsnih obe\u0107anja na kraju Neokatekumenskog puta ispred Svetog Oca Ivana Pavla II. u bazilici Svetog Petra tijekom Pashalnog bdjenja u pratnji njihovih katehista Kika, Carmen i oca Marija iz sljede\u0107ih zajednica Rima: 2. zajednica \u017eupe svete Francesce Cabrini, 1. zajednica \u017eupe Ro\u0111enja, 1. zajednica \u017eupe svetog Ivana od Boga, 1. zajednica \u017eupe svete Marije<\/p>\n<div class=\"read-more\"><a class=\"btn read-more-btn\" href=\"https:\/\/neocatechumenaleiter.org\/hr\/rijeci-papa\/sv-ivan-pavao-ii\/vazmeno-bdijenje-u-bazilic-svetog-petra\/\">Nastavi \u010ditati<\/a><\/div>\n","protected":false},"author":2,"featured_media":0,"parent":9680,"menu_order":60,"comment_status":"closed","ping_status":"closed","template":"","meta":{"footnotes":""},"class_list":["post-17862","page","type-page","status-publish","hentry"],"_links":{"self":[{"href":"https:\/\/neocatechumenaleiter.org\/hr\/wp-json\/wp\/v2\/pages\/17862","targetHints":{"allow":["GET"]}}],"collection":[{"href":"https:\/\/neocatechumenaleiter.org\/hr\/wp-json\/wp\/v2\/pages"}],"about":[{"href":"https:\/\/neocatechumenaleiter.org\/hr\/wp-json\/wp\/v2\/types\/page"}],"author":[{"embeddable":true,"href":"https:\/\/neocatechumenaleiter.org\/hr\/wp-json\/wp\/v2\/users\/2"}],"replies":[{"embeddable":true,"href":"https:\/\/neocatechumenaleiter.org\/hr\/wp-json\/wp\/v2\/comments?post=17862"}],"version-history":[{"count":3,"href":"https:\/\/neocatechumenaleiter.org\/hr\/wp-json\/wp\/v2\/pages\/17862\/revisions"}],"predecessor-version":[{"id":17865,"href":"https:\/\/neocatechumenaleiter.org\/hr\/wp-json\/wp\/v2\/pages\/17862\/revisions\/17865"}],"up":[{"embeddable":true,"href":"https:\/\/neocatechumenaleiter.org\/hr\/wp-json\/wp\/v2\/pages\/9680"}],"wp:attachment":[{"href":"https:\/\/neocatechumenaleiter.org\/hr\/wp-json\/wp\/v2\/media?parent=17862"}],"curies":[{"name":"wp","href":"https:\/\/api.w.org\/{rel}","templated":true}]}}