{"id":17866,"date":"2020-09-28T10:47:12","date_gmt":"2020-09-28T09:47:12","guid":{"rendered":"https:\/\/neocatechumenaleiter.org\/rijeci-papa\/sv-ivan-pavao-ii\/pohod-zupi-svete-marije-od-povjerenja-21-10-1990\/"},"modified":"2020-09-28T10:51:21","modified_gmt":"2020-09-28T09:51:21","slug":"pohod-zupi-svete-marije-od-povjerenja-21-10-1990","status":"publish","type":"page","link":"https:\/\/neocatechumenaleiter.org\/hr\/rijeci-papa\/sv-ivan-pavao-ii\/pohod-zupi-svete-marije-od-povjerenja-21-10-1990\/","title":{"rendered":"Pohod \u017eupi svete Marije od Povjerenja 21-10-1990"},"content":{"rendered":"\n<h1 class=\"has-text-align-center wp-block-heading\">Pohod \u017eupi svete Marije od Povjerenja 21-10-1990<\/h1>\n\n<div style=\"height:20px\" aria-hidden=\"true\" class=\"wp-block-spacer\"><\/div>\n\n<h4 class=\"has-text-align-center wp-block-heading\">Sv. Ivan Pavao II.<\/h4>\n\n<div style=\"height:20px\" aria-hidden=\"true\" class=\"wp-block-spacer\"><\/div>\n\n<p><p><strong>Rim, 21. listopada 1990. (*)<\/strong><\/p><\/p>\n\n<p><p><em>Dvanaest su ve\u0107 godina Neokatekumenske zajednice prisutne i djeluju u \u017eupi Svete Marije od povjerenja. Trenutno ih je \u010detiri, pru\u017eaju doprinos \u017eivotu \u017eupe, posebno na podru\u010dju kateheze i liturgije. Papa ih je do\u010dekao u \u017eupnoj dvorani, gdje su ga mladi i stari uklju\u010deni u \u201ePut\u201c do\u010dekali radosnim tonovima marijanske pjesme. Gastone Rocchetti, prvi katehist Svete Marije od povjerenja, predstavio je Ivanu Pavlu II. stvarnost \u010detiriju zajednica:<\/em><\/p><\/p>\n\n<p>Va\u0161a Svetosti, \u010dlan sam prve neokatekumenske zajednice \u017eupe svetog Ireneja u Centocelleu. Sretno sam na putu sedamnaest godina i prije dvanaest godina, na poziv \u017eupnika, moja supruga i neka bra\u0107a moje zajednice i ja do\u0161li smo u ovu \u017eupu navije\u0161tati Radosnu vijest. Kateheze su zapo\u010dele i osnovana je prva zajednica. Danas u \u017eupi postoje \u010detiri zajednice. Prva je na etapi Traditio: ve\u0107 dvije godine idu od ku\u0107e do ku\u0107e donose\u0107i Kerygmu, navije\u0161taju\u0107i smrt i uskrsnu\u0107e Gospodina na\u0161ega Isusa Krista. Drugoj je zajednici dodijeljen \u010dasoslov, oni su na etapi Uvoda u molitvu. Zadnje su dvije zajednice u prvim etapama Puta.<\/p>\n\n<p>Sve se to odvija, Va\u0161a Svetosti, u apsolutnoj poslu\u0161nosti Crkvi i njezinim slu\u017eiteljima i inicijatorima puta. Duboko smo zadovoljni, Va\u0161a Svetosti, jer ste pismom koji ste poslali biskupu msgr. Cordesu htjeli dati ve\u0107i poticaj Neokatekumenskom putu. Mi smo, Va\u0161a Svetosti, svjesni velikog dara koji nam Bog daje, jer svatko od nas ima priliku iskusiti u svom tijelu spasenje koje je donio na\u0161 Gospodin Isus i u\u017eivati u obilnom pologu vje\u010dnog \u017eivota. Va\u0161a Svetosti, blagoslovite nas.<\/p>\n\n<p><p><em>Rije\u010di koje je Papa uputio prisutnima:<\/em><\/p><\/p>\n\n<p>\u017delio bih naglasiti dvije stvari. Prvo je ovo: vrlo volite pjevati pjesme Gospi, Mariji koja je, prema Elizabetinim rije\u010dima, povjerovala Rije\u010di Gospodnjoj. A ova rije\u010d je, mo\u017eemo re\u0107i, simboli\u010dni tekst za va\u0161 pokret, za va\u0161 Put, jer ne ka\u017ee se pokret&#8230; Naravno, kada hodate, kre\u0107ete se&#8230; Dakle, polaze\u0107i od ove rije\u010di koja je uistinu nadahnjuju\u0107a, koja je tako\u0111er nadahnula cijelu encikliku Redemptoris Mater, \u017eelim vam da uvijek kora\u010date u vjeri i da potaknete druge kojima ste poslani da hodaju u vjeri, blizu i daleko. Zatim, kazujem vam svoje drugo zapa\u017eanje. Znam da Neokatekumeni vole djecu. I papa voli djecu, i tako se uvijek susre\u0107emo. &#013;\n(*) Usp. \u201eL&#8217;Osservatore Romano&#8221;, 26. listopada 1990.<\/p>\n","protected":false},"excerpt":{"rendered":"<p>Pohod \u017eupi svete Marije od Povjerenja 21-10-1990 Sv. Ivan Pavao II. Rim, 21. listopada 1990. (*) Dvanaest su ve\u0107 godina Neokatekumenske zajednice prisutne i djeluju u \u017eupi Svete Marije od povjerenja. Trenutno ih je \u010detiri, pru\u017eaju doprinos \u017eivotu \u017eupe, posebno na podru\u010dju kateheze i liturgije. Papa ih je do\u010dekao u \u017eupnoj dvorani, gdje su ga mladi i stari uklju\u010deni u \u201ePut\u201c do\u010dekali radosnim tonovima marijanske pjesme. Gastone Rocchetti, prvi katehist<\/p>\n<div class=\"read-more\"><a class=\"btn read-more-btn\" href=\"https:\/\/neocatechumenaleiter.org\/hr\/rijeci-papa\/sv-ivan-pavao-ii\/pohod-zupi-svete-marije-od-povjerenja-21-10-1990\/\">Nastavi \u010ditati<\/a><\/div>\n","protected":false},"author":2,"featured_media":0,"parent":9680,"menu_order":62,"comment_status":"closed","ping_status":"closed","template":"","meta":{"footnotes":""},"class_list":["post-17866","page","type-page","status-publish","hentry"],"_links":{"self":[{"href":"https:\/\/neocatechumenaleiter.org\/hr\/wp-json\/wp\/v2\/pages\/17866","targetHints":{"allow":["GET"]}}],"collection":[{"href":"https:\/\/neocatechumenaleiter.org\/hr\/wp-json\/wp\/v2\/pages"}],"about":[{"href":"https:\/\/neocatechumenaleiter.org\/hr\/wp-json\/wp\/v2\/types\/page"}],"author":[{"embeddable":true,"href":"https:\/\/neocatechumenaleiter.org\/hr\/wp-json\/wp\/v2\/users\/2"}],"replies":[{"embeddable":true,"href":"https:\/\/neocatechumenaleiter.org\/hr\/wp-json\/wp\/v2\/comments?post=17866"}],"version-history":[{"count":3,"href":"https:\/\/neocatechumenaleiter.org\/hr\/wp-json\/wp\/v2\/pages\/17866\/revisions"}],"predecessor-version":[{"id":17869,"href":"https:\/\/neocatechumenaleiter.org\/hr\/wp-json\/wp\/v2\/pages\/17866\/revisions\/17869"}],"up":[{"embeddable":true,"href":"https:\/\/neocatechumenaleiter.org\/hr\/wp-json\/wp\/v2\/pages\/9680"}],"wp:attachment":[{"href":"https:\/\/neocatechumenaleiter.org\/hr\/wp-json\/wp\/v2\/media?parent=17866"}],"curies":[{"name":"wp","href":"https:\/\/api.w.org\/{rel}","templated":true}]}}