{"id":17870,"date":"2020-09-28T10:57:09","date_gmt":"2020-09-28T09:57:09","guid":{"rendered":"https:\/\/neocatechumenaleiter.org\/rijeci-papa\/sv-ivan-pavao-ii\/pismo-pape-ivana-pavla-ii-svecenicima-za-veliki-cetvrtak-12-3-1991\/"},"modified":"2020-09-28T10:57:09","modified_gmt":"2020-09-28T09:57:09","slug":"pismo-pape-ivana-pavla-ii-svecenicima-za-veliki-cetvrtak-12-3-1991","status":"publish","type":"page","link":"https:\/\/neocatechumenaleiter.org\/hr\/rijeci-papa\/sv-ivan-pavao-ii\/pismo-pape-ivana-pavla-ii-svecenicima-za-veliki-cetvrtak-12-3-1991\/","title":{"rendered":"Pismo Pape Ivana Pavla II. sve\u0107enicima za Veliki \u010cetvrtak 12-3-1991"},"content":{"rendered":"\n<h1 class=\"has-text-align-center wp-block-heading\">Pismo Pape Ivana Pavla II. sve\u0107enicima za Veliki \u010cetvrtak 12-3-1991<\/h1>\n\n<div style=\"height:20px\" aria-hidden=\"true\" class=\"wp-block-spacer\"><\/div>\n\n<h4 class=\"has-text-align-center wp-block-heading\">Sv. Ivan Pavao II.<\/h4>\n\n<div style=\"height:20px\" aria-hidden=\"true\" class=\"wp-block-spacer\"><\/div>\n\n<p><p><strong>Vatikan, 12. o\u017eujka 1991. (*)<\/strong><\/p><\/p>\n\n<p><p><em>\u201eZa pravedniju raspodjelu sve\u0107enika u Crkvi: plan pomo\u0107i za neke potrebitije pokrajine\u201c&#8230; Na kraju, poseban prijedlog:<\/em><\/p><\/p>\n\n<p><p>Uredba <em>Presbiterorum Ordinis<\/em> br. 10 smatra da je, kako bi se rije\u0161io ozbiljan nedostatak sve\u0107enika u odre\u0111enim pokrajinama, \u201etako\u0111er prikladno uspostaviti me\u0111unarodna sjemeni\u0161ta\u201c. Ta je ideja provedena u <strong>sjemeni\u0161tima Redemptoris Mater, koja pripremaju biskupijske sve\u0107enike za Novu Evangelizaciju<\/strong>, prema programu Neokatekumenskog puta. Postavlja se pitanje mo\u017ee li se ova opcija ponuditi i onima koji ne prihva\u0107aju ovaj pokret. U tu svrhu treba sazvati biskupske konferencije nekih zemalja, poput Italije, \u0160panjolske, Poljske, Irske, da ustanove nacionalna (ili me\u0111unarodna) sjemeni\u0161ta za Novu Evangelizaciju. Tako bi se primijenio novi oblik slu\u017ebe: biskupijski misionar.<\/p>&#013;\n<p><em>(*) Usp. \u201eL&#8217;Osservatore Romano\u201c, 22. o\u017eujka 1991.<\/em><\/p><\/p>\n\n<figure class=\"wp-block-image size-large\"><img loading=\"lazy\" decoding=\"async\" width=\"689\" height=\"559\" src=\"https:\/\/neocatechumenaleiter.org\/wp-content\/uploads\/2020\/03\/Camino_Neocatecumenal_Juan_Pablo_II_carta_sacerdotes_1991..jpg\" alt=\"\" class=\"wp-image-8765\" srcset=\"https:\/\/neocatechumenaleiter.org\/wp-content\/uploads\/2020\/03\/Camino_Neocatecumenal_Juan_Pablo_II_carta_sacerdotes_1991..jpg 689w, https:\/\/neocatechumenaleiter.org\/wp-content\/uploads\/2020\/03\/Camino_Neocatecumenal_Juan_Pablo_II_carta_sacerdotes_1991.-300x243.jpg 300w\" sizes=\"auto, (max-width: 689px) 100vw, 689px\" \/><\/figure>","protected":false},"excerpt":{"rendered":"<p>Pismo Pape Ivana Pavla II. sve\u0107enicima za Veliki \u010cetvrtak 12-3-1991 Sv. Ivan Pavao II. Vatikan, 12. o\u017eujka 1991. (*) \u201eZa pravedniju raspodjelu sve\u0107enika u Crkvi: plan pomo\u0107i za neke potrebitije pokrajine\u201c&#8230; Na kraju, poseban prijedlog: Uredba Presbiterorum Ordinis br. 10 smatra da je, kako bi se rije\u0161io ozbiljan nedostatak sve\u0107enika u odre\u0111enim pokrajinama, \u201etako\u0111er prikladno uspostaviti me\u0111unarodna sjemeni\u0161ta\u201c. Ta je ideja provedena u sjemeni\u0161tima Redemptoris Mater, koja pripremaju biskupijske sve\u0107enike<\/p>\n<div class=\"read-more\"><a class=\"btn read-more-btn\" href=\"https:\/\/neocatechumenaleiter.org\/hr\/rijeci-papa\/sv-ivan-pavao-ii\/pismo-pape-ivana-pavla-ii-svecenicima-za-veliki-cetvrtak-12-3-1991\/\">Nastavi \u010ditati<\/a><\/div>\n","protected":false},"author":2,"featured_media":0,"parent":9680,"menu_order":64,"comment_status":"closed","ping_status":"closed","template":"","meta":{"footnotes":""},"class_list":["post-17870","page","type-page","status-publish","hentry"],"_links":{"self":[{"href":"https:\/\/neocatechumenaleiter.org\/hr\/wp-json\/wp\/v2\/pages\/17870","targetHints":{"allow":["GET"]}}],"collection":[{"href":"https:\/\/neocatechumenaleiter.org\/hr\/wp-json\/wp\/v2\/pages"}],"about":[{"href":"https:\/\/neocatechumenaleiter.org\/hr\/wp-json\/wp\/v2\/types\/page"}],"author":[{"embeddable":true,"href":"https:\/\/neocatechumenaleiter.org\/hr\/wp-json\/wp\/v2\/users\/2"}],"replies":[{"embeddable":true,"href":"https:\/\/neocatechumenaleiter.org\/hr\/wp-json\/wp\/v2\/comments?post=17870"}],"version-history":[{"count":1,"href":"https:\/\/neocatechumenaleiter.org\/hr\/wp-json\/wp\/v2\/pages\/17870\/revisions"}],"predecessor-version":[{"id":17871,"href":"https:\/\/neocatechumenaleiter.org\/hr\/wp-json\/wp\/v2\/pages\/17870\/revisions\/17871"}],"up":[{"embeddable":true,"href":"https:\/\/neocatechumenaleiter.org\/hr\/wp-json\/wp\/v2\/pages\/9680"}],"wp:attachment":[{"href":"https:\/\/neocatechumenaleiter.org\/hr\/wp-json\/wp\/v2\/media?parent=17870"}],"curies":[{"name":"wp","href":"https:\/\/api.w.org\/{rel}","templated":true}]}}