{"id":17872,"date":"2020-09-28T11:02:13","date_gmt":"2020-09-28T10:02:13","guid":{"rendered":"https:\/\/neocatechumenaleiter.org\/rijeci-papa\/sv-ivan-pavao-ii\/pozdrav-pape-bogoslovima-iz-sjemenista-redemptoris-mater-u-braziliji-15-10-1991\/"},"modified":"2020-09-28T11:02:13","modified_gmt":"2020-09-28T10:02:13","slug":"pozdrav-pape-bogoslovima-iz-sjemenista-redemptoris-mater-u-braziliji-15-10-1991","status":"publish","type":"page","link":"https:\/\/neocatechumenaleiter.org\/hr\/rijeci-papa\/sv-ivan-pavao-ii\/pozdrav-pape-bogoslovima-iz-sjemenista-redemptoris-mater-u-braziliji-15-10-1991\/","title":{"rendered":"Pozdrav Pape bogoslovima iz sjemeni\u0161ta Redemptoris Mater u Braziliji 15-10-1991"},"content":{"rendered":"\n<h1 class=\"has-text-align-center wp-block-heading\">Pozdrav Pape bogoslovima iz sjemeni\u0161ta Redemptoris Mater u Braziliji 15-10-1991<\/h1>\n\n<div style=\"height:20px\" aria-hidden=\"true\" class=\"wp-block-spacer\"><\/div>\n\n<h4 class=\"has-text-align-center wp-block-heading\">Sv. Ivan Pavao II.<\/h4>\n\n<div style=\"height:20px\" aria-hidden=\"true\" class=\"wp-block-spacer\"><\/div>\n\n<p><p><strong>Brasilija, 15. listopada 1991. (*)<\/strong><\/p><\/p>\n\n<p>Upu\u0107ujem svoj poseban i privr\u017een pozdrav nadre\u0111enima i sjemeni\u0161tarcima Sjemeni\u0161ta Redemptoris Mater koje \u0107e biti dovr\u0161eno nedaleko odavde. Nadam se da \u0107e uz Bo\u017eji blagoslov uvijek poticati autenti\u010dno formiranje sve\u0107enika kroz istinski Kristov duh. Svima vama srda\u010dno dijelim svoj apostolski blagoslov. Amen. &#013;\n(*) Usp. \u201eL&#8217;Osservatore Romano\u201c, 17. listopada 1991.<\/p>\n","protected":false},"excerpt":{"rendered":"<p>Pozdrav Pape bogoslovima iz sjemeni\u0161ta Redemptoris Mater u Braziliji 15-10-1991 Sv. Ivan Pavao II. Brasilija, 15. listopada 1991. (*) Upu\u0107ujem svoj poseban i privr\u017een pozdrav nadre\u0111enima i sjemeni\u0161tarcima Sjemeni\u0161ta Redemptoris Mater koje \u0107e biti dovr\u0161eno nedaleko odavde. Nadam se da \u0107e uz Bo\u017eji blagoslov uvijek poticati autenti\u010dno formiranje sve\u0107enika kroz istinski Kristov duh. Svima vama srda\u010dno dijelim svoj apostolski blagoslov. Amen. &#013; (*) Usp. \u201eL&#8217;Osservatore Romano\u201c, 17. listopada 1991.<\/p>\n","protected":false},"author":2,"featured_media":0,"parent":9680,"menu_order":65,"comment_status":"closed","ping_status":"closed","template":"","meta":{"footnotes":""},"class_list":["post-17872","page","type-page","status-publish","hentry"],"_links":{"self":[{"href":"https:\/\/neocatechumenaleiter.org\/hr\/wp-json\/wp\/v2\/pages\/17872","targetHints":{"allow":["GET"]}}],"collection":[{"href":"https:\/\/neocatechumenaleiter.org\/hr\/wp-json\/wp\/v2\/pages"}],"about":[{"href":"https:\/\/neocatechumenaleiter.org\/hr\/wp-json\/wp\/v2\/types\/page"}],"author":[{"embeddable":true,"href":"https:\/\/neocatechumenaleiter.org\/hr\/wp-json\/wp\/v2\/users\/2"}],"replies":[{"embeddable":true,"href":"https:\/\/neocatechumenaleiter.org\/hr\/wp-json\/wp\/v2\/comments?post=17872"}],"version-history":[{"count":1,"href":"https:\/\/neocatechumenaleiter.org\/hr\/wp-json\/wp\/v2\/pages\/17872\/revisions"}],"predecessor-version":[{"id":17873,"href":"https:\/\/neocatechumenaleiter.org\/hr\/wp-json\/wp\/v2\/pages\/17872\/revisions\/17873"}],"up":[{"embeddable":true,"href":"https:\/\/neocatechumenaleiter.org\/hr\/wp-json\/wp\/v2\/pages\/9680"}],"wp:attachment":[{"href":"https:\/\/neocatechumenaleiter.org\/hr\/wp-json\/wp\/v2\/media?parent=17872"}],"curies":[{"name":"wp","href":"https:\/\/api.w.org\/{rel}","templated":true}]}}