{"id":17874,"date":"2020-03-03T23:56:44","date_gmt":"2020-03-03T22:56:44","guid":{"rendered":"https:\/\/neocatechumenaleiter.org\/rijeci-papa\/sv-ivan-pavao-ii\/pozdrav-pape-zupnicima-itinerantima-i-odgovornima-zajednica-iz-rima-4-12-1991\/"},"modified":"2021-08-10T11:02:26","modified_gmt":"2021-08-10T10:02:26","slug":"pozdrav-pape-zupnicima-itinerantima-i-odgovornima-zajednica-iz-rima-4-12-1991","status":"publish","type":"page","link":"https:\/\/neocatechumenaleiter.org\/hr\/rijeci-papa\/sv-ivan-pavao-ii\/pozdrav-pape-zupnicima-itinerantima-i-odgovornima-zajednica-iz-rima-4-12-1991\/","title":{"rendered":"Pozdrav Pape \u017eupnicima, itinerantima i odgovornima zajednica iz Rima 4-12-1991"},"content":{"rendered":"\n<h1 class=\"has-text-align-center wp-block-heading\">Pozdrav Pape \u017eupnicima, itinerantima i odgovornima zajednica iz Rima 4-12-1991<\/h1>\n\n<div style=\"height:20px\" aria-hidden=\"true\" class=\"wp-block-spacer\"><\/div>\n\n<h4 class=\"has-text-align-center wp-block-heading\">Sv. Ivan Pavao II.<\/h4>\n\n<div style=\"height:20px\" aria-hidden=\"true\" class=\"wp-block-spacer\"><\/div>\n\n<p><p><strong>Vatikan \u2013 dvorana Pavla VI., 4. prosinca 1991.<\/strong> <strong>(*) <\/strong><\/p><\/p>\n\n<p><p><em>Po obi\u010daju, niz pozdrava s kojima se Papa obratio zavr\u0161io je skupinama iz raznih talijanskih biskupija:<\/em><\/p><\/p>\n\n<p>Nadalje, drago mi je pozdraviti brojne prista\u0161e Neokatekumenskog puta. Me\u0111u njima su \u017eupnici iz raznih europskih biskupija, odgovorni zajednica i katehisti itineranti u mnogim europskim zemljama te nemali broj obitelji poslanih u poslanje posljednjih godina.<\/p>\n\n<p>Draga bra\u0107o i sestre, svojom nazo\u010dno\u0161\u0107u u Rimu tijekom Posebne sinode za Europu namjeravate pratiti sinodalni rad kroz razmi\u0161ljanje i molitvu. Tijekom va\u0161e konvivencije, koja zavr\u0161ava danas, imali ste priliku potvrditi potrebu da bez odga\u0111anja prihvatite Isusovu zapovijed da njegovo Evan\u0111elje nosite svugdje. Ovo je poslanje koje je posebno va\u017eno zbog trenutnih dru\u0161tvenih i kulturnih okolnosti.<\/p>\n\n<p>Neka vam Djevica Marija pomogne da dobro nastavite na putu koji je uvijek bio vjeran Kristu i njegovoj Crkvi. Tako \u0107ete biti neumorni i radosni apostoli Nove evangelizacije. &#13;\n(*) Usp. \u201eL&#8217;Osservatore Romano\u201c, 5. prosinca 1991.<\/p>\n\n<figure class=\"wp-block-gallery columns-2 is-cropped wp-block-gallery-1 is-layout-flex wp-block-gallery-is-layout-flex\"><ul class=\"blocks-gallery-grid\"><li class=\"blocks-gallery-item\"><figure><img loading=\"lazy\" decoding=\"async\" width=\"676\" height=\"562\" src=\"https:\/\/neocatechumenaleiter.org\/wp-content\/uploads\/2020\/03\/Camino_Neocatecumenal_Juan_Pablo_II_saludo_parrocos_itinerantes_responsables_1991.jpg\" alt=\"\" data-id=\"2352\" data-link=\"https:\/\/neocatechumenaleiter.org\/?attachment_id=2352\" class=\"wp-image-8804\" srcset=\"https:\/\/neocatechumenaleiter.org\/wp-content\/uploads\/2020\/03\/Camino_Neocatecumenal_Juan_Pablo_II_saludo_parrocos_itinerantes_responsables_1991.jpg 676w, https:\/\/neocatechumenaleiter.org\/wp-content\/uploads\/2020\/03\/Camino_Neocatecumenal_Juan_Pablo_II_saludo_parrocos_itinerantes_responsables_1991-300x249.jpg 300w\" sizes=\"auto, (max-width: 676px) 100vw, 676px\" \/><\/figure><\/li><li class=\"blocks-gallery-item\"><figure><img loading=\"lazy\" decoding=\"async\" width=\"495\" height=\"354\" src=\"https:\/\/neocatechumenaleiter.org\/wp-content\/uploads\/2020\/03\/Camino_Neocatecumenal_Juan_Pablo_II_saludo_parrocos_itinerantes_responsables_1991_2.jpg\" alt=\"\" data-id=\"2359\" data-full-url=\"https:\/\/neocatechumenaleiter.org\/wp-content\/uploads\/2020\/03\/Camino_Neocatecumenal_Juan_Pablo_II_saludo_parrocos_itinerantes_responsables_1991_2.jpg\" data-link=\"https:\/\/neocatechumenaleiter.org\/?attachment_id=2359\" class=\"wp-image-8805\" srcset=\"https:\/\/neocatechumenaleiter.org\/wp-content\/uploads\/2020\/03\/Camino_Neocatecumenal_Juan_Pablo_II_saludo_parrocos_itinerantes_responsables_1991_2.jpg 495w, https:\/\/neocatechumenaleiter.org\/wp-content\/uploads\/2020\/03\/Camino_Neocatecumenal_Juan_Pablo_II_saludo_parrocos_itinerantes_responsables_1991_2-300x215.jpg 300w\" sizes=\"auto, (max-width: 495px) 100vw, 495px\" \/><\/figure><\/li><\/ul><\/figure>","protected":false},"excerpt":{"rendered":"<p>Pozdrav Pape \u017eupnicima, itinerantima i odgovornima zajednica iz Rima 4-12-1991 Sv. Ivan Pavao II. Vatikan \u2013 dvorana Pavla VI., 4. prosinca 1991. (*) Po obi\u010daju, niz pozdrava s kojima se Papa obratio zavr\u0161io je skupinama iz raznih talijanskih biskupija: Nadalje, drago mi je pozdraviti brojne prista\u0161e Neokatekumenskog puta. Me\u0111u njima su \u017eupnici iz raznih europskih biskupija, odgovorni zajednica i katehisti itineranti u mnogim europskim zemljama te nemali broj obitelji poslanih<\/p>\n<div class=\"read-more\"><a class=\"btn read-more-btn\" href=\"https:\/\/neocatechumenaleiter.org\/hr\/rijeci-papa\/sv-ivan-pavao-ii\/pozdrav-pape-zupnicima-itinerantima-i-odgovornima-zajednica-iz-rima-4-12-1991\/\">Nastavi \u010ditati<\/a><\/div>\n","protected":false},"author":2,"featured_media":0,"parent":9680,"menu_order":66,"comment_status":"closed","ping_status":"closed","template":"","meta":{"footnotes":""},"class_list":["post-17874","page","type-page","status-publish","hentry"],"_links":{"self":[{"href":"https:\/\/neocatechumenaleiter.org\/hr\/wp-json\/wp\/v2\/pages\/17874","targetHints":{"allow":["GET"]}}],"collection":[{"href":"https:\/\/neocatechumenaleiter.org\/hr\/wp-json\/wp\/v2\/pages"}],"about":[{"href":"https:\/\/neocatechumenaleiter.org\/hr\/wp-json\/wp\/v2\/types\/page"}],"author":[{"embeddable":true,"href":"https:\/\/neocatechumenaleiter.org\/hr\/wp-json\/wp\/v2\/users\/2"}],"replies":[{"embeddable":true,"href":"https:\/\/neocatechumenaleiter.org\/hr\/wp-json\/wp\/v2\/comments?post=17874"}],"version-history":[{"count":2,"href":"https:\/\/neocatechumenaleiter.org\/hr\/wp-json\/wp\/v2\/pages\/17874\/revisions"}],"predecessor-version":[{"id":24085,"href":"https:\/\/neocatechumenaleiter.org\/hr\/wp-json\/wp\/v2\/pages\/17874\/revisions\/24085"}],"up":[{"embeddable":true,"href":"https:\/\/neocatechumenaleiter.org\/hr\/wp-json\/wp\/v2\/pages\/9680"}],"wp:attachment":[{"href":"https:\/\/neocatechumenaleiter.org\/hr\/wp-json\/wp\/v2\/media?parent=17874"}],"curies":[{"name":"wp","href":"https:\/\/api.w.org\/{rel}","templated":true}]}}