{"id":17876,"date":"2020-03-04T00:18:38","date_gmt":"2020-03-03T23:18:38","guid":{"rendered":"https:\/\/neocatechumenaleiter.org\/rijeci-papa\/sv-ivan-pavao-ii\/vazmeno-bdijenje-u-bazilici-svetog-petra-19-4-1992\/"},"modified":"2021-08-10T11:02:37","modified_gmt":"2021-08-10T10:02:37","slug":"vazmeno-bdijenje-u-bazilici-svetog-petra-19-4-1992","status":"publish","type":"page","link":"https:\/\/neocatechumenaleiter.org\/hr\/rijeci-papa\/sv-ivan-pavao-ii\/vazmeno-bdijenje-u-bazilici-svetog-petra-19-4-1992\/","title":{"rendered":"Vazmeno Bdijenje u Bazilici svetog Petra 19-4-1992"},"content":{"rendered":"\n<h1 class=\"has-text-align-center wp-block-heading\">Vazmeno Bdijenje u Bazilici svetog Petra 19-4-1992<\/h1>\n\n<div style=\"height:20px\" aria-hidden=\"true\" class=\"wp-block-spacer\"><\/div>\n\n<h4 class=\"has-text-align-center wp-block-heading\">Sv. Ivan Pavao II.<\/h4>\n\n<div style=\"height:20px\" aria-hidden=\"true\" class=\"wp-block-spacer\"><\/div>\n\n<p><p><strong>Sveti Petar, 19. travnja 1992.<\/strong><\/p><\/p>\n\n<p><p><em>Prva zajednica \u017eupe svetog Leonarda Murialda i prva zajednica Tor Sapienza iz Rima sve\u010dano su obnovile krsna obe\u0107anja na kraju Neokatekumenskog puta, u pratnji svojih katehista, pred Svetim Ocem Ivanom Pavlom II. u Bazilici Svetog Petra tijekom Pashalnog bdjenja.<\/em><\/p><\/p>\n\n<div class=\"wp-block-image\"><figure class=\"aligncenter size-large\"><img loading=\"lazy\" decoding=\"async\" width=\"692\" height=\"569\" src=\"https:\/\/neocatechumenaleiter.org\/wp-content\/uploads\/2020\/03\/Camino_Neocatecumenal_Juan_Pablo_II_vigilia_pascual_hermanos_vestidura_blanca_1992.jpg\" alt=\"\" class=\"wp-image-9297\" srcset=\"https:\/\/neocatechumenaleiter.org\/wp-content\/uploads\/2020\/03\/Camino_Neocatecumenal_Juan_Pablo_II_vigilia_pascual_hermanos_vestidura_blanca_1992.jpg 692w, https:\/\/neocatechumenaleiter.org\/wp-content\/uploads\/2020\/03\/Camino_Neocatecumenal_Juan_Pablo_II_vigilia_pascual_hermanos_vestidura_blanca_1992-300x247.jpg 300w\" sizes=\"auto, (max-width: 692px) 100vw, 692px\" \/><\/figure><\/div>\n","protected":false},"excerpt":{"rendered":"<p>Vazmeno Bdijenje u Bazilici svetog Petra 19-4-1992 Sv. Ivan Pavao II. Sveti Petar, 19. travnja 1992. Prva zajednica \u017eupe svetog Leonarda Murialda i prva zajednica Tor Sapienza iz Rima sve\u010dano su obnovile krsna obe\u0107anja na kraju Neokatekumenskog puta, u pratnji svojih katehista, pred Svetim Ocem Ivanom Pavlom II. u Bazilici Svetog Petra tijekom Pashalnog bdjenja.<\/p>\n","protected":false},"author":2,"featured_media":0,"parent":9680,"menu_order":68,"comment_status":"closed","ping_status":"closed","template":"","meta":{"footnotes":""},"class_list":["post-17876","page","type-page","status-publish","hentry"],"_links":{"self":[{"href":"https:\/\/neocatechumenaleiter.org\/hr\/wp-json\/wp\/v2\/pages\/17876","targetHints":{"allow":["GET"]}}],"collection":[{"href":"https:\/\/neocatechumenaleiter.org\/hr\/wp-json\/wp\/v2\/pages"}],"about":[{"href":"https:\/\/neocatechumenaleiter.org\/hr\/wp-json\/wp\/v2\/types\/page"}],"author":[{"embeddable":true,"href":"https:\/\/neocatechumenaleiter.org\/hr\/wp-json\/wp\/v2\/users\/2"}],"replies":[{"embeddable":true,"href":"https:\/\/neocatechumenaleiter.org\/hr\/wp-json\/wp\/v2\/comments?post=17876"}],"version-history":[{"count":2,"href":"https:\/\/neocatechumenaleiter.org\/hr\/wp-json\/wp\/v2\/pages\/17876\/revisions"}],"predecessor-version":[{"id":24107,"href":"https:\/\/neocatechumenaleiter.org\/hr\/wp-json\/wp\/v2\/pages\/17876\/revisions\/24107"}],"up":[{"embeddable":true,"href":"https:\/\/neocatechumenaleiter.org\/hr\/wp-json\/wp\/v2\/pages\/9680"}],"wp:attachment":[{"href":"https:\/\/neocatechumenaleiter.org\/hr\/wp-json\/wp\/v2\/media?parent=17876"}],"curies":[{"name":"wp","href":"https:\/\/api.w.org\/{rel}","templated":true}]}}