{"id":17878,"date":"2020-03-04T00:20:33","date_gmt":"2020-03-03T23:20:33","guid":{"rendered":"https:\/\/neocatechumenaleiter.org\/rijeci-papa\/sv-ivan-pavao-ii\/susret-biskupa-latinske-amerike21-4-1992\/"},"modified":"2021-08-10T11:02:41","modified_gmt":"2021-08-10T10:02:41","slug":"susret-biskupa-latinske-amerike21-4-1992","status":"publish","type":"page","link":"https:\/\/neocatechumenaleiter.org\/hr\/rijeci-papa\/sv-ivan-pavao-ii\/susret-biskupa-latinske-amerike21-4-1992\/","title":{"rendered":"Susret Biskupa Latinske Amerike21-4-1992"},"content":{"rendered":"\n<h1 class=\"has-text-align-center wp-block-heading\">Susret Biskupa Latinske Amerike21-4-1992<\/h1>\n\n<div style=\"height:20px\" aria-hidden=\"true\" class=\"wp-block-spacer\"><\/div>\n\n<h4 class=\"has-text-align-center wp-block-heading\">Sv. Ivan Pavao II.<\/h4>\n\n<div style=\"height:20px\" aria-hidden=\"true\" class=\"wp-block-spacer\"><\/div>\n\n<p><p><strong>Santo Domingo, 21. \u2013 25. travnja 1992., prisutno 153 biskupa<\/strong><\/p><\/p>\n\n<p><p><em>Brzojav kardinala Angela Sodana, dr\u017eavnog tajnika njegove svetosti Ivana Pavla II., msgr. Josephu Paulu Cordesu:<\/em><\/p><\/p>\n\n<p>Sveti Otac obavije\u0161ten je o susretu Neokatekumenskog puta u Santo Domingu, u pripremi za proslavu petstote obljetnice dolaska poruke spasenja u novi svijet, organizatorima i svim sudionicima upu\u0107uje najsrda\u010dnije pozdrave, zajedno s rije\u010dju ohrabrenja za iskoristiti ovu povoljnu prigodu blagonaklonim povodom za ponovni zamah apostolskog dinamizma u zalaganju za novu evangelizaciju. Istodobno, udru\u017euju\u0107i se duhovno sa svima, posebno s prisutnom bra\u0107om biskupima, papa uznosi zahvalnost Bogu na obilnim darovima kojima je blagoslovio voljene Crkve Latinske Amerike, koje poti\u010de da nastave navije\u0161tati Isusa Krista, ju\u010der, danas i uvijek za novu evangelizaciju, za \u010dovje\u010dno promicanje i kr\u0161\u0107ansku kulturu, uvijek svjedo\u010de\u0107i sna\u017eno crkveno zajedni\u0161tvo i vjernost djelovanju Duha.<\/p>\n\n<p>Nadalje, Njegova Svetost poziva sve \u010dlanove Neokatekumenskih zajednica na \u010dvrstu predanost apostolskom \u017eivotu, koji je popra\u0107en rastu\u0107om kr\u0161\u0107anskom formacijom i sve aktivnijim sudjelovanjem u liturgijskom i karitativnom \u017eivotu Crkve, sura\u0111uju\u0107i tako u Kristovom spasiteljskom djelu, tako da njegova rije\u010d \u017eivota prosvijetli i preobrazi ljude, obitelji i dru\u0161tvo. S ovim \u017eeljama i pod milosrdnim pogledom Bla\u017eene Djevice, Vrhovni Prvosve\u0107enik uzdi\u017ee gorljive molitve da Gospodin u\u010dini rad ovog crkvenog susreta vrlo plodnim, dok u znak dobro\u010dinstva i jamstva stalne bo\u017eanske pomo\u0107i dragovoljno daje vapiju\u0107i apostolski blagoslov.<\/p>\n\n<p><p><em>Kardinal Angelo Sodano, dr\u017eavni tajnik njegove svetosti<\/em>.<\/p><\/p>\n","protected":false},"excerpt":{"rendered":"<p>Susret Biskupa Latinske Amerike21-4-1992 Sv. Ivan Pavao II. Santo Domingo, 21. \u2013 25. travnja 1992., prisutno 153 biskupa Brzojav kardinala Angela Sodana, dr\u017eavnog tajnika njegove svetosti Ivana Pavla II., msgr. Josephu Paulu Cordesu: Sveti Otac obavije\u0161ten je o susretu Neokatekumenskog puta u Santo Domingu, u pripremi za proslavu petstote obljetnice dolaska poruke spasenja u novi svijet, organizatorima i svim sudionicima upu\u0107uje najsrda\u010dnije pozdrave, zajedno s rije\u010dju ohrabrenja za iskoristiti ovu<\/p>\n<div class=\"read-more\"><a class=\"btn read-more-btn\" href=\"https:\/\/neocatechumenaleiter.org\/hr\/rijeci-papa\/sv-ivan-pavao-ii\/susret-biskupa-latinske-amerike21-4-1992\/\">Nastavi \u010ditati<\/a><\/div>\n","protected":false},"author":2,"featured_media":0,"parent":9680,"menu_order":69,"comment_status":"closed","ping_status":"closed","template":"","meta":{"footnotes":""},"class_list":["post-17878","page","type-page","status-publish","hentry"],"_links":{"self":[{"href":"https:\/\/neocatechumenaleiter.org\/hr\/wp-json\/wp\/v2\/pages\/17878","targetHints":{"allow":["GET"]}}],"collection":[{"href":"https:\/\/neocatechumenaleiter.org\/hr\/wp-json\/wp\/v2\/pages"}],"about":[{"href":"https:\/\/neocatechumenaleiter.org\/hr\/wp-json\/wp\/v2\/types\/page"}],"author":[{"embeddable":true,"href":"https:\/\/neocatechumenaleiter.org\/hr\/wp-json\/wp\/v2\/users\/2"}],"replies":[{"embeddable":true,"href":"https:\/\/neocatechumenaleiter.org\/hr\/wp-json\/wp\/v2\/comments?post=17878"}],"version-history":[{"count":3,"href":"https:\/\/neocatechumenaleiter.org\/hr\/wp-json\/wp\/v2\/pages\/17878\/revisions"}],"predecessor-version":[{"id":17881,"href":"https:\/\/neocatechumenaleiter.org\/hr\/wp-json\/wp\/v2\/pages\/17878\/revisions\/17881"}],"up":[{"embeddable":true,"href":"https:\/\/neocatechumenaleiter.org\/hr\/wp-json\/wp\/v2\/pages\/9680"}],"wp:attachment":[{"href":"https:\/\/neocatechumenaleiter.org\/hr\/wp-json\/wp\/v2\/media?parent=17878"}],"curies":[{"name":"wp","href":"https:\/\/api.w.org\/{rel}","templated":true}]}}