{"id":17882,"date":"2020-09-28T11:43:58","date_gmt":"2020-09-28T10:43:58","guid":{"rendered":"https:\/\/neocatechumenaleiter.org\/rijeci-papa\/sv-ivan-pavao-ii\/privatna-audijencija-prvih-obitelji-za-novu-evangelizaciju-15-1-1986\/"},"modified":"2020-09-28T12:52:54","modified_gmt":"2020-09-28T11:52:54","slug":"privatna-audijencija-prvih-obitelji-za-novu-evangelizaciju-15-1-1986","status":"publish","type":"page","link":"https:\/\/neocatechumenaleiter.org\/hr\/rijeci-papa\/sv-ivan-pavao-ii\/privatna-audijencija-prvih-obitelji-za-novu-evangelizaciju-15-1-1986\/","title":{"rendered":"Privatna Audijencija prvih Obitelji za \u201eNovu Evangelizaciju\u201c 15-1-1986"},"content":{"rendered":"\n<h1 class=\"has-text-align-center wp-block-heading\">Privatna Audijencija prvih Obitelji za \u201eNovu Evangelizaciju\u201c 15-1-1986<\/h1>\n\n<div style=\"height:20px\" aria-hidden=\"true\" class=\"wp-block-spacer\"><\/div>\n\n<h4 class=\"has-text-align-center wp-block-heading\">Sv. Ivan Pavao II.<\/h4>\n\n<div style=\"height:20px\" aria-hidden=\"true\" class=\"wp-block-spacer\"><\/div>\n\n<p><p><strong>Vatikan, 15. sije\u010dnja 1986.<\/strong><\/p><\/p>\n\n<p><p><em>Tijekom privatne audijencije, Sveti je otac poslao prve tri obitelji odre\u0111ene <span>otvoriti<\/span> put novom obliku evangelizacije me\u0111u udaljenima, u gradove Oulu (Finska), Hamburg i Strasbourg. Te obitelji s djecom odlaze u \u010detvrti za koje su odre\u0111ene, tra\u017ee\u0107i dom, posao, \u0161kolu&#8230; i dijele\u0107i svoje \u017eivotne uvjete, kako bi onima koji tamo \u017eive svjedo\u010dili o Isusu Kristu kao nekome koga su upoznali, otkriv\u0161i u Njemu jedinog kadrog dati smisao i puninu njihovom \u017eivotu. U njihovoj su pratnji prezbiter i mladi\u0107 koji sura\u0111uju s njima imaju\u0107i u vidu pravu \u201eimplantatio Ecclesiae\u201c.<\/em><\/p><\/p>\n\n<div class=\"wp-block-image\"><figure class=\"aligncenter size-large\"><img loading=\"lazy\" decoding=\"async\" width=\"494\" height=\"345\" src=\"https:\/\/neocatechumenaleiter.org\/wp-content\/uploads\/2020\/03\/Camino_Neocatecumenal_Juan_Pablo_II_audiencia_privada_famlias_en_mision_1986.jpg\" alt=\"\" class=\"wp-image-8394\" srcset=\"https:\/\/neocatechumenaleiter.org\/wp-content\/uploads\/2020\/03\/Camino_Neocatecumenal_Juan_Pablo_II_audiencia_privada_famlias_en_mision_1986.jpg 494w, https:\/\/neocatechumenaleiter.org\/wp-content\/uploads\/2020\/03\/Camino_Neocatecumenal_Juan_Pablo_II_audiencia_privada_famlias_en_mision_1986-300x210.jpg 300w\" sizes=\"auto, (max-width: 494px) 100vw, 494px\" \/><\/figure><\/div>\n","protected":false},"excerpt":{"rendered":"<p>Privatna Audijencija prvih Obitelji za \u201eNovu Evangelizaciju\u201c 15-1-1986 Sv. Ivan Pavao II. Vatikan, 15. sije\u010dnja 1986. Tijekom privatne audijencije, Sveti je otac poslao prve tri obitelji odre\u0111ene otvoriti put novom obliku evangelizacije me\u0111u udaljenima, u gradove Oulu (Finska), Hamburg i Strasbourg. Te obitelji s djecom odlaze u \u010detvrti za koje su odre\u0111ene, tra\u017ee\u0107i dom, posao, \u0161kolu&#8230; i dijele\u0107i svoje \u017eivotne uvjete, kako bi onima koji tamo \u017eive svjedo\u010dili o Isusu<\/p>\n<div class=\"read-more\"><a class=\"btn read-more-btn\" href=\"https:\/\/neocatechumenaleiter.org\/hr\/rijeci-papa\/sv-ivan-pavao-ii\/privatna-audijencija-prvih-obitelji-za-novu-evangelizaciju-15-1-1986\/\">Nastavi \u010ditati<\/a><\/div>\n","protected":false},"author":2,"featured_media":0,"parent":9680,"menu_order":34,"comment_status":"closed","ping_status":"closed","template":"","meta":{"footnotes":""},"class_list":["post-17882","page","type-page","status-publish","hentry"],"_links":{"self":[{"href":"https:\/\/neocatechumenaleiter.org\/hr\/wp-json\/wp\/v2\/pages\/17882","targetHints":{"allow":["GET"]}}],"collection":[{"href":"https:\/\/neocatechumenaleiter.org\/hr\/wp-json\/wp\/v2\/pages"}],"about":[{"href":"https:\/\/neocatechumenaleiter.org\/hr\/wp-json\/wp\/v2\/types\/page"}],"author":[{"embeddable":true,"href":"https:\/\/neocatechumenaleiter.org\/hr\/wp-json\/wp\/v2\/users\/2"}],"replies":[{"embeddable":true,"href":"https:\/\/neocatechumenaleiter.org\/hr\/wp-json\/wp\/v2\/comments?post=17882"}],"version-history":[{"count":3,"href":"https:\/\/neocatechumenaleiter.org\/hr\/wp-json\/wp\/v2\/pages\/17882\/revisions"}],"predecessor-version":[{"id":17885,"href":"https:\/\/neocatechumenaleiter.org\/hr\/wp-json\/wp\/v2\/pages\/17882\/revisions\/17885"}],"up":[{"embeddable":true,"href":"https:\/\/neocatechumenaleiter.org\/hr\/wp-json\/wp\/v2\/pages\/9680"}],"wp:attachment":[{"href":"https:\/\/neocatechumenaleiter.org\/hr\/wp-json\/wp\/v2\/media?parent=17882"}],"curies":[{"name":"wp","href":"https:\/\/api.w.org\/{rel}","templated":true}]}}