{"id":17886,"date":"2020-09-28T13:02:13","date_gmt":"2020-09-28T12:02:13","guid":{"rendered":"https:\/\/neocatechumenaleiter.org\/rijeci-papa\/sv-ivan-pavao-ii\/pohod-zupi-sv-eligija-26-4-1987\/"},"modified":"2020-10-02T11:35:43","modified_gmt":"2020-10-02T10:35:43","slug":"pohod-zupi-sv-eligija-26-4-1987","status":"publish","type":"page","link":"https:\/\/neocatechumenaleiter.org\/hr\/rijeci-papa\/sv-ivan-pavao-ii\/pohod-zupi-sv-eligija-26-4-1987\/","title":{"rendered":"Pohod \u017eupi sv. Eligija 26-4-1987"},"content":{"rendered":"\n<h1 class=\"has-text-align-center wp-block-heading\">Pohod \u017eupi sv. Eligija 26-4-1987<\/h1>\n\n<div style=\"height:20px\" aria-hidden=\"true\" class=\"wp-block-spacer\"><\/div>\n\n<h4 class=\"has-text-align-center wp-block-heading\">Sv. Ivan Pavao II.<\/h4>\n\n<div style=\"height:20px\" aria-hidden=\"true\" class=\"wp-block-spacer\"><\/div>\n\n<p><p><strong>Rim, 26. travnja 1987.<\/strong><\/p><\/p>\n\n<p><p><em>Laici okupljeni u neokatekumenskoj zajednici \u017eupe svetog Eligija nude jedno va\u017eno kr\u0161\u0107ansko svjedo\u010denje. To je prije svega otvorena zajednica, nije zatvorena u sebe, dobro je uklju\u010dena u \u017eivot \u017eupe. Ova je prisutnost svugdje, a posebno u obiteljima, donijela zna\u010dajnu poruku slobode i ljubavi zahvaljuju\u0107i i tome kakvi su \u010dlanovi zajednice: izravni, jednostavni, ponizni. Ivan Pavao II. susreo se s predstavnicima neokatekumenske zajednice u jednoj drugoj dvorani \u017eupe. Na njegovom ulazu do\u010dekale su ga lijepe i uvijek dirljive rije\u010di pjesme posve\u0107ene Mariji: \u00abMarijo, Bla\u017eena Marijo, ti si povjerovala Rije\u010di Gospodnjoj&#8230;\u00bb. Tada je predstavnik skupine nakratko iznio pregled povijesti neokatekumenske zajednice u \u017eupi svetog Eligija. Govorio je o po\u010detnim pote\u0161ko\u0107ama, govorio je o sna\u017enim trenucima koji se zajedno \u017eive u \u017eupi i rekao je kako je zajednica otvorena okolnoj stvarnosti. \u201eIz va\u0161eg \u0107emo posjeta \u2013 <\/em>zaklju\u010dio je<em> \u2013 poku\u0161ati crpsti snagu i poticaje za nastavak ponovnog zalaganja na na\u0161em putu vjere\u201c.<\/em><\/p><\/p>\n\n<p><p><em>Odgovaraju\u0107i na pozdrav, Papa je rekao:<\/em><\/p><\/p>\n\n<p>Prije svega mo\u017eda bih vas tako\u0111er trebao pozdraviti od strane neokatekumenskih zajednica koje sam susretao, ili barem svojim o\u010dima vidio, na raznim mjestima u Latinskoj Americi za vrijeme mojeg putovanja, moga hodo\u010da\u0161\u0107a po\u010dev\u0161i od Montevidea, zatim od one tako duga\u010dke zemlje kao \u0161to je \u010cile, i one druge tako velike kao \u0161to je Argentina. Mnogo sam puta vidio natpis \u201eNeokatekumenske zajednice\u201c, na \u0161panjolskom, naravno. Onda svi oni \u0161to su pozdravljali papu, svi su oni primali papu, pa\u010de primali s onim istim duhom s kojim ga ovdje u Rimu primaju neokatekumeni u raznim \u017eupama. Svuda iste pjesme, barem sa istim melodijama, kakve se i ovdje \u010duju, sa istim sadr\u017eajima. Mislim da moram iskoristiti ovaj na\u0161 susret i barem iznijeti vam ovo, jer va\u0161 je pokret vrlo dinami\u010dan, i ide u razne krajeve svijeta. Va\u0161 Put osje\u0107a svoje zvanje, poziv od Gospodina da bude nazo\u010dan u Crkvi, ondje gdje je Crkva ve\u0107 ustanovljena i \u017eivi svoj krsni, kr\u0161\u0107anski put, ali tako\u0111er ondje gdje je Crkva ponekad vrlo slaba, jako smanjena, u zemljama sa nekatoli\u010dkom ve\u0107inom, kao na primjer u skandinavskim zemljama.<\/p>\n\n<p><p>Htio bih naglasiti karakteristiku ovog susreta s vama danas, na drugu uskrsnu nedjelju, to jest na pashalnu osminu. Za sve kr\u0161\u0107ane i katolike, mo\u017eda jo\u0161 vi\u0161e za pravoslavce, a i za sve kr\u0161\u0107ane, ovo je zaista najve\u0107a svetkovina, <em>solemnitas solemnitatum<\/em>. Ali nije samo svetkovina, nego je: najve\u0107e otajstvo. Otajstvo na kojem po\u010dinje i zavr\u0161ava na\u0161 duhovni put, prema kojemu je usmjeren na\u0161 duhovni put. Vi ste kao neokatekumeni na poseban na\u010din usmjereni prema pashalnom otajstvu, preko sakramenta kr\u0161tenja. Uvijek na Uskrs mi jo\u0161 zajedno pro\u017eivljavamo kr\u0161tenje. Dosta je vidjeti liturgiju pashalnog bdijenja, sve obrede \u0161to se ve\u0107 stolje\u0107ima slave, jo\u0161 od prvih kr\u0161\u0107anskih pokoljenja, kako se i danas slavi u bazilici sv. Petra. Ta liturgija ujedinjuje dvije dimenzije: pashalnu dimenziju i krsnu dimenziju. Jer ono \u0161to odgovara pashalnoj stvarnosti, jest na\u0161 \u017eivot, nadasve je, ne bih rekao nadasve nego kao prvo &#8211; kr\u0161tenje. I va\u0161e je zvanje da sve dublje pro\u017eivljavate kr\u0161tenje, da produbljujete krsno otajstvo koje je polazna to\u010dka, temelj na\u0161eg kr\u0161\u0107anskog \u017eivota, na\u0161ega biti kr\u0161\u0107anin. Stoga vam \u017eelim da nastavite va\u0161 put, a to je Neokatekumenski put, to \u0107e re\u0107i tako\u0111er i intenzivni put Rije\u010di Bo\u017eje. Zajedno idu sakramenat kr\u0161tenja i Rije\u010d Bo\u017eja.<\/p><\/p>\n\n<p><p>Mo\u017eemo re\u0107i da je Neokatekumenski put prihvatio izazov Rije\u010di Bo\u017eje. Kontemplativno razmatrati tu Rije\u010d, produbljivati je, \u010ditati &#8211; \u010ditati, u dubokom smislu rije\u010di \u201e\u010ditati\u201c, \u010ditati zna\u010di upravo produpsti, u\u0107i do dna njezina zna\u010denja, do biti nazna\u010dene stvarnosti. Eto, va\u0161e je neokatekumensko zvanje tijesno povezano, duboko povezano s Bo\u017ejom Rije\u010di. Dakle, pro\u017eivljavati Bo\u017eju Rije\u010d, a onda u\u010diniti da i drugi pro\u017eivljavaju Bo\u017eju Rije\u010d. Tako ste vi \u010desto ujedno katekumeni i katehisti, i to je pravo. Mo\u017ee se re\u0107i da je dobra formacija da se bude katehisti, tako\u0111er i biti neokatekumeni, \u017eivjeti ovaj Neokatekumenski put. Jer se istine vjere ne mo\u017ee tuma\u010diti samo intelektualno, sa spekulativnirn pojmovima. I s njima, da, ali mora ih se nadasve pro\u017eivljavati sa milo\u0161\u0107u Bo\u017ejom, sa svjetlom Duha Svetoga. Za sada dosta, da ne bismo za\u0161li previ\u0161e u predmete vlastite va\u0161im specifi\u010dnim neokatekumenskim sastancima. \u017delim vam sretan Uskrs, ili na gr\u010dkom: Christ\u00f3s An\u00e9sti, ili na ruskom: Krist\u00f3s Voskr\u00e9se. To sa\u010dinjava sredi\u0161te, jezgru na\u0161eg kr\u0161\u0107anstva.<\/p><\/p>\n\n<p>\u017delim da budete bli\u017ee uvijek sve bli\u017ee toj jezgri na\u0161eg kr\u0161\u0107anstva, da pribli\u017eite i druge, pa i one koji su najudaljeniji, toj sredi\u0161njoj jezgri na\u0161eg kr\u0161\u0107anstva.<\/p>\n\n<p>Gospodin blagoslovi vas i va\u0161e obitelji: obitelji, supru\u017enici, mladi, djeca, svi.<\/p>\n","protected":false},"excerpt":{"rendered":"<p>Pohod \u017eupi sv. Eligija 26-4-1987 Sv. Ivan Pavao II. Rim, 26. travnja 1987. Laici okupljeni u neokatekumenskoj zajednici \u017eupe svetog Eligija nude jedno va\u017eno kr\u0161\u0107ansko svjedo\u010denje. To je prije svega otvorena zajednica, nije zatvorena u sebe, dobro je uklju\u010dena u \u017eivot \u017eupe. Ova je prisutnost svugdje, a posebno u obiteljima, donijela zna\u010dajnu poruku slobode i ljubavi zahvaljuju\u0107i i tome kakvi su \u010dlanovi zajednice: izravni, jednostavni, ponizni. Ivan Pavao II. susreo<\/p>\n<div class=\"read-more\"><a class=\"btn read-more-btn\" href=\"https:\/\/neocatechumenaleiter.org\/hr\/rijeci-papa\/sv-ivan-pavao-ii\/pohod-zupi-sv-eligija-26-4-1987\/\">Nastavi \u010ditati<\/a><\/div>\n","protected":false},"author":2,"featured_media":0,"parent":9680,"menu_order":43,"comment_status":"closed","ping_status":"closed","template":"","meta":{"footnotes":""},"class_list":["post-17886","page","type-page","status-publish","hentry"],"_links":{"self":[{"href":"https:\/\/neocatechumenaleiter.org\/hr\/wp-json\/wp\/v2\/pages\/17886","targetHints":{"allow":["GET"]}}],"collection":[{"href":"https:\/\/neocatechumenaleiter.org\/hr\/wp-json\/wp\/v2\/pages"}],"about":[{"href":"https:\/\/neocatechumenaleiter.org\/hr\/wp-json\/wp\/v2\/types\/page"}],"author":[{"embeddable":true,"href":"https:\/\/neocatechumenaleiter.org\/hr\/wp-json\/wp\/v2\/users\/2"}],"replies":[{"embeddable":true,"href":"https:\/\/neocatechumenaleiter.org\/hr\/wp-json\/wp\/v2\/comments?post=17886"}],"version-history":[{"count":3,"href":"https:\/\/neocatechumenaleiter.org\/hr\/wp-json\/wp\/v2\/pages\/17886\/revisions"}],"predecessor-version":[{"id":18071,"href":"https:\/\/neocatechumenaleiter.org\/hr\/wp-json\/wp\/v2\/pages\/17886\/revisions\/18071"}],"up":[{"embeddable":true,"href":"https:\/\/neocatechumenaleiter.org\/hr\/wp-json\/wp\/v2\/pages\/9680"}],"wp:attachment":[{"href":"https:\/\/neocatechumenaleiter.org\/hr\/wp-json\/wp\/v2\/media?parent=17886"}],"curies":[{"name":"wp","href":"https:\/\/api.w.org\/{rel}","templated":true}]}}