{"id":17888,"date":"2020-09-28T16:22:41","date_gmt":"2020-09-28T15:22:41","guid":{"rendered":"https:\/\/neocatechumenaleiter.org\/rijeci-papa\/sv-ivan-pavao-ii\/vazmeno-bdjenje-u-bazilici-svetog-petra-s-dvije-zajednice-iz-madrida-29-3-1986\/"},"modified":"2020-09-28T16:22:41","modified_gmt":"2020-09-28T15:22:41","slug":"vazmeno-bdjenje-u-bazilici-svetog-petra-s-dvije-zajednice-iz-madrida-29-3-1986","status":"publish","type":"page","link":"https:\/\/neocatechumenaleiter.org\/hr\/rijeci-papa\/sv-ivan-pavao-ii\/vazmeno-bdjenje-u-bazilici-svetog-petra-s-dvije-zajednice-iz-madrida-29-3-1986\/","title":{"rendered":"Vazmeno Bdjenje u bazilici svetog Petra s dvije zajednice iz Madrida 29-3-1986"},"content":{"rendered":"\n<h1 class=\"has-text-align-center wp-block-heading\">Vazmeno Bdjenje u bazilici svetog Petra s dvije zajednice iz Madrida 29-3-1986<\/h1>\n\n<div style=\"height:20px\" aria-hidden=\"true\" class=\"wp-block-spacer\"><\/div>\n\n<h4 class=\"has-text-align-center wp-block-heading\">Sv. Ivan Pavao II.<\/h4>\n\n<div style=\"height:20px\" aria-hidden=\"true\" class=\"wp-block-spacer\"><\/div>\n\n<p><p><strong>Sveti Petar, 29. o\u017eujka 1986.<\/strong><\/p><\/p>\n\n<p><p><em>Tijekom proslave Pashalnog bdjenja sa Svetim Ocem, u rezerviranom dijelu vatikanske bazilike, 100 \u010dlanova prve neokatekumenske zajednice Na\u0161e Gospe od Usnu\u0107a iz Madrida i prve Zajednice Biskupijskog neokatekumenskog centra u Madridu sve\u010dano su obnovili krsna obe\u0107anja na zavr\u0161etku njihovog neokatekumenskog puta.<\/em><\/p><\/p>\n\n<div class=\"wp-block-image\"><figure class=\"aligncenter size-large\"><img loading=\"lazy\" decoding=\"async\" width=\"480\" height=\"389\" src=\"https:\/\/neocatechumenaleiter.org\/wp-content\/uploads\/2020\/03\/Camino_Neocatecumenal_Juan_Pablo_II_vigilia_pascual_hermanos_vestidura_blanca_Transito_Madrid_1986.jpg\" alt=\"\" class=\"wp-image-8159\" srcset=\"https:\/\/neocatechumenaleiter.org\/wp-content\/uploads\/2020\/03\/Camino_Neocatecumenal_Juan_Pablo_II_vigilia_pascual_hermanos_vestidura_blanca_Transito_Madrid_1986.jpg 480w, https:\/\/neocatechumenaleiter.org\/wp-content\/uploads\/2020\/03\/Camino_Neocatecumenal_Juan_Pablo_II_vigilia_pascual_hermanos_vestidura_blanca_Transito_Madrid_1986-300x243.jpg 300w\" sizes=\"auto, (max-width: 480px) 100vw, 480px\" \/><\/figure><\/div>\n","protected":false},"excerpt":{"rendered":"<p>Vazmeno Bdjenje u bazilici svetog Petra s dvije zajednice iz Madrida 29-3-1986 Sv. Ivan Pavao II. Sveti Petar, 29. o\u017eujka 1986. Tijekom proslave Pashalnog bdjenja sa Svetim Ocem, u rezerviranom dijelu vatikanske bazilike, 100 \u010dlanova prve neokatekumenske zajednice Na\u0161e Gospe od Usnu\u0107a iz Madrida i prve Zajednice Biskupijskog neokatekumenskog centra u Madridu sve\u010dano su obnovili krsna obe\u0107anja na zavr\u0161etku njihovog neokatekumenskog puta.<\/p>\n","protected":false},"author":2,"featured_media":0,"parent":9680,"menu_order":37,"comment_status":"closed","ping_status":"closed","template":"","meta":{"footnotes":""},"class_list":["post-17888","page","type-page","status-publish","hentry"],"_links":{"self":[{"href":"https:\/\/neocatechumenaleiter.org\/hr\/wp-json\/wp\/v2\/pages\/17888","targetHints":{"allow":["GET"]}}],"collection":[{"href":"https:\/\/neocatechumenaleiter.org\/hr\/wp-json\/wp\/v2\/pages"}],"about":[{"href":"https:\/\/neocatechumenaleiter.org\/hr\/wp-json\/wp\/v2\/types\/page"}],"author":[{"embeddable":true,"href":"https:\/\/neocatechumenaleiter.org\/hr\/wp-json\/wp\/v2\/users\/2"}],"replies":[{"embeddable":true,"href":"https:\/\/neocatechumenaleiter.org\/hr\/wp-json\/wp\/v2\/comments?post=17888"}],"version-history":[{"count":1,"href":"https:\/\/neocatechumenaleiter.org\/hr\/wp-json\/wp\/v2\/pages\/17888\/revisions"}],"predecessor-version":[{"id":17889,"href":"https:\/\/neocatechumenaleiter.org\/hr\/wp-json\/wp\/v2\/pages\/17888\/revisions\/17889"}],"up":[{"embeddable":true,"href":"https:\/\/neocatechumenaleiter.org\/hr\/wp-json\/wp\/v2\/pages\/9680"}],"wp:attachment":[{"href":"https:\/\/neocatechumenaleiter.org\/hr\/wp-json\/wp\/v2\/media?parent=17888"}],"curies":[{"name":"wp","href":"https:\/\/api.w.org\/{rel}","templated":true}]}}