{"id":17890,"date":"2020-09-28T16:35:59","date_gmt":"2020-09-28T15:35:59","guid":{"rendered":"https:\/\/neocatechumenaleiter.org\/rijeci-papa\/sv-ivan-pavao-ii\/privatna-audijencija-s-neokatekumenskim-zajednicama-spanjolske-i-ivree-7-12-1986\/"},"modified":"2020-09-28T16:41:35","modified_gmt":"2020-09-28T15:41:35","slug":"privatna-audijencija-s-neokatekumenskim-zajednicama-spanjolske-i-ivree-7-12-1986","status":"publish","type":"page","link":"https:\/\/neocatechumenaleiter.org\/hr\/rijeci-papa\/sv-ivan-pavao-ii\/privatna-audijencija-s-neokatekumenskim-zajednicama-spanjolske-i-ivree-7-12-1986\/","title":{"rendered":"Privatna audijencija s Neokatekumenskim zajednicama \u0160panjolske i Ivree 7-12-1986"},"content":{"rendered":"\n<h1 class=\"has-text-align-center wp-block-heading\">Privatna audijencija s Neokatekumenskim zajednicama \u0160panjolske i Ivree 7-12-1986<\/h1>\n\n<div style=\"height:20px\" aria-hidden=\"true\" class=\"wp-block-spacer\"><\/div>\n\n<h4 class=\"has-text-align-center wp-block-heading\">Sv. Ivan Pavao II.<\/h4>\n\n<div style=\"height:20px\" aria-hidden=\"true\" class=\"wp-block-spacer\"><\/div>\n\n<p><p><strong>Vatikan \u2013 Dvorana Klementina, 7. prosinca 1986. (*)<\/strong><\/p><\/p>\n\n<p><p><em>Papa je jutros u privatnoj audijenciji primio \u010dlanove neokatekumenskih zajednica pet \u017eupa iz \u0160panjolske i jedne iz Ivree na hodo\u010da\u0161\u0107u do groba sv. Petra i svete ku\u0107e u Loretu. Ovo je govor koji je odr\u017eao Sveti Otac (na\u0161 prijevod sa \u0161panjolskog):<\/em><\/p><\/p>\n\n<p><p>Susret s vama je razlog za osobitu radost, bra\u0107o i sestre neokatekumenskih zajednica, koji ste do\u0161li ispovijedati svoju kr\u0161\u0107ansku vjeru, navije\u0161tati vjeru, i koji posjetom Rimu ispovijedate svoje katoli\u010danstvo, univerzalnost pred Petrovim nasljednikom u ovoj va\u017enoj etapi va\u0161eg neokatekumenskog puta: hodo\u010da\u0161\u0107e u sredi\u0161te kr\u0161\u0107anstva u 20. stolje\u0107u; va\u0161a volja za jedinstvom i vjerno\u0161\u0107u Crkvi Kristovoj. Posjet Majci nije mogao izostati u va\u0161em putu; stoga \u0107ete svoja o\u010dekivanja i svoje apostolske \u017eelje staviti pred noge Presvete Djevice, tako da po njezinu zagovoru va\u0161 Bo\u017eanski Sin u\u010dini va\u0161e svjedo\u010danstvo o molitvi, \u017ertvi, dobro\u010dinstvu i slu\u017eenju bra\u0107i doista plodnim. Dok putujete navije\u0161taju\u0107i Radosnu vijest o Kraljevstvu, \u017eelim vas ohrabriti da budete nositelji poruke nade. Ponavljam poticaj svetog Petra: <strong>\u201eBudite uvijek spremni na odgovor svakomu koji od vas zatra\u017ei obrazlo\u017eenje nade koja je u vama\u201c<\/strong>. Neka ovo liturgijsko razdoblje koje pro\u017eivljavamo bude jedno od velikih o\u010dekivanja dolaska Otkupitelja, Onoga koji je nositelj mira koji svijet ne mo\u017ee dati. U svojim molitvama povjeravam vas Mariji, uzoru nade, kako bi va\u0161e velikodu\u0161no evan\u0111eosko slu\u017eenje, u punom zajedni\u0161tvu s pastirima Crkve, urodilo velikim plodovima kr\u0161\u0107anskog \u017eivota.<\/p>&#013;\n<p>Sve vas blagoslivljam od srca: bake i djedove i djecu, bra\u0107u i sestre, sve vas.<\/p>&#013;\n<p>U ime Oca, Sina i Duha Svetoga.<\/p><\/p>\n\n<p><p><em>(*) Usp. \u201eL&#8217;Osservatore Romano\u201c, 9.-10. prosinca 1986.<\/em><\/p><\/p>\n\n<figure class=\"wp-block-gallery aligncenter columns-2 is-cropped wp-block-gallery-1 is-layout-flex wp-block-gallery-is-layout-flex\"><ul class=\"blocks-gallery-grid\"><li class=\"blocks-gallery-item\"><figure><img loading=\"lazy\" decoding=\"async\" width=\"690\" height=\"560\" src=\"https:\/\/neocatechumenaleiter.org\/wp-content\/uploads\/2020\/03\/Camino_Neocatecumenal_Juan_Pablo_II_visita_parroquia_San_Felice_1986.jpg\" alt=\"Sv. Ivan Pavao II. pohodi &#x17E;upi Sv. Felice 1986\" data-id=\"1947\" data-full-url=\"https:\/\/neocatechumenaleiter.org\/wp-content\/uploads\/2020\/03\/Camino_Neocatecumenal_Juan_Pablo_II_visita_parroquia_San_Felice_1986.jpg\" data-link=\"https:\/\/neocatechumenaleiter.org\/palabras-de-los-papas\/s-juan-pablo-ii\/visita-a-la-parroquia-de-san-felice-da-cantalice-4-5-1986\/camino_neocatecumenal_juan_pablo_ii_visita_parroquia_san_felice_1986\/\" class=\"wp-image-8164\" srcset=\"https:\/\/neocatechumenaleiter.org\/wp-content\/uploads\/2020\/03\/Camino_Neocatecumenal_Juan_Pablo_II_visita_parroquia_San_Felice_1986.jpg 690w, https:\/\/neocatechumenaleiter.org\/wp-content\/uploads\/2020\/03\/Camino_Neocatecumenal_Juan_Pablo_II_visita_parroquia_San_Felice_1986-300x243.jpg 300w\" sizes=\"auto, (max-width: 690px) 100vw, 690px\" \/><figcaption class=\"blocks-gallery-item__caption\">Inicijatori Neokatekumenskog Puta pozdravljau Papu Ivana Pavla II.<\/figcaption><\/figure><\/li><li class=\"blocks-gallery-item\"><figure><img loading=\"lazy\" decoding=\"async\" width=\"689\" height=\"560\" src=\"https:\/\/neocatechumenaleiter.org\/wp-content\/uploads\/2020\/03\/Camino_Neocatecumenal_Juan_Pablo_II_visita_parroquia_San_Felice_19862.jpg\" alt=\"Sv. Ivan Pavao II. pohodi &#x17E;upi Sv. Felice 1986\" data-id=\"1954\" data-full-url=\"https:\/\/neocatechumenaleiter.org\/wp-content\/uploads\/2020\/03\/Camino_Neocatecumenal_Juan_Pablo_II_visita_parroquia_San_Felice_19862.jpg\" data-link=\"https:\/\/neocatechumenaleiter.org\/palabras-de-los-papas\/s-juan-pablo-ii\/visita-a-la-parroquia-de-san-felice-da-cantalice-4-5-1986\/camino_neocatecumenal_juan_pablo_ii_visita_parroquia_san_felice_19862\/\" class=\"wp-image-8166\" srcset=\"https:\/\/neocatechumenaleiter.org\/wp-content\/uploads\/2020\/03\/Camino_Neocatecumenal_Juan_Pablo_II_visita_parroquia_San_Felice_19862.jpg 689w, https:\/\/neocatechumenaleiter.org\/wp-content\/uploads\/2020\/03\/Camino_Neocatecumenal_Juan_Pablo_II_visita_parroquia_San_Felice_19862-300x244.jpg 300w\" sizes=\"auto, (max-width: 689px) 100vw, 689px\" \/><figcaption class=\"blocks-gallery-item__caption\">Zajednice iz \u0160panjolske i Ivrea progla\u0161avaju Vjerovanje pred Papom<\/figcaption><\/figure><\/li><\/ul><\/figure>","protected":false},"excerpt":{"rendered":"<p>Privatna audijencija s Neokatekumenskim zajednicama \u0160panjolske i Ivree 7-12-1986 Sv. Ivan Pavao II. Vatikan \u2013 Dvorana Klementina, 7. prosinca 1986. (*) Papa je jutros u privatnoj audijenciji primio \u010dlanove neokatekumenskih zajednica pet \u017eupa iz \u0160panjolske i jedne iz Ivree na hodo\u010da\u0161\u0107u do groba sv. Petra i svete ku\u0107e u Loretu. Ovo je govor koji je odr\u017eao Sveti Otac (na\u0161 prijevod sa \u0161panjolskog): Susret s vama je razlog za osobitu radost,<\/p>\n<div class=\"read-more\"><a class=\"btn read-more-btn\" href=\"https:\/\/neocatechumenaleiter.org\/hr\/rijeci-papa\/sv-ivan-pavao-ii\/privatna-audijencija-s-neokatekumenskim-zajednicama-spanjolske-i-ivree-7-12-1986\/\">Nastavi \u010ditati<\/a><\/div>\n","protected":false},"author":2,"featured_media":0,"parent":9680,"menu_order":38,"comment_status":"closed","ping_status":"closed","template":"","meta":{"footnotes":""},"class_list":["post-17890","page","type-page","status-publish","hentry"],"_links":{"self":[{"href":"https:\/\/neocatechumenaleiter.org\/hr\/wp-json\/wp\/v2\/pages\/17890","targetHints":{"allow":["GET"]}}],"collection":[{"href":"https:\/\/neocatechumenaleiter.org\/hr\/wp-json\/wp\/v2\/pages"}],"about":[{"href":"https:\/\/neocatechumenaleiter.org\/hr\/wp-json\/wp\/v2\/types\/page"}],"author":[{"embeddable":true,"href":"https:\/\/neocatechumenaleiter.org\/hr\/wp-json\/wp\/v2\/users\/2"}],"replies":[{"embeddable":true,"href":"https:\/\/neocatechumenaleiter.org\/hr\/wp-json\/wp\/v2\/comments?post=17890"}],"version-history":[{"count":3,"href":"https:\/\/neocatechumenaleiter.org\/hr\/wp-json\/wp\/v2\/pages\/17890\/revisions"}],"predecessor-version":[{"id":17893,"href":"https:\/\/neocatechumenaleiter.org\/hr\/wp-json\/wp\/v2\/pages\/17890\/revisions\/17893"}],"up":[{"embeddable":true,"href":"https:\/\/neocatechumenaleiter.org\/hr\/wp-json\/wp\/v2\/pages\/9680"}],"wp:attachment":[{"href":"https:\/\/neocatechumenaleiter.org\/hr\/wp-json\/wp\/v2\/media?parent=17890"}],"curies":[{"name":"wp","href":"https:\/\/api.w.org\/{rel}","templated":true}]}}