{"id":17894,"date":"2020-09-28T16:45:42","date_gmt":"2020-09-28T15:45:42","guid":{"rendered":"https:\/\/neocatechumenaleiter.org\/rijeci-papa\/sv-ivan-pavao-ii\/pohod-zupi-svete-marije-kraljice-svijeta-u-torre-spaccati-14-12-1986\/"},"modified":"2020-09-28T16:49:38","modified_gmt":"2020-09-28T15:49:38","slug":"pohod-zupi-svete-marije-kraljice-svijeta-u-torre-spaccati-14-12-1986","status":"publish","type":"page","link":"https:\/\/neocatechumenaleiter.org\/hr\/rijeci-papa\/sv-ivan-pavao-ii\/pohod-zupi-svete-marije-kraljice-svijeta-u-torre-spaccati-14-12-1986\/","title":{"rendered":"Pohod \u017eupi svete Marije kraljice svijeta u Torre Spaccati 14-12-1986"},"content":{"rendered":"\n<h1 class=\"has-text-align-center wp-block-heading\">Pohod \u017eupi svete Marije kraljice svijeta u Torre Spaccati 14-12-1986<\/h1>\n\n<div style=\"height:20px\" aria-hidden=\"true\" class=\"wp-block-spacer\"><\/div>\n\n<h4 class=\"has-text-align-center wp-block-heading\">Sv. Ivan Pavao II.<\/h4>\n\n<div style=\"height:20px\" aria-hidden=\"true\" class=\"wp-block-spacer\"><\/div>\n\n<p><p><strong>Rim, 14. prosinca 1986. (*)<\/strong><\/p><\/p>\n\n<p><p><em>Nakon susreta s Pastoralnim vije\u0107em, u drugoj se dvorani Papa susreo s predstavnicima svih skupina i udruga, koje mu je \u017eupnik predstavio. Me\u0111u vjernicima bilo je i nekoliko itineranata. Papa se svima obratio ovim rije\u010dima:<\/em><\/p><\/p>\n\n<p>Pozdravljam sve prisutne i preko vas sve skupine lai\u010dkog apostolata, razli\u010dite skupine koje karakterizira, po odre\u0111enom programu, odre\u0111ena duhovnost. Na primjer, postoji karmelska duhovnost koja ima svoj vidljivi znak u karmelskom \u0161kapularu, koji nosim dugi niz godina. Zatim postoji neokatekumenska duhovnost i duhovnost drugih skupina. Drugi programi, druge duhovnosti. Svi doprinose op\u0107em dobru Crkve. Ono \u0161to ka\u017eem odgovara rije\u010dima svetog Pavla: Crkva \u2013 Tijelo Kristovo. Mnogi organi, mnogi \u010dlanovi, mnoge stanice doprinose \u017eivotu tijela, organizma. Mi smo tako\u0111er duhovni organizam, otajstveni organizam, koji se naziva Kristovim tijelom i svi od njega dobivamo razli\u010dite poticaje Duha Svetoga, razli\u010dite milosti, posebne milosti, razli\u010dite karizme. Tada ovim poticajima, milostima, poku\u0161avamo pridonijeti dobru tijela, cijelom otajstvenom tijelu Kristovom, \u017eupi, koja je, po Pavlovskoj analogiji, Tijelo Kristovo. \u017delim izraziti svoju veliku radost zbog na\u010dina na koji ste danas proslavili 25. godi\u0161njicu svoje \u017eupe, vrlo dostojan na\u010din, vrlo lijep, s puno sudjelovanja, uz proslavu tijekom koje se dobro molilo i dobro pjevalo. A potom i za krunidbu Gospe, kraljice svijeta. \u017delim dobro svima vama i va\u0161im udrugama. Neka budu izvor dobra za druge i za vas same. \u017delim vam i sretan Bo\u017ei\u0107. &#013;\n(*) Usp. \u201eL&#8217;Osservatore Romano\u201c, 15.-16. prosinca 1986.<\/p>\n","protected":false},"excerpt":{"rendered":"<p>Pohod \u017eupi svete Marije kraljice svijeta u Torre Spaccati 14-12-1986 Sv. Ivan Pavao II. Rim, 14. prosinca 1986. (*) Nakon susreta s Pastoralnim vije\u0107em, u drugoj se dvorani Papa susreo s predstavnicima svih skupina i udruga, koje mu je \u017eupnik predstavio. Me\u0111u vjernicima bilo je i nekoliko itineranata. Papa se svima obratio ovim rije\u010dima: Pozdravljam sve prisutne i preko vas sve skupine lai\u010dkog apostolata, razli\u010dite skupine koje karakterizira, po odre\u0111enom<\/p>\n<div class=\"read-more\"><a class=\"btn read-more-btn\" href=\"https:\/\/neocatechumenaleiter.org\/hr\/rijeci-papa\/sv-ivan-pavao-ii\/pohod-zupi-svete-marije-kraljice-svijeta-u-torre-spaccati-14-12-1986\/\">Nastavi \u010ditati<\/a><\/div>\n","protected":false},"author":2,"featured_media":0,"parent":9680,"menu_order":39,"comment_status":"closed","ping_status":"closed","template":"","meta":{"footnotes":""},"class_list":["post-17894","page","type-page","status-publish","hentry"],"_links":{"self":[{"href":"https:\/\/neocatechumenaleiter.org\/hr\/wp-json\/wp\/v2\/pages\/17894","targetHints":{"allow":["GET"]}}],"collection":[{"href":"https:\/\/neocatechumenaleiter.org\/hr\/wp-json\/wp\/v2\/pages"}],"about":[{"href":"https:\/\/neocatechumenaleiter.org\/hr\/wp-json\/wp\/v2\/types\/page"}],"author":[{"embeddable":true,"href":"https:\/\/neocatechumenaleiter.org\/hr\/wp-json\/wp\/v2\/users\/2"}],"replies":[{"embeddable":true,"href":"https:\/\/neocatechumenaleiter.org\/hr\/wp-json\/wp\/v2\/comments?post=17894"}],"version-history":[{"count":5,"href":"https:\/\/neocatechumenaleiter.org\/hr\/wp-json\/wp\/v2\/pages\/17894\/revisions"}],"predecessor-version":[{"id":17899,"href":"https:\/\/neocatechumenaleiter.org\/hr\/wp-json\/wp\/v2\/pages\/17894\/revisions\/17899"}],"up":[{"embeddable":true,"href":"https:\/\/neocatechumenaleiter.org\/hr\/wp-json\/wp\/v2\/pages\/9680"}],"wp:attachment":[{"href":"https:\/\/neocatechumenaleiter.org\/hr\/wp-json\/wp\/v2\/media?parent=17894"}],"curies":[{"name":"wp","href":"https:\/\/api.w.org\/{rel}","templated":true}]}}