{"id":17906,"date":"2020-09-28T17:34:54","date_gmt":"2020-09-28T16:34:54","guid":{"rendered":"https:\/\/neocatechumenaleiter.org\/rijeci-papa\/sv-ivan-pavao-ii\/privatna-audijencija-prigodom-slanja-tri-obitelji-u-latinsku-ameriku-za-novu-evangelizaciju-26-4-1987\/"},"modified":"2020-09-28T17:34:55","modified_gmt":"2020-09-28T16:34:55","slug":"privatna-audijencija-prigodom-slanja-tri-obitelji-u-latinsku-ameriku-za-novu-evangelizaciju-26-4-1987","status":"publish","type":"page","link":"https:\/\/neocatechumenaleiter.org\/hr\/rijeci-papa\/sv-ivan-pavao-ii\/privatna-audijencija-prigodom-slanja-tri-obitelji-u-latinsku-ameriku-za-novu-evangelizaciju-26-4-1987\/","title":{"rendered":"Privatna audijencija prigodom slanja tri Obitelji u Latinsku Ameriku za \u201eNovu Evangelizaciju\u201c 26-4-1987"},"content":{"rendered":"\n<h1 class=\"has-text-align-center wp-block-heading\">Privatna audijencija prigodom slanja tri Obitelji u Latinsku Ameriku za \u201eNovu Evangelizaciju\u201c 26-4-1987<\/h1>\n\n<div style=\"height:20px\" aria-hidden=\"true\" class=\"wp-block-spacer\"><\/div>\n\n<h4 class=\"has-text-align-center wp-block-heading\">Sv. Ivan Pavao II.<\/h4>\n\n<div style=\"height:20px\" aria-hidden=\"true\" class=\"wp-block-spacer\"><\/div>\n\n<p><p><strong>Vatikan, 26. travnja 1987.<\/strong><\/p><\/p>\n\n<p><p><em>Tri \u0161panjolske obitelji koje su zavr\u0161ile neokatekumenski put primile su raspelo od Svetog Oca u znak poslanja, prije nego \u0161to su krenule u \u201ePueblos jovenes\u201c u gradu Limi u Peruu. U ovim urbanim aglomeratima kojima nedostaje bilo koja vrsta dru\u0161tvene strukture, sa\u010dinjene od prostirka koliba podignutih na pijesku koje su napravili seljaci koji su se po tisu\u0107ama preselili u grad. Kardinal Land\u00e1zuri povjerio je tim obiteljima \u010ditava podru\u010dja na kojima prisutnost Crkve gotovo da i ne postoji.<\/em><\/p><\/p>\n\n<div class=\"wp-block-image\"><figure class=\"aligncenter size-large\"><img loading=\"lazy\" decoding=\"async\" width=\"358\" height=\"293\" src=\"https:\/\/neocatechumenaleiter.org\/wp-content\/uploads\/2020\/03\/Camino_Neocatecumenal_Juan_Pablo_II_audiencia_privada_envio_familias_mision_1987.jpg\" alt=\"\" class=\"wp-image-8482\" srcset=\"https:\/\/neocatechumenaleiter.org\/wp-content\/uploads\/2020\/03\/Camino_Neocatecumenal_Juan_Pablo_II_audiencia_privada_envio_familias_mision_1987.jpg 358w, https:\/\/neocatechumenaleiter.org\/wp-content\/uploads\/2020\/03\/Camino_Neocatecumenal_Juan_Pablo_II_audiencia_privada_envio_familias_mision_1987-300x246.jpg 300w\" sizes=\"auto, (max-width: 358px) 100vw, 358px\" \/><\/figure><\/div>\n","protected":false},"excerpt":{"rendered":"<p>Privatna audijencija prigodom slanja tri Obitelji u Latinsku Ameriku za \u201eNovu Evangelizaciju\u201c 26-4-1987 Sv. Ivan Pavao II. Vatikan, 26. travnja 1987. Tri \u0161panjolske obitelji koje su zavr\u0161ile neokatekumenski put primile su raspelo od Svetog Oca u znak poslanja, prije nego \u0161to su krenule u \u201ePueblos jovenes\u201c u gradu Limi u Peruu. U ovim urbanim aglomeratima kojima nedostaje bilo koja vrsta dru\u0161tvene strukture, sa\u010dinjene od prostirka koliba podignutih na pijesku koje<\/p>\n<div class=\"read-more\"><a class=\"btn read-more-btn\" href=\"https:\/\/neocatechumenaleiter.org\/hr\/rijeci-papa\/sv-ivan-pavao-ii\/privatna-audijencija-prigodom-slanja-tri-obitelji-u-latinsku-ameriku-za-novu-evangelizaciju-26-4-1987\/\">Nastavi \u010ditati<\/a><\/div>\n","protected":false},"author":2,"featured_media":0,"parent":9680,"menu_order":42,"comment_status":"closed","ping_status":"closed","template":"","meta":{"footnotes":""},"class_list":["post-17906","page","type-page","status-publish","hentry"],"_links":{"self":[{"href":"https:\/\/neocatechumenaleiter.org\/hr\/wp-json\/wp\/v2\/pages\/17906","targetHints":{"allow":["GET"]}}],"collection":[{"href":"https:\/\/neocatechumenaleiter.org\/hr\/wp-json\/wp\/v2\/pages"}],"about":[{"href":"https:\/\/neocatechumenaleiter.org\/hr\/wp-json\/wp\/v2\/types\/page"}],"author":[{"embeddable":true,"href":"https:\/\/neocatechumenaleiter.org\/hr\/wp-json\/wp\/v2\/users\/2"}],"replies":[{"embeddable":true,"href":"https:\/\/neocatechumenaleiter.org\/hr\/wp-json\/wp\/v2\/comments?post=17906"}],"version-history":[{"count":1,"href":"https:\/\/neocatechumenaleiter.org\/hr\/wp-json\/wp\/v2\/pages\/17906\/revisions"}],"predecessor-version":[{"id":17907,"href":"https:\/\/neocatechumenaleiter.org\/hr\/wp-json\/wp\/v2\/pages\/17906\/revisions\/17907"}],"up":[{"embeddable":true,"href":"https:\/\/neocatechumenaleiter.org\/hr\/wp-json\/wp\/v2\/pages\/9680"}],"wp:attachment":[{"href":"https:\/\/neocatechumenaleiter.org\/hr\/wp-json\/wp\/v2\/media?parent=17906"}],"curies":[{"name":"wp","href":"https:\/\/api.w.org\/{rel}","templated":true}]}}