{"id":17908,"date":"2020-09-28T17:43:39","date_gmt":"2020-09-28T16:43:39","guid":{"rendered":"https:\/\/neocatechumenaleiter.org\/rijeci-papa\/sv-ivan-pavao-ii\/govor-pape-tijekom-zaziva-na-jasnoj-gori-u-poljskoj-12-6-1987\/"},"modified":"2020-09-28T17:43:39","modified_gmt":"2020-09-28T16:43:39","slug":"govor-pape-tijekom-zaziva-na-jasnoj-gori-u-poljskoj-12-6-1987","status":"publish","type":"page","link":"https:\/\/neocatechumenaleiter.org\/hr\/rijeci-papa\/sv-ivan-pavao-ii\/govor-pape-tijekom-zaziva-na-jasnoj-gori-u-poljskoj-12-6-1987\/","title":{"rendered":"Govor Pape tijekom zaziva na Jasnoj Gori u Poljskoj 12-6-1987"},"content":{"rendered":"\n<h1 class=\"has-text-align-center wp-block-heading\">Govor Pape tijekom zaziva na Jasnoj Gori u Poljskoj 12-6-1987<\/h1>\n\n<div style=\"height:20px\" aria-hidden=\"true\" class=\"wp-block-spacer\"><\/div>\n\n<h4 class=\"has-text-align-center wp-block-heading\">Sv. Ivan Pavao II.<\/h4>\n\n<div style=\"height:20px\" aria-hidden=\"true\" class=\"wp-block-spacer\"><\/div>\n\n<div class=\"wp-block-image\"><figure class=\"alignright size-large\"><img loading=\"lazy\" decoding=\"async\" width=\"674\" height=\"538\" src=\"https:\/\/neocatechumenaleiter.org\/wp-content\/uploads\/2020\/03\/Camino_Neocatecumenal_Juan_Pablo_II_palabras_invocacion_jasna_gora_1987.jpg\" alt=\"\" class=\"wp-image-8488\" srcset=\"https:\/\/neocatechumenaleiter.org\/wp-content\/uploads\/2020\/03\/Camino_Neocatecumenal_Juan_Pablo_II_palabras_invocacion_jasna_gora_1987.jpg 674w, https:\/\/neocatechumenaleiter.org\/wp-content\/uploads\/2020\/03\/Camino_Neocatecumenal_Juan_Pablo_II_palabras_invocacion_jasna_gora_1987-300x239.jpg 300w\" sizes=\"auto, (max-width: 674px) 100vw, 674px\" \/><\/figure><\/div>\n\n<p><p><strong>Poljska \u2013 Sveti\u0161te u Cz\u0229stochowi, 12. lipnja 1987. (*)<\/strong><\/p><\/p>\n\n<p>Ivan Pavao II. zaklju\u010dio je peti dan svog hodo\u010da\u0161\u0107a u Poljskoj zazivom na Jasnoj G\u00f3ri, izre\u010denom u petak nave\u010der, 12. lipnja, s tribine sveti\u0161ta u Cz\u0229stochowi. Zaziv na Jasnoj G\u00f3ri je zaziv Gospi koji se pjeva ili recitira svaki dan u 21 sat u cijeloj naciji od 1957. godine.<\/p>\n\n<p><p><em>Nakon zaziva, Papa je odr\u017eao govor, \u010diji dio donosimo:<\/em><\/p><\/p>\n\n<p><p>&#8230;Marija, poljska kraljice, blizak sam ti, sje\u0107am te se, budan sam. &#8230;U ovom \u010dasu zaziva Jasne G\u00f3re, \u017eelio bih ovdje, mi\u0161lju i srcem, pozvati svakog \u010dovjeka, brata i sestru iz svih dijelova zemlje&#8230;<\/p><\/p>\n\n<p>&#8230;Sve oni koji se nisu bojali opasnosti i pote\u0161ko\u0107a, koji nisu izgubili vjeru u ideale i prave vrijednosti, nisu izgubili smisao \u017eivota i rada, nisu podlegli slabostima, ve\u0107 osje\u0107aju solidarnost odgovornosti i brige, tje\u0161e svoju bra\u0107u u vjeri i uvjerenju da za kr\u0161\u0107anina ne postoje bezizlazne situacije, da vrijedi \u017eivjeti u vlastitoj zemlji i poduzimati kreativne inicijative, grade\u0107i zajednicu ljudskih srca i uma.<\/p>\n\n<div class=\"wp-block-image\"><figure class=\"alignleft size-large\"><img loading=\"lazy\" decoding=\"async\" width=\"706\" height=\"563\" src=\"https:\/\/neocatechumenaleiter.org\/wp-content\/uploads\/2020\/03\/Camino_Neocatecumenal_Juan_Pablo_II_palabras_invocacion_jasna_gora_19872.jpg\" alt=\"\" class=\"wp-image-8490\" srcset=\"https:\/\/neocatechumenaleiter.org\/wp-content\/uploads\/2020\/03\/Camino_Neocatecumenal_Juan_Pablo_II_palabras_invocacion_jasna_gora_19872.jpg 706w, https:\/\/neocatechumenaleiter.org\/wp-content\/uploads\/2020\/03\/Camino_Neocatecumenal_Juan_Pablo_II_palabras_invocacion_jasna_gora_19872-300x239.jpg 300w\" sizes=\"auto, (max-width: 706px) 100vw, 706px\" \/><\/figure><\/div>\n\n<p><p>Kolike bi ljudi koji si uzajamno \u010dine dobro ovdje trebalo nabrojiti, koliko zajednica, koliko okru\u017eenja, koliko pokreta! Kad ovo ka\u017eem, padnu mi na pamet barem dvije koje se osje\u0107aju s ve\u0107om snagom tijekom mojeg hodo\u010da\u0161\u0107a: to su na\u0161e vlastite \u201eOaze\u201c pokreta \u201eSvjetlost i \u017eivot\u201c; a \u201e<strong>Neokatekumeni<\/strong>\u201c su nam do\u0161li sa Zapada: nalazim ih svugdje u svijetu, kamo god po\u0161ao. Pomislio sam da ih mo\u017eda nije bilo u Poljskoj, ali od prvog dana svugdje vidim iste natpise koje vidim u drugim dijelovima svijeta na razli\u010ditim jezicima.<\/p><\/p>\n\n<p>Dakle, postoje! Do\u0161li su! Do\u0161li su i \u017eele da u sebi obnovimo svijest o kr\u0161tenju, \u0161to zna\u010di biti kr\u0161\u0107anin od samog po\u010detka.<\/p>\n\n<p>Neka ih Bog blagoslovi!&#8230;  (*) Iz talijanskog prijevoda objavljenog u \u201eL&#8217;Osservatore Romano\u201c, 14. lipnja 1987.<\/p>\n","protected":false},"excerpt":{"rendered":"<p>Govor Pape tijekom zaziva na Jasnoj Gori u Poljskoj 12-6-1987 Sv. Ivan Pavao II. Poljska \u2013 Sveti\u0161te u Cz\u0229stochowi, 12. lipnja 1987. (*) Ivan Pavao II. zaklju\u010dio je peti dan svog hodo\u010da\u0161\u0107a u Poljskoj zazivom na Jasnoj G\u00f3ri, izre\u010denom u petak nave\u010der, 12. lipnja, s tribine sveti\u0161ta u Cz\u0229stochowi. Zaziv na Jasnoj G\u00f3ri je zaziv Gospi koji se pjeva ili recitira svaki dan u 21 sat u cijeloj naciji od<\/p>\n<div class=\"read-more\"><a class=\"btn read-more-btn\" href=\"https:\/\/neocatechumenaleiter.org\/hr\/rijeci-papa\/sv-ivan-pavao-ii\/govor-pape-tijekom-zaziva-na-jasnoj-gori-u-poljskoj-12-6-1987\/\">Nastavi \u010ditati<\/a><\/div>\n","protected":false},"author":2,"featured_media":0,"parent":9680,"menu_order":44,"comment_status":"closed","ping_status":"closed","template":"","meta":{"footnotes":""},"class_list":["post-17908","page","type-page","status-publish","hentry"],"_links":{"self":[{"href":"https:\/\/neocatechumenaleiter.org\/hr\/wp-json\/wp\/v2\/pages\/17908","targetHints":{"allow":["GET"]}}],"collection":[{"href":"https:\/\/neocatechumenaleiter.org\/hr\/wp-json\/wp\/v2\/pages"}],"about":[{"href":"https:\/\/neocatechumenaleiter.org\/hr\/wp-json\/wp\/v2\/types\/page"}],"author":[{"embeddable":true,"href":"https:\/\/neocatechumenaleiter.org\/hr\/wp-json\/wp\/v2\/users\/2"}],"replies":[{"embeddable":true,"href":"https:\/\/neocatechumenaleiter.org\/hr\/wp-json\/wp\/v2\/comments?post=17908"}],"version-history":[{"count":1,"href":"https:\/\/neocatechumenaleiter.org\/hr\/wp-json\/wp\/v2\/pages\/17908\/revisions"}],"predecessor-version":[{"id":17909,"href":"https:\/\/neocatechumenaleiter.org\/hr\/wp-json\/wp\/v2\/pages\/17908\/revisions\/17909"}],"up":[{"embeddable":true,"href":"https:\/\/neocatechumenaleiter.org\/hr\/wp-json\/wp\/v2\/pages\/9680"}],"wp:attachment":[{"href":"https:\/\/neocatechumenaleiter.org\/hr\/wp-json\/wp\/v2\/media?parent=17908"}],"curies":[{"name":"wp","href":"https:\/\/api.w.org\/{rel}","templated":true}]}}