{"id":17910,"date":"2020-09-28T17:53:04","date_gmt":"2020-09-28T16:53:04","guid":{"rendered":"https:\/\/neocatechumenaleiter.org\/rijeci-papa\/sv-ivan-pavao-ii\/audijencija-nekih-zajednica-iz-spanjolske5-12-1987\/"},"modified":"2020-09-28T17:53:38","modified_gmt":"2020-09-28T16:53:38","slug":"audijencija-nekih-zajednica-iz-spanjolske5-12-1987","status":"publish","type":"page","link":"https:\/\/neocatechumenaleiter.org\/hr\/rijeci-papa\/sv-ivan-pavao-ii\/audijencija-nekih-zajednica-iz-spanjolske5-12-1987\/","title":{"rendered":"Audijencija nekih zajednica iz \u0160panjolske 5-12-1987"},"content":{"rendered":"\n<h1 class=\"has-text-align-center wp-block-heading\">Audijencija nekih zajednica iz \u0160panjolske 5-12-1987<\/h1>\n\n<div style=\"height:20px\" aria-hidden=\"true\" class=\"wp-block-spacer\"><\/div>\n\n<h4 class=\"has-text-align-center wp-block-heading\">Sv. Ivan Pavao II.<\/h4>\n\n<div style=\"height:20px\" aria-hidden=\"true\" class=\"wp-block-spacer\"><\/div>\n\n<div class=\"wp-block-image\"><figure class=\"alignright size-medium\"><img loading=\"lazy\" decoding=\"async\" width=\"400\" height=\"330\" src=\"https:\/\/neocatechumenaleiter.org\/wp-content\/uploads\/2020\/03\/Camino_Neocatecumenal_Juan_Pablo_II_audiencia_comunidades_de_espa\u00f1a_1987.jpg\" alt=\"\" class=\"wp-image-8500\" srcset=\"https:\/\/neocatechumenaleiter.org\/wp-content\/uploads\/2020\/03\/Camino_Neocatecumenal_Juan_Pablo_II_audiencia_comunidades_de_espa\u00f1a_1987.jpg 400w, https:\/\/neocatechumenaleiter.org\/wp-content\/uploads\/2020\/03\/Camino_Neocatecumenal_Juan_Pablo_II_audiencia_comunidades_de_espa\u00f1a_1987-300x248.jpg 300w\" sizes=\"auto, (max-width: 400px) 100vw, 400px\" \/><\/figure><\/div>\n\n<p><p><strong>Vatikan \u2013 Kapela Matilda, 5. prosinca 1987. (*)<\/strong><\/p><\/p>\n\n<p><p><em>Danas, nedugo nakon podneva, u subotu 5. prosinca, u kapeli Matildi, Sveti je otac primio u audijenciju \u010dlanove nekih neokatekumenskih zajednica iz Madrida. Ispod je tekst koji je Papa izgovorio:<\/em><\/p><\/p>\n\n<p>Voljena bra\u0107o i sestre: veliko mi je zadovoljstvo jutros primiti neokatekumenske zajednice madridskih \u017eupa: Sveti Rok, Sveta Katarina Laboure, Na\u0161a Gospa od La Palome i skupinu katehista itineranata.<\/p>\n\n<p>Svima vama \u017eelim pru\u017eiti srda\u010dnu dobrodo\u0161licu. Znam da ste do\u0161li u Rim s glavnom svrhom da ponovo ispovjedite svoju vjeru pred grobom Apostola.<\/p>\n\n<p>Neokatekumenski vas put vodi do meditacije i do dubokog iskustva istine Vjerovanja kao \u017eivahne snage u va\u0161em bivanju kr\u0161\u0107aninom kao i potrebe za svjedo\u010denjem veli\u010dine kr\u0161tenja.<\/p>\n\n<div class=\"wp-block-image\"><figure class=\"alignleft size-medium\"><img loading=\"lazy\" decoding=\"async\" width=\"400\" height=\"329\" src=\"https:\/\/neocatechumenaleiter.org\/wp-content\/uploads\/2020\/03\/Camino_Neocatecumenal_Juan_Pablo_II_audiencia_comunidades_de_espa\u00f1a_19872.jpg\" alt=\"\" class=\"wp-image-8502\" srcset=\"https:\/\/neocatechumenaleiter.org\/wp-content\/uploads\/2020\/03\/Camino_Neocatecumenal_Juan_Pablo_II_audiencia_comunidades_de_espa\u00f1a_19872.jpg 400w, https:\/\/neocatechumenaleiter.org\/wp-content\/uploads\/2020\/03\/Camino_Neocatecumenal_Juan_Pablo_II_audiencia_comunidades_de_espa\u00f1a_19872-300x247.jpg 300w\" sizes=\"auto, (max-width: 400px) 100vw, 400px\" \/><\/figure><\/div>\n\n<p>Osje\u0107anje i o\u017eivljavanje istina na\u0161e vjere bitna je sastavnica za ja\u010danje na\u0161eg zajedni\u0161tva u krilu Crkve, na\u0161e majke.<\/p>\n\n<p>Zbog toga molim Boga da vas va\u0161e hodo\u010da\u0161\u0107e u Rim, sredi\u0161te katoli\u010danstva, ukorijeni u va\u0161e sveop\u0107e kr\u0161\u0107ansko opredjeljenje i ohrabri vas na putu kao itinerante u slu\u017ebi Evan\u0111elja.<\/p>\n\n<p>Vrativ\u0161i se u svoje zajednice u \u0160panjolskoj i u svijetu, donesite svima pozdrav Pape, koji misli na sve i moli za sve s velikom naklono\u0161\u0107u i \u017eivahnom nadom. U ovoj Marijanskoj godini povjeravam vas pod za\u0161titu Bla\u017eene Djevice, uzor svetosti i poslu\u0161nosti djelovanju Duha. Neka vas prati na va\u0161em putovanju.<\/p>\n\n<p>U znak dobre volje udjeljujem vam apostolski blagoslov.  (*) Usp. \u201eL&#8217;Osservatore Romano\u201c, 6. prosinca 1987.<\/p>\n","protected":false},"excerpt":{"rendered":"<p>Audijencija nekih zajednica iz \u0160panjolske 5-12-1987 Sv. Ivan Pavao II. Vatikan \u2013 Kapela Matilda, 5. prosinca 1987. (*) Danas, nedugo nakon podneva, u subotu 5. prosinca, u kapeli Matildi, Sveti je otac primio u audijenciju \u010dlanove nekih neokatekumenskih zajednica iz Madrida. Ispod je tekst koji je Papa izgovorio: Voljena bra\u0107o i sestre: veliko mi je zadovoljstvo jutros primiti neokatekumenske zajednice madridskih \u017eupa: Sveti Rok, Sveta Katarina Laboure, Na\u0161a Gospa od<\/p>\n<div class=\"read-more\"><a class=\"btn read-more-btn\" href=\"https:\/\/neocatechumenaleiter.org\/hr\/rijeci-papa\/sv-ivan-pavao-ii\/audijencija-nekih-zajednica-iz-spanjolske5-12-1987\/\">Nastavi \u010ditati<\/a><\/div>\n","protected":false},"author":2,"featured_media":0,"parent":9680,"menu_order":45,"comment_status":"closed","ping_status":"closed","template":"","meta":{"footnotes":""},"class_list":["post-17910","page","type-page","status-publish","hentry"],"_links":{"self":[{"href":"https:\/\/neocatechumenaleiter.org\/hr\/wp-json\/wp\/v2\/pages\/17910","targetHints":{"allow":["GET"]}}],"collection":[{"href":"https:\/\/neocatechumenaleiter.org\/hr\/wp-json\/wp\/v2\/pages"}],"about":[{"href":"https:\/\/neocatechumenaleiter.org\/hr\/wp-json\/wp\/v2\/types\/page"}],"author":[{"embeddable":true,"href":"https:\/\/neocatechumenaleiter.org\/hr\/wp-json\/wp\/v2\/users\/2"}],"replies":[{"embeddable":true,"href":"https:\/\/neocatechumenaleiter.org\/hr\/wp-json\/wp\/v2\/comments?post=17910"}],"version-history":[{"count":3,"href":"https:\/\/neocatechumenaleiter.org\/hr\/wp-json\/wp\/v2\/pages\/17910\/revisions"}],"predecessor-version":[{"id":17913,"href":"https:\/\/neocatechumenaleiter.org\/hr\/wp-json\/wp\/v2\/pages\/17910\/revisions\/17913"}],"up":[{"embeddable":true,"href":"https:\/\/neocatechumenaleiter.org\/hr\/wp-json\/wp\/v2\/pages\/9680"}],"wp:attachment":[{"href":"https:\/\/neocatechumenaleiter.org\/hr\/wp-json\/wp\/v2\/media?parent=17910"}],"curies":[{"name":"wp","href":"https:\/\/api.w.org\/{rel}","templated":true}]}}