{"id":17914,"date":"2020-09-28T18:01:38","date_gmt":"2020-09-28T17:01:38","guid":{"rendered":"https:\/\/neocatechumenaleiter.org\/rijeci-papa\/sv-ivan-pavao-ii\/audijencija-u-sali-clementini-12-12-1987\/"},"modified":"2020-10-06T11:25:36","modified_gmt":"2020-10-06T10:25:36","slug":"audijencija-u-sali-clementini-12-12-1987","status":"publish","type":"page","link":"https:\/\/neocatechumenaleiter.org\/hr\/rijeci-papa\/sv-ivan-pavao-ii\/audijencija-u-sali-clementini-12-12-1987\/","title":{"rendered":"Audijencija u Sali Clementini 12-12-1987"},"content":{"rendered":"\n<h1 class=\"has-text-align-center wp-block-heading\">Audijencija u Sali Clementini 12-12-1987<\/h1>\n\n<div style=\"height:22px\" aria-hidden=\"true\" class=\"wp-block-spacer\"><\/div>\n\n<h4 class=\"has-text-align-center wp-block-heading\">Sv. Ivan Pavao II.<\/h4>\n\n<div style=\"height:20px\" aria-hidden=\"true\" class=\"wp-block-spacer\"><\/div>\n\n<p><p><strong>Vatikan \u2013 Dvorana Clementina, 12. prosinca 1987.<\/strong><\/p><\/p>\n\n<p><p><em>Sveti je otac jutros u audijenciji primio neke \u010dlanove neokatekumenskih zajednica iz Palerma, Catanije, Perugije, Firence i Rima, koji su namjeravali obnoviti svoj \u010din vjere pred Petrovim nasljednikom. Evo govora koji je odr\u017eao Papa:<\/em><\/p><\/p>\n\n<p>\u017delim re\u0107i, bez umno\u017eavanja rije\u010di, da se vjera mora ispovijedati, pjevati, \u017eivjeti; a ovo je va\u0161 put, a tako\u0111er i na\u0161 put, sviju nas.<\/p>\n\n<p>Da, s vjerom se mora do\u0107i sv. Petru, na njegov grob, na mjesto gdje je kr\u0161ten, gdje je svjedo\u010dio Krista koji je umro i uskrsnuo. I s ovom se vjerom ponekad mora izazvati iznena\u0111enje kod turista: ovo iznena\u0111enje trebate stvoriti kod svih onih koji misle da u ovom gradu mogu biti samo turisti; moraju shvatiti da ovdje ne dolazite samo kao turisti, ve\u0107 morate biti hodo\u010dasnici.<\/p>\n\n<p><p><em>Dovoljno! U L\u2019Osservatore Romano na\u0107i \u0107ete jo\u0161 jedan, mnogo du\u017ei govor. (*) Iz izravne snimke.<\/em><\/p><\/p>\n\n<div class=\"wp-block-image\"><figure class=\"aligncenter size-large\"><img loading=\"lazy\" decoding=\"async\" width=\"700\" height=\"562\" src=\"https:\/\/neocatechumenaleiter.org\/wp-content\/uploads\/2020\/03\/Camino_Neocatecumenal_Juan_Pablo_II_audiencia_sala_clementina_1987.jpg\" alt=\"\" class=\"wp-image-8506\" srcset=\"https:\/\/neocatechumenaleiter.org\/wp-content\/uploads\/2020\/03\/Camino_Neocatecumenal_Juan_Pablo_II_audiencia_sala_clementina_1987.jpg 700w, https:\/\/neocatechumenaleiter.org\/wp-content\/uploads\/2020\/03\/Camino_Neocatecumenal_Juan_Pablo_II_audiencia_sala_clementina_1987-300x241.jpg 300w\" sizes=\"auto, (max-width: 700px) 100vw, 700px\" \/><\/figure><\/div>\n","protected":false},"excerpt":{"rendered":"<p>Audijencija u Sali Clementini 12-12-1987 Sv. Ivan Pavao II. Vatikan \u2013 Dvorana Clementina, 12. prosinca 1987. Sveti je otac jutros u audijenciji primio neke \u010dlanove neokatekumenskih zajednica iz Palerma, Catanije, Perugije, Firence i Rima, koji su namjeravali obnoviti svoj \u010din vjere pred Petrovim nasljednikom. Evo govora koji je odr\u017eao Papa: \u017delim re\u0107i, bez umno\u017eavanja rije\u010di, da se vjera mora ispovijedati, pjevati, \u017eivjeti; a ovo je va\u0161 put, a tako\u0111er i<\/p>\n<div class=\"read-more\"><a class=\"btn read-more-btn\" href=\"https:\/\/neocatechumenaleiter.org\/hr\/rijeci-papa\/sv-ivan-pavao-ii\/audijencija-u-sali-clementini-12-12-1987\/\">Nastavi \u010ditati<\/a><\/div>\n","protected":false},"author":2,"featured_media":0,"parent":9680,"menu_order":46,"comment_status":"closed","ping_status":"closed","template":"","meta":{"footnotes":""},"class_list":["post-17914","page","type-page","status-publish","hentry"],"_links":{"self":[{"href":"https:\/\/neocatechumenaleiter.org\/hr\/wp-json\/wp\/v2\/pages\/17914","targetHints":{"allow":["GET"]}}],"collection":[{"href":"https:\/\/neocatechumenaleiter.org\/hr\/wp-json\/wp\/v2\/pages"}],"about":[{"href":"https:\/\/neocatechumenaleiter.org\/hr\/wp-json\/wp\/v2\/types\/page"}],"author":[{"embeddable":true,"href":"https:\/\/neocatechumenaleiter.org\/hr\/wp-json\/wp\/v2\/users\/2"}],"replies":[{"embeddable":true,"href":"https:\/\/neocatechumenaleiter.org\/hr\/wp-json\/wp\/v2\/comments?post=17914"}],"version-history":[{"count":3,"href":"https:\/\/neocatechumenaleiter.org\/hr\/wp-json\/wp\/v2\/pages\/17914\/revisions"}],"predecessor-version":[{"id":18113,"href":"https:\/\/neocatechumenaleiter.org\/hr\/wp-json\/wp\/v2\/pages\/17914\/revisions\/18113"}],"up":[{"embeddable":true,"href":"https:\/\/neocatechumenaleiter.org\/hr\/wp-json\/wp\/v2\/pages\/9680"}],"wp:attachment":[{"href":"https:\/\/neocatechumenaleiter.org\/hr\/wp-json\/wp\/v2\/media?parent=17914"}],"curies":[{"name":"wp","href":"https:\/\/api.w.org\/{rel}","templated":true}]}}