{"id":17916,"date":"2020-09-28T18:08:22","date_gmt":"2020-09-28T17:08:22","guid":{"rendered":"https:\/\/neocatechumenaleiter.org\/rijeci-papa\/sv-ivan-pavao-ii\/vazmeno-bdijenje-u-bazilici-svetog-petra-s-nekim-zajednicama-iz-madrida-3-4-1988\/"},"modified":"2020-09-28T18:08:22","modified_gmt":"2020-09-28T17:08:22","slug":"vazmeno-bdijenje-u-bazilici-svetog-petra-s-nekim-zajednicama-iz-madrida-3-4-1988","status":"publish","type":"page","link":"https:\/\/neocatechumenaleiter.org\/hr\/rijeci-papa\/sv-ivan-pavao-ii\/vazmeno-bdijenje-u-bazilici-svetog-petra-s-nekim-zajednicama-iz-madrida-3-4-1988\/","title":{"rendered":"Vazmeno Bdijenje u Bazilici svetog Petra s nekim zajednicama iz Madrida 3-4-1988"},"content":{"rendered":"\n<h1 class=\"has-text-align-center wp-block-heading\">Vazmeno Bdijenje u Bazilici svetog Petra s nekim zajednicama iz Madrida 3-4-1988<\/h1>\n\n<div style=\"height:20px\" aria-hidden=\"true\" class=\"wp-block-spacer\"><\/div>\n\n<h4 class=\"has-text-align-center wp-block-heading\">Sv. Ivan Pavao II.<\/h4>\n\n<div style=\"height:20px\" aria-hidden=\"true\" class=\"wp-block-spacer\"><\/div>\n\n<p><p><strong>Vatikan, 3. travnja 1988.<\/strong><\/p><\/p>\n\n<p><p><em>Bra\u0107a Neokatekumenskih zajednica iz \u017eupa La Paloma, svetog Josipa i svetog Sebastijana iz Madrida sve\u010dano su obnovila krsna obe\u0107anja na kraju svojeg Neokatekumenskog puta. Sudjelovali su u pashalnom bdjenju odjeveni u bijele haljine. Pratili su ih njihovi katehisti i prva zajednica \u017eupe Kanadskih mu\u010denika u Rimu.<\/em><\/p><\/p>\n\n<div class=\"wp-block-image\"><figure class=\"aligncenter size-large\"><img loading=\"lazy\" decoding=\"async\" width=\"768\" height=\"516\" src=\"https:\/\/neocatechumenaleiter.org\/wp-content\/uploads\/2020\/03\/Camino_Neocatecumenal_Juan_Pablo_II_vigilia_pascual_hermanos_vestidura_blanca_comunidades_Madrid_1988.jpg\" alt=\"\" class=\"wp-image-8413\" srcset=\"https:\/\/neocatechumenaleiter.org\/wp-content\/uploads\/2020\/03\/Camino_Neocatecumenal_Juan_Pablo_II_vigilia_pascual_hermanos_vestidura_blanca_comunidades_Madrid_1988.jpg 768w, https:\/\/neocatechumenaleiter.org\/wp-content\/uploads\/2020\/03\/Camino_Neocatecumenal_Juan_Pablo_II_vigilia_pascual_hermanos_vestidura_blanca_comunidades_Madrid_1988-300x202.jpg 300w\" sizes=\"auto, (max-width: 768px) 100vw, 768px\" \/><\/figure><\/div>\n","protected":false},"excerpt":{"rendered":"<p>Vazmeno Bdijenje u Bazilici svetog Petra s nekim zajednicama iz Madrida 3-4-1988 Sv. Ivan Pavao II. Vatikan, 3. travnja 1988. Bra\u0107a Neokatekumenskih zajednica iz \u017eupa La Paloma, svetog Josipa i svetog Sebastijana iz Madrida sve\u010dano su obnovila krsna obe\u0107anja na kraju svojeg Neokatekumenskog puta. Sudjelovali su u pashalnom bdjenju odjeveni u bijele haljine. Pratili su ih njihovi katehisti i prva zajednica \u017eupe Kanadskih mu\u010denika u Rimu.<\/p>\n","protected":false},"author":2,"featured_media":0,"parent":9680,"menu_order":51,"comment_status":"closed","ping_status":"closed","template":"","meta":{"footnotes":""},"class_list":["post-17916","page","type-page","status-publish","hentry"],"_links":{"self":[{"href":"https:\/\/neocatechumenaleiter.org\/hr\/wp-json\/wp\/v2\/pages\/17916","targetHints":{"allow":["GET"]}}],"collection":[{"href":"https:\/\/neocatechumenaleiter.org\/hr\/wp-json\/wp\/v2\/pages"}],"about":[{"href":"https:\/\/neocatechumenaleiter.org\/hr\/wp-json\/wp\/v2\/types\/page"}],"author":[{"embeddable":true,"href":"https:\/\/neocatechumenaleiter.org\/hr\/wp-json\/wp\/v2\/users\/2"}],"replies":[{"embeddable":true,"href":"https:\/\/neocatechumenaleiter.org\/hr\/wp-json\/wp\/v2\/comments?post=17916"}],"version-history":[{"count":1,"href":"https:\/\/neocatechumenaleiter.org\/hr\/wp-json\/wp\/v2\/pages\/17916\/revisions"}],"predecessor-version":[{"id":17917,"href":"https:\/\/neocatechumenaleiter.org\/hr\/wp-json\/wp\/v2\/pages\/17916\/revisions\/17917"}],"up":[{"embeddable":true,"href":"https:\/\/neocatechumenaleiter.org\/hr\/wp-json\/wp\/v2\/pages\/9680"}],"wp:attachment":[{"href":"https:\/\/neocatechumenaleiter.org\/hr\/wp-json\/wp\/v2\/media?parent=17916"}],"curies":[{"name":"wp","href":"https:\/\/api.w.org\/{rel}","templated":true}]}}