{"id":17918,"date":"2020-09-28T18:12:20","date_gmt":"2020-09-28T17:12:20","guid":{"rendered":"https:\/\/neocatechumenaleiter.org\/rijeci-papa\/sv-ivan-pavao-ii\/pozdrav-tijekom-pohoda-peru-16-5-1988\/"},"modified":"2020-09-28T18:13:22","modified_gmt":"2020-09-28T17:13:22","slug":"pozdrav-tijekom-pohoda-peru-16-5-1988","status":"publish","type":"page","link":"https:\/\/neocatechumenaleiter.org\/hr\/rijeci-papa\/sv-ivan-pavao-ii\/pozdrav-tijekom-pohoda-peru-16-5-1988\/","title":{"rendered":"Pozdrav tijekom pohoda Peruu 16-5-1988"},"content":{"rendered":"\n<h1 class=\"has-text-align-center wp-block-heading\">Pozdrav tijekom pohoda Peruu 16-5-1988<\/h1>\n\n<div style=\"height:20px\" aria-hidden=\"true\" class=\"wp-block-spacer\"><\/div>\n\n<h4 class=\"has-text-align-center wp-block-heading\">Sv. Ivan Pavao II.<\/h4>\n\n<div style=\"height:20px\" aria-hidden=\"true\" class=\"wp-block-spacer\"><\/div>\n\n<p><p><strong>Lima, 16. svibnja 1988.<\/strong><\/p><\/p>\n\n<p><p><em>Tijekom svojeg apostolskog posjeta Peruu, u gradu Limi, Sveti je Otac uputio sljede\u0107i pozdrav neokatekumenskim zajednicama i obiteljima koje ve\u0107 vi\u0161e od godinu dana rade u \u201ePueblos J\u00f3venes\u201c me\u0111u siromasima.<\/em><\/p><\/p>\n\n<p>Donosimo svoj prijevod sa \u0161panjolskog: Zahvaljujem svima prisutnima i svima koji su pridonijeli organizaciji i provedbi ovog velikog Bolivarskog euharistijskog kongresa, posebno onima koji su ju\u010der pridonijeli na njegovom zaklju\u010dku.<\/p>\n\n<p>Mislim na sve, ne samo na prisutne, ve\u0107 i na Limu i cijelu naciju. \u017delio bih pozdraviti razne skupine, udruge i pokrete, od kojih su neki vrlo aktivni. Ova aktivnost prikazana je i putem poziva upu\u0107enih Papi da posjeti njihovo sjedi\u0161te, ali privatni posjeti nisu se mogli zbiti, jer je to bio op\u0107i posjet cijelom gradu Limi, cijelom glavnom gradu koji ima oko \u0161est ili sedam milijuna stanovnika. Ipak sam i dalje vrlo zahvalan na tim pozivima, a posebno na apostolskim aktivnostima tih pokreta, poput, na primjer, Neokatekumena. Doista su zaslu\u017eili posjet, iskreno su zaslu\u017eili vi\u0161e; ali taj posjet nije bio mogu\u0107.<\/p>\n\n<p>\u017delim blagosloviti sve ono \u0161to \u010dine za promicanje evangelizacije ovog naroda, kao i za promicanje zvanja. Dobro znamo da me\u0111u njima postoji i nekoliko itineranata; itinerantskih obitelji koje, prema kardinalu Land\u00e1zuriju, vrlo dobro rade. Stoga svima zahvaljujem i svim vas srcem blagoslivljam.<\/p>\n","protected":false},"excerpt":{"rendered":"<p>Pozdrav tijekom pohoda Peruu 16-5-1988 Sv. Ivan Pavao II. Lima, 16. svibnja 1988. Tijekom svojeg apostolskog posjeta Peruu, u gradu Limi, Sveti je Otac uputio sljede\u0107i pozdrav neokatekumenskim zajednicama i obiteljima koje ve\u0107 vi\u0161e od godinu dana rade u \u201ePueblos J\u00f3venes\u201c me\u0111u siromasima. Donosimo svoj prijevod sa \u0161panjolskog: Zahvaljujem svima prisutnima i svima koji su pridonijeli organizaciji i provedbi ovog velikog Bolivarskog euharistijskog kongresa, posebno onima koji su ju\u010der pridonijeli<\/p>\n<div class=\"read-more\"><a class=\"btn read-more-btn\" href=\"https:\/\/neocatechumenaleiter.org\/hr\/rijeci-papa\/sv-ivan-pavao-ii\/pozdrav-tijekom-pohoda-peru-16-5-1988\/\">Nastavi \u010ditati<\/a><\/div>\n","protected":false},"author":2,"featured_media":0,"parent":9680,"menu_order":52,"comment_status":"closed","ping_status":"closed","template":"","meta":{"footnotes":""},"class_list":["post-17918","page","type-page","status-publish","hentry"],"_links":{"self":[{"href":"https:\/\/neocatechumenaleiter.org\/hr\/wp-json\/wp\/v2\/pages\/17918","targetHints":{"allow":["GET"]}}],"collection":[{"href":"https:\/\/neocatechumenaleiter.org\/hr\/wp-json\/wp\/v2\/pages"}],"about":[{"href":"https:\/\/neocatechumenaleiter.org\/hr\/wp-json\/wp\/v2\/types\/page"}],"author":[{"embeddable":true,"href":"https:\/\/neocatechumenaleiter.org\/hr\/wp-json\/wp\/v2\/users\/2"}],"replies":[{"embeddable":true,"href":"https:\/\/neocatechumenaleiter.org\/hr\/wp-json\/wp\/v2\/comments?post=17918"}],"version-history":[{"count":3,"href":"https:\/\/neocatechumenaleiter.org\/hr\/wp-json\/wp\/v2\/pages\/17918\/revisions"}],"predecessor-version":[{"id":17921,"href":"https:\/\/neocatechumenaleiter.org\/hr\/wp-json\/wp\/v2\/pages\/17918\/revisions\/17921"}],"up":[{"embeddable":true,"href":"https:\/\/neocatechumenaleiter.org\/hr\/wp-json\/wp\/v2\/pages\/9680"}],"wp:attachment":[{"href":"https:\/\/neocatechumenaleiter.org\/hr\/wp-json\/wp\/v2\/media?parent=17918"}],"curies":[{"name":"wp","href":"https:\/\/api.w.org\/{rel}","templated":true}]}}