{"id":17922,"date":"2020-09-28T18:19:38","date_gmt":"2020-09-28T17:19:38","guid":{"rendered":"https:\/\/neocatechumenaleiter.org\/rijeci-papa\/sv-ivan-pavao-ii\/privatna-audijencija-prigodom-slanja-obitelji-za-novu-evangelizaciju-9-6-1988\/"},"modified":"2020-09-28T18:20:43","modified_gmt":"2020-09-28T17:20:43","slug":"privatna-audijencija-prigodom-slanja-obitelji-za-novu-evangelizaciju-9-6-1988","status":"publish","type":"page","link":"https:\/\/neocatechumenaleiter.org\/hr\/rijeci-papa\/sv-ivan-pavao-ii\/privatna-audijencija-prigodom-slanja-obitelji-za-novu-evangelizaciju-9-6-1988\/","title":{"rendered":"Privatna Audijencija prigodom slanja Obitelji za \u201eNovu Evangelizaciju\u201c 9-6-1988"},"content":{"rendered":"\n<h1 class=\"has-text-align-center wp-block-heading\">Privatna Audijencija prigodom slanja Obitelji za \u201eNovu Evangelizaciju\u201c 9-6-1988<\/h1>\n\n<div style=\"height:20px\" aria-hidden=\"true\" class=\"wp-block-spacer\"><\/div>\n\n<h4 class=\"has-text-align-center wp-block-heading\">Sv. Ivan Pavao II.<\/h4>\n\n<div style=\"height:20px\" aria-hidden=\"true\" class=\"wp-block-spacer\"><\/div>\n\n<p><p><strong>Vatikan, Dvorana Clementina, 9. lipnja 1988.<\/strong><\/p><\/p>\n\n<p><p><em>Tijekom privatne audijencije u Dvorani Clementini, Sveti je otac podijelio raspelo dvanaesterim obiteljima koje su odlazile u Ju\u017enu Ameriku \u017eivjeti me\u0111u siromasima, svjedo\u010de\u0107i Evan\u0111elje u \u201ePueblos J\u00f3venes\u201c oko Lime (Peru), me\u0111u rudarima Coronela (\u010cile) i na netaknutim podru\u010djima Guayaquila (Ekvador).<\/em><\/p><\/p>\n\n<div class=\"wp-block-image\"><figure class=\"aligncenter size-large\"><img loading=\"lazy\" decoding=\"async\" width=\"768\" height=\"628\" src=\"https:\/\/neocatechumenaleiter.org\/wp-content\/uploads\/2020\/03\/Camino_Neocatecumenal_Juan_Pablo_II_audiencia_privada_envio_familias_mision_1988.jpg\" alt=\"\" class=\"wp-image-7638\" srcset=\"https:\/\/neocatechumenaleiter.org\/wp-content\/uploads\/2020\/03\/Camino_Neocatecumenal_Juan_Pablo_II_audiencia_privada_envio_familias_mision_1988.jpg 768w, https:\/\/neocatechumenaleiter.org\/wp-content\/uploads\/2020\/03\/Camino_Neocatecumenal_Juan_Pablo_II_audiencia_privada_envio_familias_mision_1988-300x245.jpg 300w\" sizes=\"auto, (max-width: 768px) 100vw, 768px\" \/><\/figure><\/div>\n","protected":false},"excerpt":{"rendered":"<p>Privatna Audijencija prigodom slanja Obitelji za \u201eNovu Evangelizaciju\u201c 9-6-1988 Sv. Ivan Pavao II. Vatikan, Dvorana Clementina, 9. lipnja 1988. Tijekom privatne audijencije u Dvorani Clementini, Sveti je otac podijelio raspelo dvanaesterim obiteljima koje su odlazile u Ju\u017enu Ameriku \u017eivjeti me\u0111u siromasima, svjedo\u010de\u0107i Evan\u0111elje u \u201ePueblos J\u00f3venes\u201c oko Lime (Peru), me\u0111u rudarima Coronela (\u010cile) i na netaknutim podru\u010djima Guayaquila (Ekvador).<\/p>\n","protected":false},"author":2,"featured_media":0,"parent":9680,"menu_order":53,"comment_status":"closed","ping_status":"closed","template":"","meta":{"footnotes":""},"class_list":["post-17922","page","type-page","status-publish","hentry"],"_links":{"self":[{"href":"https:\/\/neocatechumenaleiter.org\/hr\/wp-json\/wp\/v2\/pages\/17922","targetHints":{"allow":["GET"]}}],"collection":[{"href":"https:\/\/neocatechumenaleiter.org\/hr\/wp-json\/wp\/v2\/pages"}],"about":[{"href":"https:\/\/neocatechumenaleiter.org\/hr\/wp-json\/wp\/v2\/types\/page"}],"author":[{"embeddable":true,"href":"https:\/\/neocatechumenaleiter.org\/hr\/wp-json\/wp\/v2\/users\/2"}],"replies":[{"embeddable":true,"href":"https:\/\/neocatechumenaleiter.org\/hr\/wp-json\/wp\/v2\/comments?post=17922"}],"version-history":[{"count":3,"href":"https:\/\/neocatechumenaleiter.org\/hr\/wp-json\/wp\/v2\/pages\/17922\/revisions"}],"predecessor-version":[{"id":17925,"href":"https:\/\/neocatechumenaleiter.org\/hr\/wp-json\/wp\/v2\/pages\/17922\/revisions\/17925"}],"up":[{"embeddable":true,"href":"https:\/\/neocatechumenaleiter.org\/hr\/wp-json\/wp\/v2\/pages\/9680"}],"wp:attachment":[{"href":"https:\/\/neocatechumenaleiter.org\/hr\/wp-json\/wp\/v2\/media?parent=17922"}],"curies":[{"name":"wp","href":"https:\/\/api.w.org\/{rel}","templated":true}]}}