{"id":17978,"date":"2020-03-03T05:05:52","date_gmt":"2020-03-03T04:05:52","guid":{"rendered":"https:\/\/neocatechumenaleiter.org\/rijeci-papa\/sv-ivan-pavao-ii\/pohod-zupi-sv-ireneja-9-3-1986\/"},"modified":"2021-08-10T11:05:28","modified_gmt":"2021-08-10T10:05:28","slug":"pohod-zupi-sv-ireneja-9-3-1986","status":"publish","type":"page","link":"https:\/\/neocatechumenaleiter.org\/hr\/rijeci-papa\/sv-ivan-pavao-ii\/pohod-zupi-sv-ireneja-9-3-1986\/","title":{"rendered":"Pohod \u017eupi sv. Ireneja 9-3-1986"},"content":{"rendered":"\n<h1 class=\"has-text-align-center wp-block-heading\">Pohod \u017eupi sv. Ireneja 9-3-1986<\/h1>\n\n<div style=\"height:20px\" aria-hidden=\"true\" class=\"wp-block-spacer\"><\/div>\n\n<h4 class=\"has-text-align-center wp-block-heading\">Sv. Ivan Pavao II.<\/h4>\n\n<div style=\"height:20px\" aria-hidden=\"true\" class=\"wp-block-spacer\"><\/div>\n\n<div class=\"wp-block-image\"><figure class=\"alignright size-large\"><img loading=\"lazy\" decoding=\"async\" width=\"700\" height=\"563\" src=\"https:\/\/neocatechumenaleiter.org\/wp-content\/uploads\/2020\/03\/Camino_Neocatecumenal_Juan_Pablo_II_visita_parroquia_San_Irineo_1986.jpg\" alt=\"\" class=\"wp-image-7857\" srcset=\"https:\/\/neocatechumenaleiter.org\/wp-content\/uploads\/2020\/03\/Camino_Neocatecumenal_Juan_Pablo_II_visita_parroquia_San_Irineo_1986.jpg 700w, https:\/\/neocatechumenaleiter.org\/wp-content\/uploads\/2020\/03\/Camino_Neocatecumenal_Juan_Pablo_II_visita_parroquia_San_Irineo_1986-300x241.jpg 300w\" sizes=\"auto, (max-width: 700px) 100vw, 700px\" \/><\/figure><\/div>\n\n<p><p><strong>Rim, 9. o\u017eujka 1986. (*)<\/strong><\/p><\/p>\n\n<p><p><em>Prije trinaest godina ro\u0111ena je prva neokatekumenska zajednica u Svetom Ireneju. Od tada se Put razvijao, uklju\u010duju\u0107i sve ve\u0107i broj ljudi, toliko da je danas u \u017eupi prisutno pet zajednica, a za neke je vjernike do\u0161lo vrijeme za \u201eRedditio\u201c, javno ispovijedanje vjere nakon nekoliko godina navije\u0161tanja u susjedstvu. Ivan Pavao II. susreo se sa \u017eivahnom stvarno\u0161\u0107u neokatekumenskih zajednica u \u017eupnoj crkvi. Bio je to dug i sve\u010dan susret, tijekom kojeg, dakako, nisu nedostajali trenuci dubokih osje\u0107aja, pogotovo kad su dvoje mladih proglasili \u201eVjerovanje\u201c podsje\u0107aju\u0107i na put svog obra\u0107enja i otkrivanja Bo\u017eje ljubavi. \u201eMarijo, ti si povjerovala Rije\u010di Gospodnjoj\u201c, Sveti je otac dugo zastajao pozdravljaju\u0107i prisutne, a posebno brojnu djecu. Nakon kratkog izlaganja \u017eupnika, katehist Edoardo Magri obratio se Papi hommageom u kojem je ilustrirao aktivnosti koje su zajednice provodile te postignute ciljeve. Objasnio je zna\u010denje etape \u201eTraditio\u201c, tijekom koje bra\u0107u \u0161alju po ku\u0107ama da navije\u0161taju Evan\u0111elje, i etape \u201eRedditio\u201c, koja dose\u017ee vrhunac predajom palminih grana na Cvjetnicu, simbola poziva kr\u0161\u0107anina da svjedo\u010di svoju vjeru sve do mu\u010deni\u0161tva.\u00a0<\/em>\u00ab<em>Nakon \u201eRedditija\u201c- rekao je katehist Edoardo Magri \u2013 molimo bra\u0107u da se stave na raspolaganje \u017eupniku, upravo zato \u0161to Neokatekumenski put ne \u017eeli biti pokret koji provodi ne\u0161to svoje, ve\u0107 \u017eeli biti u Crkvi u slu\u017ebi Crkve\u00bb. Ivan Pavao II. uputio je ove rije\u010di \u010dlanovima neokatekumenskih zajednica:<\/em><\/p><\/p>\n\n<p>Kadgod \u010dujem ovu pjesmu, ovu Marijinu pjesmu: \u201eMarijo, Ti si povjerovala Rije\u010di Gospodnjoj\u201c, odmah znam da je tu jedna neokatekumenska skupina. Posvuda, posvuda \u010dujem ovu pjesmu: \u010dujem je u raznim zemljama i kontinentima. Nedavno sam je \u010duo u Indiji, posvuda isti ton, isti napjev, iste rije\u010di; \u010dujem ovo zazivanje Marije koja je povjerovala i tako postala prva vjernica, mo\u017eemo re\u0107i predvodnica svih vjernika. Ona je vjerovala u najpunijem i najplodnijem smislu. \u201eMarijo, Ti si povjerovala Rije\u010di Gospodnjoj\u201c: tako ju je blagoslivljala njezina rodica Elizabeta, tim je rije\u010dima blagoslivljala svoju sestri\u010dnu. Tim je rije\u010dima blagoslivljemo i mi, blagoslivlje je cijela Crkva, blagoslivlje je cijela Crkva, ali posebno je blagoslivljate vi neokatekumeni. Jer za vas je put vjere bitna stvar, put vjere, taj put koji svoj sakramentalni po\u010detak ima u kr\u0161tenju, taj put \u0161to ima svoju dimenziju du\u017e cijelog \u010dovjekova \u017eivota, svakoga od nas. &#13;\nOvaj Put, kako ste rekli, osobito u prvom izvje\u0161taju, ima Vjera primljena i svoj ritam. Taj je ritam izra\u017een sa ove dvije rije\u010di: Traditio i Redditio. Vjera mora biti \u201epredana\u201c, prene\u0161ena i prihva\u0107ena, primljena, a to se doga\u0111a sa kr\u0161tenjem, a poslije se to \u010dini kr\u0161\u0107anskim odgojem. To \u010dine razne osobe i razni Bo\u017eji poslanici, kao \u0161to je bilo i s Marijom; preko An\u0111eoskog poslanika. Gabrijela. To je bilo i preko Isusa Krista, prvog apsolutnog Bo\u017ejeg poslanika za \u010ditavo \u010dovje\u010danstvo. Tako je bilo i preko apostola, i sada preko Crkve. Ovaj prvi ritam, ova prva etapa je: primiti Traditio; to je primanje: vjera biva \u201epredana\u201c i biva primljena; poslije to valja proslijediti, nastaviti sa drugom etapom: to je Redditio: vjera jednom primljena mora biti preno\u0161ena, jer ona je jedno dobro, jedno blago, blago koje nam je od Boga besplatno dano, ne samo zato da bismo ga u sebi sakrivali i pro\u017eivljavali intimisti\u010dki, privatno, nego nam je dano, \u201epredano\u201c nam je da ga prenosimo drugima. Ali valja imati veliko odu\u0161evljenje, duboko osvjedo\u010denu vjeru da bismo je mogli prenositi drugima, predati drugima. &#13;\nI tako neokatekumeni postaju katehisti itineranti, nose Kristovo evan\u0111elje, nose svjedo\u010danstvo vjere; ne samo rije\u010di svete u apstraktnom smislu, nego rije\u010di zasvjedo\u010dene, Rije\u010d Bo\u017eju posvjedo\u010denu vjerom svakog pojedinog. To je Snaga! Eto, predragi, ja vam \u017eelim da ovaj dvostruki ritam vjere: Traditio i Redditio uvijek sa\u010dinjava ritam va\u0161ega \u017eivota dok ste na Putu i kad zavr\u0161ite Put i vratite se, ali se vratite kao posebno zreli kr\u0161\u0107ani, u zajednicu Crkve, u zajednicu \u017eupe.&#13;\n<\/p>\n\n<p>Uvijek vas vidim vrlo rado, susreti s vama vrlo su radosni zbog dva elementa: jedan je pjesma, vrlo energi\u010dna pjesma, koja odjekuje, koja odjekuje; a drugi su djeca, djeca koja \u010dine, recimo, svoj Neokatekumenski put, hvala Bogu! I donose nam toliko radosti, uvijek, svima nama, a i za mene su velika radost kada ih vidim. \u017delio bih vas zagrliti ovim blagoslovom i po\u017eeljeti vam sretnu Pashu na va\u0161em Neokatekumenskom putu. Neka vas blagoslovi svemogu\u0107i Bog, Otac, Sin i Duh Sveti.&#13;\nSretan Uskrs!<\/p>\n\n<p>(*) Usp. \u201eL&#8217;Osservatore Romano\u201c, 10.-11. o\u017eujka 1986., s nadopunom snimke.<\/p>\n","protected":false},"excerpt":{"rendered":"<p>Pohod \u017eupi sv. Ireneja 9-3-1986 Sv. Ivan Pavao II. Rim, 9. o\u017eujka 1986. (*) Prije trinaest godina ro\u0111ena je prva neokatekumenska zajednica u Svetom Ireneju. Od tada se Put razvijao, uklju\u010duju\u0107i sve ve\u0107i broj ljudi, toliko da je danas u \u017eupi prisutno pet zajednica, a za neke je vjernike do\u0161lo vrijeme za \u201eRedditio\u201c, javno ispovijedanje vjere nakon nekoliko godina navije\u0161tanja u susjedstvu. Ivan Pavao II. susreo se sa \u017eivahnom stvarno\u0161\u0107u<\/p>\n<div class=\"read-more\"><a class=\"btn read-more-btn\" href=\"https:\/\/neocatechumenaleiter.org\/hr\/rijeci-papa\/sv-ivan-pavao-ii\/pohod-zupi-sv-ireneja-9-3-1986\/\">Nastavi \u010ditati<\/a><\/div>\n","protected":false},"author":2,"featured_media":0,"parent":9680,"menu_order":35,"comment_status":"closed","ping_status":"closed","template":"","meta":{"footnotes":""},"class_list":["post-17978","page","type-page","status-publish","hentry"],"_links":{"self":[{"href":"https:\/\/neocatechumenaleiter.org\/hr\/wp-json\/wp\/v2\/pages\/17978","targetHints":{"allow":["GET"]}}],"collection":[{"href":"https:\/\/neocatechumenaleiter.org\/hr\/wp-json\/wp\/v2\/pages"}],"about":[{"href":"https:\/\/neocatechumenaleiter.org\/hr\/wp-json\/wp\/v2\/types\/page"}],"author":[{"embeddable":true,"href":"https:\/\/neocatechumenaleiter.org\/hr\/wp-json\/wp\/v2\/users\/2"}],"replies":[{"embeddable":true,"href":"https:\/\/neocatechumenaleiter.org\/hr\/wp-json\/wp\/v2\/comments?post=17978"}],"version-history":[{"count":10,"href":"https:\/\/neocatechumenaleiter.org\/hr\/wp-json\/wp\/v2\/pages\/17978\/revisions"}],"predecessor-version":[{"id":24302,"href":"https:\/\/neocatechumenaleiter.org\/hr\/wp-json\/wp\/v2\/pages\/17978\/revisions\/24302"}],"up":[{"embeddable":true,"href":"https:\/\/neocatechumenaleiter.org\/hr\/wp-json\/wp\/v2\/pages\/9680"}],"wp:attachment":[{"href":"https:\/\/neocatechumenaleiter.org\/hr\/wp-json\/wp\/v2\/media?parent=17978"}],"curies":[{"name":"wp","href":"https:\/\/api.w.org\/{rel}","templated":true}]}}