{"id":18028,"date":"2020-09-30T09:11:55","date_gmt":"2020-09-30T08:11:55","guid":{"rendered":"https:\/\/neocatechumenaleiter.org\/rijeci-papa\/sv-ivan-pavao-ii\/vazmeno-bdijenje-u-bazilici-svetog-petra-26-3-1989\/"},"modified":"2020-10-01T16:49:59","modified_gmt":"2020-10-01T15:49:59","slug":"vazmeno-bdijenje-u-bazilici-svetog-petra-26-3-1989","status":"publish","type":"page","link":"https:\/\/neocatechumenaleiter.org\/hr\/rijeci-papa\/sv-ivan-pavao-ii\/vazmeno-bdijenje-u-bazilici-svetog-petra-26-3-1989\/","title":{"rendered":"Vazmeno Bdijenje u Bazilici svetog Petra 26-3-1989"},"content":{"rendered":"\n<h1 class=\"has-text-align-center wp-block-heading\">Vazmeno Bdijenje u Bazilici svetog Petra 26-3-1989<\/h1>\n\n<div style=\"height:20px\" aria-hidden=\"true\" class=\"wp-block-spacer\"><\/div>\n\n<h4 class=\"has-text-align-center wp-block-heading\">Sv. Ivan Pavao II.<\/h4>\n\n<div style=\"height:20px\" aria-hidden=\"true\" class=\"wp-block-spacer\"><\/div>\n\n<p><p><strong>Bazilika svetog Petra, 26. o\u017eujka 1989.<\/strong><\/p><\/p>\n\n<p><p><em>Bra\u0107a iz zajednica \u017eupe svetog Alojzija Gonzage i \u017eupe Kanadskih Mu\u010denika sve\u010dano su obnovili krsna obe\u0107anja na kraju svog neokatekumenskog puta. Pratili su ih njihovi kateheti Kiko Arg\u00fcello, Carmen Hern\u00e1ndez i Prva zajednica \u017eupe Kanadskih Mu\u010denika.<\/em><\/p><\/p>\n\n<figure class=\"wp-block-image size-large\"><img loading=\"lazy\" decoding=\"async\" width=\"714\" height=\"569\" src=\"https:\/\/neocatechumenaleiter.org\/wp-content\/uploads\/2020\/03\/Camino_Neocatecumenal_Juan_Pablo_II_vigilia_pascual_hermanos_vestidura_blanca_1989.jpg\" alt=\"\" class=\"wp-image-7672\" srcset=\"https:\/\/neocatechumenaleiter.org\/wp-content\/uploads\/2020\/03\/Camino_Neocatecumenal_Juan_Pablo_II_vigilia_pascual_hermanos_vestidura_blanca_1989.jpg 714w, https:\/\/neocatechumenaleiter.org\/wp-content\/uploads\/2020\/03\/Camino_Neocatecumenal_Juan_Pablo_II_vigilia_pascual_hermanos_vestidura_blanca_1989-300x239.jpg 300w\" sizes=\"auto, (max-width: 714px) 100vw, 714px\" \/><\/figure>","protected":false},"excerpt":{"rendered":"<p>Vazmeno Bdijenje u Bazilici svetog Petra 26-3-1989 Sv. Ivan Pavao II. Bazilika svetog Petra, 26. o\u017eujka 1989. Bra\u0107a iz zajednica \u017eupe svetog Alojzija Gonzage i \u017eupe Kanadskih Mu\u010denika sve\u010dano su obnovili krsna obe\u0107anja na kraju svog neokatekumenskog puta. Pratili su ih njihovi kateheti Kiko Arg\u00fcello, Carmen Hern\u00e1ndez i Prva zajednica \u017eupe Kanadskih Mu\u010denika.<\/p>\n","protected":false},"author":2,"featured_media":0,"parent":9680,"menu_order":57,"comment_status":"closed","ping_status":"closed","template":"","meta":{"footnotes":""},"class_list":["post-18028","page","type-page","status-publish","hentry"],"_links":{"self":[{"href":"https:\/\/neocatechumenaleiter.org\/hr\/wp-json\/wp\/v2\/pages\/18028","targetHints":{"allow":["GET"]}}],"collection":[{"href":"https:\/\/neocatechumenaleiter.org\/hr\/wp-json\/wp\/v2\/pages"}],"about":[{"href":"https:\/\/neocatechumenaleiter.org\/hr\/wp-json\/wp\/v2\/types\/page"}],"author":[{"embeddable":true,"href":"https:\/\/neocatechumenaleiter.org\/hr\/wp-json\/wp\/v2\/users\/2"}],"replies":[{"embeddable":true,"href":"https:\/\/neocatechumenaleiter.org\/hr\/wp-json\/wp\/v2\/comments?post=18028"}],"version-history":[{"count":9,"href":"https:\/\/neocatechumenaleiter.org\/hr\/wp-json\/wp\/v2\/pages\/18028\/revisions"}],"predecessor-version":[{"id":18053,"href":"https:\/\/neocatechumenaleiter.org\/hr\/wp-json\/wp\/v2\/pages\/18028\/revisions\/18053"}],"up":[{"embeddable":true,"href":"https:\/\/neocatechumenaleiter.org\/hr\/wp-json\/wp\/v2\/pages\/9680"}],"wp:attachment":[{"href":"https:\/\/neocatechumenaleiter.org\/hr\/wp-json\/wp\/v2\/media?parent=18028"}],"curies":[{"name":"wp","href":"https:\/\/api.w.org\/{rel}","templated":true}]}}