{"id":18044,"date":"2020-10-01T16:34:16","date_gmt":"2020-10-01T15:34:16","guid":{"rendered":"https:\/\/neocatechumenaleiter.org\/rijeci-papa\/sv-ivan-pavao-ii\/pohod-zupi-svete-marije-od-milosrda-1-5-1983\/"},"modified":"2020-10-01T16:39:41","modified_gmt":"2020-10-01T15:39:41","slug":"pohod-zupi-svete-marije-od-milosrda-1-5-1983","status":"publish","type":"page","link":"https:\/\/neocatechumenaleiter.org\/hr\/rijeci-papa\/sv-ivan-pavao-ii\/pohod-zupi-svete-marije-od-milosrda-1-5-1983\/","title":{"rendered":"Pohod \u017eupi Svete Marije od Milosr\u0111a 1-5-1983"},"content":{"rendered":"\n<h1 class=\"has-text-align-center wp-block-heading\">Pohod \u017eupi Svete Marije od Milosr\u0111a 1-5-1983<\/h1>\n\n<div style=\"height:20px\" aria-hidden=\"true\" class=\"wp-block-spacer\"><\/div>\n\n<h4 class=\"has-text-align-center wp-block-heading\">Sv. Ivan Pavao II.<\/h4>\n\n<div style=\"height:20px\" aria-hidden=\"true\" class=\"wp-block-spacer\"><\/div>\n\n<p><p><strong>Rim, 1. svibnja 1983.<\/strong><\/p><\/p>\n\n<p><p><em>Napu\u0161taju\u0107i dvoranu pastoralnog vije\u0107a, Sveti je Otac, prolaze\u0107i pored crkve i prelaze\u0107i unutarnje dvori\u0161te, gdje se trebala odr\u017eati proslava da su to vremenski uvjeti bili dopustili, stigao do malog \u017eupnog vrti\u0107a gdje su ga, u blagovaonici, \u010dekali \u010dlanovi neokatekumenskih zajednica \u017eupe. Hvalospjev Mariji koja je prva povjerovala Gospodinu, tipi\u010dna pjesma neokatekumenskih zajednica, pozdravio je Ivana Pavla II. na ulazu u dvoranu. Nakon kratkog \u201eosobnog\u201c predstavljanja svakoga Svetomu Ocu, jedan je od starijih iz zajednice uputio Papi sljede\u0107i govor:<\/em><\/p><\/p>\n\n<p>Svetosti, prije otprilike 4 godine u ovoj \u017eupi zapo\u010deo je put vjere Neokatekumenskog puta, kako bi se ponovo otkrilo bogatstvo kr\u0161tenja koje smo primili kao mala djeca. Gospodin nam je poslao osobe kao \u0161to smo i mi, na\u0161e katehiste, kako bi nam donijeli navje\u0161taj Isusa Krista Uskrslog koji nas je stavio na put i koji nas jo\u0161 uvijek sve dr\u017ei na okupu: siroma\u0161ne i bogate, radnike i profesionalce, \u017eene i mu\u0161karce, mlade i stare, vjen\u010dane i nevjen\u010dane, \u010ditave obitelji, i vidjeli smo kako je mogu\u0107e \u017eivjeti zajedno, u zajedni\u0161tvu i radosti, hrane\u0107i se Bo\u017ejom Rije\u010dju i Euharistijom. Isto tako isku\u0161avamo kako Gospodin mijenja na\u0161 \u017eivot i daruje nam mir i radost svakog dana, u svakoj situaciji, te ispunja darovima na\u0161u \u017eupnu zajednicu. Od tih je darova prvi va\u0161 posjet zbog \u010dega smo u radosti i slavlju, zatim je dar nova zajednica od 40 bra\u0107e koja se osnovala prije mjesec dana i koja nam je omogu\u0107ila da vidimo kako Duh Sveti mo\u017ee djelovati preko jadnih osoba kao \u0161to smo mi. Ova bra\u0107a po\u010dinju ono iskustvo koje smo mi zapo\u010deli prije 4 godine. Ja sam se osobno, nakon \u0161to sam 15 godina bio udaljen od Crkve, njoj ponovo pribli\u017eio tra\u017ee\u0107i smisao svog \u017eivota. Na ovom putu osjetio sam da mi taj smisao mo\u017ee dati samo Isus Krist.<\/p>\n\n<p><p><em>Potom se papi obratio predstavnik katehista<\/em>:<\/p>&#013;\n<p>Prebla\u017eeni O\u010de, s velikom Vam rado\u0161\u0107u predstavljam ekipu katehista ove \u017eupe. Ve\u0107 dugo godina, u poslu\u0161nosti biskupskoj konferenciji i njenim uputama, pronosimo put trajne kateheze izvedene u sakramentalnim katehezama Prve Pri\u010desti i Krizme te post-pri\u010desti i post-krizme. Pote\u0161ko\u0107e zbog slabog sudjelovanja obitelji mladih uz mali broj laika koji se bave katehezom ponekad nas obeshrabre, ali upravo u tome do\u017eivljavamo koliko je velika Bo\u017eja ljubav prema nama i koliko nam ovo jo\u0161 uvijek poma\u017ee u putovanju s na\u0161im mladima. Radost \u0161to ste danas prisutni me\u0111u nama je prevelika, a jo\u0161 je ve\u0107a znaju\u0107i da \u0107emo primiti rije\u010d koja \u0107e nam zasigurno pomo\u0107i da nastavimo na\u0161e slu\u017eenje mladima.<\/p><\/p>\n\n<p><p><em>Poslu\u0161av\u0161i rije\u010di svojih doma\u0107ina, Sveti je Otac prisutnima povjerio sljede\u0107e misli:<\/em><\/p><\/p>\n\n<p>Zahvaljujem vam na va\u0161im rije\u010dima Katekumenska i neokatekumenska stvarnost i kateheza idu zajedno. Najprije treba primiti katehezu, treba postati katekumen i pripremiti se za kr\u0161tenje, i potom, kad je netko ve\u0107 kr\u0161ten i krizman, dobiva snagu Duha Svetoga da mo\u017ee drugima predavati vjeru u kojoj je kr\u0161ten. To zna\u010di davati katehezu. S pravom je prvi izvjestitelj istaknuo neokatekumenski karakter skupine, jer se tradicionalna stvarnost katekumenata, u prvim vremenima Crkve, zamijenila sa kr\u0161tavanjem djece; a ta djeca ne mogu hodati neokatekumenskim Putem, odvi\u0161e su malena, nemaju jo\u0161 razvijene svijesti, pameti, spoznavanja.  Kasnije kad odrastu, kao mladi mogu po\u010deti put za otkrivanje blaga na\u0161ega kr\u0161tenja. To \u010dinite vi neokatekumeni. To \u010dinite s velikim zalaganjem, s velikim zanosom i to \u010dinite u raznim \u017eupama Rima, i ne samo \u017eupama Rima, nego u svim \u017eupama svijeta.  \u017delim vam da ustrajete na ovome Putu, da budete vjerni Duhu Svetomu, da drugima donosite Njegove darove i Njegovo svjetlo.  Katehistima \u017eelim re\u0107i da su preuzeli jednu obavezu koja proizlazi iz na\u0161ega kr\u0161tenja i na\u0161e krizme. Kad postanemo odrasli kr\u0161\u0107ani, moramo donositi plodove, a ti se plodovi vjere donose daju\u0107i vjeru drugima, prosvjetljuju\u0107i vjeru drugih. Ovaj je zadatak, jasno, prvi zadatak roditelja, obitelji. Preno\u0161enje vjere u obitelji uvijek je temeljno. Ka\u017ee se da je obitelj Crkva u malom, jer tu roditelji predaju vjeru djeci, mladima. Naravno, to moraju \u010diniti i katehisti u crkvi a ne samo roditelji i obitelj. \u017dupa mora imati svoje katehiste. U \u017eupi su katehisti sve\u0107enici i \u010dasne sestre, ako su spremne za takav zadatak, ali to su i toliki laici koji se najprije spreme a zatim i anga\u017eiraju na tom putu apostolata; apostolata Rije\u010di Bo\u017eje.  Vi ste vrlo mnogo pjevali o vjeri Marije koja je povjerovala Rije\u010di Gospodnjoj. Marija je uistinu najpotpuniji primjer vjere; ona je punina vjere, a Marija je i prva katehistica. Mi smo ohrabreni kad gledamo golemo katehetsko djelo koje ona vr\u0161i u dana\u0161njem svijetu, kao i u svim razdobljima.  \u017delim da gledate u Kristovu Majku, prvu katehisticu, da je nasljedujete u va\u0161oj katehetskoj zada\u0107i.<\/p>\n","protected":false},"excerpt":{"rendered":"<p>Pohod \u017eupi Svete Marije od Milosr\u0111a 1-5-1983 Sv. Ivan Pavao II. Rim, 1. svibnja 1983. Napu\u0161taju\u0107i dvoranu pastoralnog vije\u0107a, Sveti je Otac, prolaze\u0107i pored crkve i prelaze\u0107i unutarnje dvori\u0161te, gdje se trebala odr\u017eati proslava da su to vremenski uvjeti bili dopustili, stigao do malog \u017eupnog vrti\u0107a gdje su ga, u blagovaonici, \u010dekali \u010dlanovi neokatekumenskih zajednica \u017eupe. Hvalospjev Mariji koja je prva povjerovala Gospodinu, tipi\u010dna pjesma neokatekumenskih zajednica, pozdravio je Ivana<\/p>\n<div class=\"read-more\"><a class=\"btn read-more-btn\" href=\"https:\/\/neocatechumenaleiter.org\/hr\/rijeci-papa\/sv-ivan-pavao-ii\/pohod-zupi-svete-marije-od-milosrda-1-5-1983\/\">Nastavi \u010ditati<\/a><\/div>\n","protected":false},"author":2,"featured_media":0,"parent":9680,"menu_order":21,"comment_status":"closed","ping_status":"closed","template":"","meta":{"footnotes":""},"class_list":["post-18044","page","type-page","status-publish","hentry"],"_links":{"self":[{"href":"https:\/\/neocatechumenaleiter.org\/hr\/wp-json\/wp\/v2\/pages\/18044","targetHints":{"allow":["GET"]}}],"collection":[{"href":"https:\/\/neocatechumenaleiter.org\/hr\/wp-json\/wp\/v2\/pages"}],"about":[{"href":"https:\/\/neocatechumenaleiter.org\/hr\/wp-json\/wp\/v2\/types\/page"}],"author":[{"embeddable":true,"href":"https:\/\/neocatechumenaleiter.org\/hr\/wp-json\/wp\/v2\/users\/2"}],"replies":[{"embeddable":true,"href":"https:\/\/neocatechumenaleiter.org\/hr\/wp-json\/wp\/v2\/comments?post=18044"}],"version-history":[{"count":5,"href":"https:\/\/neocatechumenaleiter.org\/hr\/wp-json\/wp\/v2\/pages\/18044\/revisions"}],"predecessor-version":[{"id":18049,"href":"https:\/\/neocatechumenaleiter.org\/hr\/wp-json\/wp\/v2\/pages\/18044\/revisions\/18049"}],"up":[{"embeddable":true,"href":"https:\/\/neocatechumenaleiter.org\/hr\/wp-json\/wp\/v2\/pages\/9680"}],"wp:attachment":[{"href":"https:\/\/neocatechumenaleiter.org\/hr\/wp-json\/wp\/v2\/media?parent=18044"}],"curies":[{"name":"wp","href":"https:\/\/api.w.org\/{rel}","templated":true}]}}