{"id":18054,"date":"2020-03-04T00:43:23","date_gmt":"2020-03-03T23:43:23","guid":{"rendered":"https:\/\/neocatechumenaleiter.org\/rijeci-papa\/sv-ivan-pavao-ii\/svecenicko-redenje-29-dakona-2-5-1993\/"},"modified":"2021-08-10T11:03:08","modified_gmt":"2021-08-10T10:03:08","slug":"svecenicko-redenje-29-dakona-2-5-1993","status":"publish","type":"page","link":"https:\/\/neocatechumenaleiter.org\/hr\/rijeci-papa\/sv-ivan-pavao-ii\/svecenicko-redenje-29-dakona-2-5-1993\/","title":{"rendered":"Sve\u0107eni\u010dko re\u0111enje 29 \u0111akona 2-5-1993"},"content":{"rendered":"\n<h1 class=\"has-text-align-center wp-block-heading\">Sve\u0107eni\u010dko re\u0111enje 29 \u0111akona 2-5-1993<\/h1>\n\n<div style=\"height:20px\" aria-hidden=\"true\" class=\"wp-block-spacer\"><\/div>\n\n<h4 class=\"has-text-align-center wp-block-heading\">Sv. Ivan Pavao II.<\/h4>\n\n<div style=\"height:20px\" aria-hidden=\"true\" class=\"wp-block-spacer\"><\/div>\n\n<div class=\"wp-block-image\"><figure class=\"alignleft size-medium\"><img loading=\"lazy\" decoding=\"async\" width=\"300\" height=\"245\" src=\"https:\/\/neocatechumenaleiter.org\/wp-content\/uploads\/2020\/03\/Camino_Neocatecumenal_Juan_Pablo_II_ordenacion_sacerdotal_1993-300x245.jpg\" alt=\"\" class=\"wp-image-2470\" srcset=\"https:\/\/neocatechumenaleiter.org\/wp-content\/uploads\/2020\/03\/Camino_Neocatecumenal_Juan_Pablo_II_ordenacion_sacerdotal_1993-300x245.jpg 300w, https:\/\/neocatechumenaleiter.org\/wp-content\/uploads\/2020\/03\/Camino_Neocatecumenal_Juan_Pablo_II_ordenacion_sacerdotal_1993.jpg 696w\" sizes=\"auto, (max-width: 300px) 100vw, 300px\" \/><\/figure><\/div>\n\n<p><p><strong>Sveti Petar, 2. svibnja 1993. (*)<\/strong><\/p><\/p>\n\n<p><p><em>U nedjelju, 2. svibnja, na XXX. Svjetski dan molitve za zvanja, Ivan Pavao II. dodijelio je sve\u0107eni\u010dki red dvadeset i devetorici \u0111akona Rimske biskupije (od kojih 16 \u0161kolovanih u sjemeni\u0161tu \u201eRedemptoris Mater\u201c u Rimu). Sve\u010dani obred odr\u017eao se u bazilici svetog Petra u nazo\u010dnosti velikog skupa \u010dlanova obitelji i prijatelja novih sve\u0107enika. Rektor \u201eRedemptoris Mater\u201c, biskup mons. Giulio Salimei pratio je proslavu u invalidskim kolicima, zajedno s ostalim prelatima, uklju\u010duju\u0107i msgr. Paula Josefa Cordesa, potpredsjednika Papinskog vije\u0107a za laike i zadu\u017eenog za pra\u0107enje apostolata Neokatekumenskih zajednica. Prisutni su bili i Kiko Arg\u00fcello, inicijator Neokatekumenskog puta i promicatelj centara za sve\u0107eni\u010dku formaciju \u201eRedemptoris Mater\u201c, koji su oblikovani kao me\u0111unarodna biskupijska misijska sjemeni\u0161ta (oko 20 ih trenutno djeluje u Americi, Europi, Aziji i Oceaniji, a druga su predodre\u0111ena) i Carmen Hern\u00e1ndez, njegova suputnica u duhovnoj avanturi. Prije dodjele sakramenta Svetog reda kandidatima, Papa im je uputio sljede\u0107u propovijed:<\/em><\/p><\/p>\n\n<p><p>1. \u201eJa sam vrata ovcama\u201c (Iv 10,7). Uskrsna liturgija Dobrog pastira izra\u017eena je s dvije slike koje se nadopunjuju. Prije svega, slika Pastira. Krist za sebe ka\u017ee: \u201eJa sam pastir dobri\u201c (Iv 10,11). I pripjevni psalam i odlomak iz Prve Petrove poslanice razvijaju ovu liturgijsku sliku: <strong>Dobri pastir vodi svoje stado na travnate pa\u0161njake, \u010dini sve da ovce imaju hranu i pi\u0107e u pravo vrijeme i \u010duva ih na opasnim mjestima, brani ih pred neprijateljem.<\/strong> Dobri Pastir tako\u0111er je spreman dati svoj \u017eivot za ovce. Prva Petrova poslanica usredoto\u010duje se na ovu misao. Govori o Kristovim patnjama, koji je \u201eon koji u tijelu svom <em>grijehe na\u0161e ponese <\/em>na drvo da umrijev\u0161i grijesima pravednosti \u017eivimo; on <em>\u010dijom se modricom izlije\u010diste.<\/em>\u201c (1 Pt 2,24-25).<\/p><\/p>\n\n<div class=\"wp-block-image\"><figure class=\"alignright size-large\"><img loading=\"lazy\" decoding=\"async\" width=\"498\" height=\"321\" src=\"https:\/\/neocatechumenaleiter.org\/wp-content\/uploads\/2020\/03\/Camino_Neocatecumenal_Juan_Pablo_II_ordenacion_sacerdotal_1993_2.jpg\" alt=\"\" class=\"wp-image-8190\" srcset=\"https:\/\/neocatechumenaleiter.org\/wp-content\/uploads\/2020\/03\/Camino_Neocatecumenal_Juan_Pablo_II_ordenacion_sacerdotal_1993_2.jpg 498w, https:\/\/neocatechumenaleiter.org\/wp-content\/uploads\/2020\/03\/Camino_Neocatecumenal_Juan_Pablo_II_ordenacion_sacerdotal_1993_2-300x193.jpg 300w\" sizes=\"auto, (max-width: 498px) 100vw, 498px\" \/><\/figure><\/div>\n\n<p><p>2. Upravo ovdje u cjelokupnu misao liturgije ulazi druga slika: slika Krista \u201ekoja nosi ovce\u201c. Ne samo da Dobri pastir vodi svoje stado, pozivaju\u0107i ih da idu njegovim stopama (usp. Iv 10,4). Uvodi ga kroz vrata. Dakle, <strong>postoji mjesto koje slu\u017ei kao uto\u010di\u0161te za stado<\/strong>. To je svojevrsno skloni\u0161te, <strong>u kojem se ovce nastanjuju i odmaraju nakon napora s puta<\/strong>. Ne samo da ih Dobri pastir uvodi u ovo uto\u010di\u0161te. On je sam vrata. Krist ka\u017ee: \u201eJa sam vrata ovcama&#8230; kroza me tko u\u0111e, spasit \u0107e se\u201c (Iv 10,7.9). \u201eSpasit \u0107e se\u201c, odnosno imat \u0107e \u017eivot i imat \u0107e ga u izobilju (usp. Iv 10,10). Krist, Dobri pastir, postao je vrata spasenja \u010dovje\u010danstva jer \u201egrijehe na\u0161e ponese na drvo kri\u017ea\u201c (1 Pt 2,24).<\/p><\/p>\n\n<p><p>3. Slu\u0161a\u010di Petra apostola na dan Pedesetnice raspitivali su se prije svega o Vratima kroz koja trebaju pro\u0107i da bi do\u0161li do spasenja. Pitanje je bilo: \u201e\u0160to nam je \u010diniti, bra\u0107o?\u201c (Dj 2,37). I Petrov odgovor: \u201eObratite se i svatko od vas neka se krsti u ime Isusa Krista da vam se oproste grijesi\u201c (Dj 2,38). Dakle, jasno je: <strong>u\u0107i kroz vrata koja su Krist zna\u010di: obratiti se.<\/strong> Obra\u0107enje pak zna\u010di: <strong>primiti kr\u0161tenje<\/strong>. Kr\u0161tenje su vrata Crkve. Kroz ta vrata \u010dovjek se uvodi u spasenje ste\u010deno krvlju Kristovom. Krist je ustanovio kr\u0161tenje. On je sam \u2013 Raspeti i Uskrsli \u2013 vrata ljudskog spasenja kroz kr\u0161tenje. U kr\u0161tenju primamo Duha Svetoga na dar. Kad ljudi, koji ignoriraju ovaj put spasenja i ova Vrata ne svojom krivnjom, tako\u0111er prime Duha Svetoga, \u010dak i tada Krist ostaje Vrata za njih. Zapravo, pod nebom nema spasenja ni u kome drugom (usp. Dj 4,12). <strong>Krist je jedini posrednik izme\u0111u Boga i ljudi.<\/strong><\/p><\/p>\n\n<div class=\"wp-block-image\"><figure class=\"alignright size-large\"><img loading=\"lazy\" decoding=\"async\" width=\"400\" height=\"328\" src=\"https:\/\/neocatechumenaleiter.org\/wp-content\/uploads\/2020\/03\/Camino_Neocatecumenal_Juan_Pablo_II_ordenacion_sacerdotal_1993_3.jpg\" alt=\"\" class=\"wp-image-8192\" srcset=\"https:\/\/neocatechumenaleiter.org\/wp-content\/uploads\/2020\/03\/Camino_Neocatecumenal_Juan_Pablo_II_ordenacion_sacerdotal_1993_3.jpg 400w, https:\/\/neocatechumenaleiter.org\/wp-content\/uploads\/2020\/03\/Camino_Neocatecumenal_Juan_Pablo_II_ordenacion_sacerdotal_1993_3-300x246.jpg 300w\" sizes=\"auto, (max-width: 400px) 100vw, 400px\" \/><\/figure><\/div>\n\n<p><p>4. Danas, u Bazilici svetog Petra, \u0111akoni Crkve u Rimu primaju sve\u0107eni\u010dko re\u0111enje. U tom istom Rimu u kojem je na po\u010detku dugog niza pastira i biskupa Petar, Kristov apostol, svjedo\u010dio sve do prolijevanja krvi. On je bio prvi koji je \u201ezalutalu ovcu\u201c anti\u010dkog svijeta obratio Kristu, \u201ePastiru i \u010duvaru du\u0161a\u201c (usp. 1 Pt 2,25). Dragi sinovi, zare\u0111eni ste u godini u kojoj zavr\u0161ava Rimska biskupijska sinoda, \u010diji ste nauk te duh zajedni\u0161tva i poslanja pozvani biti vjerni tuma\u010di i sluge. U ovom rje\u010ditom sinodalnom kontekstu, dar Duha Svetoga koji vas suobli\u010duje Kristu Dobrome pastiru, mo\u017ee vam dati snagu da budete me\u0111u svojom bra\u0107om vjesnici i vjerodostojni svjedoci Evan\u0111elja, rije\u010di istine i \u017eivota: ovaj vas grad o\u010dekuje, koji \u017eeli primiti Krista kroz va\u0161u slu\u017ebu, o\u010dekuje vas ogromni svijet koji je otajstveno povezan s ovim gradom. Papinsko rimsko sjemeni\u0161te, Sjemeni\u0161te \u201eRedemptoris Mater\u201c i Centar za formaciju prezbitera u Sveti\u0161tu Gospe od Bo\u017eanske Ljubavi, u kojima ste primili svoju formaciju, raduju se danas i zahvaljuju Bogu s vama, okupljeni u ovoj bazilici zajedno s onima koji su zbog krvne veze, prijateljstva i crkvene pripadnosti u va\u0161oj blizini pro\u0161li put koji vas je vodio do sve\u0107eni\u0161tva. Neka se milost ovog dana nadoda i va\u0161im sjemeni\u0161tima, va\u0161im obiteljima, va\u0161im prijateljima i cijeloj Crkvi Bo\u017ejoj koja je u Rimu.<\/p><\/p>\n\n<p>5. Dragi novi sve\u0107enici! Polaganje ruku i molitva Onoga koji je u Rimu nedostojni Petrov nasljednik, prenosi vam milost i sakramentalni karakter ministerijalnog sve\u0107eni\u0161tva. Svaki biskup vr\u0161i svoju slu\u017ebu kao vicarius Christi. Rimskog biskupa su kroz povijest zvali i vicarius Petri. Po primanju va\u0161eg re\u0111enja duboko razmatrajte o otajstvu Pastira koji je Vrata ovaca, tako da postanete sve dostojniji blaga koje vam je povjereno. Neka Onaj koji je zapo\u010deo ovo dobro djelo u vama, tako\u0111er ga dovodi do kraja. Amen! &#13;\n(*) Usp. \u201eL&#8217;Osservatore Romano\u201c, 2-3. svibnja 1993.<\/p>\n","protected":false},"excerpt":{"rendered":"<p>Sve\u0107eni\u010dko re\u0111enje 29 \u0111akona 2-5-1993 Sv. Ivan Pavao II. Sveti Petar, 2. svibnja 1993. (*) U nedjelju, 2. svibnja, na XXX. Svjetski dan molitve za zvanja, Ivan Pavao II. dodijelio je sve\u0107eni\u010dki red dvadeset i devetorici \u0111akona Rimske biskupije (od kojih 16 \u0161kolovanih u sjemeni\u0161tu \u201eRedemptoris Mater\u201c u Rimu). Sve\u010dani obred odr\u017eao se u bazilici svetog Petra u nazo\u010dnosti velikog skupa \u010dlanova obitelji i prijatelja novih sve\u0107enika. Rektor \u201eRedemptoris Mater\u201c,<\/p>\n<div class=\"read-more\"><a class=\"btn read-more-btn\" href=\"https:\/\/neocatechumenaleiter.org\/hr\/rijeci-papa\/sv-ivan-pavao-ii\/svecenicko-redenje-29-dakona-2-5-1993\/\">Nastavi \u010ditati<\/a><\/div>\n","protected":false},"author":2,"featured_media":0,"parent":9680,"menu_order":74,"comment_status":"closed","ping_status":"closed","template":"","meta":{"footnotes":""},"class_list":["post-18054","page","type-page","status-publish","hentry"],"_links":{"self":[{"href":"https:\/\/neocatechumenaleiter.org\/hr\/wp-json\/wp\/v2\/pages\/18054","targetHints":{"allow":["GET"]}}],"collection":[{"href":"https:\/\/neocatechumenaleiter.org\/hr\/wp-json\/wp\/v2\/pages"}],"about":[{"href":"https:\/\/neocatechumenaleiter.org\/hr\/wp-json\/wp\/v2\/types\/page"}],"author":[{"embeddable":true,"href":"https:\/\/neocatechumenaleiter.org\/hr\/wp-json\/wp\/v2\/users\/2"}],"replies":[{"embeddable":true,"href":"https:\/\/neocatechumenaleiter.org\/hr\/wp-json\/wp\/v2\/comments?post=18054"}],"version-history":[{"count":6,"href":"https:\/\/neocatechumenaleiter.org\/hr\/wp-json\/wp\/v2\/pages\/18054\/revisions"}],"predecessor-version":[{"id":24169,"href":"https:\/\/neocatechumenaleiter.org\/hr\/wp-json\/wp\/v2\/pages\/18054\/revisions\/24169"}],"up":[{"embeddable":true,"href":"https:\/\/neocatechumenaleiter.org\/hr\/wp-json\/wp\/v2\/pages\/9680"}],"wp:attachment":[{"href":"https:\/\/neocatechumenaleiter.org\/hr\/wp-json\/wp\/v2\/media?parent=18054"}],"curies":[{"name":"wp","href":"https:\/\/api.w.org\/{rel}","templated":true}]}}