{"id":18060,"date":"2020-03-04T01:57:30","date_gmt":"2020-03-04T00:57:30","guid":{"rendered":"https:\/\/neocatechumenaleiter.org\/rijeci-papa\/sv-ivan-pavao-ii\/svecenicko-redenje-22-5-1994\/"},"modified":"2021-08-10T11:03:47","modified_gmt":"2021-08-10T10:03:47","slug":"svecenicko-redenje-22-5-1994","status":"publish","type":"page","link":"https:\/\/neocatechumenaleiter.org\/hr\/rijeci-papa\/sv-ivan-pavao-ii\/svecenicko-redenje-22-5-1994\/","title":{"rendered":"Sve\u0107eni\u010dko re\u0111enje 22-5-1994"},"content":{"rendered":"\n<h1 class=\"has-text-align-center wp-block-heading\">Sve\u0107eni\u010dko re\u0111enje 22-5-1994<\/h1>\n\n<div style=\"height:20px\" aria-hidden=\"true\" class=\"wp-block-spacer\"><\/div>\n\n<h4 class=\"has-text-align-center wp-block-heading\">Sv. Ivan Pavao II.<\/h4>\n\n<div style=\"height:20px\" aria-hidden=\"true\" class=\"wp-block-spacer\"><\/div>\n\n<p><p><strong>Sveti Petar, 22. svibnja 1994. (*)<\/strong><\/p><\/p>\n\n<p><p><em>Nedjelja Pedesetnice u Svetom Petru, nedjelja sve\u0107eni\u010dkih re\u0111enja. Trideset i devet \u0111akona (od kojih je 13 formirano u sjemeni\u0161tu \u201eRedemptoris Mater\u201c) u bijelim albama i crvenim \u0161tolama podno oltara Ispovijedi, poredanih u nizu u golemom prezbiteriju, kardinalni vikar Camillo Ruini zaredio je za prezbitere. Kao i svake godine, Ivan Pavao II. trebao je podijeliti sakrament Svetog reda mladim \u0111akonima. No, ove godine hospitalizacija u Gemelliju nije dopustila Svetom Ocu da predsjeda obredom.<\/em><\/p><\/p>\n\n<p><p><em>Na po\u010detku homilije kardinal Ruini uputio je ovu zahvalnu misao Ivanu Pavlu II:<\/em><\/p><\/p>\n\n<div class=\"wp-block-image\"><figure class=\"alignleft size-large\"><img loading=\"lazy\" decoding=\"async\" width=\"688\" height=\"498\" src=\"https:\/\/neocatechumenaleiter.org\/wp-content\/uploads\/2020\/03\/Camino_Neocatecumenal_Juan_Pablo_II_ordenacion_sacerdotal_1994.jpg\" alt=\"\" class=\"wp-image-7452\" srcset=\"https:\/\/neocatechumenaleiter.org\/wp-content\/uploads\/2020\/03\/Camino_Neocatecumenal_Juan_Pablo_II_ordenacion_sacerdotal_1994.jpg 688w, https:\/\/neocatechumenaleiter.org\/wp-content\/uploads\/2020\/03\/Camino_Neocatecumenal_Juan_Pablo_II_ordenacion_sacerdotal_1994-300x217.jpg 300w\" sizes=\"auto, (max-width: 688px) 100vw, 688px\" \/><\/figure><\/div>\n\n<p>Danas ste trebali biti zare\u0111eni polaganjem njegovih ruku, &#8211; rekao je kardinal Ruini \u2013 no Gospodin je dogovorio druga\u010dije, ali znate da vam je Papa preko prikazivanja ovog vremena patnje jo\u0161 bli\u017ei, on je jo\u0161 intenzivnije Otac va\u0161eg sve\u0107eni\u0161tva. Zahvaljujmo mu svim srcem i slu\u0161ajmo njegove rije\u010di.<\/p>\n\n<p><p><em>Trideset i devet novih sve\u0107enika na sve\u010danosti Pedesetnice: veliki dar Duha Rimskoj crkvi. Trideset i osam od ovih mladih \u201evelikodu\u0161nih srca\u201c inkardinirano je u Rimsku crkvu. Dvadeset jedan iz Glavnog rimskog sjemeni\u0161ta; trinaest iz Biskupijskog sjemeni\u0161ta Redemptoris Mater; troje iz Kolegija Capranica. <\/em><\/p>&#13;\n<p><em>(*) Vidi \u201eL&#8217;Osservatore Romano\u201c, 23.-24. svibnja 1994.<\/em><\/p><\/p>\n","protected":false},"excerpt":{"rendered":"<p>Sve\u0107eni\u010dko re\u0111enje 22-5-1994 Sv. Ivan Pavao II. Sveti Petar, 22. svibnja 1994. (*) Nedjelja Pedesetnice u Svetom Petru, nedjelja sve\u0107eni\u010dkih re\u0111enja. Trideset i devet \u0111akona (od kojih je 13 formirano u sjemeni\u0161tu \u201eRedemptoris Mater\u201c) u bijelim albama i crvenim \u0161tolama podno oltara Ispovijedi, poredanih u nizu u golemom prezbiteriju, kardinalni vikar Camillo Ruini zaredio je za prezbitere. Kao i svake godine, Ivan Pavao II. trebao je podijeliti sakrament Svetog reda<\/p>\n<div class=\"read-more\"><a class=\"btn read-more-btn\" href=\"https:\/\/neocatechumenaleiter.org\/hr\/rijeci-papa\/sv-ivan-pavao-ii\/svecenicko-redenje-22-5-1994\/\">Nastavi \u010ditati<\/a><\/div>\n","protected":false},"author":2,"featured_media":0,"parent":9680,"menu_order":81,"comment_status":"closed","ping_status":"closed","template":"","meta":{"footnotes":""},"class_list":["post-18060","page","type-page","status-publish","hentry"],"_links":{"self":[{"href":"https:\/\/neocatechumenaleiter.org\/hr\/wp-json\/wp\/v2\/pages\/18060","targetHints":{"allow":["GET"]}}],"collection":[{"href":"https:\/\/neocatechumenaleiter.org\/hr\/wp-json\/wp\/v2\/pages"}],"about":[{"href":"https:\/\/neocatechumenaleiter.org\/hr\/wp-json\/wp\/v2\/types\/page"}],"author":[{"embeddable":true,"href":"https:\/\/neocatechumenaleiter.org\/hr\/wp-json\/wp\/v2\/users\/2"}],"replies":[{"embeddable":true,"href":"https:\/\/neocatechumenaleiter.org\/hr\/wp-json\/wp\/v2\/comments?post=18060"}],"version-history":[{"count":2,"href":"https:\/\/neocatechumenaleiter.org\/hr\/wp-json\/wp\/v2\/pages\/18060\/revisions"}],"predecessor-version":[{"id":24250,"href":"https:\/\/neocatechumenaleiter.org\/hr\/wp-json\/wp\/v2\/pages\/18060\/revisions\/24250"}],"up":[{"embeddable":true,"href":"https:\/\/neocatechumenaleiter.org\/hr\/wp-json\/wp\/v2\/pages\/9680"}],"wp:attachment":[{"href":"https:\/\/neocatechumenaleiter.org\/hr\/wp-json\/wp\/v2\/media?parent=18060"}],"curies":[{"name":"wp","href":"https:\/\/api.w.org\/{rel}","templated":true}]}}