{"id":18062,"date":"2020-10-02T10:43:44","date_gmt":"2020-10-02T09:43:44","guid":{"rendered":"https:\/\/neocatechumenaleiter.org\/rijeci-papa\/sv-ivan-pavao-ii\/pozdrav-mladima-neokatekumenskih-zajednica-italije-24-2-2002\/"},"modified":"2020-10-02T10:43:44","modified_gmt":"2020-10-02T09:43:44","slug":"pozdrav-mladima-neokatekumenskih-zajednica-italije-24-2-2002","status":"publish","type":"page","link":"https:\/\/neocatechumenaleiter.org\/hr\/rijeci-papa\/sv-ivan-pavao-ii\/pozdrav-mladima-neokatekumenskih-zajednica-italije-24-2-2002\/","title":{"rendered":"Pozdrav mladima Neokatekumenskih zajednica Italije 24-2-2002"},"content":{"rendered":"\n<h1 class=\"has-text-align-center wp-block-heading\">Pozdrav mladima Neokatekumenskih zajednica Italije 24-2-2002<\/h1>\n\n<div style=\"height:20px\" aria-hidden=\"true\" class=\"wp-block-spacer\"><\/div>\n\n<h4 class=\"has-text-align-center wp-block-heading\">Sv. Ivan Pavao II.<\/h4>\n\n<div style=\"height:20px\" aria-hidden=\"true\" class=\"wp-block-spacer\"><\/div>\n\n<p><p><strong>Trg svetog Petra, 24. velja\u010de 2002 (*)<\/strong><\/p><\/p>\n\n<p><p><em>\u201eVidimo se u Torontu\u201c. Ovim je rije\u010dima, izre\u010denim na kraju marijanske molitve, Ivan Pavao II. ponovo pozvao nove nara\u0161taje na sudjelovanje na 17. Svjetskom danu mladih koji \u0107e se odr\u017eati u Kanadi. Poziv je upu\u0107en tisu\u0107ama mladih pripadnika neokatekumenskih zajednica \u017eupa i biskupija cijele Italije prisutnih na Trgu svetog Petra na \u201eAngelusu\u201c u nedjelju 24. velja\u010de. Evo papinih rije\u010di:<\/em><\/p><\/p>\n\n<p>S posebnom naklono\u0161\u0107u pozdravljam vrlo brojne mlade ljude koji pripadaju neokatekumenskim zajednicama \u017eupa i biskupija diljem Italije. Dragi prijatelji, na putu ste za Svjetski dan mladih koji \u0107e se odr\u017eati u Torontu idu\u0107eg srpnja. Vi ste mladi na putovanju s Kristom. Zahvaljujem vam jer mi svojim prisustvom nudite priliku da ponovo pozovem va\u0161e talijanske vr\u0161njake i iz drugih zemalja svijeta te da se pa\u017eljivo pripreme za ovaj va\u017ean sastanak. Znajte objasniti nadu koja je u vama u svim okolnostima, s ponizno\u0161\u0107u i po\u0161tovanjem. Hvala vam na posjeti i vidimo se u Torontu!&#013;\n(*) Usp. \u201eL&#8217;Osservatore Romano, 25.-26. velja\u010de 2002.<\/p>\n","protected":false},"excerpt":{"rendered":"<p>Pozdrav mladima Neokatekumenskih zajednica Italije 24-2-2002 Sv. Ivan Pavao II. Trg svetog Petra, 24. velja\u010de 2002 (*) \u201eVidimo se u Torontu\u201c. Ovim je rije\u010dima, izre\u010denim na kraju marijanske molitve, Ivan Pavao II. ponovo pozvao nove nara\u0161taje na sudjelovanje na 17. Svjetskom danu mladih koji \u0107e se odr\u017eati u Kanadi. Poziv je upu\u0107en tisu\u0107ama mladih pripadnika neokatekumenskih zajednica \u017eupa i biskupija cijele Italije prisutnih na Trgu svetog Petra na \u201eAngelusu\u201c u<\/p>\n<div class=\"read-more\"><a class=\"btn read-more-btn\" href=\"https:\/\/neocatechumenaleiter.org\/hr\/rijeci-papa\/sv-ivan-pavao-ii\/pozdrav-mladima-neokatekumenskih-zajednica-italije-24-2-2002\/\">Nastavi \u010ditati<\/a><\/div>\n","protected":false},"author":2,"featured_media":0,"parent":9680,"menu_order":98,"comment_status":"closed","ping_status":"closed","template":"","meta":{"footnotes":""},"class_list":["post-18062","page","type-page","status-publish","hentry"],"_links":{"self":[{"href":"https:\/\/neocatechumenaleiter.org\/hr\/wp-json\/wp\/v2\/pages\/18062","targetHints":{"allow":["GET"]}}],"collection":[{"href":"https:\/\/neocatechumenaleiter.org\/hr\/wp-json\/wp\/v2\/pages"}],"about":[{"href":"https:\/\/neocatechumenaleiter.org\/hr\/wp-json\/wp\/v2\/types\/page"}],"author":[{"embeddable":true,"href":"https:\/\/neocatechumenaleiter.org\/hr\/wp-json\/wp\/v2\/users\/2"}],"replies":[{"embeddable":true,"href":"https:\/\/neocatechumenaleiter.org\/hr\/wp-json\/wp\/v2\/comments?post=18062"}],"version-history":[{"count":1,"href":"https:\/\/neocatechumenaleiter.org\/hr\/wp-json\/wp\/v2\/pages\/18062\/revisions"}],"predecessor-version":[{"id":18063,"href":"https:\/\/neocatechumenaleiter.org\/hr\/wp-json\/wp\/v2\/pages\/18062\/revisions\/18063"}],"up":[{"embeddable":true,"href":"https:\/\/neocatechumenaleiter.org\/hr\/wp-json\/wp\/v2\/pages\/9680"}],"wp:attachment":[{"href":"https:\/\/neocatechumenaleiter.org\/hr\/wp-json\/wp\/v2\/media?parent=18062"}],"curies":[{"name":"wp","href":"https:\/\/api.w.org\/{rel}","templated":true}]}}