{"id":18064,"date":"2020-10-02T10:55:21","date_gmt":"2020-10-02T09:55:21","guid":{"rendered":"https:\/\/neocatechumenaleiter.org\/rijeci-papa\/sv-ivan-pavao-ii\/govor-neokatekumenskim-zajednicama-povodom-statuta-21-9-2002\/"},"modified":"2020-10-02T11:26:59","modified_gmt":"2020-10-02T10:26:59","slug":"govor-neokatekumenskim-zajednicama-povodom-statuta-21-9-2002","status":"publish","type":"page","link":"https:\/\/neocatechumenaleiter.org\/hr\/rijeci-papa\/sv-ivan-pavao-ii\/govor-neokatekumenskim-zajednicama-povodom-statuta-21-9-2002\/","title":{"rendered":"Govor Neokatekumenskim zajednicama povodom Statuta 21-9-2002"},"content":{"rendered":"\n<h1 class=\"has-text-align-center wp-block-heading\">Govor Neokatekumenskim zajednicama povodom Statuta 21-9-2002<\/h1>\n\n<div style=\"height:20px\" aria-hidden=\"true\" class=\"wp-block-spacer\"><\/div>\n\n<h4 class=\"has-text-align-center wp-block-heading\">Sv. Ivan Pavao II.<\/h4>\n\n<div style=\"height:20px\" aria-hidden=\"true\" class=\"wp-block-spacer\"><\/div>\n\n<p><p><strong>Castel Gandolfo, 21. rujna 2002. (*)<\/strong><\/p><\/p>\n\n<p><p><strong>STATUTI: JASNO I SIGURNO PRAVILO \u017dIVOTA NEOKATEKUMENSKOG PUTA<\/strong><\/p><\/p>\n\n<p><p><em>\u00bbStatuti moraju za Neokatekumenski put \u010diniti &#8216;jasno i sigurno pravilo \u017eivota&#8217;\u00ab. Preporu\u010dio je to papa katehistima i sve\u0107enicima neokatekumenskih zajednica na jutarnjoj audijenciji u subotu 21. rujna, u dvori\u0161tu Papinske pala\u010de Castel Gandolfo.<\/em><\/p><\/p>\n\n<p><p><em>Pozdrav Kika Arg\u00fcella Svetom Ocu<\/em>:<\/p>&#013;\n<p>Dragi o\u010de, nemamo rije\u010di kojima bismo izrazili radost i utjehu koju nam pru\u017ea ovaj toliko \u017eeljeni susret. Ekipe katehista itineranata iz svih naroda ovdje su prisutni zajedno sa \u017eupnicima, prezbiterima, odgovornima i katehistima zajednica \u0160panjolske, Italije i Pariza, koje su najstarije, iz \u010dije je revnosti proiza\u0161la sva evangelizacija. Drago nam je \u0161to vam mo\u017eemo osobno zahvaliti na odobrenju Statuta od strane Papinskog vije\u0107a za laike, posebno zato \u0161to prepoznaju ono \u0161to mi jesmo: itinerarij katoli\u010dke formacije, pokrsni katekumenat koji se \u017eivi u malim zajednicama, poma\u017ee ponovo otkriti i \u017eivjeti neizmjerno bogatstvo primljenog kr\u0161tenja. Neki su kanonski pravnici u raznim komentarima istaknuli da je ovo odobrenje od velike va\u017enosti za cijelu Crkvu, budu\u0107i da je prvi put u povijesti prepoznat i odobren pokrsni katekumenat. Koliko nam je utjehe uvijek pru\u017eala Va\u0161a rije\u010d! Ve\u0107 ste 1952. godine naglasili potrebu ponovnog uvo\u0111enja katekumenata, a tijekom Koncila ste dubinski pridonijeli ponovnom otkrivanju i obnovi kr\u0161\u0107anske inicijacije i katekumenata. Upravo ovdje u Castel Gandolfu, kad ste nas prvi put primili prije 23 godine, izrazili ste uvjerenje da je, obzirom na moderni ateizam, kr\u0161tenima potreban katekumenat koji \u0107e oja\u010dati njihovu vjeru.<\/p><\/p>\n\n<div class=\"wp-block-image\"><figure class=\"alignleft size-large\"><img loading=\"lazy\" decoding=\"async\" width=\"569\" height=\"842\" src=\"https:\/\/neocatechumenaleiter.org\/wp-content\/uploads\/2020\/03\/Camino_Neocatecumenal_Juan_Pablo_II_audiencia_itinerantes_estatutos_del_camino_2002.jpg\" alt=\"\" class=\"wp-image-13329\" srcset=\"https:\/\/neocatechumenaleiter.org\/wp-content\/uploads\/2020\/03\/Camino_Neocatecumenal_Juan_Pablo_II_audiencia_itinerantes_estatutos_del_camino_2002.jpg 569w, https:\/\/neocatechumenaleiter.org\/wp-content\/uploads\/2020\/03\/Camino_Neocatecumenal_Juan_Pablo_II_audiencia_itinerantes_estatutos_del_camino_2002-203x300.jpg 203w\" sizes=\"auto, (max-width: 569px) 100vw, 569px\" \/><\/figure><\/div>\n\n<p>Predragi O\u010de, suo\u010deni s hitno\u0161\u0107u Nove evangelizacije i situacijom u Crkvi koja je danas tako slo\u017eena, ponizno vas molimo za rije\u010d potvrde i potpore Statutu, poziv biskupima i biskupskim konferencijama da prihvate ovaj dar bez straha, pomo\u0107 za evangelizaciju u njihovim biskupijama. Potpora koja mo\u017ee za\u0161tititi katehetsko-liturgijsku praksu koju je Put provodio vi\u0161e od trideset godina diljem svijeta i koja je urodila tolikim plodovima koje ste prepoznali i vi i mnogi biskupi, \u010dija je sinteza opisana u Statutu. Mislimo da je jedan od najve\u0107ih darova koje Sveta Djevica Marija danas daruje Crkvi neokatekumenskim putem upravo ta mogu\u0107nost ponuditi kr\u0161\u0107anima u \u017eupama i onima koji tra\u017ee Boga da \u017eive vjeru u malim zajednicama poput prvih kr\u0161\u0107ana. Poklik \u201eGledajte kako se ljube\u201c mora se ponovo \u010duti u svijetu. Zahvaljujemo vam na povjerenju koje ste ukazali meni, Carmen i ocu Mariju za vo\u0111enje ovoga puta. Bla\u017eenoj Djevici Mariji zahvaljujemo prije svega na Koncilu bez kojeg ne bismo mogli u\u010diniti ni\u0161ta, na va\u0161emu prethodniku papi Pavlu VI. i na Vama, koji ste nam toliko pomogli i podr\u017eali nas. Hvala, Presveti O\u010de.<\/p>\n\n<p><p><em>Obra\u0107anje Svetog Oca<\/em>:<\/p>&#013;\n<p>1. S velikim zadovoljstvom primam vas, dragi katehisti i sve\u0107enici neokatekumenskog puta, danas okupljeni ovdje kako biste do\u010dekali pozdrav i pozdravljam svakoga od vas s ljubavlju i, u va\u0161em narodu, pozdravljam cijeli neokatekumenski put, crkvenu stvarnost koja je danas ra\u0161irena u mnogim zemljama, s po\u0161tovanjem nemalog broja pastira. Zahvaljujem se gospodinu Kiku Arg\u00fcellu, inicijatoru Puta, zajedno s gospo\u0111om Carmen Hern\u00e1ndez, na srda\u010dnom obra\u0107anju koje mi je upu\u0107eno. Kiko je svojim rije\u010dima, osim \u0161to je izrazio va\u0161u vjernu privr\u017eenost Petrovoj stolici, svjedo\u010dio i va\u0161u ujedinjenu ljubav prema Crkvi.<\/p><\/p>\n\n<p>2. Kako ne zahvaliti Gospodinu za plodove koje je Neokatekumenski put donio u vi\u0161e od trideset godina postojanja. U sekulariziranom dru\u0161tvu poput na\u0161eg, gdje je religiozna ravnodu\u0161nost rasprostranjena i mnogi ljudi \u017eive kao da Bog ne postoji, mnogi su kojima je potrebno novo otkri\u0107e sakramenata kr\u0161\u0107anske inicijacije, posebice kr\u0161tenja. Put je nesumnjivo jedan od providonosnih odgovora na ovu hitnu potrebu. Pogledajmo va\u0161e zajednice: koliko je otkri\u0107a o ljepoti i veli\u010dini krsnog poziva! Koliko velikodu\u0161nosti i revnosti u navije\u0161tanju Evan\u0111elja Isusa Krista, posebno najudaljenijima! Koliko je zvanja u sve\u0107eni\u0161tvo i redovni\u010dki \u017eivot nastalo zahvaljuju\u0107i ovom putu kr\u0161\u0107anske formacije!<\/p>\n\n<div class=\"wp-block-image\"><figure class=\"alignright size-large\"><img loading=\"lazy\" decoding=\"async\" width=\"768\" height=\"523\" src=\"https:\/\/neocatechumenaleiter.org\/wp-content\/uploads\/2020\/03\/Camino_Neocatecumenal_Juan_Pablo_II_audiencia_itinerantes_estatutos_del_camino_2002_2.jpg\" alt=\"\" class=\"wp-image-13334\" srcset=\"https:\/\/neocatechumenaleiter.org\/wp-content\/uploads\/2020\/03\/Camino_Neocatecumenal_Juan_Pablo_II_audiencia_itinerantes_estatutos_del_camino_2002_2.jpg 768w, https:\/\/neocatechumenaleiter.org\/wp-content\/uploads\/2020\/03\/Camino_Neocatecumenal_Juan_Pablo_II_audiencia_itinerantes_estatutos_del_camino_2002_2-300x204.jpg 300w\" sizes=\"auto, (max-width: 768px) 100vw, 768px\" \/><\/figure><\/div>\n\n<p><p>3. U sje\u0107anju mi \u200b\u200bje ostao na\u0161 posljednji sastanak odr\u017ean u sije\u010dnju 1997., neposredno nakon va\u0161eg susreta u blizini brda Sinaj u spomen na trideset godina neokatekumenskog puta. U tom trenutku rekao sam vam da je izrada Statuta puta \u201evrlo va\u017ean korak koji otvara put prema formalnom pravnom priznavanju od strane Crkve, pru\u017eaju\u0107i vam daljnje jamstvo autenti\u010dnosti va\u0161e karizme\u201c (<em>Nau\u010davanja<\/em>, svezak XX. \/ 1., str. 143.). Na\u0161 dana\u0161nji sastanak izra\u017eava radost nedavnog odobrenja Statuta neokatekumenskog puta od strane Svete Stolice. Zadovoljan sam \u0161to je ovaj itinerarij, zapo\u010det prije vi\u0161e od pet godina, dovr\u0161en intenzivnim radom na savjetovanju, razmi\u0161ljanju i dijalogu. Sada razmi\u0161ljam o osobi kardinala Jamesa Francisa Stafforda, kojoj \u017eelim zahvaliti na zalaganju i brizi s kojom je Papinsko vije\u0107e za laike pratilo me\u0111unarodnu ekipu odgovornu za Put u ovom procesu.<\/p><\/p>\n\n<p><p><strong>4. \u017delim naglasiti va\u017enost tek odobrenih statuta za sada\u0161nji i budu\u0107i \u017eivot Puta. Ustvari, ova norma<\/strong>, prije svega, <strong>jo\u0161 jednom potvr\u0111uje crkvenu prirodu neokatekumenskog puta koji<\/strong>, kao \u0161to sam ve\u0107 rekao prije nekoliko godina, <strong>\u010dini \u201eitinerarij katoli\u010dke formacije, valjan za dru\u0161tvo i za dana\u0161nja vremena<\/strong>\u201c (AAS 82 [1990.] 1515). Nadalje, Statut neokatekumenskog puta opisuje bitne aspekte ovog puta usmjerenog na vjernike koji u svojim \u017eupnim zajednicama \u017eele o\u017eivjeti svoju vjeru, kao i one koji su sada odrasli, koji se pripremaju za primanje sakramenta kr\u0161tenja. Me\u0111utim, prije svega, Statuti utvr\u0111uju temeljne zada\u0107e razli\u010ditih osoba koje imaju posebne odgovornosti u provo\u0111enju ovog formativnog procesa u Neokatekumenskim zajednicama, a to su: sve\u0107enici, katehisti, obitelji u poslanju i ekipe odgovornih na svim razinama. Na taj na\u010din, <strong>Statuti za Neokatekumenski put moraju biti \u201ejasno i sigurno pravilo \u017eivota\u201c<\/strong> (Pismo Njegovoj Eminenciji kardinalu Jamesu Francisu Staffordu, 5. travnja 2001.), temeljna referentna to\u010dka ovoga procesa formacije, \u010diji je cilj dovesti vjernike do zrele vjere, mo\u017ee se provesti na na\u010din koji odgovara nauku i disciplini Crkve.<\/p><\/p>\n\n<div class=\"wp-block-image\"><figure class=\"alignleft size-medium\"><img loading=\"lazy\" decoding=\"async\" width=\"201\" height=\"300\" src=\"https:\/\/neocatechumenaleiter.org\/wp-content\/uploads\/2020\/03\/Camino_Neocatecumenal_Juan_Pablo_II_audiencia_itinerantes_estatutos_del_camino_2002_3-201x300.jpg\" alt=\"\" class=\"wp-image-13339\" srcset=\"https:\/\/neocatechumenaleiter.org\/wp-content\/uploads\/2020\/03\/Camino_Neocatecumenal_Juan_Pablo_II_audiencia_itinerantes_estatutos_del_camino_2002_3-201x300.jpg 201w, https:\/\/neocatechumenaleiter.org\/wp-content\/uploads\/2020\/03\/Camino_Neocatecumenal_Juan_Pablo_II_audiencia_itinerantes_estatutos_del_camino_2002_3.jpg 563w\" sizes=\"auto, (max-width: 201px) 100vw, 201px\" \/><\/figure><\/div>\n\n<p><p>5. Odobrenje Statuta otvara novu stranicu u \u017eivotu Puta. <strong>Crkva sada od vas o\u010dekuje jo\u0161 sna\u017enije i izda\u0161nije zalaganje u Novoj evangelizaciji i u slu\u017ebi mjesnih Crkava i \u017eupa. Stoga vi<\/strong>, prezbiteri i katehisti Puta, <strong>imate odgovornost da se Statuti vjerno provode u svim njihovim aspektima, kako bi postali pravi kvasac za novi misionarski poticaj<\/strong>. Statuti tako\u0111er predstavljaju va\u017enu pomo\u0107 svim pastirima Crkve, posebno dijecezanskim biskupima, kojima Gospodin povjerava pastoralnu skrb, a posebno kr\u0161\u0107ansku inicijaciju osoba u biskupiji. \u201eU o\u010dinskoj i budnoj pratnji neokatekumenskih zajednica\u201c (Dekret Papinskog vije\u0107a za laike, 29. lipnja 2002.), biskupijski \u0107e ordinariji u Statutu mo\u0107i prona\u0107i osnovna na\u010dela za provedbu neokatekumenskog puta u vjernosti svom izvornom projektu. Posebno \u017eelim uputiti rije\u010d vama sve\u0107enicima koji ste predani u slu\u017ebi neokatekumenskih zajednica. Nikad ne zaboravite da kao Kristovi slu\u017eitelji imate nezamjenjivu ulogu posve\u0107enja, pou\u010davanja i pastoralnog vodstva prema onima koji hodaju na stazi Puta. Slu\u017eite zajednicama koje su vam povjerene u ljubavi i velikodu\u0161nosti!<\/p><\/p>\n\n<p>6. Draga bra\u0107o i sestre, odobrenjem Statuta neokatekumenskog puta, uspje\u0161no smo definirali njegov bitan crkveni oblik. Zajedno zahvaljujmo Gospodinu. Sada je na nadle\u017enim odjelima Svete Stolice da ispitaju Katehetski direktorij i sve katehetske i liturgijske prakse samoga Puta. Siguran sam da njegovi \u010dlanovi ne\u0107e propustiti pru\u017eiti velikodu\u0161nu dostupnost naznakama koje \u0107e im do\u0107i iz takvih mjerodavnih izvora. Nastavljam s velikom pa\u017enjom pratiti va\u0161 rad u Crkvi i u svojim vas molitvama sve povjeravam Presvetoj Djevici Mariji, Zvijezdi nove evangelizacije i srda\u010dno vam udjeljujem svoj apostolski blagoslov.<\/p>\n\n<p> (*) Usp. \u201eL&#8217;Osservatore Romano\u201c, 22. rujna 2002.<\/p>\n","protected":false},"excerpt":{"rendered":"<p>Govor Neokatekumenskim zajednicama povodom Statuta 21-9-2002 Sv. Ivan Pavao II. Castel Gandolfo, 21. rujna 2002. (*) STATUTI: JASNO I SIGURNO PRAVILO \u017dIVOTA NEOKATEKUMENSKOG PUTA \u00bbStatuti moraju za Neokatekumenski put \u010diniti &#8216;jasno i sigurno pravilo \u017eivota&#8217;\u00ab. Preporu\u010dio je to papa katehistima i sve\u0107enicima neokatekumenskih zajednica na jutarnjoj audijenciji u subotu 21. rujna, u dvori\u0161tu Papinske pala\u010de Castel Gandolfo. Pozdrav Kika Arg\u00fcella Svetom Ocu: &#013; Dragi o\u010de, nemamo rije\u010di kojima bismo izrazili<\/p>\n<div class=\"read-more\"><a class=\"btn read-more-btn\" href=\"https:\/\/neocatechumenaleiter.org\/hr\/rijeci-papa\/sv-ivan-pavao-ii\/govor-neokatekumenskim-zajednicama-povodom-statuta-21-9-2002\/\">Nastavi \u010ditati<\/a><\/div>\n","protected":false},"author":2,"featured_media":0,"parent":9680,"menu_order":99,"comment_status":"closed","ping_status":"closed","template":"","meta":{"footnotes":""},"class_list":["post-18064","page","type-page","status-publish","hentry"],"_links":{"self":[{"href":"https:\/\/neocatechumenaleiter.org\/hr\/wp-json\/wp\/v2\/pages\/18064","targetHints":{"allow":["GET"]}}],"collection":[{"href":"https:\/\/neocatechumenaleiter.org\/hr\/wp-json\/wp\/v2\/pages"}],"about":[{"href":"https:\/\/neocatechumenaleiter.org\/hr\/wp-json\/wp\/v2\/types\/page"}],"author":[{"embeddable":true,"href":"https:\/\/neocatechumenaleiter.org\/hr\/wp-json\/wp\/v2\/users\/2"}],"replies":[{"embeddable":true,"href":"https:\/\/neocatechumenaleiter.org\/hr\/wp-json\/wp\/v2\/comments?post=18064"}],"version-history":[{"count":3,"href":"https:\/\/neocatechumenaleiter.org\/hr\/wp-json\/wp\/v2\/pages\/18064\/revisions"}],"predecessor-version":[{"id":18067,"href":"https:\/\/neocatechumenaleiter.org\/hr\/wp-json\/wp\/v2\/pages\/18064\/revisions\/18067"}],"up":[{"embeddable":true,"href":"https:\/\/neocatechumenaleiter.org\/hr\/wp-json\/wp\/v2\/pages\/9680"}],"wp:attachment":[{"href":"https:\/\/neocatechumenaleiter.org\/hr\/wp-json\/wp\/v2\/media?parent=18064"}],"curies":[{"name":"wp","href":"https:\/\/api.w.org\/{rel}","templated":true}]}}