{"id":8247,"date":"2020-02-25T03:14:42","date_gmt":"2020-02-25T02:14:42","guid":{"rendered":"https:\/\/neocatechumenaleiter.org\/povijest\/kiko-arguello\/"},"modified":"2021-08-10T10:56:17","modified_gmt":"2021-08-10T09:56:17","slug":"kiko-arguello","status":"publish","type":"page","link":"https:\/\/neocatechumenaleiter.org\/hr\/povijest\/kiko-arguello\/","title":{"rendered":"Kiko Arg\u00fcello"},"content":{"rendered":"\n<h1 class=\"wp-block-heading\"><strong>Kiko Arg\u00fcello<\/strong><\/h1>\n\n<div class=\"wp-block-image is-style-circle-mask\"><figure class=\"alignleft size-medium\"><img loading=\"lazy\" decoding=\"async\" width=\"245\" height=\"300\" src=\"https:\/\/neocatechumenaleiter.org\/wp-content\/uploads\/2020\/02\/Camino_Neocatecumenal_Kiko_Arguello-245x300.jpg\" alt=\"Kiko Arg&#xFC;ello\" class=\"wp-image-220\"\/><\/figure><\/div>\n\n<p>Francisco Jos\u00e9 G\u00f3mez de Arg\u00fcello Wirtz, rodio se u Le\u00f3nu (\u0160panjolska) 9. sije\u010dnja 1939. Studira likovnu umjetnost na Akademiji san Fernando u Madridu. Godine 1959. dobiva presti\u017enu dr\u017eavnu Nagradu za slikarstvo. Nakon duboke egzistencijalne krize u njemu se ra\u0111a ozbiljno obra\u0107enje koje ga dovodi do toga da posveti cijeli svoj \u017eivot Isusu Kristu i Crkvi.<\/p>\n\n<p>Godine 1960. zajedno s kiparom Coomontesom i vitra\u017eistom Mu\u00f1ozom De Pablosom, utemeljuje udrugu za istra\u017eivanje i razvoj sakralne umjetnosti \u201eGremio 62\u201c s kojom ostvaruje razne izlo\u017ebe u Madridu (Biblioteca Nacional), dok godine 1964., izabran od Ministarstva kulture, predstavlja \u0160panjolsku na Svjetskoj izlo\u017ebi sakralne umjetnosti u Francuskoj. U isto vrijeme izla\u017ee neka svoja djela u Nizozemskoj 1965 (galerija \u201eNouvelles images\u201c).<\/p>\n\n<p>Uvjeren da je Krist prisutan u trpljenju nevinih, 1964. godine odlazi \u017eivjeti me\u0111u najsiroma\u0161nije, u barake Palomeras Altasa u predgra\u0111u Madrida. Tamo upoznaje Carmen Hern\u00e1ndez i oboje potaknuti okru\u017eenjem siromaha, pronalaze jedan novi na\u010din propovijedanja, kerigmatsko-katehetsku sintezu, koja dovodi do formiranja male kr\u0161\u0107anske zajednice. Ta zajednica u kojoj se \u010dini vidljivom ljubav Krista Raspetoga i koja se pretvara u \u201esjeme\u201c koje se, zahvaljuju\u0107i tada\u0161njem madridskom nadbiskupu mons. Casimiru Morcillu, sije po \u017eupama Madrida, kasnije i u Rimu, a poslije i u ostalim dr\u017eavama. <\/p>\n\n<p>Nakon obra\u0107enja, on je svoju umjetnost stavio u slu\u017ebu Crkvi. Konkretno, kroz slikarstvo, glazbu, arhitekturu i skulpturu; posljednja dva za promicanje \u201enove estetike\u201c koja dovodi ljude do vjere.<\/p>\n\n<p>Kao slikar slikao je va\u017ena djela \u0161irom svijeta. U \u0160panjolskoj, posebno Madridu &#8211; isti\u010de se misti\u010dna kruna u Madridskoj katedrali, prikaz otajstva Kristova \u017eivota kroz ikone &#8211; ili tako\u0111er u Murciji. U Italiji je nedavno naslikao veliku fresku u sjemeni\u0161tu \u201eRedemptoris Mater\u201c u Rimu. Njegova djela se nalaze u mnogim rimskim \u017eupama, poput \u017eupe sv. Kanadskih mu\u010denika, te u gradovima poput Piacenze i Peruggie. Drugi primjer je velika freska Posljednjeg suda u centru Domus Galileaae (Izrael), mjestu smje\u0161tenom na Brdu Bla\u017eenstava i koji, po izri\u010ditoj \u017eelji Ivana Pavla II., slu\u017ei i za izgradnju mostova suradnje sa \u017eidovskim narodom.<\/p>\n\n<p>Kao arhitekt razvio je novi model \u017eupe i sjemeni\u0161ta temeljen na novoj estetici, a u kojem postoje i vitra\u017ei koje je sam naslikao. Postoje primjeri u \u0160panjolskoj, Italiji, Nikaragvi, Sjedinjenim Dr\u017eavama, Finskoj, Dominikanskoj Republici i nekim zemljama u Aziji i Africi. U tom smislu posebno se isti\u010de Domus Galilaeae.<\/p>\n\n<p>Tijekom ovih godina, Kiko Arg\u00fcello skladao je razli\u010dita glazbena ostvarenja za Neokatekumenski put. Od vremena kad je oti\u0161ao \u017eivjeti u barake Palomeras Altasa s jednom gitarom i biblijom, skladao je vi\u0161e od 300 pjesama koje sa\u010dinjavaju pjesmaricu pod nazivom \u201eUSKRSNUO JE, pjesme za neokatekumenske zajednice\u201c. Neke se trenutno pjevaju u brojnim \u017eupama \u0161irom svijeta, a druge su se pjevale u vi\u0161e navrata u nazo\u010dnosti razli\u010ditih Papa. Za njih je Kiko osmislio glazbenu pratnju pomo\u0107u velikog broja instrumenata.<\/p>\n\n<p>Arg\u00fcello je 2010. godine formirao Simfonijski orkestar Neokatekumenskog puta i skladao djelo \u201ePatnja nevinih\u201c, koje kroz glazbu opisuje bol Djevice Marije pod kri\u017eem. Nakon izvo\u0111enja u Izraelu pred predstavnicima vlasti i 200 biskupa, \u017didovi su, duboko impresionirani, priznali da ih Crkva shva\u0107a i voli pred njihovom boli zbog pretrpljene \u0160oah (Holokausta). Od tada ova simfonija slu\u017ei kao most dijaloga izme\u0111u \u017eidovskog naroda i Katoli\u010dke crkve. Nakon toga njegovo djelo izvo\u0111eno je na raznim mjestima: poput Vatikana &#8211; jednom prilikom pred Benediktom XVI. &#8211;  izme\u0111u ostalog i u Jeruzalemu, Betlehemu, Madridu, Parizu, Tokiju, New Yorku, Chicagu, Bostonu, D\u00fcsseldorfu ili Auschwitzu.<\/p>\n\n<p>Kiko Arg\u00fcello tako\u0111er je autor dviju knjiga: 2012. objavio je knjigu \u201eKerigma, u barakama sa siromasima\u201c, a 2016.godine objavljuje \u201eBilje\u0161ke. 1988.-2014\u201c.<\/p>\n","protected":false},"excerpt":{"rendered":"<p>Kiko Arg\u00fcello Francisco Jos\u00e9 G\u00f3mez de Arg\u00fcello Wirtz, rodio se u Le\u00f3nu (\u0160panjolska) 9. sije\u010dnja 1939. Studira likovnu umjetnost na Akademiji san Fernando u Madridu. Godine 1959. dobiva presti\u017enu dr\u017eavnu Nagradu za slikarstvo. Nakon duboke egzistencijalne krize u njemu se ra\u0111a ozbiljno obra\u0107enje koje ga dovodi do toga da posveti cijeli svoj \u017eivot Isusu Kristu i Crkvi. Godine 1960. zajedno s kiparom Coomontesom i vitra\u017eistom Mu\u00f1ozom De Pablosom, utemeljuje udrugu<\/p>\n<div class=\"read-more\"><a class=\"btn read-more-btn\" href=\"https:\/\/neocatechumenaleiter.org\/hr\/povijest\/kiko-arguello\/\">Nastavi \u010ditati<\/a><\/div>\n","protected":false},"author":2,"featured_media":0,"parent":7919,"menu_order":0,"comment_status":"closed","ping_status":"closed","template":"","meta":{"footnotes":""},"class_list":["post-8247","page","type-page","status-publish","hentry"],"_links":{"self":[{"href":"https:\/\/neocatechumenaleiter.org\/hr\/wp-json\/wp\/v2\/pages\/8247","targetHints":{"allow":["GET"]}}],"collection":[{"href":"https:\/\/neocatechumenaleiter.org\/hr\/wp-json\/wp\/v2\/pages"}],"about":[{"href":"https:\/\/neocatechumenaleiter.org\/hr\/wp-json\/wp\/v2\/types\/page"}],"author":[{"embeddable":true,"href":"https:\/\/neocatechumenaleiter.org\/hr\/wp-json\/wp\/v2\/users\/2"}],"replies":[{"embeddable":true,"href":"https:\/\/neocatechumenaleiter.org\/hr\/wp-json\/wp\/v2\/comments?post=8247"}],"version-history":[{"count":13,"href":"https:\/\/neocatechumenaleiter.org\/hr\/wp-json\/wp\/v2\/pages\/8247\/revisions"}],"predecessor-version":[{"id":20081,"href":"https:\/\/neocatechumenaleiter.org\/hr\/wp-json\/wp\/v2\/pages\/8247\/revisions\/20081"}],"up":[{"embeddable":true,"href":"https:\/\/neocatechumenaleiter.org\/hr\/wp-json\/wp\/v2\/pages\/7919"}],"wp:attachment":[{"href":"https:\/\/neocatechumenaleiter.org\/hr\/wp-json\/wp\/v2\/media?parent=8247"}],"curies":[{"name":"wp","href":"https:\/\/api.w.org\/{rel}","templated":true}]}}