{"id":8249,"date":"2020-02-25T03:16:52","date_gmt":"2020-02-25T02:16:52","guid":{"rendered":"https:\/\/neocatechumenaleiter.org\/povijest\/carmen-hernandez\/"},"modified":"2021-08-10T10:56:23","modified_gmt":"2021-08-10T09:56:23","slug":"carmen-hernandez","status":"publish","type":"page","link":"https:\/\/neocatechumenaleiter.org\/hr\/povijest\/carmen-hernandez\/","title":{"rendered":"Carmen Hern\u00e1ndez"},"content":{"rendered":"\n<h1 class=\"wp-block-heading\"><p><strong>Carmen Hern\u00e1ndez<\/strong><\/p><\/h1>\n\n<div class=\"wp-block-image is-style-default\"><figure class=\"alignleft size-medium\"><img loading=\"lazy\" decoding=\"async\" width=\"245\" height=\"300\" src=\"https:\/\/neocatechumenaleiter.org\/wp-content\/uploads\/2020\/02\/Camino_Neocatecumenal_Carmen_Hernandez_psg-245x300.jpg\" alt=\"Carmen Hern&#xE1;ndez\" class=\"wp-image-225\" srcset=\"https:\/\/neocatechumenaleiter.org\/wp-content\/uploads\/2020\/02\/Camino_Neocatecumenal_Carmen_Hernandez_psg-245x300.jpg 245w, https:\/\/neocatechumenaleiter.org\/wp-content\/uploads\/2020\/02\/Camino_Neocatecumenal_Carmen_Hernandez_psg.jpg 327w\" sizes=\"auto, (max-width: 245px) 100vw, 245px\" \/><\/figure><\/div>\n\n<h4 class=\"wp-block-heading\">24. Studenog 1930., \u2020 Madrid, 19. Srpnja 2016<\/h4>\n\n<p>Carmen je, zajedno s Kikom, bila inicijatorica Puta. Ro\u0111ena je u \u00d3lvegi (Soria, \u0160panjolska) 24. studenoga 1930. Bila je peta od devetero bra\u0107e &#8211; \u010detiri brata i pet sestara &#8211; i djetinjstvo je \u017eivjela u Tudeli (Navarra, \u0160panjolska).<\/p>\n\n<p>U Tudeli je studirala u Dru\u017ebi Marijinoj (Compa\u00f1\u00eda de Mar\u00eda) i imala kontakte s Dru\u017ebom Isusovom. Pod utjecajem misionarskog duha svetog Franje Ksaverskog, od malih nogu osje\u0107ala je zvanje za misije u Indiji. Po volji svog oca, 1948. godine po\u010dela je studirati kemiju u Madridu, gdje je diplomirala s najvi\u0161im ocjenama 1954. godine.<\/p>\n\n<p>Jedno vrijeme radi s ocem u prehrambenoj industriji u tvornici koju je obitelj imala u And\u00fajaru (Ja\u00e9n), no odlu\u010duje ostaviti posao kako bi se preselila u Javier, gdje ulazi u novi misionarski institut: Misionarke Krista Isusa. Nakon novicijata, studira teologiju u ku\u0107i za teolo\u0161ku formaciju redovnika u Valenciji. 1960. godine odre\u0111ena je za odlazak u Indiju. Za ovo poslanje morala se pripremiti u Londonu (u to je vrijeme ta azijska zemlja pripadala Commonwealthu), gdje je ostala godinu dana. U to vrijeme do\u0161lo je do promjene smjera u Misionarkama Krista Isusa koja im je ograni\u010dila otvorenost za misije, \u0161to je bio razlog da se Carmen vra\u0107a iz Londona u Barcelonu. Tamo je upoznala P. Pedra Farn\u00e9sa Scherera koji je malo prije II. Vatikanskog sabora zavr\u0161io studije u Liturgijskom institutu u Parizu,te je kasnije aktivno sudjelovao u Consiliumu koji je radio ostvarenju liturgijske obnove koju je pripremio Drugi vatikanski koncil.<\/p>\n\n<p>U svojim predavanjima P. Farn\u00e9s je obja\u0161njavao je i iznosio pashalne izvore euharistije kao i obnovljenu ekleziologiju koja je Crkvu prikazivala kao svjetlo naroda. Carmenin \u017eivi kontakt s autorima ove koncilske obnove imao je veliki utjecaj na kasnije formiranje kateheza Neokatekumenskog puta.<\/p>\n\n<p>Od polovice 1963. godine do polovice 1964. godine Carmen boravi u Svetoj zemlji. s Biblijom upoznaju\u0107i sveta mjesta. Po povratku u Madrid, po\u010dela je raditi u barakama na periferiji, razmi\u0161ljaju\u0107i o odlasku u Boliviju kao misionarka s drugim laicima koji \u017eive u celibatu. Me\u0111utim, tamo upoznaje Kika Arg\u00fcella, koji je \u017eivio u barakama Palomeras Altas, i odlu\u010duje ostati u istom podru\u010dju. Usred siroma\u0161nih, oboje su otkrili snagu Pashalnog otajstva i propovijedanja Kerigme (Radosne vijesti Krista umrloga i uskrsloga) i oboje svjedo\u010de nastanku prve zajednice. Zahvaljuju\u0107i \u010dinjenici da je tada\u0161nji madridski nadbiskup mons. Casimiro Morcillo odobrio ovu novu stvarnost, Carmen nastavlja sura\u0111ivati s Kikom dovode\u0107i ovo djelo obnove Crkve u \u017eupe &#8211; prvo u Madrid, zatim u Rim, a odatle i u druge gradove i nacije.<\/p>\n\n<p>Carmen Hern\u00e1ndez preminula je 19. srpnja 2016. u Madridu. Na njezinom sprovodu, koje je predsjedao madridski nadbiskup kardinal Carlos Osoro Sierra, na kojem je prisustvovalo tisu\u0107e i tisu\u0107e ljudi, o. Mario Pezzi naglasio \u010dinjenicu da je \u201eprvi put u povijesti\u201c, Put kao \u201ecrkvena stvarnost, osnovana od jednog mu\u0161karca i jedne \u017eene koji su zajedno sura\u0111ivali vi\u0161e od 50 godina\u201c. Uz to, Papa je poslao poruku u kojoj je rekao da je primio vijest o Carmeninoj smrti \u201es osje\u0107ajem ganu\u0107a\u201c i primijetio u njoj \u201eveliko iskustvo obilje\u017eeno njezinom ljubavlju prema Isusu i velikom misionarskom revno\u0161\u0107u\u201c. \u201eZahvaljujem Gospodinu na svjedo\u010danstvu ove \u017eene, potaknute iskrenom ljubavlju za Crkvu, koja je istro\u0161ila svoj \u017eivot navije\u0161taju\u0107i Radosnu vijest na svakom mjestu, tako\u0111er i onima najudaljenijima, ne zaboravljaju\u0107i ljude na marginama dru\u0161tva&#8221;, napisao je papa Franjo.<\/p>\n","protected":false},"excerpt":{"rendered":"<p>Carmen Hern\u00e1ndez 24. Studenog 1930., \u2020 Madrid, 19. Srpnja 2016 Carmen je, zajedno s Kikom, bila inicijatorica Puta. Ro\u0111ena je u \u00d3lvegi (Soria, \u0160panjolska) 24. studenoga 1930. Bila je peta od devetero bra\u0107e &#8211; \u010detiri brata i pet sestara &#8211; i djetinjstvo je \u017eivjela u Tudeli (Navarra, \u0160panjolska). U Tudeli je studirala u Dru\u017ebi Marijinoj (Compa\u00f1\u00eda de Mar\u00eda) i imala kontakte s Dru\u017ebom Isusovom. Pod utjecajem misionarskog duha svetog Franje<\/p>\n<div class=\"read-more\"><a class=\"btn read-more-btn\" href=\"https:\/\/neocatechumenaleiter.org\/hr\/povijest\/carmen-hernandez\/\">Nastavi \u010ditati<\/a><\/div>\n","protected":false},"author":2,"featured_media":0,"parent":7919,"menu_order":0,"comment_status":"closed","ping_status":"closed","template":"","meta":{"footnotes":""},"class_list":["post-8249","page","type-page","status-publish","hentry"],"_links":{"self":[{"href":"https:\/\/neocatechumenaleiter.org\/hr\/wp-json\/wp\/v2\/pages\/8249","targetHints":{"allow":["GET"]}}],"collection":[{"href":"https:\/\/neocatechumenaleiter.org\/hr\/wp-json\/wp\/v2\/pages"}],"about":[{"href":"https:\/\/neocatechumenaleiter.org\/hr\/wp-json\/wp\/v2\/types\/page"}],"author":[{"embeddable":true,"href":"https:\/\/neocatechumenaleiter.org\/hr\/wp-json\/wp\/v2\/users\/2"}],"replies":[{"embeddable":true,"href":"https:\/\/neocatechumenaleiter.org\/hr\/wp-json\/wp\/v2\/comments?post=8249"}],"version-history":[{"count":9,"href":"https:\/\/neocatechumenaleiter.org\/hr\/wp-json\/wp\/v2\/pages\/8249\/revisions"}],"predecessor-version":[{"id":23766,"href":"https:\/\/neocatechumenaleiter.org\/hr\/wp-json\/wp\/v2\/pages\/8249\/revisions\/23766"}],"up":[{"embeddable":true,"href":"https:\/\/neocatechumenaleiter.org\/hr\/wp-json\/wp\/v2\/pages\/7919"}],"wp:attachment":[{"href":"https:\/\/neocatechumenaleiter.org\/hr\/wp-json\/wp\/v2\/media?parent=8249"}],"curies":[{"name":"wp","href":"https:\/\/api.w.org\/{rel}","templated":true}]}}