{"id":8251,"date":"2020-02-25T03:18:03","date_gmt":"2020-02-25T02:18:03","guid":{"rendered":"https:\/\/neocatechumenaleiter.org\/povijest\/mario-pezzi\/"},"modified":"2021-08-10T10:56:29","modified_gmt":"2021-08-10T09:56:29","slug":"mario-pezzi","status":"publish","type":"page","link":"https:\/\/neocatechumenaleiter.org\/hr\/povijest\/mario-pezzi\/","title":{"rendered":"Mario Pezzi"},"content":{"rendered":"\n<h1 class=\"wp-block-heading\"><strong>Mario Pezzi<\/strong><\/h1>\n\n<div class=\"wp-block-image is-style-circle-mask\"><figure class=\"alignleft size-medium\"><img loading=\"lazy\" decoding=\"async\" width=\"245\" height=\"300\" src=\"https:\/\/neocatechumenaleiter.org\/wp-content\/uploads\/2020\/02\/Camino_Neocatecumenal_Mario_Pezzi-245x300.jpg\" alt=\"Mario Pezzi\" class=\"wp-image-230\" srcset=\"https:\/\/neocatechumenaleiter.org\/wp-content\/uploads\/2020\/02\/Camino_Neocatecumenal_Mario_Pezzi-245x300.jpg 245w, https:\/\/neocatechumenaleiter.org\/wp-content\/uploads\/2020\/02\/Camino_Neocatecumenal_Mario_Pezzi-837x1024.jpg 837w, https:\/\/neocatechumenaleiter.org\/wp-content\/uploads\/2020\/02\/Camino_Neocatecumenal_Mario_Pezzi-768x940.jpg 768w, https:\/\/neocatechumenaleiter.org\/wp-content\/uploads\/2020\/02\/Camino_Neocatecumenal_Mario_Pezzi.jpg 994w\" sizes=\"auto, (max-width: 245px) 100vw, 245px\" \/><\/figure><\/div>\n\n<p>Mario Pezzi ro\u0111en je u Gottolengu (Brescia, Italija), 19. rujna 1942. kao tre\u0107i od petorice bra\u0107e. U\u0161ao je u sjemeni\u0161te Misionara kombonijanaca kada je imao deset godina. Nakon novicijata, poglavari su ga poslali u Rim na Me\u0111unarodni skolastikat te studira teologiju na Papinskom sveu\u010dili\u0161tu Urbaniana. Sve\u0107eni\u010dko re\u0111enje je primio 19. o\u017eujka 1969. i zapo\u010deo doktorat iz dogmatske teologije na Papinskom sveu\u010dili\u0161tu Gregoriana kod profesora o. Zoltana Alszeghyja.<\/p>\n\n<p>Iste godine upoznao je Kika i Carmen, inicijatore Neokatekumenskog puta i slu\u0161a zadnje kateheze u \u017eupi Nativit\u00e0 u Rimu. U sije\u010dnju 1970. slu\u0161ao je kateheze Puta u \u017eupi San Giovanni di Dio, u kojoj je obavljao pastoralnu slu\u017ebu, te ulazi u prvu neokatekumensku zajednicu u ovoj \u017eupi. Vidjev\u0161i u Putu nadu za katekumenat u misijama u Africi, posebno nakon tragi\u010dnog iskustva masakra me\u0111u kr\u0161\u0107anima u Burundiju, dobio je dozvolu svojih poglavara za odlazak u itineranciju u Afriku. U rujnu 1970. prekinuo je studij doktorata, a Kiko i Carmen poslali su ga da zapo\u010dne Put u dvije \u017eupe u biskupiji Brescia i Milano, a u sije\u010dnju 1971. u \u017eupi San Leone u Kataniji.<\/p>\n\n<p>U lipnju 1971., Kiko i Carmen pozvali su ga da zamijeni don Francesca Cuppinija, sve\u0107enika koji ih je pratio od 1968., koji je bio dio njihove ekipe u razdoblju kad su evangelizirali u Italiji, posebno u Rimu, u Firenci i Ivreji. Tijekom razdoblja kad su Kiko i Carmen bili u \u0160panjolskoj, u pratnji o. Jes\u00fasa Bl\u00e1zqueza kao sve\u0107enika, o. Mario je poslan u evangelizaciju Lombardije i potom Portugala. U prosincu 1981. godine, s pismom vrhovnog generala kombonijanaca poslan je kao itinerant kombonijanaca da zapo\u010dne Put u Kartumu (Sudan), srcu misija iste dru\u017ebe, a zatim, u o\u017eujku 1982., u Kampalu (Uganda). Od te godine u\u010dinio je brojna putovanja u Afriku: posjetio nekoliko biskupa u Keniji i obitelji u poslanju Puta u Obali bjelokosti, Kamerunu, Zambiji i Sjemeni\u0161ta \u201eRedemptoris Mater\u201c iz Kitwea (Zambija), Douala (Kamerun), Dar es Salaam (Tanzanija), Goma (Kongo) i Morondava (Madagaskar). Tako\u0111er je posjetio nekoliko biskupa prvo u Angoli, a potom u Mozambiku kako bi otvorio Put. Bio je u Banguiju (Srednjoafri\u010dka republika) i Bujumbura (Burundi).<\/p>\n\n<p>Od 1982. godine pozvan je da bude dio Ekipe odgovornih za Neokatekumenski put zajedno s Kikom i Carmen, u potpunosti, prate\u0107i ih u odnosima s Papama, Svetom Stolicom, Biskupima, na etapama, na svjetskim konvivencijama itineranata, te na me\u0111unarodnim putovanjima i susretima sve do danas. Godine 1992., novi poglavar Misonara kombonijanaca pozvao ga je da se ponovno pridru\u017ei institutu ili da se inkardinira u Rimsku biskupiju. Napu\u0161taju\u0107i Institut, kardinal vikar, monsinjor Camilo Ruini, primio ga je kao prezbitera katehista itineranta.<\/p>\n\n<p>Odobrenjem Statuta 2002. godine, ad experimentum, a 2008. godine definitivno Sveta Stolica ga je imenovala prezbiterom Me\u0111unarodnog ekipe zajedno s Kikom i Carmenom (prije njezine smrti).<\/p>\n","protected":false},"excerpt":{"rendered":"<p>Mario Pezzi Mario Pezzi ro\u0111en je u Gottolengu (Brescia, Italija), 19. rujna 1942. kao tre\u0107i od petorice bra\u0107e. U\u0161ao je u sjemeni\u0161te Misionara kombonijanaca kada je imao deset godina. Nakon novicijata, poglavari su ga poslali u Rim na Me\u0111unarodni skolastikat te studira teologiju na Papinskom sveu\u010dili\u0161tu Urbaniana. Sve\u0107eni\u010dko re\u0111enje je primio 19. o\u017eujka 1969. i zapo\u010deo doktorat iz dogmatske teologije na Papinskom sveu\u010dili\u0161tu Gregoriana kod profesora o. Zoltana Alszeghyja. Iste<\/p>\n<div class=\"read-more\"><a class=\"btn read-more-btn\" href=\"https:\/\/neocatechumenaleiter.org\/hr\/povijest\/mario-pezzi\/\">Nastavi \u010ditati<\/a><\/div>\n","protected":false},"author":2,"featured_media":0,"parent":7919,"menu_order":0,"comment_status":"closed","ping_status":"closed","template":"","meta":{"footnotes":""},"class_list":["post-8251","page","type-page","status-publish","hentry"],"_links":{"self":[{"href":"https:\/\/neocatechumenaleiter.org\/hr\/wp-json\/wp\/v2\/pages\/8251","targetHints":{"allow":["GET"]}}],"collection":[{"href":"https:\/\/neocatechumenaleiter.org\/hr\/wp-json\/wp\/v2\/pages"}],"about":[{"href":"https:\/\/neocatechumenaleiter.org\/hr\/wp-json\/wp\/v2\/types\/page"}],"author":[{"embeddable":true,"href":"https:\/\/neocatechumenaleiter.org\/hr\/wp-json\/wp\/v2\/users\/2"}],"replies":[{"embeddable":true,"href":"https:\/\/neocatechumenaleiter.org\/hr\/wp-json\/wp\/v2\/comments?post=8251"}],"version-history":[{"count":4,"href":"https:\/\/neocatechumenaleiter.org\/hr\/wp-json\/wp\/v2\/pages\/8251\/revisions"}],"predecessor-version":[{"id":23780,"href":"https:\/\/neocatechumenaleiter.org\/hr\/wp-json\/wp\/v2\/pages\/8251\/revisions\/23780"}],"up":[{"embeddable":true,"href":"https:\/\/neocatechumenaleiter.org\/hr\/wp-json\/wp\/v2\/pages\/7919"}],"wp:attachment":[{"href":"https:\/\/neocatechumenaleiter.org\/hr\/wp-json\/wp\/v2\/media?parent=8251"}],"curies":[{"name":"wp","href":"https:\/\/api.w.org\/{rel}","templated":true}]}}