{"id":8253,"date":"2020-02-25T03:20:35","date_gmt":"2020-02-25T02:20:35","guid":{"rendered":"https:\/\/neocatechumenaleiter.org\/povijest\/maria-ascension\/"},"modified":"2026-03-12T16:50:24","modified_gmt":"2026-03-12T15:50:24","slug":"maria-ascension","status":"publish","type":"page","link":"https:\/\/neocatechumenaleiter.org\/hr\/povijest\/maria-ascension\/","title":{"rendered":"Mar\u00eda Ascensi\u00f3n"},"content":{"rendered":"\n<h1 class=\"wp-block-heading\"><strong>Mar\u00eda Ascensi\u00f3n Romero<\/strong><\/h1>\n<div class=\"wp-block-image is-style-circle-mask\">\n<figure class=\"alignleft size-medium\"><img loading=\"lazy\" decoding=\"async\" width=\"245\" height=\"300\" src=\"https:\/\/neocatechumenaleiter.org\/wp-content\/uploads\/2020\/02\/Camino_Neocatecumenal_Maria_Ascension_Romero-245x300.jpg\" alt=\"Mar&#xED;a Ascensi&#xF3;n Romero\" class=\"wp-image-235\" srcset=\"https:\/\/neocatechumenaleiter.org\/wp-content\/uploads\/2020\/02\/Camino_Neocatecumenal_Maria_Ascension_Romero-245x300.jpg 245w, https:\/\/neocatechumenaleiter.org\/wp-content\/uploads\/2020\/02\/Camino_Neocatecumenal_Maria_Ascension_Romero-837x1024.jpg 837w, https:\/\/neocatechumenaleiter.org\/wp-content\/uploads\/2020\/02\/Camino_Neocatecumenal_Maria_Ascension_Romero-768x940.jpg 768w, https:\/\/neocatechumenaleiter.org\/wp-content\/uploads\/2020\/02\/Camino_Neocatecumenal_Maria_Ascension_Romero.jpg 994w\" sizes=\"auto, (max-width: 245px) 100vw, 245px\" \/><\/figure><\/div>\n<p>Mar\u00eda Ascensi\u00f3n Romero Ant\u00f3n pridru\u017eena je Me\u0111unarodnoj ekipi Neokatekumenskog puta u sije\u010dnju 2018., slijede\u0107i zamolbu Dikasterija za laike, obitelji i \u017eivot Svete Stolice za imenovanjem novog \u010dlana Ekipe, kako to odre\u0111uje Statut Puta.<\/p>\n\n<p>Mar\u00eda Ascensi\u00f3n ro\u0111ena je 27. svibnja 1960. u Tudeli, Navarra (\u0160panjolska). Ona je tre\u0107a od \u010detvero bra\u0107e, a studirala je u \u0161koli Dru\u017ebe Marijine (Compa\u00f1\u00eda de Mar\u00eda) (isti institut gdje se formirala Carmen Hern\u00e1ndez). Kasnije se preselila u Soriju kako bi studirala na U\u010diteljskoj akademiji te je tamo u dobi od 19 godina upoznala Neokatekumenski put.<\/p>\n\n<p>Obavljala je Put mnogo godina u neokatekumenskoj zajednici Tudela dok se nije preselila u Madrid kako bi radila kao u\u010diteljica, gdje je nastavila Put u \u017dupi sv. Katarine Sijenske.<\/p>\n\n<p>Na Svjetskom danu mladih u Santiago de Compostela sa sv. Ivanom Pavlom II. osjetila je poziv na evangelizaciju, \u0161to je potvrdila na susretu u Zaragozi s inicijatorima Puta.<\/p>\n\n<p>Godine 1991. bila je na svom prvom poslanju u biskupiji Ciudad Real (\u0160panjolska). 1992. godine otputovala je u poslanje u biv\u0161i Sovjetski Savez, gdje \u0107e ostati 25 godina evangeliziraju\u0107i u raznim dr\u017eavama: Bjelorusiji, Kazahstanu i Rusiji.<\/p>\n\n<p>Dana 2. velja\u010de 2018. slu\u017ebeno je imenovana \u010dlanom Me\u0111unarodne ekipe Neokatekumenskog puta.<\/p>\n","protected":false},"excerpt":{"rendered":"<p>Mar\u00eda Ascensi\u00f3n Romero Mar\u00eda Ascensi\u00f3n Romero Ant\u00f3n pridru\u017eena je Me\u0111unarodnoj ekipi Neokatekumenskog puta u sije\u010dnju 2018., slijede\u0107i zamolbu Dikasterija za laike, obitelji i \u017eivot Svete Stolice za imenovanjem novog \u010dlana Ekipe, kako to odre\u0111uje Statut Puta. Mar\u00eda Ascensi\u00f3n ro\u0111ena je 27. svibnja 1960. u Tudeli, Navarra (\u0160panjolska). Ona je tre\u0107a od \u010detvero bra\u0107e, a studirala je u \u0161koli Dru\u017ebe Marijine (Compa\u00f1\u00eda de Mar\u00eda) (isti institut gdje se formirala Carmen Hern\u00e1ndez).<\/p>\n<div class=\"read-more\"><a class=\"btn read-more-btn\" href=\"https:\/\/neocatechumenaleiter.org\/hr\/povijest\/maria-ascension\/\">Nastavi \u010ditati<\/a><\/div>\n","protected":false},"author":2,"featured_media":0,"parent":7919,"menu_order":0,"comment_status":"closed","ping_status":"closed","template":"","meta":{"footnotes":""},"class_list":["post-8253","page","type-page","status-publish","hentry"],"_links":{"self":[{"href":"https:\/\/neocatechumenaleiter.org\/hr\/wp-json\/wp\/v2\/pages\/8253","targetHints":{"allow":["GET"]}}],"collection":[{"href":"https:\/\/neocatechumenaleiter.org\/hr\/wp-json\/wp\/v2\/pages"}],"about":[{"href":"https:\/\/neocatechumenaleiter.org\/hr\/wp-json\/wp\/v2\/types\/page"}],"author":[{"embeddable":true,"href":"https:\/\/neocatechumenaleiter.org\/hr\/wp-json\/wp\/v2\/users\/2"}],"replies":[{"embeddable":true,"href":"https:\/\/neocatechumenaleiter.org\/hr\/wp-json\/wp\/v2\/comments?post=8253"}],"version-history":[{"count":5,"href":"https:\/\/neocatechumenaleiter.org\/hr\/wp-json\/wp\/v2\/pages\/8253\/revisions"}],"predecessor-version":[{"id":48079,"href":"https:\/\/neocatechumenaleiter.org\/hr\/wp-json\/wp\/v2\/pages\/8253\/revisions\/48079"}],"up":[{"embeddable":true,"href":"https:\/\/neocatechumenaleiter.org\/hr\/wp-json\/wp\/v2\/pages\/7919"}],"wp:attachment":[{"href":"https:\/\/neocatechumenaleiter.org\/hr\/wp-json\/wp\/v2\/media?parent=8253"}],"curies":[{"name":"wp","href":"https:\/\/api.w.org\/{rel}","templated":true}]}}