{"id":8896,"date":"2020-04-28T10:00:03","date_gmt":"2020-04-28T09:00:03","guid":{"rendered":"https:\/\/neocatechumenaleiter.org\/e-mail_greska\/"},"modified":"2020-04-28T10:00:04","modified_gmt":"2020-04-28T09:00:04","slug":"e-mail_greska","status":"publish","type":"page","link":"https:\/\/neocatechumenaleiter.org\/hr\/e-mail_greska\/","title":{"rendered":"E-mail_gre\u0161ka"},"content":{"rendered":"\n<h2 class=\"has-text-align-center wp-block-heading\">Do\u0161lo je do neo\u010dekivane pogre\u0161ke<\/h2>\n\n<div style=\"height:20px\" aria-hidden=\"true\" class=\"wp-block-spacer\"><\/div>\n\n<h5 class=\"has-text-align-center wp-block-heading\">Vratite se i poku\u0161ajte ponovo poslati poruku nakon nekoliko minuta<\/h5>\n","protected":false},"excerpt":{"rendered":"<p>Do\u0161lo je do neo\u010dekivane pogre\u0161ke Vratite se i poku\u0161ajte ponovo poslati poruku nakon nekoliko minuta<\/p>\n","protected":false},"author":2,"featured_media":0,"parent":0,"menu_order":0,"comment_status":"closed","ping_status":"closed","template":"","meta":{"footnotes":""},"class_list":["post-8896","page","type-page","status-publish","hentry"],"_links":{"self":[{"href":"https:\/\/neocatechumenaleiter.org\/hr\/wp-json\/wp\/v2\/pages\/8896","targetHints":{"allow":["GET"]}}],"collection":[{"href":"https:\/\/neocatechumenaleiter.org\/hr\/wp-json\/wp\/v2\/pages"}],"about":[{"href":"https:\/\/neocatechumenaleiter.org\/hr\/wp-json\/wp\/v2\/types\/page"}],"author":[{"embeddable":true,"href":"https:\/\/neocatechumenaleiter.org\/hr\/wp-json\/wp\/v2\/users\/2"}],"replies":[{"embeddable":true,"href":"https:\/\/neocatechumenaleiter.org\/hr\/wp-json\/wp\/v2\/comments?post=8896"}],"version-history":[{"count":1,"href":"https:\/\/neocatechumenaleiter.org\/hr\/wp-json\/wp\/v2\/pages\/8896\/revisions"}],"predecessor-version":[{"id":8897,"href":"https:\/\/neocatechumenaleiter.org\/hr\/wp-json\/wp\/v2\/pages\/8896\/revisions\/8897"}],"wp:attachment":[{"href":"https:\/\/neocatechumenaleiter.org\/hr\/wp-json\/wp\/v2\/media?parent=8896"}],"curies":[{"name":"wp","href":"https:\/\/api.w.org\/{rel}","templated":true}]}}