{"id":8898,"date":"2020-04-28T10:01:50","date_gmt":"2020-04-28T09:01:50","guid":{"rendered":"https:\/\/neocatechumenaleiter.org\/e-mail_ok\/"},"modified":"2020-04-28T10:01:51","modified_gmt":"2020-04-28T09:01:51","slug":"e-mail_ok","status":"publish","type":"page","link":"https:\/\/neocatechumenaleiter.org\/hr\/e-mail_ok\/","title":{"rendered":"E-mail_OK"},"content":{"rendered":"\n<h2 class=\"has-text-align-center wp-block-heading\">Va\u0161a je poruka uspje\u0161no poslana<\/h2>\n\n<div style=\"height:20px\" aria-hidden=\"true\" class=\"wp-block-spacer\"><\/div>\n\n<h5 class=\"has-text-align-center wp-block-heading\">Odgovorit \u0107emo na e-adresu koju ste naveli u obrascu, ako je potrebno.<\/h5>\n","protected":false},"excerpt":{"rendered":"<p>Va\u0161a je poruka uspje\u0161no poslana Odgovorit \u0107emo na e-adresu koju ste naveli u obrascu, ako je potrebno.<\/p>\n","protected":false},"author":2,"featured_media":0,"parent":0,"menu_order":0,"comment_status":"closed","ping_status":"closed","template":"","meta":{"footnotes":""},"class_list":["post-8898","page","type-page","status-publish","hentry"],"_links":{"self":[{"href":"https:\/\/neocatechumenaleiter.org\/hr\/wp-json\/wp\/v2\/pages\/8898","targetHints":{"allow":["GET"]}}],"collection":[{"href":"https:\/\/neocatechumenaleiter.org\/hr\/wp-json\/wp\/v2\/pages"}],"about":[{"href":"https:\/\/neocatechumenaleiter.org\/hr\/wp-json\/wp\/v2\/types\/page"}],"author":[{"embeddable":true,"href":"https:\/\/neocatechumenaleiter.org\/hr\/wp-json\/wp\/v2\/users\/2"}],"replies":[{"embeddable":true,"href":"https:\/\/neocatechumenaleiter.org\/hr\/wp-json\/wp\/v2\/comments?post=8898"}],"version-history":[{"count":1,"href":"https:\/\/neocatechumenaleiter.org\/hr\/wp-json\/wp\/v2\/pages\/8898\/revisions"}],"predecessor-version":[{"id":8899,"href":"https:\/\/neocatechumenaleiter.org\/hr\/wp-json\/wp\/v2\/pages\/8898\/revisions\/8899"}],"wp:attachment":[{"href":"https:\/\/neocatechumenaleiter.org\/hr\/wp-json\/wp\/v2\/media?parent=8898"}],"curies":[{"name":"wp","href":"https:\/\/api.w.org\/{rel}","templated":true}]}}