{"id":8943,"date":"2020-02-29T05:28:32","date_gmt":"2020-02-29T04:28:32","guid":{"rendered":"https:\/\/neocatechumenaleiter.org\/trazi\/"},"modified":"2023-12-11T01:28:26","modified_gmt":"2023-12-11T00:28:26","slug":"trazi","status":"publish","type":"page","link":"https:\/\/neocatechumenaleiter.org\/hr\/trazi\/","title":{"rendered":"Tra\u017ei"},"content":{"rendered":"\n<h4 class=\"wp-block-heading has-text-align-center\">Upi\u0161ite tekst za pretra\u017eivanje<\/h4>\n\n<div style=\"height:20px\" aria-hidden=\"true\" class=\"wp-block-spacer\"><\/div>\n\n<section id=\"search-2\" class=\"widget widget_search\"><form role=\"search\" method=\"get\" class=\"search-form\" action=\"https:\/\/neocatechumenaleiter.org\/hr\/\">\r\n\t<label for=\"search-form-5e59e7fe802ae\">\r\n\t\t<span class=\"screen-reader-text\">Tra\u017ei:<\/span>\r\n        <input type=\"search\" id=\"search-form-5e59e7fe802ae\" class=\"search-field\" placeholder=\"Tra\u017ei \u2026\" value=\"\" name=\"s\" autofocus=\"\"\/><\/label>\r\n\t<button type=\"submit\" class=\"search-submit\">\r\n    \t<span class=\"screen-reader-text\">Tra\u017ei<\/span>\r\n        <i class=\"icon-magnifier\"><\/i>\r\n    <\/button>\r\n<\/form>\r\n\r\n<\/section>","protected":false},"excerpt":{"rendered":"<p>Upi\u0161ite tekst za pretra\u017eivanje Tra\u017ei: Tra\u017ei<\/p>\n","protected":false},"author":2,"featured_media":0,"parent":0,"menu_order":0,"comment_status":"closed","ping_status":"closed","template":"","meta":{"footnotes":""},"class_list":["post-8943","page","type-page","status-publish","hentry"],"_links":{"self":[{"href":"https:\/\/neocatechumenaleiter.org\/hr\/wp-json\/wp\/v2\/pages\/8943","targetHints":{"allow":["GET"]}}],"collection":[{"href":"https:\/\/neocatechumenaleiter.org\/hr\/wp-json\/wp\/v2\/pages"}],"about":[{"href":"https:\/\/neocatechumenaleiter.org\/hr\/wp-json\/wp\/v2\/types\/page"}],"author":[{"embeddable":true,"href":"https:\/\/neocatechumenaleiter.org\/hr\/wp-json\/wp\/v2\/users\/2"}],"replies":[{"embeddable":true,"href":"https:\/\/neocatechumenaleiter.org\/hr\/wp-json\/wp\/v2\/comments?post=8943"}],"version-history":[{"count":8,"href":"https:\/\/neocatechumenaleiter.org\/hr\/wp-json\/wp\/v2\/pages\/8943\/revisions"}],"predecessor-version":[{"id":36626,"href":"https:\/\/neocatechumenaleiter.org\/hr\/wp-json\/wp\/v2\/pages\/8943\/revisions\/36626"}],"wp:attachment":[{"href":"https:\/\/neocatechumenaleiter.org\/hr\/wp-json\/wp\/v2\/media?parent=8943"}],"curies":[{"name":"wp","href":"https:\/\/api.w.org\/{rel}","templated":true}]}}