{"id":9163,"date":"2020-02-27T23:27:17","date_gmt":"2020-02-27T22:27:17","guid":{"rendered":"https:\/\/neocatechumenaleiter.org\/rijeci-papa\/"},"modified":"2021-08-10T10:58:44","modified_gmt":"2021-08-10T09:58:44","slug":"rijeci-papa","status":"publish","type":"page","link":"https:\/\/neocatechumenaleiter.org\/hr\/rijeci-papa\/","title":{"rendered":"Rije\u010di Papa"},"content":{"rendered":"\n<h1 class=\"has-text-align-center wp-block-heading\">Rije\u010di Papa<\/h1>\n\n<h4 class=\"has-text-align-center wp-block-heading\">Neokatekumenski Put u rije\u010dima Papa: govori, audijencije, pobudnice, priznanja, odobrenja<\/h4>\n\n<div style=\"height:20px\" aria-hidden=\"true\" class=\"wp-block-spacer\"><\/div>\n\n<p>4. kolovoza 1976. Sv. Pavao VI. je rekao: \u201eKako bi se danas Crkva obnovila, nanovo je potrebna izgradnja, kako na pastoralnom, tako i na psiholo\u0161kom podru\u010dju, kao da bi zapo\u010dela iznova, ispo\u010detka\u201c.<\/p>\n\n<p>Prvi apostoli su, u malim ekipama za evangelizaciju, pro\u0161li kroz sinagoge navije\u0161taju\u0107i Radosnu vijest: Bog je uskrisio svoga slugu Isusa, onoga kojeg smo se odrekli, tra\u017ee\u0107i milost za ubojicu; onoga koji je umro bez pru\u017eanja otpora, ne odupiru\u0107i se zlu, ljube\u0107i svoje neprijatelje, oprostiv\u0161i im (\u201eoprosti im jer ne znaju \u0161to \u010dine\u201c); onoga koji je ponudio zlo koje su mu nanijeli &#8211; mu\u010denje i kri\u017e &#8211; kao dokaz da je njegova ljubav ve\u0107a od smrti i da nije prestao voljeti svoje mu\u010ditelje i ubojice. Bog ga je uskrisio od mrtvih i danas je \u017eiv kako bi oprostio taj i svaki drugi zlo\u010din. (Kiko Arg\u00fcello)<\/p>\n<figure class=\"wp-block-gallery columns-4 is-cropped\"><ul class=\"blocks-gallery-grid\"><li class=\"blocks-gallery-item\">\r\n    \t\t<figure><a href=\"https:\/\/neocatechumenaleiter.org\/hr\/rijeci-papa\/sv-pavao-vi\/\"><img loading=\"lazy\" decoding=\"async\" width=\"500\" height=\"600\" src=\"https:\/\/neocatechumenaleiter.org\/wp-content\/uploads\/2020\/02\/Camino_Neocatecumenal_S_Pablo_VI.jpg\" alt=\"\" data-id=\"891\" data-full-url=\"https:\/\/neocatechumenaleiter.org\/wp-content\/uploads\/2020\/02\/Camino_Neocatecumenal_S_Pablo_VI.jpg\" data-link=\"https:\/\/neocatechumenaleiter.org\/hr\/rijeci-papa\/sv-pavao-vi\/\" class=\"wp-image-7885\" srcset=\"https:\/\/neocatechumenaleiter.org\/wp-content\/uploads\/2020\/02\/Camino_Neocatecumenal_S_Pablo_VI.jpg 500w, https:\/\/neocatechumenaleiter.org\/wp-content\/uploads\/2020\/02\/Camino_Neocatecumenal_S_Pablo_VI-250x300.jpg 250w\" sizes=\"auto, (max-width: 500px) 100vw, 500px\" \/><figcaption class=\"blocks-gallery-item__caption\">Sv. Pavao VI<\/figcaption><\/a>\r\n        \t<\/figure><\/li>\r\n        <li class=\"blocks-gallery-item\">\r\n    \t\t<figure><a href=\"https:\/\/neocatechumenaleiter.org\/hr\/rijeci-papa\/sv-ivan-pavao-ii\/\"><img loading=\"lazy\" decoding=\"async\" width=\"500\" height=\"600\" src=\"https:\/\/neocatechumenaleiter.org\/wp-content\/uploads\/2020\/02\/Camino_Neocatecumenal_S_Juan_Pablo_II.jpg\" alt=\"\" data-id=\"885\" data-full-url=\"https:\/\/neocatechumenaleiter.org\/wp-content\/uploads\/2020\/02\/Camino_Neocatecumenal_S_Juan_Pablo_II.jpg\" data-link=\"https:\/\/neocatechumenaleiter.org\/hr\/rijeci-papa\/sv-ivan-pavao-ii\/\" class=\"wp-image-7887\" srcset=\"https:\/\/neocatechumenaleiter.org\/wp-content\/uploads\/2020\/02\/Camino_Neocatecumenal_S_Juan_Pablo_II.jpg 500w, https:\/\/neocatechumenaleiter.org\/wp-content\/uploads\/2020\/02\/Camino_Neocatecumenal_S_Juan_Pablo_II-250x300.jpg 250w\" sizes=\"auto, (max-width: 500px) 100vw, 500px\" \/><figcaption class=\"blocks-gallery-item__caption\">Sv. Ivan Pavao II<\/figcaption><\/a>\r\n        \t<\/figure><\/li>\r\n        <li class=\"blocks-gallery-item\">\r\n    \t\t<figure><a href=\"https:\/\/neocatechumenaleiter.org\/hr\/rijeci-papa\/benedikt-xvi\/\"><img loading=\"lazy\" decoding=\"async\" width=\"500\" height=\"600\" src=\"https:\/\/neocatechumenaleiter.org\/wp-content\/uploads\/2020\/02\/Camino_Neocatecumenal_Papa_Benedicto_XVI.jpg\" alt=\"\" data-id=\"873\" data-full-url=\"https:\/\/neocatechumenaleiter.org\/wp-content\/uploads\/2020\/02\/Camino_Neocatecumenal_Papa_Benedicto_XVI.jpg\" data-link=\"https:\/\/neocatechumenaleiter.org\/hr\/rijeci-papa\/benedikt-xvi\/\" class=\"wp-image-7889\" srcset=\"https:\/\/neocatechumenaleiter.org\/wp-content\/uploads\/2020\/02\/Camino_Neocatecumenal_Papa_Benedicto_XVI.jpg 500w, https:\/\/neocatechumenaleiter.org\/wp-content\/uploads\/2020\/02\/Camino_Neocatecumenal_Papa_Benedicto_XVI-250x300.jpg 250w\" sizes=\"auto, (max-width: 500px) 100vw, 500px\" \/><figcaption class=\"blocks-gallery-item__caption\">Benedikt XVI<\/figcaption><\/a>\r\n        \t<\/figure><\/li>\r\n        <li class=\"blocks-gallery-item\">\r\n    \t\t<figure><a href=\"https:\/\/neocatechumenaleiter.org\/hr\/rijeci-papa\/franjo\/\"><img loading=\"lazy\" decoding=\"async\" width=\"500\" height=\"600\" src=\"https:\/\/neocatechumenaleiter.org\/wp-content\/uploads\/2020\/02\/Camino_Neocatecumenal_Papa_Francisco.jpg\" alt=\"\" data-id=\"879\" data-full-url=\"https:\/\/neocatechumenaleiter.org\/wp-content\/uploads\/2020\/02\/Camino_Neocatecumenal_Papa_Francisco.jpg\" data-link=\"https:\/\/neocatechumenaleiter.org\/hr\/rijeci-papa\/franjo\/\" class=\"wp-image-7891\" srcset=\"https:\/\/neocatechumenaleiter.org\/wp-content\/uploads\/2020\/02\/Camino_Neocatecumenal_Papa_Francisco.jpg 500w, https:\/\/neocatechumenaleiter.org\/wp-content\/uploads\/2020\/02\/Camino_Neocatecumenal_Papa_Francisco-250x300.jpg 250w\" sizes=\"auto, (max-width: 500px) 100vw, 500px\" \/><figcaption class=\"blocks-gallery-item__caption\">Franjo<\/figcaption><\/a>\r\n        \t<\/figure><\/li>\r\n    <\/ul><\/figure>","protected":false},"excerpt":{"rendered":"<p>Rije\u010di Papa Neokatekumenski Put u rije\u010dima Papa: govori, audijencije, pobudnice, priznanja, odobrenja 4. kolovoza 1976. Sv. Pavao VI. je rekao: \u201eKako bi se danas Crkva obnovila, nanovo je potrebna izgradnja, kako na pastoralnom, tako i na psiholo\u0161kom podru\u010dju, kao da bi zapo\u010dela iznova, ispo\u010detka\u201c. Prvi apostoli su, u malim ekipama za evangelizaciju, pro\u0161li kroz sinagoge navije\u0161taju\u0107i Radosnu vijest: Bog je uskrisio svoga slugu Isusa, onoga kojeg smo se odrekli, tra\u017ee\u0107i<\/p>\n<div class=\"read-more\"><a class=\"btn read-more-btn\" href=\"https:\/\/neocatechumenaleiter.org\/hr\/rijeci-papa\/\">Nastavi \u010ditati<\/a><\/div>\n","protected":false},"author":2,"featured_media":0,"parent":0,"menu_order":0,"comment_status":"closed","ping_status":"closed","template":"","meta":{"footnotes":""},"class_list":["post-9163","page","type-page","status-publish","hentry"],"_links":{"self":[{"href":"https:\/\/neocatechumenaleiter.org\/hr\/wp-json\/wp\/v2\/pages\/9163","targetHints":{"allow":["GET"]}}],"collection":[{"href":"https:\/\/neocatechumenaleiter.org\/hr\/wp-json\/wp\/v2\/pages"}],"about":[{"href":"https:\/\/neocatechumenaleiter.org\/hr\/wp-json\/wp\/v2\/types\/page"}],"author":[{"embeddable":true,"href":"https:\/\/neocatechumenaleiter.org\/hr\/wp-json\/wp\/v2\/users\/2"}],"replies":[{"embeddable":true,"href":"https:\/\/neocatechumenaleiter.org\/hr\/wp-json\/wp\/v2\/comments?post=9163"}],"version-history":[{"count":19,"href":"https:\/\/neocatechumenaleiter.org\/hr\/wp-json\/wp\/v2\/pages\/9163\/revisions"}],"predecessor-version":[{"id":23902,"href":"https:\/\/neocatechumenaleiter.org\/hr\/wp-json\/wp\/v2\/pages\/9163\/revisions\/23902"}],"wp:attachment":[{"href":"https:\/\/neocatechumenaleiter.org\/hr\/wp-json\/wp\/v2\/media?parent=9163"}],"curies":[{"name":"wp","href":"https:\/\/api.w.org\/{rel}","templated":true}]}}