{"id":9165,"date":"2020-02-28T05:58:40","date_gmt":"2020-02-28T04:58:40","guid":{"rendered":"https:\/\/neocatechumenaleiter.org\/rijeci-papa\/sv-pavao-vi\/"},"modified":"2021-08-10T10:58:52","modified_gmt":"2021-08-10T09:58:52","slug":"sv-pavao-vi","status":"publish","type":"page","link":"https:\/\/neocatechumenaleiter.org\/hr\/rijeci-papa\/sv-pavao-vi\/","title":{"rendered":"Sv. Pavao VI."},"content":{"rendered":"\n<h1 class=\"has-text-align-center wp-block-heading\">Sv. Pavao VI.<\/h1>\n\n<div style=\"height:20px\" aria-hidden=\"true\" class=\"wp-block-spacer\"><\/div>\n\n<h4 class=\"has-text-align-center wp-block-heading\">Biografija<\/h4>\n\n<div style=\"height:20px\" aria-hidden=\"true\" class=\"wp-block-spacer\"><\/div>\n\n<div class=\"wp-block-image is-style-default\"><figure class=\"alignleft size-medium is-resized\"><img loading=\"lazy\" decoding=\"async\" src=\"https:\/\/neocatechumenaleiter.org\/wp-content\/uploads\/2020\/02\/Camino_Neocatecumenal_S_Pablo_VI-250x300.jpg\" alt=\"\" class=\"wp-image-891\" width=\"250\" height=\"300\" srcset=\"https:\/\/neocatechumenaleiter.org\/wp-content\/uploads\/2020\/02\/Camino_Neocatecumenal_S_Pablo_VI-250x300.jpg 250w, https:\/\/neocatechumenaleiter.org\/wp-content\/uploads\/2020\/02\/Camino_Neocatecumenal_S_Pablo_VI.jpg 500w\" sizes=\"auto, (max-width: 250px) 100vw, 250px\" \/><\/figure><\/div>\n\n<p>Giovanni Battista Enrico Antonio Maria Montini, ro\u0111en je u Lombardiji (Italija) 26. rujna 1897.<\/p>\n\n<p>29. svibnja 1920. g. zare\u0111en je za sve\u0107enika.<\/p>\n\n<p>Godine 1954. imenovan je biskupom, a 1958. za kardinala od Svetog Ivana XXIII.<\/p>\n\n<p>21. lipnja 1963. izabran je za papu Katoli\u010dke Crkve uzev\u0161i ime Pavao VI.<\/p>\n\n<p>1965. sazvao je Sinodu biskupa i koncilijarnih Otaca.<\/p>\n\n<p>Branitelj \u017eivota i obitelji, svojom enciklikom\u00a0<em>Humanae Vitae,<\/em> koju je napisao 1968., zaklju\u010dio je drugi Vatikanski Sabor.<\/p>\n\n<p>Beatificiran je 19. listopada 2014., a kanoniziran 14. listopada 2018. od pape Franje.<\/p>\n\n<p>Pavao VI umro je u Castelgandolfu 6. kolovoza 1978. nakon 15-godi\u0161njeg pontifikata.<\/p>\n\n<div style=\"height:20px\" aria-hidden=\"true\" class=\"wp-block-spacer\"><\/div>\n\n<hr class=\"wp-block-separator\"\/>\n\n<div style=\"height:20px\" aria-hidden=\"true\" class=\"wp-block-spacer\"><\/div>\n\n<h3 class=\"has-text-align-center wp-block-heading\">Dokumenti<\/h3>\n\n<div style=\"height:20px\" aria-hidden=\"true\" class=\"wp-block-spacer\"><\/div>\n<div class=\"columna-papas\">\r\n    <h4 class=\"has-text-align-center\">Godina 1974<\/h4>\r\n    <div style=\"height:20px\" aria-hidden=\"true\" class=\"wp-block-spacer\"><\/div>\r\n    <a href=\"https:\/\/neocatechumenaleiter.org\/hr\/rijeci-papa\/sv-pavao-vi\/opca-audijencija-8-v-1974\/\"><h6 class=\"has-text-align-center\">OP\u0106A Audijencija 8-V-1974<\/h6><\/a>\r\n<\/div>\r\n<div class=\"columna-papas\">\r\n    <h4 class=\"has-text-align-center\" style=\"background: #f7f7f7;\">Godina 1977<\/h4>\r\n    <div style=\"height:20px\" aria-hidden=\"true\" class=\"wp-block-spacer\"><\/div>\r\n    <a href=\"https:\/\/neocatechumenaleiter.org\/hr\/rijeci-papa\/sv-pavao-vi\/opca-audijencijal-12-1-1977\/\"><h6 class=\"has-text-align-center\">OP\u0106A Audijencija 12-I-1977<\/h6><\/a>\r\n<\/div>","protected":false},"excerpt":{"rendered":"<p>Sv. Pavao VI. Biografija Giovanni Battista Enrico Antonio Maria Montini, ro\u0111en je u Lombardiji (Italija) 26. rujna 1897. 29. svibnja 1920. g. zare\u0111en je za sve\u0107enika. Godine 1954. imenovan je biskupom, a 1958. za kardinala od Svetog Ivana XXIII. 21. lipnja 1963. izabran je za papu Katoli\u010dke Crkve uzev\u0161i ime Pavao VI. 1965. sazvao je Sinodu biskupa i koncilijarnih Otaca. Branitelj \u017eivota i obitelji, svojom enciklikom\u00a0Humanae Vitae, koju je napisao<\/p>\n<div class=\"read-more\"><a class=\"btn read-more-btn\" href=\"https:\/\/neocatechumenaleiter.org\/hr\/rijeci-papa\/sv-pavao-vi\/\">Nastavi \u010ditati<\/a><\/div>\n","protected":false},"author":2,"featured_media":0,"parent":9163,"menu_order":0,"comment_status":"closed","ping_status":"closed","template":"","meta":{"footnotes":""},"class_list":["post-9165","page","type-page","status-publish","hentry"],"_links":{"self":[{"href":"https:\/\/neocatechumenaleiter.org\/hr\/wp-json\/wp\/v2\/pages\/9165","targetHints":{"allow":["GET"]}}],"collection":[{"href":"https:\/\/neocatechumenaleiter.org\/hr\/wp-json\/wp\/v2\/pages"}],"about":[{"href":"https:\/\/neocatechumenaleiter.org\/hr\/wp-json\/wp\/v2\/types\/page"}],"author":[{"embeddable":true,"href":"https:\/\/neocatechumenaleiter.org\/hr\/wp-json\/wp\/v2\/users\/2"}],"replies":[{"embeddable":true,"href":"https:\/\/neocatechumenaleiter.org\/hr\/wp-json\/wp\/v2\/comments?post=9165"}],"version-history":[{"count":36,"href":"https:\/\/neocatechumenaleiter.org\/hr\/wp-json\/wp\/v2\/pages\/9165\/revisions"}],"predecessor-version":[{"id":18103,"href":"https:\/\/neocatechumenaleiter.org\/hr\/wp-json\/wp\/v2\/pages\/9165\/revisions\/18103"}],"up":[{"embeddable":true,"href":"https:\/\/neocatechumenaleiter.org\/hr\/wp-json\/wp\/v2\/pages\/9163"}],"wp:attachment":[{"href":"https:\/\/neocatechumenaleiter.org\/hr\/wp-json\/wp\/v2\/media?parent=9165"}],"curies":[{"name":"wp","href":"https:\/\/api.w.org\/{rel}","templated":true}]}}