{"id":9751,"date":"2020-02-29T19:59:09","date_gmt":"2020-02-29T18:59:09","guid":{"rendered":"https:\/\/neocatechumenaleiter.org\/rijeci-papa\/benedikt-xvi\/"},"modified":"2021-08-10T11:05:20","modified_gmt":"2021-08-10T10:05:20","slug":"benedikt-xvi","status":"publish","type":"page","link":"https:\/\/neocatechumenaleiter.org\/hr\/rijeci-papa\/benedikt-xvi\/","title":{"rendered":"Benedikt XVI."},"content":{"rendered":"\n<h1 class=\"has-text-align-center wp-block-heading\">Benedikt XVI.<\/h1>\n\n<div style=\"height:21px\" aria-hidden=\"true\" class=\"wp-block-spacer\"><\/div>\n\n<h4 class=\"has-text-align-center wp-block-heading\"> Biografija<\/h4>\n\n<div style=\"height:20px\" aria-hidden=\"true\" class=\"wp-block-spacer\"><\/div>\n\n<div class=\"wp-block-image is-style-default\"><figure class=\"alignleft size-medium\"><img loading=\"lazy\" decoding=\"async\" width=\"250\" height=\"300\" src=\"https:\/\/neocatechumenaleiter.org\/wp-content\/uploads\/2020\/02\/Camino_Neocatecumenal_Papa_Benedicto_XVI-250x300.jpg\" alt=\"umirovljeni Papa Benedikt XVI\" class=\"wp-image-873\" srcset=\"https:\/\/neocatechumenaleiter.org\/wp-content\/uploads\/2020\/02\/Camino_Neocatecumenal_Papa_Benedicto_XVI-250x300.jpg 250w, https:\/\/neocatechumenaleiter.org\/wp-content\/uploads\/2020\/02\/Camino_Neocatecumenal_Papa_Benedicto_XVI.jpg 500w\" sizes=\"auto, (max-width: 250px) 100vw, 250px\" \/><\/figure><\/div>\n\n<p>16. travnja 1927. Ro\u0111en je u Marktl am Inn (Njema\u010dka) kao Joseph Ratzinger.<\/p>\n\n<p>29. lipnja 1951. Zare\u0111en je za sve\u0107enika u M\u00fcnchenu. 1953. doktorirao je teologiju.<\/p>\n\n<p>1977. Zare\u0111en je za biskupa M\u00fcnchena i Freisinga i Pavao VI. ga je imenovao kardinalom.<\/p>\n\n<p>1981. Ivan Pavao II imenovao ga je prefektom Kongregacije za nauk vjere; Predsjednikom Papinske biblijske komisije i Papinske me\u0111unarodne teolo\u0161ke komisije. Bio je predsjednik komisije za pripremu Katekizma Katoli\u010dke crkve. 3. srpnja 2015. primio je doktorat \u201ehonoris causa\u201c.<\/p>\n\n<p>19. travnja 2005. Izabran je za Papu Katoli\u010dke Crkve uzimaju\u0107i ime Benedikt XVI.<\/p>\n\n<p>11. velja\u010de 2013. Odri\u010de se pontifikata Katoli\u010dke crkve postaju\u0107i Papa Emeritus.<\/p>\n\n<div style=\"height:20px\" aria-hidden=\"true\" class=\"wp-block-spacer\"><\/div>\n\n<hr class=\"wp-block-separator\"\/>\n\n<div style=\"height:20px\" aria-hidden=\"true\" class=\"wp-block-spacer\"><\/div>\n\n<h3 class=\"has-text-align-center wp-block-heading\">Dokumenti<\/h3>\n\n<div style=\"height:20px\" aria-hidden=\"true\" class=\"wp-block-spacer\"><\/div>\n<section id=\"search-2\" class=\"widget widget_search\"><form role=\"search\" method=\"get\" class=\"search-form\" action=\"https:\/\/neocatechumenaleiter.org\/hr\/\">\r\n\t<label for=\"search-form-5e59be1dc1b02\">\r\n\t\t<span class=\"screen-reader-text\">Tra\u017ei&#8230;<\/span>\r\n        <input type=\"search\" id=\"search-form-5e59be1dc1b02\" class=\"search-field\" placeholder=\"Tra\u017ei \u2026\" value=\"\" name=\"s\"\/><\/label>\r\n\t<button type=\"submit\" class=\"search-submit\">\r\n    \t<span class=\"screen-reader-text\">Tra\u017ei<\/span>\r\n        <i class=\"icon-magnifier\"><\/i>\r\n    <\/button>\r\n<\/form>\r\n<\/section>\n<div style=\"height:20px\" aria-hidden=\"true\" class=\"wp-block-spacer\"><\/div>\n<div class=\"columna-papas\">\r\n    <h4 class=\"has-text-align-center\">Godina 2005<\/h4>\r\n    <div style=\"height:20px\" aria-hidden=\"true\" class=\"wp-block-spacer\"><\/div>\r\n    <a href=\"https:\/\/neocatechumenaleiter.org\/hr\/rijeci-papa\/benedikt-xvi\/privatna-audijencija-s-inicijatorima-neokatekumenskog-puta-19-xi-2005\/\"><h6 class=\"has-text-align-left\">Privatna Audijencija s iniciatorima Neokatekumenskog Puta 19-XI-2005<\/h6><\/a>\r\n<\/div>\r\n<div class=\"columna-papas\" style=\"background: #f7f7f7;\">\r\n    <h4 class=\"has-text-align-center\">Godina 2006<\/h4>\r\n    <div style=\"height:20px\" aria-hidden=\"true\" class=\"wp-block-spacer\"><\/div>\r\n    <a href=\"https:\/\/neocatechumenaleiter.org\/hr\/rijeci-papa\/benedikt-xvi\/govor-neokatekumenskom-putu-12-i-2006\/\"><h6 class=\"has-text-align-left\">Govor Neokatekumenskom Putu 12-I-2006<\/h6><\/a>\r\n    <hr class=\"wp-block-separator\"\/><a href=\"https:\/\/neocatechumenaleiter.org\/hr\/rijeci-papa\/benedikt-xvi\/benedikt-xvi-na-angelusu-put-ponovnog-otkrivanja-vjere-29-x-2006\/\"><h6 class=\"has-text-align-left\">Angelus na trgu Svetog Petra 29-X-2006<\/h6><\/a>\r\n    <hr class=\"wp-block-separator\"\/><a href=\"https:\/\/neocatechumenaleiter.org\/hr\/rijeci-papa\/benedikt-xvi\/konvivencija-biskupa-iz-azije-i-australije-domus-galilaeae-18-xi-2006\/\"><h6 class=\"has-text-align-left\">Konvivencija Biskupa Azije i Australije u Domus Galilaeae 18-XI-2006<\/h6><\/a>\r\n<\/div>\n<div style=\"height:20px\" aria-hidden=\"true\" class=\"wp-block-spacer\"><\/div>\n<div class=\"columna-papas\">\r\n    <h4 class=\"has-text-align-center\">Godina 2007<\/h4>\r\n    <div style=\"height:20px\" aria-hidden=\"true\" class=\"wp-block-spacer\"><\/div>\r\n    <a href=\"https:\/\/neocatechumenaleiter.org\/hr\/rijeci-papa\/benedikt-xvi\/susret-s-zupnicima-i-rimskim-klerom-22-ii-2007\/\"><h6 class=\"has-text-align-left\">Susret s \u017eupnicima i Rimskim klerom 22-II-2007<\/h6><\/a>\r\n    <hr class=\"wp-block-separator\"\/><a href=\"https:\/\/neocatechumenaleiter.org\/hr\/rijeci-papa\/benedikt-xvi\/privada-audijencija-s-inicijatorima-neokatekumenskog-puta-26-v-2007\/\"><h6 class=\"has-text-align-left\">Audijencija s iniciatorima Puta 26-V-2007<\/h6><\/a>\r\n<\/div>\r\n<div class=\"columna-papas\" style=\"background: #f7f7f7;\">\r\n    <h4 class=\"has-text-align-center\">Godina 2008<\/h4>\r\n    <div style=\"height:20px\" aria-hidden=\"true\" class=\"wp-block-spacer\"><\/div>\r\n    <a href=\"https:\/\/neocatechumenaleiter.org\/hr\/rijeci-papa\/benedikt-xvi\/konvivencija-vise-od-200-biskupa-i-9-kardinala-europe-u-domus-galilaeae-24-iii-2008\/\"><h6 class=\"has-text-align-left\">Konvivencija Biskupa Europe u Domus Galilaeae 24-III-2008<\/h6><\/a>\r\n<\/div>\n<div style=\"height:20px\" aria-hidden=\"true\" class=\"wp-block-spacer\"><\/div>\n<div class=\"columna-papas\">\r\n    <h4 class=\"has-text-align-center\">Godina 2009<\/h4>\r\n    <div style=\"height:20px\" aria-hidden=\"true\" class=\"wp-block-spacer\"><\/div>\r\n    <a href=\"https:\/\/neocatechumenaleiter.org\/hr\/rijeci-papa\/benedikt-xvi\/govor-povodom-cetrdeset-godina-od-pocetka-puta-10-i-2009\/\"><h6 class=\"has-text-align-left\">Govor povodom \u010cetrdeset godina od po\u010detka Puta 10-I-2009<\/h6><\/a>\r\n<\/div>\r\n<div class=\"columna-papas\" style=\"background: #f7f7f7;\">\r\n    <h4 class=\"has-text-align-center\">Godina 2010<\/h4>\r\n    <div style=\"height:20px\" aria-hidden=\"true\" class=\"wp-block-spacer\"><\/div>\r\n    <a href=\"https:\/\/neocatechumenaleiter.org\/hr\/rijeci-papa\/benedikt-xvi\/privatna-audijencija-benedikta-xvi-s-inicijatorima-neokatekumenskog-puta-13-xi-2010\/\"><h6 class=\"has-text-align-left\">Audijencija s iniciatorima Neokatekumenskog Puta 13-XI-2010<\/h6><\/a>\r\n<\/div>\n<div style=\"height:20px\" aria-hidden=\"true\" class=\"wp-block-spacer\"><\/div>\n<div class=\"columna-papas\">\r\n    <h4 class=\"has-text-align-center\">Godina 2011<\/h4>\r\n    <div style=\"height:20px\" aria-hidden=\"true\" class=\"wp-block-spacer\"><\/div>\r\n    <a href=\"https:\/\/neocatechumenaleiter.org\/hr\/rijeci-papa\/benedikt-xvi\/audijencija-za-neokatekumenski-put-i-slanje-vise-od-200-obitelji-u-poslanje-i-13-missio-ad-gentes-17-i-2011\/\"><h6 class=\"has-text-align-left\">Audijencija poslanja Obitelji \u201cMissio ad gentes\u201d 17-I-2011<\/h6><\/a>\r\n    <hr class=\"wp-block-separator\"\/><a href=\"https:\/\/neocatechumenaleiter.org\/hr\/rijeci-papa\/benedikt-xvi\/regina-coeli-povodom-pastoralnog-posjeta-akvileji-i-veneciji-8-v-2011\/\"><h6 class=\"has-text-align-left\">\u00abRegina Coeli\u00bb pohod Akvileji i Veneciji 8-V-2011<\/h6><\/a>\r\n<\/div>\r\n<div class=\"columna-papas\" style=\"background: #f7f7f7;\">\r\n    <h4 class=\"has-text-align-center\">Godina 2012<\/h4>\r\n    <div style=\"height:20px\" aria-hidden=\"true\" class=\"wp-block-spacer\"><\/div>\r\n    <a href=\"https:\/\/neocatechumenaleiter.org\/hr\/rijeci-papa\/benedikt-xvi\/audijencija-poslanja-missio-ad-gentes-20-i-2012\/\"><h6 class=\"has-text-align-left\">Audijencija poslanja \u201cMissio ad gentes\u201d 20-I-2012<\/h6><\/a>\r\n<\/div>","protected":false},"excerpt":{"rendered":"<p>Benedikt XVI. Biografija 16. travnja 1927. Ro\u0111en je u Marktl am Inn (Njema\u010dka) kao Joseph Ratzinger. 29. lipnja 1951. Zare\u0111en je za sve\u0107enika u M\u00fcnchenu. 1953. doktorirao je teologiju. 1977. Zare\u0111en je za biskupa M\u00fcnchena i Freisinga i Pavao VI. ga je imenovao kardinalom. 1981. Ivan Pavao II imenovao ga je prefektom Kongregacije za nauk vjere; Predsjednikom Papinske biblijske komisije i Papinske me\u0111unarodne teolo\u0161ke komisije. Bio je predsjednik komisije za<\/p>\n<div class=\"read-more\"><a class=\"btn read-more-btn\" href=\"https:\/\/neocatechumenaleiter.org\/hr\/rijeci-papa\/benedikt-xvi\/\">Nastavi \u010ditati<\/a><\/div>\n","protected":false},"author":2,"featured_media":0,"parent":9163,"menu_order":2,"comment_status":"closed","ping_status":"closed","template":"","meta":{"footnotes":""},"class_list":["post-9751","page","type-page","status-publish","hentry"],"_links":{"self":[{"href":"https:\/\/neocatechumenaleiter.org\/hr\/wp-json\/wp\/v2\/pages\/9751","targetHints":{"allow":["GET"]}}],"collection":[{"href":"https:\/\/neocatechumenaleiter.org\/hr\/wp-json\/wp\/v2\/pages"}],"about":[{"href":"https:\/\/neocatechumenaleiter.org\/hr\/wp-json\/wp\/v2\/types\/page"}],"author":[{"embeddable":true,"href":"https:\/\/neocatechumenaleiter.org\/hr\/wp-json\/wp\/v2\/users\/2"}],"replies":[{"embeddable":true,"href":"https:\/\/neocatechumenaleiter.org\/hr\/wp-json\/wp\/v2\/comments?post=9751"}],"version-history":[{"count":30,"href":"https:\/\/neocatechumenaleiter.org\/hr\/wp-json\/wp\/v2\/pages\/9751\/revisions"}],"predecessor-version":[{"id":18141,"href":"https:\/\/neocatechumenaleiter.org\/hr\/wp-json\/wp\/v2\/pages\/9751\/revisions\/18141"}],"up":[{"embeddable":true,"href":"https:\/\/neocatechumenaleiter.org\/hr\/wp-json\/wp\/v2\/pages\/9163"}],"wp:attachment":[{"href":"https:\/\/neocatechumenaleiter.org\/hr\/wp-json\/wp\/v2\/media?parent=9751"}],"curies":[{"name":"wp","href":"https:\/\/api.w.org\/{rel}","templated":true}]}}