{"id":9753,"date":"2020-02-29T02:02:56","date_gmt":"2020-02-29T01:02:56","guid":{"rendered":"https:\/\/neocatechumenaleiter.org\/rijeci-papa\/franjo\/"},"modified":"2021-08-10T11:05:56","modified_gmt":"2021-08-10T10:05:56","slug":"franjo","status":"publish","type":"page","link":"https:\/\/neocatechumenaleiter.org\/hr\/rijeci-papa\/franjo\/","title":{"rendered":"Franjo"},"content":{"rendered":"\n<h1 class=\"has-text-align-center wp-block-heading\">Franjo<\/h1>\n\n<div style=\"height:21px\" aria-hidden=\"true\" class=\"wp-block-spacer\"><\/div>\n\n<h4 class=\"has-text-align-center wp-block-heading\">Biografija<\/h4>\n\n<div style=\"height:20px\" aria-hidden=\"true\" class=\"wp-block-spacer\"><\/div>\n\n<div style=\"height:20px\" aria-hidden=\"true\" class=\"wp-block-spacer\"><\/div>\n\n<div class=\"wp-block-image is-style-default\"><figure class=\"alignleft size-medium\"><img loading=\"lazy\" decoding=\"async\" width=\"250\" height=\"300\" src=\"https:\/\/neocatechumenaleiter.org\/wp-content\/uploads\/2020\/02\/Camino_Neocatecumenal_Papa_Francisco-250x300.jpg\" alt=\"Papa Franjo\" class=\"wp-image-879\" srcset=\"https:\/\/neocatechumenaleiter.org\/wp-content\/uploads\/2020\/02\/Camino_Neocatecumenal_Papa_Francisco-250x300.jpg 250w, https:\/\/neocatechumenaleiter.org\/wp-content\/uploads\/2020\/02\/Camino_Neocatecumenal_Papa_Francisco.jpg 500w\" sizes=\"auto, (max-width: 250px) 100vw, 250px\" \/><\/figure><\/div>\n\n<p>17. prosinca 1936. Ro\u0111en u Buenos Airesu (Argentina) kao Jorge Mario Bergoglio.<\/p>\n\n<p>13. prosinca 1969. Zare\u0111en je za sve\u0107enika od nadbiskupa Ram\u00f3na Jos\u00e9a Castellana.<\/p>\n\n<p>1998. Imenovan je nadbiskupom Buenos Airesa i 2001. Imenovan je kardinalom od Pape Ivana Pavla II.<\/p>\n\n<p>2002. godine odbija imenovanje predsjednikom argentinske biskupske konferencije, ali nakon tri godine biva izabran, a zatim i potvr\u0111en za novo trogodi\u0161nje razdoblje.<\/p>\n\n<p>2005. Sudjelovao je na konklavama u kojima je izabran Benedikt XVI.<\/p>\n\n<p>13. o\u017eujka 2013. Izabran je za nasljednika Benedikta XVI. Franjo je prvi papa s Ameri\u010dkog kontinenta te prvi Papa s \u0161panjolskog govornog podru\u010dja. Branitelj \u017eivota od za\u010de\u0107a do prirodne smrti.<\/p>\n\n<div style=\"height:20px\" aria-hidden=\"true\" class=\"wp-block-spacer\"><\/div>\n\n<hr class=\"wp-block-separator\"\/>\n\n<div style=\"height:20px\" aria-hidden=\"true\" class=\"wp-block-spacer\"><\/div>\n\n<h3 class=\"has-text-align-center wp-block-heading\">Dokumenti<\/h3>\n\n<div style=\"height:20px\" aria-hidden=\"true\" class=\"wp-block-spacer\"><\/div>\n<section id=\"search-2\" class=\"widget widget_search\"><form role=\"search\" method=\"get\" class=\"search-form\" action=\"https:\/\/neocatechumenaleiter.org\/hr\/\">\r\n\t<label for=\"search-form-5e59be1dc1b02\">\r\n\t\t<span class=\"screen-reader-text\">Tra\u017ei&#8230;<\/span>\r\n        <input type=\"search\" id=\"search-form-5e59be1dc1b02\" class=\"search-field\" placeholder=\"Tra\u017ei \u2026\" value=\"\" name=\"s\"\/><\/label>\r\n\t<button type=\"submit\" class=\"search-submit\">\r\n    \t<span class=\"screen-reader-text\">Tra\u017ei<\/span>\r\n        <i class=\"icon-magnifier\"><\/i>\r\n    <\/button>\r\n<\/form>\r\n<\/section>\n<div style=\"height:20px\" aria-hidden=\"true\" class=\"wp-block-spacer\"><\/div>\n<div class=\"columna-papas\">\r\n    <h4 class=\"has-text-align-center\">Godina 2013<\/h4>\r\n    <div style=\"height:20px\" aria-hidden=\"true\" class=\"wp-block-spacer\"><\/div>\r\n    <a href=\"https:\/\/neocatechumenaleiter.org\/hr\/rijeci-papa\/franjo\/angelus-pozdrav-neokatekumenskim-zajednicama-rima-na-misiji-po-trgovima-7-iv-2013\/\"><h6 class=\"has-text-align-left\">\u00abRegina Coeli\u00bb za misije po trgovima Rima 7-IV-2013<\/h6><\/a>\r\n<\/div>\r\n<div class=\"columna-papas\" style=\"background: #f7f7f7;\">\r\n    <h4 class=\"has-text-align-center\">Godina 2014<\/h4>\r\n    <div style=\"height:20px\" aria-hidden=\"true\" class=\"wp-block-spacer\"><\/div>\r\n    <a href=\"https:\/\/neocatechumenaleiter.org\/hr\/rijeci-papa\/franjo\/govor-svetog-oca-pape-franje-predstavnicima-neokatekumenskog-puta-1-ii-2014\/\"><h6 class=\"has-text-align-left\">Govor Svetog Oca Pape Franje predstavnicima neokatekumenskog puta 1-II-2014<\/h6><\/a>\r\n    <hr class=\"wp-block-separator\"\/><a href=\"https:\/\/neocatechumenaleiter.org\/hr\/rijeci-papa\/franjo\/regina-coeli-papa-franjo-11-v-2014\/\"><h6 class=\"has-text-align-left\">\u00abRegina Coeli\u00bb Pape Franje za misiju po trgovima 11-V-2014<\/h6><\/a>\r\n<\/div>\n<div style=\"height:20px\" aria-hidden=\"true\" class=\"wp-block-spacer\"><\/div>\n<div class=\"columna-papas\">\r\n    <h4 class=\"has-text-align-center\">Godina 2015<\/h4>\r\n    <div style=\"height:20px\" aria-hidden=\"true\" class=\"wp-block-spacer\"><\/div>\r\n    <a href=\"https:\/\/neocatechumenaleiter.org\/hr\/rijeci-papa\/franjo\/audijencija-za-neokatekumenski-put-6-iii-2015\/\"><h6 class=\"has-text-align-left\">Audijencija poslanja Obitelji \u201cMissio ad gentes\u201d 6-III-2015<\/h6><\/a>\r\n<\/div>\r\n<div class=\"columna-papas\" style=\"background: #f7f7f7;\">\r\n    <h4 class=\"has-text-align-center\">Godina 2016<\/h4>\r\n    <div style=\"height:20px\" aria-hidden=\"true\" class=\"wp-block-spacer\"><\/div>\r\n    <a href=\"https:\/\/neocatechumenaleiter.org\/hr\/rijeci-papa\/franjo\/govor-svetoga-oca-pape-franje-clanovima-neokatekumenskog-puta18-iii-2016\/\"><h6 class=\"has-text-align-left\">Govor Svetoga Oca Pape Franje \u010dlanovima Neokatekumenskog Puta, 18-III-2016<\/h6><\/a>\r\n<\/div>\n<div style=\"height:20px\" aria-hidden=\"true\" class=\"wp-block-spacer\"><\/div>\n<div class=\"columna-papas\">\r\n    <h4 class=\"has-text-align-center\">Godina 2017<\/h4>\r\n    <div style=\"height:20px\" aria-hidden=\"true\" class=\"wp-block-spacer\"><\/div>\r\n    <a href=\"https:\/\/neocatechumenaleiter.org\/hr\/rijeci-papa\/franjo\/pohod-zupi-svetog-petra-damianija-21-v-2017\/\"><h6 class=\"has-text-align-left\">Pastoralni pohod Svetoga Oca Pape Franje rimskoj \u017eupi Svetog Petra Damianija 21-V-2017<\/h6><\/a>\r\n<\/div>\r\n<div class=\"columna-papas\" style=\"background: #f7f7f7;\">\r\n    <h4 class=\"has-text-align-center\">Godina 2018<\/h4>\r\n    <div style=\"height:20px\" aria-hidden=\"true\" class=\"wp-block-spacer\"><\/div>\r\n    <a href=\"https:\/\/neocatechumenaleiter.org\/hr\/rijeci-papa\/franjo\/medunarodni-susret-povodom-50-godina-neokatekumenskog-puta-govor-svetoga-oca-franje-5-v-2018\/\"><h6 class=\"has-text-align-left\">Me\u0111unarodni susret povodom 50. Obljetnice Neokatekumenskog Puta. Govor Svetog Oca Pape Franje 5-V-2018<\/h6><\/a>\r\n    <hr class=\"wp-block-separator\"\/><a href=\"https:\/\/neocatechumenaleiter.org\/hr\/rijeci-papa\/franjo\/regina-coeli-na-trgu-svetog-petra-hvala-na-vasem-evangelizacijskom-radu-6-v-2018\/\"><h6 class=\"has-text-align-left\">\u00abRegina Coeli\u00bb Pape Franje dan nakon me\u0111unarodnog susreta povodom 50. Obljetnice neokatekumenskog puta 6-V-2018<\/h6><\/a>\r\n<\/div>","protected":false},"excerpt":{"rendered":"<p>Franjo Biografija 17. prosinca 1936. Ro\u0111en u Buenos Airesu (Argentina) kao Jorge Mario Bergoglio. 13. prosinca 1969. Zare\u0111en je za sve\u0107enika od nadbiskupa Ram\u00f3na Jos\u00e9a Castellana. 1998. Imenovan je nadbiskupom Buenos Airesa i 2001. Imenovan je kardinalom od Pape Ivana Pavla II. 2002. godine odbija imenovanje predsjednikom argentinske biskupske konferencije, ali nakon tri godine biva izabran, a zatim i potvr\u0111en za novo trogodi\u0161nje razdoblje. 2005. Sudjelovao je na konklavama u<\/p>\n<div class=\"read-more\"><a class=\"btn read-more-btn\" href=\"https:\/\/neocatechumenaleiter.org\/hr\/rijeci-papa\/franjo\/\">Nastavi \u010ditati<\/a><\/div>\n","protected":false},"author":2,"featured_media":0,"parent":9163,"menu_order":3,"comment_status":"closed","ping_status":"closed","template":"","meta":{"footnotes":""},"class_list":["post-9753","page","type-page","status-publish","hentry"],"_links":{"self":[{"href":"https:\/\/neocatechumenaleiter.org\/hr\/wp-json\/wp\/v2\/pages\/9753","targetHints":{"allow":["GET"]}}],"collection":[{"href":"https:\/\/neocatechumenaleiter.org\/hr\/wp-json\/wp\/v2\/pages"}],"about":[{"href":"https:\/\/neocatechumenaleiter.org\/hr\/wp-json\/wp\/v2\/types\/page"}],"author":[{"embeddable":true,"href":"https:\/\/neocatechumenaleiter.org\/hr\/wp-json\/wp\/v2\/users\/2"}],"replies":[{"embeddable":true,"href":"https:\/\/neocatechumenaleiter.org\/hr\/wp-json\/wp\/v2\/comments?post=9753"}],"version-history":[{"count":19,"href":"https:\/\/neocatechumenaleiter.org\/hr\/wp-json\/wp\/v2\/pages\/9753\/revisions"}],"predecessor-version":[{"id":18168,"href":"https:\/\/neocatechumenaleiter.org\/hr\/wp-json\/wp\/v2\/pages\/9753\/revisions\/18168"}],"up":[{"embeddable":true,"href":"https:\/\/neocatechumenaleiter.org\/hr\/wp-json\/wp\/v2\/pages\/9163"}],"wp:attachment":[{"href":"https:\/\/neocatechumenaleiter.org\/hr\/wp-json\/wp\/v2\/media?parent=9753"}],"curies":[{"name":"wp","href":"https:\/\/api.w.org\/{rel}","templated":true}]}}