{"id":9993,"date":"2020-02-28T15:35:08","date_gmt":"2020-02-28T14:35:08","guid":{"rendered":"https:\/\/neocatechumenaleiter.org\/rijeci-papa\/sv-pavao-vi\/opca-audijencija-8-v-1974\/"},"modified":"2021-08-10T10:58:57","modified_gmt":"2021-08-10T09:58:57","slug":"opca-audijencija-8-v-1974","status":"publish","type":"page","link":"https:\/\/neocatechumenaleiter.org\/hr\/rijeci-papa\/sv-pavao-vi\/opca-audijencija-8-v-1974\/","title":{"rendered":"Op\u0107a audijencija 8-V-1974"},"content":{"rendered":"\n<h1 class=\"has-text-align-center wp-block-heading\">Op\u0107a audijencija 8-V-1974 <\/h1>\n\n<div style=\"height:20px\" aria-hidden=\"true\" class=\"wp-block-spacer\"><\/div>\n\n<h4 class=\"has-text-align-center wp-block-heading\">Sv. Pavao VI.<\/h4>\n\n<div style=\"height:20px\" aria-hidden=\"true\" class=\"wp-block-spacer\"><\/div>\n\n<p><p><em>Po zavr\u0161etku me\u0111unarodnog sastanka u Rimu u \u201eDomus Mariae\u201c, 8. svibnja 1974., oko 500 sudionika, sve\u0107enika i laika, iz zemalja Europe, sudjelovalo je u papinskoj audijenciji.\u00a0Pavao VI obratio im se ovim rije\u010dima:<\/em><\/p><\/p>\n\n<p><p>Pozdravljamo skupinu sve\u0107enika i laika koji predstavljaju pokret neokatekumenskih zajednica, okupljenih u Rimu iz mnogih biskupija Italije i drugih zemalja, na sastanku o temi evangelizacije u suvremenom svijetu, temi koju \u0107e uzeti u razmatranje i skori sabor Sinode biskupa. Kakvu li nam radost i kakvu nadu dajete s va\u0161om nazo\u010dno\u0161\u0107u i va\u0161om djelatno\u0161\u0107u!<\/p><\/p>\n\n<p>Znamo da se vi u va\u0161im zajednicama svi skupa zala\u017eete kako biste shvatili i razvijali bogatstva va\u0161ega kr\u0161tenja i posljedice va\u0161e pripadnosti Kristu. Takva zauzetost vas dovodi do toga da postajete svjesni da kr\u0161\u0107anski \u017eivot nije drugo nego dosljednost, trajni dinamizam, a to oboje dolazi od toga \u0161to ste prihvatili da budete s Kristom, i da produ\u017eujete u svijetu njegovu nazo\u010dnost i njegovo poslanje.<\/p>\n\n<p>Ova nakana, dok je za vas svjesni i autenti\u010dni na\u010din \u017eivljenja kr\u0161\u0107anskog zvanja, pretvara se u djelotvorno svjedo\u010denje za druge u poticaju otkrivanja i ponovnog zadobivanja autenti\u010dnih,  istinskih i stvarnih kr\u0161\u0107anskih vrjednota, koje bi ina\u010de mogle ostati gotovo sakrivene i uspavane, i gotovo na neki na\u010din razvodnjene u \u017eivotu svakida\u0161njice.<\/p>\n\n<p>Ne! Vi ih stavljate na vidjelo, isti\u010dete ih, dajete im uistinu uzorni moralni sjaj, upravo zato \u0161to, na taj na\u010din, s takvim kr\u0161\u0107anskim duhom, vi \u017eivite ovu neokatekumensku zajednicu.<\/p>\n\n<p>\u017divjeti i promicati ovu obnovu jest, kako vi ka\u017eete, jedan oblik \u201cpokrsnog katekumenata\u201d, koji \u0107e u dana\u0161njim kr\u0161\u0107anskim zajednicama mo\u0107i obnoviti one u\u010dinke zrelosti i produbljivanja kakvi su se u prvotnoj Crkvi ostvarivali u razdoblju priprave na kr\u0161tenje. <\/p>\n\n<p>Vi to stavljate poslije. Prije ili poslije, rekao bih, sporedno je. \u010cinjenica je da vi ciljate na autenti\u010dnost, na puninu, na dosljednost, na iskrenost kr\u0161\u0107anskog \u017eivota. A to je golema zasluga koja nas, ponavljam, uvelike tje\u0161i, te nam sugerira i nadahnjuje \u010destitke, \u017eelje i preobilne blagoslove za vas, za sve koji vas poma\u017eu i za sve kojima mo\u017eete va\u0161im pozdravom i va\u0161om porukom prenijeti i na\u0161 pozdrav.<\/p>\n\n<p>Veseli nas saznanje da ste pokreta\u010di ponovnog o\u017eivljavanja svijesti u mnogim \u017eupama. Posebno nas pak raduje i to \u0161to znamo da ste u svakoj va\u0161oj inicijativi krajnje pa\u017eljivi na ovisnost o va\u0161im pastirima i na zajedni\u0161tvo sa svom bra\u0107om. Za ovu crkvenu osjetljivost \u2013 koja je uvijek garancija izgra\u0111uju\u0107e nazo\u010dnosti Duha \u2013 upravljamo vam na\u0161e ohrabrenje.<\/p>\n","protected":false},"excerpt":{"rendered":"<p>Op\u0107a audijencija 8-V-1974 Sv. Pavao VI. Po zavr\u0161etku me\u0111unarodnog sastanka u Rimu u \u201eDomus Mariae\u201c, 8. svibnja 1974., oko 500 sudionika, sve\u0107enika i laika, iz zemalja Europe, sudjelovalo je u papinskoj audijenciji.\u00a0Pavao VI obratio im se ovim rije\u010dima: Pozdravljamo skupinu sve\u0107enika i laika koji predstavljaju pokret neokatekumenskih zajednica, okupljenih u Rimu iz mnogih biskupija Italije i drugih zemalja, na sastanku o temi evangelizacije u suvremenom svijetu, temi koju \u0107e uzeti<\/p>\n<div class=\"read-more\"><a class=\"btn read-more-btn\" href=\"https:\/\/neocatechumenaleiter.org\/hr\/rijeci-papa\/sv-pavao-vi\/opca-audijencija-8-v-1974\/\">Nastavi \u010ditati<\/a><\/div>\n","protected":false},"author":2,"featured_media":0,"parent":9165,"menu_order":0,"comment_status":"closed","ping_status":"closed","template":"","meta":{"footnotes":""},"class_list":["post-9993","page","type-page","status-publish","hentry"],"_links":{"self":[{"href":"https:\/\/neocatechumenaleiter.org\/hr\/wp-json\/wp\/v2\/pages\/9993","targetHints":{"allow":["GET"]}}],"collection":[{"href":"https:\/\/neocatechumenaleiter.org\/hr\/wp-json\/wp\/v2\/pages"}],"about":[{"href":"https:\/\/neocatechumenaleiter.org\/hr\/wp-json\/wp\/v2\/types\/page"}],"author":[{"embeddable":true,"href":"https:\/\/neocatechumenaleiter.org\/hr\/wp-json\/wp\/v2\/users\/2"}],"replies":[{"embeddable":true,"href":"https:\/\/neocatechumenaleiter.org\/hr\/wp-json\/wp\/v2\/comments?post=9993"}],"version-history":[{"count":9,"href":"https:\/\/neocatechumenaleiter.org\/hr\/wp-json\/wp\/v2\/pages\/9993\/revisions"}],"predecessor-version":[{"id":18069,"href":"https:\/\/neocatechumenaleiter.org\/hr\/wp-json\/wp\/v2\/pages\/9993\/revisions\/18069"}],"up":[{"embeddable":true,"href":"https:\/\/neocatechumenaleiter.org\/hr\/wp-json\/wp\/v2\/pages\/9165"}],"wp:attachment":[{"href":"https:\/\/neocatechumenaleiter.org\/hr\/wp-json\/wp\/v2\/media?parent=9993"}],"curies":[{"name":"wp","href":"https:\/\/api.w.org\/{rel}","templated":true}]}}