{"id":47291,"date":"2020-02-27T19:31:11","date_gmt":"2020-02-27T18:31:11","guid":{"rendered":"https:\/\/neocatechumenaleiter.org\/hafa-samband\/"},"modified":"2026-03-05T23:37:11","modified_gmt":"2026-03-05T22:37:11","slug":"hafa-samband","status":"publish","type":"page","link":"https:\/\/neocatechumenaleiter.org\/is\/hafa-samband\/","title":{"rendered":"Hafa samband"},"content":{"rendered":"\n<h2 class=\"wp-block-heading has-text-align-center\">Haf\u00f0u samband<\/h2>\n\n<div style=\"height:20px\" aria-hidden=\"true\" class=\"wp-block-spacer\"><\/div>\n\n<h5 class=\"wp-block-heading has-text-align-center\">Mi\u00f0st\u00f6\u00f0 N\u00fdkatek\u00famensku g\u00f6ngunnar \u00ed R\u00f3m &#8211; \u00cdtal\u00eda<\/h5>\n\n<div class=\"datacontacto\">\r\n    <div class=\"container\">\r\n        <div class=\"datatel columna\">\r\n            <a href=\"tel:+390668134502\">\r\n                <span class=\"icon-phone\"><\/span>\r\n \t\t\t\t+39 06 6813 45 02<\/a>\r\n        <\/div>\r\n        <div class=\"datadir columna\">\r\n            <a href=\"https:\/\/goo.gl\/maps\/PpQn7ukhwPHBwy2L6\" target=\"_blank\" rel=\"noopener noreferrer\">                \r\n\t\t\t\t<span class=\"icon-map\"><\/span>\r\n\t\t\t\tVia del Mascherino, 53<br\/>00193 Roma &#8211; Italia<\/a>\r\n        <\/div>\r\n        <div class=\"datamail columna\">\r\n            <a href=\"mailto:information@neocatechumenaleiter.org\">\r\n                <span class=\"icon-envelope\"><\/span>\r\n \t\t\t\tinformation@neocatechumenaleiter.org<\/a>\r\n        <\/div>\r\n    <\/div>\r\n<\/div>\n\n<div style=\"height:20px\" aria-hidden=\"true\" class=\"wp-block-spacer\"><\/div>\n\n<hr class=\"wp-block-separator has-css-opacity\"\/>\n\n<div style=\"height:30px\" aria-hidden=\"true\" class=\"wp-block-spacer\"><\/div>\n\n<h5 class=\"wp-block-heading has-text-align-center\">Heims\u00f3knir og p\u00edlagr\u00edmsfer\u00f0ir<\/h5>\n\n<div style=\"height:20px\" aria-hidden=\"true\" class=\"wp-block-spacer\"><\/div>\n\n<h6 class=\"wp-block-heading has-text-align-center has-text-color\" style=\"color:#737373\">\u00deegar \u00fe\u00fa hefur samband vi\u00f0 okkur \u00fearftu a\u00f0 gefa upp eftirfarandi uppl\u00fdsingar: s\u00f3kn, sveitarf\u00e9lag, fj\u00f6lda systkina, tengili\u00f0, s\u00edman\u00famer, heims\u00f3knardag o.s.frv.<\/h6>\n\n<div style=\"height:30px\" aria-hidden=\"true\" class=\"wp-block-spacer\"><\/div>\n\n<div class=\"wp-block-columns are-vertically-aligned-center has-white-background-color has-background is-layout-flex wp-container-core-columns-is-layout-9d6595d7 wp-block-columns-is-layout-flex\">\n<div class=\"wp-block-column is-vertically-aligned-center is-layout-flow wp-block-column-is-layout-flow\">\n<h5 class=\"wp-block-heading has-text-align-center\"><strong>Mi\u00f0st\u00f6\u00f0 N\u00fdkatek\u00famensku g\u00f6ngunnar \u00ed Madrid<\/strong><\/h5>\n<\/div>\n\n\n\n<div class=\"wp-block-column is-vertically-aligned-center is-layout-flow wp-block-column-is-layout-flow\">\n<div style=\"height:20px\" aria-hidden=\"true\" class=\"wp-block-spacer\"><\/div>\n\n\n\n<h6 class=\"wp-block-heading has-text-align-center contactar_visitas\"><a rel=\"noreferrer noopener\" href=\"mailto:visitas@cnc.madrid\" target=\"_blank\"><strong>visitas@cnc.madrid<\/strong><\/a><\/h6>\n\n\n\n<div style=\"height:20px\" aria-hidden=\"true\" class=\"wp-block-spacer\"><\/div>\n<\/div>\n\n\n\n<div class=\"wp-block-column is-vertically-aligned-center is-layout-flow wp-block-column-is-layout-flow\">\n<h6 class=\"wp-block-heading has-text-align-center\"><\/h6>\n<\/div>\n<\/div>\n\n<div style=\"height:30px\" aria-hidden=\"true\" class=\"wp-block-spacer\"><\/div>\n\n<div class=\"wp-block-columns are-vertically-aligned-center has-background is-layout-flex wp-container-core-columns-is-layout-9d6595d7 wp-block-columns-is-layout-flex\" style=\"background-color:#f5f5f5\">\n<div class=\"wp-block-column is-vertically-aligned-center is-layout-flow wp-block-column-is-layout-flow\">\n<h5 class=\"wp-block-heading has-text-align-center\"><strong>Gr\u00f6f Carmen Hernandez<\/strong><\/h5>\n<\/div>\n\n\n\n<div class=\"wp-block-column is-vertically-aligned-center is-layout-flow wp-block-column-is-layout-flow\">\n<div style=\"height:20px\" aria-hidden=\"true\" class=\"wp-block-spacer\"><\/div>\n\n\n\n<h6 class=\"wp-block-heading has-text-align-center contactar_visitas\"><a href=\"mailto:visitas@carmenhernandez.info\"><strong>visitas@carmenhernandez.info<\/strong><\/a><\/h6>\n\n\n\n<div style=\"height:20px\" aria-hidden=\"true\" class=\"wp-block-spacer\"><\/div>\n<\/div>\n\n\n\n<div class=\"wp-block-column is-vertically-aligned-center is-layout-flow wp-block-column-is-layout-flow\">\n<h6 class=\"wp-block-heading has-text-align-center contactar_visitas\"><a rel=\"noreferrer noopener\" href=\"http:\/\/carmenhernandez.org\/it\/contact\" target=\"_blank\"><strong>N\u00e1\u00f0ir og grei\u00f0ar<\/strong><\/a><\/h6>\n<\/div>\n<\/div>\n\n<div style=\"height:20px\" aria-hidden=\"true\" class=\"wp-block-spacer\"><\/div>\n\n<div class=\"wp-block-columns are-vertically-aligned-center has-white-background-color has-background is-layout-flex wp-container-core-columns-is-layout-9d6595d7 wp-block-columns-is-layout-flex\">\n<div class=\"wp-block-column is-vertically-aligned-center is-layout-flow wp-block-column-is-layout-flow\">\n<h5 class=\"wp-block-heading has-text-align-center\"><strong>Tudela og Javier (sp\u00e6nskar borgir)<\/strong><\/h5>\n<\/div>\n\n\n\n<div class=\"wp-block-column is-vertically-aligned-center is-layout-flow wp-block-column-is-layout-flow\">\n<div style=\"height:20px\" aria-hidden=\"true\" class=\"wp-block-spacer\"><\/div>\n\n\n\n<h6 class=\"wp-block-heading has-text-align-center contactar_visitas\"><strong><a rel=\"noreferrer noopener\" href=\"mailto:pamplona.tudela.cn@gmail.com\" target=\"_blank\">pamplona.tudela.cn@gmail.com<\/a><\/strong><\/h6>\n\n\n\n<div style=\"height:20px\" aria-hidden=\"true\" class=\"wp-block-spacer\"><\/div>\n<\/div>\n\n\n\n<div class=\"wp-block-column is-vertically-aligned-center is-layout-flow wp-block-column-is-layout-flow\">\n<h6 class=\"wp-block-heading has-text-align-center contactar_visitas\"><a href=\"https:\/\/carmenhernandez.org\/it\/carmen-hernandez-soria-e-navarra-spagna\/\" target=\"_blank\" rel=\"noreferrer noopener\">A\u00f0rar uppl\u00fdsingar<\/a><\/h6>\n<\/div>\n<\/div>\n\n<div style=\"height:30px\" aria-hidden=\"true\" class=\"wp-block-spacer\"><\/div>\n\n<div class=\"wp-block-columns are-vertically-aligned-center has-background is-layout-flex wp-container-core-columns-is-layout-9d6595d7 wp-block-columns-is-layout-flex\" style=\"background-color:#f5f5f5\">\n<div class=\"wp-block-column is-vertically-aligned-center is-layout-flow wp-block-column-is-layout-flow\">\n<h5 class=\"wp-block-heading has-text-align-center\"><b>\u00d3lvega (sp\u00e6nsk borg)<\/b><\/h5>\n<\/div>\n\n\n\n<div class=\"wp-block-column is-vertically-aligned-center is-layout-flow wp-block-column-is-layout-flow\">\n<div style=\"height:20px\" aria-hidden=\"true\" class=\"wp-block-spacer\"><\/div>\n\n\n\n<h6 class=\"wp-block-heading has-text-align-center contactar_visitas\"><a rel=\"noreferrer noopener\" href=\"mailto:carmen.hernandez.olvega@gmail.com\" target=\"_blank\">carmen.hernandez.olvega@gmail.com<\/a><\/h6>\n\n\n\n<div style=\"height:20px\" aria-hidden=\"true\" class=\"wp-block-spacer\"><\/div>\n<\/div>\n\n\n\n<div class=\"wp-block-column is-vertically-aligned-center is-layout-flow wp-block-column-is-layout-flow\">\n<h6 class=\"wp-block-heading has-text-align-center contactar_visitas\"><a href=\"https:\/\/carmenhernandez.org\/it\/carmen-hernandez-soria-e-navarra-spagna\/\" target=\"_blank\" rel=\"noreferrer noopener\">A\u00f0rar uppl\u00fdsingar<\/a><\/h6>\n<\/div>\n<\/div>\n\n<div style=\"height:30px\" aria-hidden=\"true\" class=\"wp-block-spacer\"><\/div>\n\n<div class=\"wp-block-columns are-vertically-aligned-center has-white-background-color has-background is-layout-flex wp-container-core-columns-is-layout-9d6595d7 wp-block-columns-is-layout-flex\">\n<div class=\"wp-block-column is-vertically-aligned-center is-layout-flow wp-block-column-is-layout-flow\">\n<h5 class=\"wp-block-heading has-text-align-center\"><strong>Barsel\u00f3na (sp\u00e6nsk borg)<\/strong><\/h5>\n<\/div>\n\n\n\n<div class=\"wp-block-column is-vertically-aligned-center is-layout-flow wp-block-column-is-layout-flow\">\n<h6 class=\"wp-block-heading has-text-align-center contactar_visitas\"><a rel=\"noreferrer noopener\" href=\"mailto:f.xaviervila@gmail.com\" target=\"_blank\">f.xaviervila@gmail.com<\/a><a href=\"mailto:franciscopelufo@gmail.com\" target=\"_blank\" rel=\"noreferrer noopener\">franciscopelufo@gmail.com<\/a><\/h6>\n<\/div>\n\n\n\n<div class=\"wp-block-column is-vertically-aligned-center is-layout-flow wp-block-column-is-layout-flow\">\n<h6 class=\"wp-block-heading has-text-align-center contactar_visitas\"><a href=\"https:\/\/carmenhernandez.org\/it\/carmen-hernandez-barcellona-spagna\/\" target=\"_blank\" rel=\"noreferrer noopener\">A\u00f0rar uppl\u00fdsingar<\/a><\/h6>\n<\/div>\n<\/div>\n\n<div style=\"height:30px\" aria-hidden=\"true\" class=\"wp-block-spacer\"><\/div>\n\n<div class=\"wp-block-columns are-vertically-aligned-center has-background is-layout-flex wp-container-core-columns-is-layout-9d6595d7 wp-block-columns-is-layout-flex\" style=\"background-color:#f5f5f5\">\n<div class=\"wp-block-column is-vertically-aligned-center is-layout-flow wp-block-column-is-layout-flow\">\n<h5 class=\"wp-block-heading has-text-align-center\"><strong>Saragossa (sp\u00e6nsk borg)<\/strong><\/h5>\n<\/div>\n\n\n\n<div class=\"wp-block-column is-vertically-aligned-center is-layout-flow wp-block-column-is-layout-flow\">\n<div style=\"height:20px\" aria-hidden=\"true\" class=\"wp-block-spacer\"><\/div>\n\n\n\n<h6 class=\"wp-block-heading has-text-align-center contactar_visitas\"><a rel=\"noreferrer noopener\" href=\"mailto:peregrinacioneszaragoza.cn@gmail.com\" target=\"_blank\">peregrinacioneszaragoza.cn@gmail.com<\/a><\/h6>\n\n\n\n<div style=\"height:20px\" aria-hidden=\"true\" class=\"wp-block-spacer\"><\/div>\n<\/div>\n\n\n\n<div class=\"wp-block-column is-vertically-aligned-center is-layout-flow wp-block-column-is-layout-flow\">\n<h6 class=\"wp-block-heading has-text-align-center contactar_visitas has-background\" style=\"background-color:#f5f5f5\"><a href=\"https:\/\/neocatechumenaleiter.org\/it\/pellegrinaggi-a-zaragoza-spagna\/\" data-type=\"post\" data-id=\"32512\">A\u00f0rar uppl\u00fdsingar<\/a><\/h6>\n<\/div>\n<\/div>\n\n<div style=\"height:30px\" aria-hidden=\"true\" class=\"wp-block-spacer\"><\/div>\n\n<div class=\"wp-block-columns are-vertically-aligned-center has-white-background-color has-background is-layout-flex wp-container-core-columns-is-layout-9d6595d7 wp-block-columns-is-layout-flex\">\n<div class=\"wp-block-column is-vertically-aligned-center is-layout-flow wp-block-column-is-layout-flow\">\n<h5 class=\"wp-block-heading has-text-align-center\"><strong>Barbastro (sp\u00e6nsk borg)<\/strong><\/h5>\n<\/div>\n\n\n\n<div class=\"wp-block-column is-vertically-aligned-center is-layout-flow wp-block-column-is-layout-flow\">\n<div style=\"height:20px\" aria-hidden=\"true\" class=\"wp-block-spacer\"><\/div>\n\n\n\n<h6 class=\"wp-block-heading has-text-align-center contactar_visitas\"><a href=\"mailto:peregrinacionesbarbastro.cn@gmail.com\" target=\"_blank\" rel=\"noreferrer noopener\">peregrinacionesbarbastro.cn@gmail.com<\/a><\/h6>\n\n\n\n<div style=\"height:20px\" aria-hidden=\"true\" class=\"wp-block-spacer\"><\/div>\n<\/div>\n\n\n\n<div class=\"wp-block-column is-vertically-aligned-center is-layout-flow wp-block-column-is-layout-flow\">\n<h6 class=\"wp-block-heading has-text-align-center contactar_visitas\"><a href=\"https:\/\/neocatechumenaleiter.org\/it\/pellegrinaggi-a-barbastro-huesca-spagna\/\" data-type=\"post\" data-id=\"31933\">A\u00f0rar uppl\u00fdsingar<\/a><\/h6>\n<\/div>\n<\/div>\n\n<div style=\"height:30px\" aria-hidden=\"true\" class=\"wp-block-spacer\"><\/div>\n\n<div class=\"wp-block-columns are-vertically-aligned-center has-background is-layout-flex wp-container-core-columns-is-layout-9d6595d7 wp-block-columns-is-layout-flex\" style=\"background-color:#f5f5f5\">\n<div class=\"wp-block-column is-vertically-aligned-center is-layout-flow wp-block-column-is-layout-flow\">\n<h5 class=\"wp-block-heading has-text-align-center\"><strong>Farlete (sp\u00e6nsk borg)<\/strong><\/h5>\n<\/div>\n\n\n\n<div class=\"wp-block-column is-vertically-aligned-center is-layout-flow wp-block-column-is-layout-flow\">\n<div style=\"height:20px\" aria-hidden=\"true\" class=\"wp-block-spacer\"><\/div>\n\n\n\n<h6 class=\"wp-block-heading has-text-align-center contactar_visitas\"><a href=\"mailto:peregrinacionesfarlete.cn@gmail.com\" target=\"_blank\" rel=\"noreferrer noopener\">peregrinacionesfarlete.cn@gmail.com<\/a><\/h6>\n\n\n\n<div style=\"height:20px\" aria-hidden=\"true\" class=\"wp-block-spacer\"><\/div>\n<\/div>\n\n\n\n<div class=\"wp-block-column is-vertically-aligned-center is-layout-flow wp-block-column-is-layout-flow\">\n<h6 class=\"wp-block-heading has-text-align-center contactar_visitas\"><a href=\"https:\/\/neocatechumenaleiter.org\/it\/pellegrinaggi-a-farlete-zaragoza-spagna\/\" rel=\"noreferrer noopener\">A\u00f0rar uppl\u00fdsingar<\/a><\/h6>\n<\/div>\n<\/div>\n\n<div style=\"height:30px\" aria-hidden=\"true\" class=\"wp-block-spacer\"><\/div>\n\n<div class=\"wp-block-columns are-vertically-aligned-center has-white-background-color has-background is-layout-flex wp-container-core-columns-is-layout-9d6595d7 wp-block-columns-is-layout-flex\">\n<div class=\"wp-block-column is-vertically-aligned-center has-white-background-color has-background is-layout-flow wp-block-column-is-layout-flow\">\n<h5 class=\"wp-block-heading has-text-align-center\"><strong>Fuentes (sp\u00e6nsk borg)<\/strong><\/h5>\n<\/div>\n\n\n\n<div class=\"wp-block-column is-vertically-aligned-center is-layout-flow wp-block-column-is-layout-flow\">\n<div style=\"height:20px\" aria-hidden=\"true\" class=\"wp-block-spacer\"><\/div>\n\n\n\n<h6 class=\"wp-block-heading has-text-align-center contactar_visitas\"><a href=\"mailto:fuentesdecarbonero@gmail.com\" target=\"_blank\" rel=\"noreferrer noopener\">fuentesdecarbonero@gmail.com<\/a><\/h6>\n\n\n\n<div style=\"height:20px\" aria-hidden=\"true\" class=\"wp-block-spacer\"><\/div>\n<\/div>\n\n\n\n<div class=\"wp-block-column is-vertically-aligned-center is-layout-flow wp-block-column-is-layout-flow\">\n<h6 class=\"wp-block-heading has-text-align-center contactar_visitas\"><a href=\"https:\/\/neocatechumenaleiter.org\/it\/pellegrinaggi-a-fuentes-de-carbonero-el-mayor-segovia-spagna\/\" data-type=\"post\" data-id=\"30082\">A\u00f0rar uppl\u00fdsingar<\/a><\/h6>\n<\/div>\n<\/div>\n\n<div style=\"height:30px\" aria-hidden=\"true\" class=\"wp-block-spacer\"><\/div>\n\n<div class=\"wp-block-columns are-vertically-aligned-center has-background is-layout-flex wp-container-core-columns-is-layout-9d6595d7 wp-block-columns-is-layout-flex\" style=\"background-color:#f5f5f5\">\n<div class=\"wp-block-column is-vertically-aligned-center is-layout-flow wp-block-column-is-layout-flow\">\n<h5 class=\"wp-block-heading has-text-align-center\"><strong>Valens\u00eda (sp\u00e6nsk borg)<\/strong><\/h5>\n<\/div>\n\n\n\n<div class=\"wp-block-column is-vertically-aligned-center is-layout-flow wp-block-column-is-layout-flow\">\n<div style=\"height:20px\" aria-hidden=\"true\" class=\"wp-block-spacer\"><\/div>\n\n\n\n<h6 class=\"wp-block-heading has-text-align-center contactar_visitas\"><a href=\"mailto:carmenhernandezvalencia1956@gmail.com\" target=\"_blank\" rel=\"noreferrer noopener\">carmenhernandezvalencia1956@gmail.com<\/a><\/h6>\n\n\n\n<div style=\"height:20px\" aria-hidden=\"true\" class=\"wp-block-spacer\"><\/div>\n<\/div>\n\n\n\n<div class=\"wp-block-column is-vertically-aligned-center is-layout-flow wp-block-column-is-layout-flow\">\n<h6 class=\"wp-block-heading has-text-align-center contactar_visitas\"><a href=\"https:\/\/carmenhernandez.org\/it\/carmen-hernandez-valencia-espana\/\" target=\"_blank\" rel=\"noreferrer noopener\">A\u00f0rar uppl\u00fdsingar<\/a><\/h6>\n<\/div>\n<\/div>\n\n<div style=\"height:20px\" aria-hidden=\"true\" class=\"wp-block-spacer\"><\/div>\n\n<hr class=\"wp-block-separator has-css-opacity is-style-wide\"\/>\n\n<div style=\"height:20px\" aria-hidden=\"true\" class=\"wp-block-spacer\"><\/div>\n\n<h5 class=\"wp-block-heading has-text-align-center\"><a href=\"https:\/\/neocatechumenaleiter.org\/it\/avviso-legale\/\" data-type=\"page\" data-id=\"3\">Pers\u00f3nuverndarstefna<\/a><\/h5>\n","protected":false},"excerpt":{"rendered":"<p>Haf\u00f0u samband Mi\u00f0st\u00f6\u00f0 N\u00fdkatek\u00famensku g\u00f6ngunnar \u00ed R\u00f3m &#8211; \u00cdtal\u00eda +39 06 6813 45 02 Via del Mascherino, 5300193 Roma &#8211; Italia information@neocatechumenaleiter.org Heims\u00f3knir og p\u00edlagr\u00edmsfer\u00f0ir \u00deegar \u00fe\u00fa hefur samband vi\u00f0 okkur \u00fearftu a\u00f0 gefa upp eftirfarandi uppl\u00fdsingar: s\u00f3kn, sveitarf\u00e9lag, fj\u00f6lda systkina, tengili\u00f0, s\u00edman\u00famer, heims\u00f3knardag o.s.frv. Mi\u00f0st\u00f6\u00f0 N\u00fdkatek\u00famensku g\u00f6ngunnar \u00ed Madrid visitas@cnc.madrid Gr\u00f6f Carmen Hernandez visitas@carmenhernandez.info N\u00e1\u00f0ir og grei\u00f0ar Tudela og Javier (sp\u00e6nskar borgir) pamplona.tudela.cn@gmail.com A\u00f0rar uppl\u00fdsingar \u00d3lvega (sp\u00e6nsk borg) carmen.hernandez.olvega@gmail.com<\/p>\n<div class=\"read-more\"><a class=\"btn read-more-btn\" href=\"https:\/\/neocatechumenaleiter.org\/is\/hafa-samband\/\">Read More<\/a><\/div>\n","protected":false},"author":2,"featured_media":0,"parent":0,"menu_order":0,"comment_status":"closed","ping_status":"closed","template":"","meta":{"footnotes":""},"class_list":["post-47291","page","type-page","status-publish","hentry"],"_links":{"self":[{"href":"https:\/\/neocatechumenaleiter.org\/is\/wp-json\/wp\/v2\/pages\/47291","targetHints":{"allow":["GET"]}}],"collection":[{"href":"https:\/\/neocatechumenaleiter.org\/is\/wp-json\/wp\/v2\/pages"}],"about":[{"href":"https:\/\/neocatechumenaleiter.org\/is\/wp-json\/wp\/v2\/types\/page"}],"author":[{"embeddable":true,"href":"https:\/\/neocatechumenaleiter.org\/is\/wp-json\/wp\/v2\/users\/2"}],"replies":[{"embeddable":true,"href":"https:\/\/neocatechumenaleiter.org\/is\/wp-json\/wp\/v2\/comments?post=47291"}],"version-history":[{"count":3,"href":"https:\/\/neocatechumenaleiter.org\/is\/wp-json\/wp\/v2\/pages\/47291\/revisions"}],"predecessor-version":[{"id":47975,"href":"https:\/\/neocatechumenaleiter.org\/is\/wp-json\/wp\/v2\/pages\/47291\/revisions\/47975"}],"wp:attachment":[{"href":"https:\/\/neocatechumenaleiter.org\/is\/wp-json\/wp\/v2\/media?parent=47291"}],"curies":[{"name":"wp","href":"https:\/\/api.w.org\/{rel}","templated":true}]}}