{"id":3174,"date":"2020-02-29T19:59:09","date_gmt":"2020-02-29T18:59:09","guid":{"rendered":"http:\/\/15.188.244.8.xip.io\/benedetto-xvi\/"},"modified":"2021-08-10T11:05:20","modified_gmt":"2021-08-10T10:05:20","slug":"benedetto-xvi","status":"publish","type":"page","link":"https:\/\/neocatechumenaleiter.org\/it\/discorsi-dei-papi\/benedetto-xvi\/","title":{"rendered":"Benedetto XVI"},"content":{"rendered":"\n<h1 class=\"has-text-align-center wp-block-heading\">Benedetto XVI<\/h1>\n\n<div style=\"height:21px\" aria-hidden=\"true\" class=\"wp-block-spacer\"><\/div>\n\n<h4 class=\"has-text-align-center wp-block-heading\">BIOGRAFIA<\/h4>\n\n<div style=\"height:20px\" aria-hidden=\"true\" class=\"wp-block-spacer\"><\/div>\n\n<div class=\"wp-block-image is-style-default\"><figure class=\"alignleft size-medium\"><img loading=\"lazy\" decoding=\"async\" width=\"250\" height=\"300\" src=\"https:\/\/neocatechumenaleiter.org\/wp-content\/uploads\/2020\/02\/Camino_Neocatecumenal_Papa_Benedicto_XVI-250x300.jpg\" alt=\"Papa Emerito Benedetto XVI\" class=\"wp-image-873\" srcset=\"https:\/\/neocatechumenaleiter.org\/wp-content\/uploads\/2020\/02\/Camino_Neocatecumenal_Papa_Benedicto_XVI-250x300.jpg 250w, https:\/\/neocatechumenaleiter.org\/wp-content\/uploads\/2020\/02\/Camino_Neocatecumenal_Papa_Benedicto_XVI.jpg 500w\" sizes=\"auto, (max-width: 250px) 100vw, 250px\" \/><\/figure><\/div>\n\n<p>Joseph Ratzinger \u00e8 nato a Marktl am Inn (Germania) il 16 aprile 1927. <\/p>\n\n<p>Il 29 giugno 1961 \u00e8 nominato ordinato sacerdote a Monaco. Nel 1953 consegue il dottorato in teologia. <\/p>\n\n<p>Il 25 marzo 1977 \u00e8 nominato arcivescovo di Monaco e Freising e tre mesi dopo, il 27 giugno, creato cardinale da Paolo VI. <\/p>\n\n<p>Nel 1981 \u00e8 nominato da Giovanni Paolo II prefetto della Congregazione per la Dottrina della Fede; Presidente della Pontificia Commissione Biblica e della Pontificia Commissione Teologica Internazionale. Presidente della Commissione per la preparazione del Catechismo della Chiesa Cattolica che present\u00f2 al Santo Padre. Nel 3 luglio 2015 consegue il dottorato &#8220;honoris causa&#8221;. <\/p>\n\n<p>Il 19 aprile 2005 \u00e8 stato eletto Pontefice della Chiesa cattolica assumendo il nome di Benedetto XVI.<\/p>\n\n<p>L&#8217;11 febbraio 2013 si \u00e8 dimesso dal pontificato della Chiesa cattolica diventando Papa Emerito.<\/p>\n\n<div style=\"height:20px\" aria-hidden=\"true\" class=\"wp-block-spacer\"><\/div>\n\n<hr class=\"wp-block-separator\"\/>\n\n<div style=\"height:20px\" aria-hidden=\"true\" class=\"wp-block-spacer\"><\/div>\n\n<h3 class=\"has-text-align-center wp-block-heading\">Documentazione<\/h3>\n\n<div style=\"height:20px\" aria-hidden=\"true\" class=\"wp-block-spacer\"><\/div>\n<section id=\"search-2\" class=\"widget widget_search\"><form role=\"search\" method=\"get\" class=\"search-form\" action=\"https:\/\/neocatechumenaleiter.org\/it\/\">\r\n\t<label for=\"search-form-5e59be1dc1b02\">\r\n\t\t<span class=\"screen-reader-text\">Cercare:<\/span>\r\n        <input type=\"search\" id=\"search-form-5e59be1dc1b02\" class=\"search-field\" placeholder=\"Cercare \u2026\" value=\"\" name=\"s\"\/><\/label>\r\n\t<button type=\"submit\" class=\"search-submit\">\r\n    \t<span class=\"screen-reader-text\">Cercare<\/span>\r\n        <i class=\"icon-magnifier\"><\/i>\r\n    <\/button>\r\n<\/form>\r\n<\/section>\n<div style=\"height:20px\" aria-hidden=\"true\" class=\"wp-block-spacer\"><\/div>\n<div class=\"columna-papas\">\r\n    <h4 class=\"has-text-align-center\">Anno 2005<\/h4>\r\n    <div style=\"height:20px\" aria-hidden=\"true\" class=\"wp-block-spacer\"><\/div>\r\n    <a href=\"https:\/\/neocatechumenaleiter.org\/it\/discorsi-dei-papi\/benedetto-xvi\/udienza-privata-agli-iniziatori-del-cammino-19-xi-2005\/\"><h6 class=\"has-text-align-left\">Udienza privata agli Iniziatori del Cammino Neocatecumenale 19-XI-2005<\/h6><\/a>\r\n<\/div>\r\n<div class=\"columna-papas\" style=\"background: #f7f7f7;\">\r\n    <h4 class=\"has-text-align-center\">Anno 2006<\/h4>\r\n    <div style=\"height:20px\" aria-hidden=\"true\" class=\"wp-block-spacer\"><\/div>\r\n    <a href=\"https:\/\/neocatechumenaleiter.org\/it\/discorsi-dei-papi\/benedetto-xvi\/discorso-del-papa-benedetto-xvi-al-cammino-neocatecumenale-12-i-2006\/\"><h6 class=\"has-text-align-left\">Discorso al Cammino Neocatecumenale 12-I-2006<\/h6><\/a>\r\n    <hr class=\"wp-block-separator\"\/><a href=\"https:\/\/neocatechumenaleiter.org\/it\/discorsi-dei-papi\/benedetto-xvi\/benedetto-xvivi-allangelus-un-cammino-di-riscoperta-della-fede-29-x-2006\/\"><h6 class=\"has-text-align-left\">Angelus in Piazza San Pietro 29-X-2006<\/h6><\/a>\r\n    <hr class=\"wp-block-separator\"\/><a href=\"https:\/\/neocatechumenaleiter.org\/it\/discorsi-dei-papi\/benedetto-xvi\/convivenza-di-vescovi-dellasia-e-dellaustralia-domus-galilaeae-18-xi-2006\/\"><h6 class=\"has-text-align-left\">Convivenza di Vescovi dell&#8217;Asia e dell&#8217;Australia nella Domus Galilaeae 18-Xi-2006<\/h6><\/a>\r\n<\/div>\n<div style=\"height:20px\" aria-hidden=\"true\" class=\"wp-block-spacer\"><\/div>\n<div class=\"columna-papas\">\r\n    <h4 class=\"has-text-align-center\">Anno 2007<\/h4>\r\n    <div style=\"height:20px\" aria-hidden=\"true\" class=\"wp-block-spacer\"><\/div>\r\n    <a href=\"https:\/\/neocatechumenaleiter.org\/it\/discorsi-dei-papi\/benedetto-xvi\/incontro-di-benedetto-xvi-con-i-parroci-e-il-clero-della-diocesi-di-roma-22-ii-2007\/\"><h6 class=\"has-text-align-left\">Incontro di parroci e clero di Roma 22-II-2007<\/h6><\/a>\r\n    <hr class=\"wp-block-separator\"\/><a href=\"https:\/\/neocatechumenaleiter.org\/it\/discorsi-dei-papi\/benedetto-xvi\/udienza-privata-di-benedetto-xvi-agli-iniziatori-del-cammino-neocatecumenale-26-v-2007\/\"><h6 class=\"has-text-align-left\">Udienza privata agli Iniziatori del Cammino 26-V-2007<\/h6><\/a>\r\n<\/div>\r\n<div class=\"columna-papas\" style=\"background: #f7f7f7;\">\r\n    <h4 class=\"has-text-align-center\">Anno 2008<\/h4>\r\n    <div style=\"height:20px\" aria-hidden=\"true\" class=\"wp-block-spacer\"><\/div>\r\n    <a href=\"https:\/\/neocatechumenaleiter.org\/it\/discorsi-dei-papi\/benedetto-xvi\/convivenza-di-oltre-200-vescovi-e-9-cardinali-delleuropa-presso-la-domus-galilaeae-24-iii-2008\/\"><h6 class=\"has-text-align-left\">Convivenza di Vescovi dell\u2019Europa nella Domus Galilaeae 24-III-2008<\/h6><\/a>\r\n<\/div>\n<div style=\"height:20px\" aria-hidden=\"true\" class=\"wp-block-spacer\"><\/div>\n<div class=\"columna-papas\">\r\n    <h4 class=\"has-text-align-center\">Anno 2009<\/h4>\r\n    <div style=\"height:20px\" aria-hidden=\"true\" class=\"wp-block-spacer\"><\/div>\r\n    <a href=\"https:\/\/neocatechumenaleiter.org\/it\/discorsi-dei-papi\/benedetto-xvi\/discorso-del-santo-padre-benedetto-xvi-nella-ricorrenza-dei-quarantanni-dagli-inizi-del-cammino-neocatecumenale-a-roma-10-i-2009\/\"><h6 class=\"has-text-align-left\">Discorso in occasione dei quarant&#8217;anni dell&#8217;inizio del Cammino 10-I-2009<\/h6><\/a>\r\n<\/div>\r\n<div class=\"columna-papas\" style=\"background: #f7f7f7;\">\r\n    <h4 class=\"has-text-align-center\">Anno 2010<\/h4>\r\n    <div style=\"height:20px\" aria-hidden=\"true\" class=\"wp-block-spacer\"><\/div>\r\n    <a href=\"https:\/\/neocatechumenaleiter.org\/it\/discorsi-dei-papi\/benedetto-xvi\/udienza-privata-di-benedetto-xvi-agli-iniziatori-del-cammino-neocatecumenale-13-xi-2010\/\"><h6 class=\"has-text-align-left\">Udienza agli Iniziatori del Cammino Neocatecumenale 13-XI-2010<\/h6><\/a>\r\n<\/div>\n<div style=\"height:20px\" aria-hidden=\"true\" class=\"wp-block-spacer\"><\/div>\n<div class=\"columna-papas\">\r\n    <h4 class=\"has-text-align-center\">Anno 2011<\/h4>\r\n    <div style=\"height:20px\" aria-hidden=\"true\" class=\"wp-block-spacer\"><\/div>\r\n    <a href=\"https:\/\/neocatechumenaleiter.org\/it\/discorsi-dei-papi\/benedetto-xvi\/udienza-al-cammino-neocatecumenale-ed-invio-di-oltre-200-famiglie-in-missione-e-di-13-missio-ad-gentes-17-i-2011\/\"><h6 class=\"has-text-align-left\">Udienza in occasione dell\u2019invio di famiglie in &#8220;Missio ad gentes&#8221; 17-I-2011<\/h6><\/a>\r\n    <hr class=\"wp-block-separator\"\/><a href=\"https:\/\/neocatechumenaleiter.org\/it\/discorsi-dei-papi\/benedetto-xvi\/regina-coeli-in-occasione-della-visita-pastorale-ad-aquileia-e-venezia-8-v-2011\/\"><h6 class=\"has-text-align-left\">\u00abRegina Coeli\u00bb &#8211; Visita ad Aquileia e Venezia 8-V-2011<\/h6><\/a>\r\n<\/div>\r\n<div class=\"columna-papas\" style=\"background: #f7f7f7;\">\r\n    <h4 class=\"has-text-align-center\">Anno 2012<\/h4>\r\n    <div style=\"height:20px\" aria-hidden=\"true\" class=\"wp-block-spacer\"><\/div>\r\n    <a href=\"https:\/\/neocatechumenaleiter.org\/it\/discorsi-dei-papi\/benedetto-xvi\/udienza-ed-invio-di-15-missio-ad-gentes-20-i-2012\/\"><h6 class=\"has-text-align-left\">Udienza in occasione dell\u2019invio di famiglie in &#8220;Missio ad gentes&#8221; 20-I-2012<\/h6><\/a>\r\n<\/div>","protected":false},"excerpt":{"rendered":"<p>Benedetto XVI BIOGRAFIA Joseph Ratzinger \u00e8 nato a Marktl am Inn (Germania) il 16 aprile 1927. Il 29 giugno 1961 \u00e8 nominato ordinato sacerdote a Monaco. Nel 1953 consegue il dottorato in teologia. Il 25 marzo 1977 \u00e8 nominato arcivescovo di Monaco e Freising e tre mesi dopo, il 27 giugno, creato cardinale da Paolo VI. Nel 1981 \u00e8 nominato da Giovanni Paolo II prefetto della Congregazione per la Dottrina<\/p>\n<div class=\"read-more\"><a class=\"btn read-more-btn\" href=\"https:\/\/neocatechumenaleiter.org\/it\/discorsi-dei-papi\/benedetto-xvi\/\">Leggi tutto<\/a><\/div>\n","protected":false},"author":2,"featured_media":0,"parent":3523,"menu_order":2,"comment_status":"closed","ping_status":"closed","template":"","meta":{"footnotes":""},"class_list":["post-3174","page","type-page","status-publish","hentry"],"_links":{"self":[{"href":"https:\/\/neocatechumenaleiter.org\/it\/wp-json\/wp\/v2\/pages\/3174","targetHints":{"allow":["GET"]}}],"collection":[{"href":"https:\/\/neocatechumenaleiter.org\/it\/wp-json\/wp\/v2\/pages"}],"about":[{"href":"https:\/\/neocatechumenaleiter.org\/it\/wp-json\/wp\/v2\/types\/page"}],"author":[{"embeddable":true,"href":"https:\/\/neocatechumenaleiter.org\/it\/wp-json\/wp\/v2\/users\/2"}],"replies":[{"embeddable":true,"href":"https:\/\/neocatechumenaleiter.org\/it\/wp-json\/wp\/v2\/comments?post=3174"}],"version-history":[{"count":15,"href":"https:\/\/neocatechumenaleiter.org\/it\/wp-json\/wp\/v2\/pages\/3174\/revisions"}],"predecessor-version":[{"id":18151,"href":"https:\/\/neocatechumenaleiter.org\/it\/wp-json\/wp\/v2\/pages\/3174\/revisions\/18151"}],"up":[{"embeddable":true,"href":"https:\/\/neocatechumenaleiter.org\/it\/wp-json\/wp\/v2\/pages\/3523"}],"wp:attachment":[{"href":"https:\/\/neocatechumenaleiter.org\/it\/wp-json\/wp\/v2\/media?parent=3174"}],"curies":[{"name":"wp","href":"https:\/\/api.w.org\/{rel}","templated":true}]}}