{"id":35767,"date":"2023-10-10T09:32:15","date_gmt":"2023-10-10T08:32:15","guid":{"rendered":"https:\/\/neocatechumenaleiter.org\/libro-dei-canti-risuscito\/"},"modified":"2025-11-26T02:22:48","modified_gmt":"2025-11-26T01:22:48","slug":"libro-dei-canti-risuscito","status":"publish","type":"page","link":"https:\/\/neocatechumenaleiter.org\/it\/libro-dei-canti-risuscito\/","title":{"rendered":"Libro dei canti &#8211; Risuscit\u00f2"},"content":{"rendered":"<div class=\"wp-block-image\">\n<figure class=\"aligncenter size-full\"><a href=\"https:\/\/risuscito.org\"><img decoding=\"async\" src=\"https:\/\/neocatechumenaleiter.org\/wp-content\/uploads\/2025\/03\/cammino-neocatecumenale-libro-canti-risuscito.org_.png\" alt=\"Cammino Neocatecumenale libro de canti Risuscit&#xF2; online app Google Play e App Store\" class=\"wp-image-39951\"\/><\/a><\/figure><\/div>\n<div style=\"height:30px\" aria-hidden=\"true\" class=\"wp-block-spacer\"><\/div>\n\n<h4 class=\"wp-block-heading has-text-align-center\"><strong>Libro dei canti &#8211; Risuscit\u00f2<\/strong><\/h4>\n\n<div style=\"height:30px\" aria-hidden=\"true\" class=\"wp-block-spacer\"><\/div>\n\n<p>Nel Cammino Neocatecumenale vediamo oggi apparire un servizio umile ed essenziale qual \u00e8 quello del Cantore.<\/p>\n\n<p>In questo itinerario di educazione alla Fede, il cantore ha la missione di aiutare a creare la comunit\u00e0 liturgica o, meglio ancora, ricrearla; di trasformare tante volte una pluralit\u00e0 in una unit\u00e0 di culto: \u201cAd una sola voce, con un solo cuore ed una sola anima\u201d.<\/p>\n\n<p>Culto spirituale che si esprime nell&#8217;azione liturgica della comunit\u00e0. Culto spirituale che \u00e8 fonte inesauribile, nel nostro camminare storico, di ci\u00f2 che vi profondamente innocente: il sentimento del nostro peccato illuminato dall\u2019ineffabile amore, di qualcuno che ci ama cos\u00ec, che ci ama bench\u00e9 siamo stati suoi nemici; fonte della conversione, fonte delle fede.<\/p>\n\n<div style=\"height:30px\" aria-hidden=\"true\" class=\"wp-block-spacer\"><\/div>\n\n<hr class=\"wp-block-separator has-alpha-channel-opacity\"\/>\n\n<div style=\"height:60px\" aria-hidden=\"true\" class=\"wp-block-spacer\"><\/div>\r\n\r\n<h3 class=\"wp-block-heading has-text-align-center\">App\u00a0\u00a0disponibile<\/h3>\r\n\r\n<div class=\"wp-block-columns are-vertically-aligned-center is-layout-flex wp-container-core-columns-is-layout-1 wp-block-columns-is-layout-flex\">\r\n   <div class=\"wp-block-column is-vertically-aligned-center is-layout-flow wp-block-column-is-layout-flow\">\r\n\r\n   <div style=\"height:50px\" aria-hidden=\"true\" class=\"wp-block-spacer\"><\/div>\r\n      <a target=\"_blank\" href=\"https:\/\/play.google.com\/store\/apps\/details?id=com.xsgames.risuscito\"><img decoding=\"async\" src=\"https:\/\/neocatechumenaleiter.org\/wp-content\/uploads\/2025\/03\/logo-google-play-button.png\" alt=\"\" class=\"wp-image\"\/><\/a>\r\n      <div style=\"height:50px\" aria-hidden=\"true\" class=\"wp-block-spacer\"><\/div>\r\n   <\/div>\r\n\r\n   <div class=\"wp-block-column is-vertically-aligned-center is-layout-flow wp-block-column-is-layout-flow\">\r\n   <div style=\"height:50px\" aria-hidden=\"true\" class=\"wp-block-spacer\"><\/div>\r\n      <a target=\"_blank\" href=\"https:\/\/apps.apple.com\/it\/app\/risuscit%C3%B2\/id6479942712\"><img decoding=\"async\" src=\"https:\/\/neocatechumenaleiter.org\/wp-content\/uploads\/2025\/03\/logo-apple-store-button.png\" alt=\"\" class=\"wp-image\"\/><\/a>\r\n      <div style=\"height:47px\" aria-hidden=\"true\" class=\"wp-block-spacer\"><\/div>\r\n   <\/div>\r\n<\/div>\n\n<hr class=\"wp-block-separator has-alpha-channel-opacity\"\/>\n\n<div class=\"wp-block-columns are-vertically-aligned-center is-layout-flex wp-container-core-columns-is-layout-9d6595d7 wp-block-columns-is-layout-flex\">\n<div class=\"wp-block-column is-vertically-aligned-center cantoral blanco is-layout-flow wp-block-column-is-layout-flow\">\n<div style=\"height:50px\" aria-hidden=\"true\" class=\"wp-block-spacer\"><\/div>\n\n\n\n<h3 class=\"wp-block-heading has-text-align-center\"><a href=\"https:\/\/www.cantineocatecumenale.it\/canti\/precatecumenato\/\">Precatecumenato<\/a><\/h3>\n\n\n\n<div style=\"height:50px\" aria-hidden=\"true\" class=\"wp-block-spacer\"><\/div>\n<\/div>\n\n\n\n<div class=\"wp-block-column is-vertically-aligned-center cantoral azul is-layout-flow wp-block-column-is-layout-flow\">\n<div style=\"height:50px\" aria-hidden=\"true\" class=\"wp-block-spacer\"><\/div>\n\n\n\n<h3 class=\"wp-block-heading has-text-align-center\"><a href=\"https:\/\/www.cantineocatecumenale.it\/canti\/catecumenato\/\">Catecumenato<\/a><\/h3>\n\n\n\n<div style=\"height:47px\" aria-hidden=\"true\" class=\"wp-block-spacer\"><\/div>\n<\/div>\n<\/div>\n\n<div class=\"wp-block-columns are-vertically-aligned-center is-layout-flex wp-container-core-columns-is-layout-9d6595d7 wp-block-columns-is-layout-flex\">\n<div class=\"wp-block-column is-vertically-aligned-center cantoral verde is-layout-flow wp-block-column-is-layout-flow\">\n<div style=\"height:50px\" aria-hidden=\"true\" class=\"wp-block-spacer\"><\/div>\n\n\n\n<h3 class=\"wp-block-heading has-text-align-center\"><a href=\"https:\/\/www.cantineocatecumenale.it\/canti\/elezione\/\">Elezione<\/a><\/h3>\n\n\n\n<div style=\"height:50px\" aria-hidden=\"true\" class=\"wp-block-spacer\"><\/div>\n<\/div>\n\n\n\n<div class=\"wp-block-column is-vertically-aligned-center cantoral amarillo is-layout-flow wp-block-column-is-layout-flow\">\n<div style=\"height:50px\" aria-hidden=\"true\" class=\"wp-block-spacer\"><\/div>\n\n\n\n<h3 class=\"wp-block-heading has-text-align-center\"><a href=\"https:\/\/www.cantineocatecumenale.it\/canti\/canti-liturgici\/\">Liturgici<\/a><\/h3>\n\n\n\n<div style=\"height:50px\" aria-hidden=\"true\" class=\"wp-block-spacer\"><\/div>\n<\/div>\n<\/div>\n\n<hr class=\"wp-block-separator has-alpha-channel-opacity\"\/>\n\n<div style=\"height:30px\" aria-hidden=\"true\" class=\"wp-block-spacer\"><\/div>\n<div class=\"wp-block-image\">\n<figure class=\"aligncenter size-large\"><a href=\"https:\/\/risuscito.org\"><img decoding=\"async\" src=\"https:\/\/neocatechumenaleiter.org\/wp-content\/uploads\/2023\/10\/cammino-neocatecumenale-libro-canti-cammino-risuscito-1024x384-1.jpg\" alt=\"Libro di Canti Resuscit&#xF2;\" class=\"wp-image-397\"\/><\/a><\/figure><\/div>","protected":false},"excerpt":{"rendered":"<p>Libro dei canti &#8211; Risuscit\u00f2 Nel Cammino Neocatecumenale vediamo oggi apparire un servizio umile ed essenziale qual \u00e8 quello del Cantore. In questo itinerario di educazione alla Fede, il cantore ha la missione di aiutare a creare la comunit\u00e0 liturgica o, meglio ancora, ricrearla; di trasformare tante volte una pluralit\u00e0 in una unit\u00e0 di culto: \u201cAd una sola voce, con un solo cuore ed una sola anima\u201d. Culto spirituale che<\/p>\n<div class=\"read-more\"><a class=\"btn read-more-btn\" href=\"https:\/\/neocatechumenaleiter.org\/it\/libro-dei-canti-risuscito\/\">Leggi tutto<\/a><\/div>\n","protected":false},"author":2,"featured_media":0,"parent":0,"menu_order":0,"comment_status":"closed","ping_status":"closed","template":"","meta":{"footnotes":""},"class_list":["post-35767","page","type-page","status-publish","hentry"],"_links":{"self":[{"href":"https:\/\/neocatechumenaleiter.org\/it\/wp-json\/wp\/v2\/pages\/35767","targetHints":{"allow":["GET"]}}],"collection":[{"href":"https:\/\/neocatechumenaleiter.org\/it\/wp-json\/wp\/v2\/pages"}],"about":[{"href":"https:\/\/neocatechumenaleiter.org\/it\/wp-json\/wp\/v2\/types\/page"}],"author":[{"embeddable":true,"href":"https:\/\/neocatechumenaleiter.org\/it\/wp-json\/wp\/v2\/users\/2"}],"replies":[{"embeddable":true,"href":"https:\/\/neocatechumenaleiter.org\/it\/wp-json\/wp\/v2\/comments?post=35767"}],"version-history":[{"count":30,"href":"https:\/\/neocatechumenaleiter.org\/it\/wp-json\/wp\/v2\/pages\/35767\/revisions"}],"predecessor-version":[{"id":46011,"href":"https:\/\/neocatechumenaleiter.org\/it\/wp-json\/wp\/v2\/pages\/35767\/revisions\/46011"}],"wp:attachment":[{"href":"https:\/\/neocatechumenaleiter.org\/it\/wp-json\/wp\/v2\/media?parent=35767"}],"curies":[{"name":"wp","href":"https:\/\/api.w.org\/{rel}","templated":true}]}}