{"id":3805,"date":"2020-02-25T03:14:42","date_gmt":"2020-02-25T02:14:42","guid":{"rendered":"http:\/\/15.188.244.8.xip.io\/storia\/kiko-arguello\/"},"modified":"2021-08-10T10:56:17","modified_gmt":"2021-08-10T09:56:17","slug":"kiko-arguello","status":"publish","type":"page","link":"https:\/\/neocatechumenaleiter.org\/it\/storia\/kiko-arguello\/","title":{"rendered":"Kiko Arg\u00fcello"},"content":{"rendered":"\n<h1 class=\"wp-block-heading\"><strong>Kiko Arg\u00fcello<\/strong><\/h1>\n\n<div class=\"wp-block-image is-style-circle-mask\"><figure class=\"alignleft size-medium\"><img loading=\"lazy\" decoding=\"async\" width=\"245\" height=\"300\" src=\"https:\/\/neocatechumenaleiter.org\/wp-content\/uploads\/2020\/02\/Camino_Neocatecumenal_Kiko_Arguello-245x300.jpg\" alt=\"Kiko Arg&#xFC;ello\" class=\"wp-image-220\"\/><\/figure><\/div>\n\n<p>Francisco Jos\u00e9 G\u00f3mez de Arg\u00fcello Wirtz, nasce a Le\u00f3n il 9 gennaio 1939. Studia Belle Arti presso l\u2019Accademia di San Fernando a Madrid e nel 1959 riceve il Premio Nazionale Straordinario di Pittura. Dopo una profonda crisi esistenziale, si produce in lui una seria conversione che lo porta a dedicare la sua vita a Ges\u00f9 Cristo e alla Chiesa.<\/p>\n\n<p>Nel 1960, insieme allo scultore Coomontes e al vetraio Mu\u00f1oz de Pablos, fonda il gruppo di ricerca e sviluppo di Arte Sacra \u201cGremio 62\u201d. Realizza esposizioni a Madrid (Biblioteca Nacional), e nel 1964, designato dal Ministero della Cultura, rappresenta la Spagna nell\u2019Esposizione Universale di Arte Sacra a Royan (Francia). In Olanda (1965) espone alcune delle sue opere (Galleria \u201cNouvelles images\u201d).<\/p>\n\n<p>Convinto che Cristo \u00e8 presente nella sofferenza degli innocenti e ultimi della terra, nel 1964 va a vivere tra i poveri, e si trasferisce in una baracca a Palomeras Altas, nei dintorni di Madrid. L\u00ec conosce a Carmen Hernandez e entrambi, spinti dall\u2019ambiente dei poveri, trovano una nuova forma di predicazione, una sintesi kerigmatico-catechetica, che d\u00e0 luogo alla formazione di una piccola comunit\u00e0 cristiana. Questa comunit\u00e0, nella quale si rende visibile l\u2019amore di Cristo crocifisso, diviene un \u201cseme\u201d che, grazie all\u2019allora arcivescovo di Madrid, Mons. Casimiro Morcillo, viene piantato nelle parrocchie di Madrid e in seguito in quelle di Roma e di altre nazioni. <\/p>\n\n<p>Dopo la sua conversione mette la sua arte al servizio della Chiesa. In concreto, attraverso la pittura, la musica, l\u2019architettura e la scultura; queste due ultime per promuovere una \u201cnuova estetica\u201d che porti gli uomini alla fede.<\/p>\n\n<p>Come pittore ha realizzato opere importanti in tutto il mondo. In Spagna, soprattutto a Madrid \u2013 risalta la corona misterica della Cattedrale \u2013 o a Murcia. In Italia ha dipinto recentemente un grande affresco nel Seminario Redemptoris Mater di Roma. Ci sono opere sue in diverse parrocchie romane, come quella dei Martiri Canadesi, e in citt\u00e0 come Piacenza e Perugia. Un altro esempio \u00e8 il grande affresco del Giudizio Universale nella Domus Galilaeae (Israele), un centro situato sul Monte delle Beatitudini e che per espresso desiderio di San Giovanni Paolo II serve anche per stendere ponti con il popolo ebreo.<\/p>\n\n<p>Come architetto ha sviluppato un nuovo modello di parrocchia e di seminario basato sulla nuova estetica e nei quali ci sono anche delle vetrate create da lui. Ci sono esempi in Spagna, Italia, Nicaragua, Stati Uniti, Finlandia, Repubblica Dominicana, e alcuni paesi di Asia e Africa. In questo senso, l\u2019opera pi\u00f9 significativa \u00e8 la Domus Galilaeae.<\/p>\n\n<p>Durante questi anni, Kiko Arg\u00fcello ha sviluppato per il Cammino Neocatecumenale diverse creazioni in campo musicale.  Da quando \u00e8 andato a vivere nella baracca di Palomeras Altas con una Bibbia e una chitarra, ha composto pi\u00f9 di 300 canti che compongono il cosiddetto \u201cRISUCIT\u00d2, canti per le comunit\u00e0 neocatecumenali\u201d. Alcuni si cantano attualmente in numerose parrocchie di tutto il mondo e sono stati cantati in molte occasioni in presenza dei diversi Papi. Per loro, Kiko ha ideato accompagnamenti musicali utilizzando un grande numero di strumenti.<\/p>\n\n<p>Nel 2010, Arg\u00fcello forma l\u2019Orchestra Sinfonica del Cammino Neocatecumenale e compone l\u2019opera \u201cLa Sofferenza degli innocenti\u201d, che descrive attraverso la musica il dolore della Vergine ai piedi della croce. Dopo essere interpretata in Israele dinnanzi a diverse autorit\u00e0 e 200 vescovi, gli ebrei profondamente impressionati, hanno riconosciuto di sentirsi compresi e amati dalla Chiesa di fronte al dolore della Shoah (l\u2019Olocausto). A partire da allora, questa sinfonia \u00e8 stata un ponte di dialogo tra il popolo ebreo e la Chiesa cattolica. Dopo la sua composizione, \u00e8 stata interpretata in diversi luoghi, come il Vaticano \u2013 in una occasione alla presenza di Benedetto XVI \u2013 Gerusalemme, Betlemme, Madrid, Parigi, Tokio, New York, Chicago, Boston, D\u00fcsseldorf o Auschwitz tra gli altri.<\/p>\n\n<p>Kiko Arg\u00fcello \u00e8 anche autore di due libri: nel 2012 ha pubblicato \u201cIL Kerigma, nelle baracche tra i poveri\u201d e nel 2016 \u201cAnnotazioni. 1988-2014\u201d.<\/p>\n","protected":false},"excerpt":{"rendered":"<p>Kiko Arg\u00fcello Francisco Jos\u00e9 G\u00f3mez de Arg\u00fcello Wirtz, nasce a Le\u00f3n il 9 gennaio 1939. Studia Belle Arti presso l\u2019Accademia di San Fernando a Madrid e nel 1959 riceve il Premio Nazionale Straordinario di Pittura. Dopo una profonda crisi esistenziale, si produce in lui una seria conversione che lo porta a dedicare la sua vita a Ges\u00f9 Cristo e alla Chiesa. Nel 1960, insieme allo scultore Coomontes e al vetraio<\/p>\n<div class=\"read-more\"><a class=\"btn read-more-btn\" href=\"https:\/\/neocatechumenaleiter.org\/it\/storia\/kiko-arguello\/\">Leggi tutto<\/a><\/div>\n","protected":false},"author":2,"featured_media":0,"parent":3179,"menu_order":0,"comment_status":"closed","ping_status":"closed","template":"","meta":{"footnotes":""},"class_list":["post-3805","page","type-page","status-publish","hentry"],"_links":{"self":[{"href":"https:\/\/neocatechumenaleiter.org\/it\/wp-json\/wp\/v2\/pages\/3805","targetHints":{"allow":["GET"]}}],"collection":[{"href":"https:\/\/neocatechumenaleiter.org\/it\/wp-json\/wp\/v2\/pages"}],"about":[{"href":"https:\/\/neocatechumenaleiter.org\/it\/wp-json\/wp\/v2\/types\/page"}],"author":[{"embeddable":true,"href":"https:\/\/neocatechumenaleiter.org\/it\/wp-json\/wp\/v2\/users\/2"}],"replies":[{"embeddable":true,"href":"https:\/\/neocatechumenaleiter.org\/it\/wp-json\/wp\/v2\/comments?post=3805"}],"version-history":[{"count":8,"href":"https:\/\/neocatechumenaleiter.org\/it\/wp-json\/wp\/v2\/pages\/3805\/revisions"}],"predecessor-version":[{"id":20095,"href":"https:\/\/neocatechumenaleiter.org\/it\/wp-json\/wp\/v2\/pages\/3805\/revisions\/20095"}],"up":[{"embeddable":true,"href":"https:\/\/neocatechumenaleiter.org\/it\/wp-json\/wp\/v2\/pages\/3179"}],"wp:attachment":[{"href":"https:\/\/neocatechumenaleiter.org\/it\/wp-json\/wp\/v2\/media?parent=3805"}],"curies":[{"name":"wp","href":"https:\/\/api.w.org\/{rel}","templated":true}]}}